{"id":109,"date":"2017-01-02T23:39:34","date_gmt":"2017-01-02T23:39:34","guid":{"rendered":"http:\/\/www.aradiovi.hu\/?page_id=109"},"modified":"2024-12-06T16:22:25","modified_gmt":"2024-12-06T16:22:25","slug":"kozzeteteli-lista","status":"publish","type":"page","link":"https:\/\/aradiovi.hu\/?page_id=109","title":{"rendered":"K\u00f6zz\u00e9t\u00e9teli lista"},"content":{"rendered":"<h1><\/h1>\n<p><strong>K\u00f6zz\u00e9t\u00e9teli lista<\/strong><\/p>\n<p>A Korm\u00e1ny 229\/2012. (VIII. 28.) Korm. rendelet 10. fejezet 23. \u00a7-a, (1.-.2 .) bekezd\u00e9se alapj\u00e1n az al\u00e1bbi adatokat tessz\u00fck k\u00f6zz\u00e9:<\/p>\n<p>&nbsp;<\/p>\n<p><strong>\u00daJPESTI ARADI \u00d3VODA<\/strong><\/p>\n<p><strong>2024\/2025. NEVEL\u00c9SI \u00c9V<\/strong><\/p>\n<p>&nbsp;<\/p>\n<p><strong>Szervezeti, szem\u00e9lyzeti adatok<\/strong><\/p>\n<p><strong>K\u00f6lts\u00e9gvet\u00e9si szerv alap\u00edt\u00f3ja, jogut\u00f3dja:<\/strong><\/p>\n<p>Budapest F\u0151v\u00e1ros IV. ker\u00fclet \u00dajpest \u00d6nkorm\u00e1nyzat<\/p>\n<ul>\n<li>Budapest, Istv\u00e1n \u00fat 14.<\/li>\n<\/ul>\n<p>&nbsp;<\/p>\n<p><strong>K\u00f6lts\u00e9gvet\u00e9si szerv fenntart\u00f3ja, ir\u00e1ny\u00edt\u00f3 szerve:<\/strong><\/p>\n<p>Budapest F\u0151v\u00e1ros IV. ker\u00fclet \u00dajpest \u00d6nkorm\u00e1nyzat K\u00e9pvisel\u0151-test\u00fclete<\/p>\n<ul>\n<li>Budapest, Istv\u00e1n \u00fat 14.<\/li>\n<\/ul>\n<p>&nbsp;<\/p>\n<p><strong>\u00dajpesti Aradi \u00d3voda el\u00e9rhet\u0151s\u00e9gei:<\/strong><\/p>\n<p>C\u00edm: 1043 Budapest Aradi u. 9.<\/p>\n<p>Tel\/fax: 06\/1 3697839<\/p>\n<p>e-mail:\u00a0info@aradiovoda.ujpest.hu<\/p>\n<p>OM azonos\u00edt\u00f3: 034295<\/p>\n<p>El\u00e9rhet\u0151s\u00e9g a fenti c\u00edmen \u00e9s telefonon.<\/p>\n<p>&nbsp;<\/p>\n<p><strong>H\u00e1rom egys\u00e9gb\u0151l \u00e1ll\u00f3 szervezet, fel\u00e9p\u00edt\u00e9se az SZMSZ-ben.<\/strong><\/p>\n<p><strong>Sz\u00e9khely:<\/strong><\/p>\n<p><strong>\u00dajpesti Aradi \u00d3voda <\/strong>1043 Budapest, Aradi u. 9.<\/p>\n<p><strong>Telephelyek:<\/strong><\/p>\n<p>\u00dajpesti Aradi \u00d3voda Cs\u00e1nyi Tag\u00f3vod\u00e1ja 1043 Budapest, Cs\u00e1nyi L. u. 30<\/p>\n<p>\u00dajpesti Aradi \u00d3voda Pozsonyi Tag\u00f3vod\u00e1ja 1043 Budapest, M\u00e1rt\u00edrok \u00fatja 1.<\/p>\n<p>&nbsp;<\/p>\n<p><strong>Igazgat\u00f3:<\/strong> <strong>B\u0151szn\u00e9 Stof\u00e1n M\u00f3nika<\/strong><\/p>\n<p>Tel\/fax: 06\/1 369-7839<\/p>\n<p>e-mail: info@aradiovoda.ujpest.hu<\/p>\n<p>El\u00e9rhet\u0151: telefonon, illetve el\u0151zetes egyeztet\u00e9s alapj\u00e1n.<\/p>\n<p>&nbsp;<\/p>\n<p><strong>Igazgat\u00f3-helyettes:<\/strong>\u00a0K\u00f6vi M\u00e1ria Em\u00edlia<\/p>\n<p>Tel\/fax: 06\/1 3697839<\/p>\n<p>El\u00e9rhet\u0151: el\u0151zetes egyeztet\u00e9s alapj\u00e1n.<\/p>\n<p>&nbsp;<\/p>\n<p><strong>Igazgat\u00f3-helyettes:<\/strong>\u00a0Simai-Iv\u00e1n Ildik\u00f3<\/p>\n<p>Tel\/fax: 06\/1 3697839<\/p>\n<p>El\u00e9rhet\u0151: el\u0151zetes egyeztet\u00e9s alapj\u00e1n.<\/p>\n<p>&nbsp;<\/p>\n<p><strong>Tagint\u00e9zm\u00e9ny igazgat\u00f3 (Cs\u00e1nyi Tag\u00f3voda):<\/strong> Rad\u00e1n\u00e9 Barna M\u00e1rta<\/p>\n<p>Tel\/fax: 06\/1 3890359<\/p>\n<p>El\u00e9rhet\u0151: el\u0151zetes egyeztet\u00e9s alapj\u00e1n.<\/p>\n<p>&nbsp;<\/p>\n<p><strong>Tagint\u00e9zm\u00e9ny igazgat\u00f3 (Pozsonyi Tag\u00f3voda):<\/strong> Sz\u00f6kr\u00f6n Anita<\/p>\n<p>Tel\/fax: 06\/1 3690188<\/p>\n<p>El\u00e9rhet\u0151: el\u0151zetes egyeztet\u00e9s alapj\u00e1n.<\/p>\n<p>&nbsp;<\/p>\n<p><strong>Az \u00dajpesti Aradi \u00d3voda fenntart\u00f3ja, m\u0171k\u00f6dtet\u0151je:<\/strong><\/p>\n<p>Budapest F\u0151v\u00e1ros IV. ker. \u00dajpest \u00d6nkorm\u00e1nyzat<\/p>\n<ul>\n<li>Budapest, Istv\u00e1n \u00fat 14.<\/li>\n<\/ul>\n<p>&nbsp;<\/p>\n<p><strong>Az \u00f3vodai adatb\u00e1zis nyilv\u00e1ntart\u00e1s fajt\u00e1i:<\/strong><\/p>\n<p>\u2013 \u00f3vod\u00e1s gyermekek szem\u00e9lyes adatai<\/p>\n<p>\u2013 k\u00f6zalkalmazotti nyilv\u00e1ntart\u00e1s<\/p>\n<p>\u2013 t\u00f6rzsk\u00f6nyv<\/p>\n<p>&nbsp;<\/p>\n<p>A gyermekek \u00e9s az alkalmazottak adatb\u00e1zisa a KIR-ben tal\u00e1lhat\u00f3, a Korm\u00e1ny 229\/2012. (VIII.28.) Korm. rendelete alapj\u00e1n.<\/p>\n<p>A k\u00f6z\u00e9rdek\u0171 adatok megismer\u00e9s\u00e9re ir\u00e1nyul\u00f3 ig\u00e9nyek int\u00e9z\u00e9s\u00e9nek rendje az adatv\u00e9delmi t\u00f6rv\u00e9ny betart\u00e1s\u00e1val t\u00f6rt\u00e9nik.<\/p>\n<p>&nbsp;<\/p>\n<p><strong>K\u00fcl\u00f6n\u00f6s \u00e9s egyedi k\u00f6zz\u00e9t\u00e9teli lista<\/strong><\/p>\n<p>&nbsp;<\/p>\n<p><strong>1) A beiratkoz\u00e1s ideje:<\/strong><\/p>\n<p>Bp. F\u0151v. IV. ker. \u00dajpest \u00d6nkorm\u00e1nyzat hirdetm\u00e9nye alapj\u00e1n<\/p>\n<p>&nbsp;<\/p>\n<p><strong>2) Az int\u00e9zm\u00e9nyben fizetend\u0151 t\u00e9r\u00edt\u00e9si d\u00edj:<\/strong><\/p>\n<p>Int\u00e9zm\u00e9ny\u00fcnkben kiz\u00e1r\u00f3lag az \u00e9tkez\u00e9s\u00e9rt kell t\u00e9r\u00edt\u00e9si d\u00edjat fizetni. A befizet\u00e9s az \u00dajpest \u00d6nkorm\u00e1nyzat Gazdas\u00e1gi Int\u00e9zm\u00e9ny\u00e9vel k\u00f6t\u00f6tt szerz\u0151d\u00e9st k\u00f6vet\u0151en interneten, a sz\u00fcl\u0151k \u00e1ltal t\u00f6rt\u00e9nik.<\/p>\n<p>&nbsp;<\/p>\n<p>Az \u00e9tkez\u00e9si t\u00e9r\u00edt\u00e9si d\u00edjb\u00f3l kedvezm\u00e9ny illeti meg:<\/p>\n<p>A GYERMEK\u00c9TKEZTET\u00c9S SOR\u00c1N AZ INT\u00c9ZM\u00c9NYI T\u00c9R\u00cdT\u00c9SI D\u00cdJ 100%-\u00c1T NORMAT\u00cdV KEDVEZM\u00c9NYK\u00c9NT INGYENESEN \u2013 KELL BIZTOS\u00cdTANI:<\/p>\n<p>1) A B\u00d6LCS\u0150DEI ELL\u00c1T\u00c1SBAN VAGY \u00d3VODAI NEVEL\u00c9SBEN R\u00c9SZES\u00dcL\u0150 GYERMEK UT\u00c1N ABBAN AZ ESETBEN, HA<\/p>\n<ol>\n<li>a) rendszeres gyermekv\u00e9delmi kedvezm\u00e9nyben r\u00e9szes\u00fcl,<\/li>\n<li>b) tart\u00f3san beteg vagy fogyat\u00e9kos, vagy olyan csal\u00e1dban \u00e9l, amelyben tart\u00f3san beteg vagy fogyat\u00e9kos gyermeket nevelnek,<\/li>\n<li>c) olyan csal\u00e1dban \u00e9l, amelyben h\u00e1rom vagy t\u00f6bb gyermeket nevelnek,<\/li>\n<li>e) nevel\u00e9sbe vett\u00e9k.<\/li>\n<\/ol>\n<p>f )\u00a0\u201cA gyermek\u00e9tkeztet\u00e9s sor\u00e1n az int\u00e9zm\u00e9nyi t\u00e9r\u00edt\u00e9si d\u00edj 100%-\u00e1t normat\u00edv kedvezm\u00e9nyk\u00e9nt kell biztos\u00edtani a b\u00f6lcs\u0151dei ell\u00e1t\u00e1sban vagy \u00f3vodai nevel\u00e9sben r\u00e9szes\u00fcl\u0151 gyermek ut\u00e1n, ha olyan csal\u00e1dban \u00e9l, amelyben <strong>a sz\u00fcl\u0151 nyilatkozata alapj\u00e1n<\/strong> az egy f\u0151re jut\u00f3 havi j\u00f6vedelem \u00f6sszege nem haladja meg a k\u00f6telez\u0151 legkisebb munkab\u00e9r szem\u00e9lyi j\u00f6vedelemad\u00f3val, munkav\u00e1llal\u00f3i, eg\u00e9szs\u00e9gbiztos\u00edt\u00e1si \u00e9s nyugd\u00edjj\u00e1rul\u00e9kkal cs\u00f6kkentett \u00f6sszeg\u00e9nek 130%-\u00e1t<strong>\u00a0<\/strong><a href=\"http:\/\/www.aradiovi.hu\/?ddownload=444\">Nyilatkozat<\/a><\/p>\n<p>&nbsp;<\/p>\n<p><strong>3) Az \u00f3voda\u00a0nyitva tart\u00e1si rendje, az \u00f3vodai nevel\u00e9si \u00e9v:<\/strong><\/p>\n<p>&nbsp;<\/p>\n<p><strong>Az int\u00e9zm\u00e9ny nyitvatart\u00e1si ideje:<\/strong> 6.00-18.00 \u00f3r\u00e1ig (12 \u00f3ra)<\/p>\n<p>Az \u00f3vodai ell\u00e1t\u00e1s 6.30-17.30-ig t\u00f6rt\u00e9nik a gyerekek sz\u00e1m\u00e1ra, mely id\u0151n bel\u00fcl 6.30-7.00 \u00e9s 17.00-17.30 egy kijel\u00f6lt \u00fcgyeletes csoportban vannak a gyerekek).<\/p>\n<p><strong><em>A gyermeket csak a gondvisel\u0151 sz\u00fcl\u0151, illetve az \u00e1ltala \u00edr\u00e1sban meghatalmazott nagykor\u00fa szem\u00e9ly viheti el. A gyermeket az \u00f3vod\u00e1ba \u00e9rkez\u00e9skor az \u00f3vodai csoportba vezet\u00e9ssel kell \u00e1tadni az \u00f3vodai dolgoz\u00f3knak, akik \u00e1tveszik a gyermek fel\u00fcgyelet\u00e9t.<\/em><\/strong><\/p>\n<p>Az \u00f3vod\u00e1k ny\u00e1ron 5 h\u00e9tig tartanak z\u00e1rva a fenntart\u00f3 rendelkez\u00e9se \u00e9s enged\u00e9lye alapj\u00e1n. \u00dczemeltet\u00e9si sz\u00fcnet alatt t\u00f6rt\u00e9nik a sz\u00fcks\u00e9g szerinti fel\u00faj\u00edt\u00e1s, karbantart\u00e1s, nagytakar\u00edt\u00e1s.<\/p>\n<p>&nbsp;<\/p>\n<p><strong>A nevel\u00e9s n\u00e9lk\u00fcli napokat <\/strong>a fenntart\u00f3 enged\u00e9ly\u00e9vel vagy annak k\u00e9r\u00e9s\u00e9re az int\u00e9zm\u00e9nyvezet\u0151 rendeli el \u2013 egy nevel\u00e9si \u00e9vben maximum 5 nap lehet.<\/p>\n<p>A sz\u00fcl\u0151ket a v\u00e1rhat\u00f3 id\u0151pontokr\u00f3l a t\u00f6rv\u00e9ny szerint 7 nappal el\u0151bb k\u00f6teles az \u00f3voda t\u00e1j\u00e9koztatni. Ezeken a napokon ig\u00e9ny szerint \u00fcgyeletet biztos\u00edtunk. Az \u00fcgyeleti ig\u00e9nyeket \u00edr\u00e1sban \u00f6sszes\u00edtj\u00fck.<\/p>\n<p>&nbsp;<\/p>\n<p><strong>4) \u00dcnnepek, megeml\u00e9kez\u00e9sek rendje:<\/strong><\/p>\n<p>Int\u00e9zm\u00e9ny\u00fcnkben az \u00fcnnepek, megeml\u00e9kez\u00e9sek rendje a Pedag\u00f3giai Program \u00e9s az \u00e9ves munkatervben meghat\u00e1rozottak szerint t\u00f6rt\u00e9nik (R\u00e9szletes tervez\u00e9s\u00fck a csoportnapl\u00f3kban.). Az int\u00e9zm\u00e9ny h\u00e1rom \u00f3vod\u00e1j\u00e1ban a rendezv\u00e9nyekre, \u00fcnnepekre vonatkoz\u00f3 program egym\u00e1st\u00f3l elt\u00e9r\u0151, helyi szok\u00e1s szerint ker\u00fcl kialak\u00edt\u00e1sra.<\/p>\n<p>&nbsp;<\/p>\n<p><strong>5) Az int\u00e9zm\u00e9ny m\u0171k\u00f6d\u00e9s\u00e9vel kapcsolatos dokument\u00e1ci\u00f3k (honlapunkon megtal\u00e1lhat\u00f3k):<\/strong><\/p>\n<p>\u2013 H\u00e1zirend\u00a0<a href=\"https:\/\/aradiovi.hu\/?ddownload=2565\" title=\"H\u00e1zirend\" rel=\"nofollow\" class=\"ddownload-button button-blue id-2565 ext-pdf\">H\u00e1zirend<\/a><\/p>\n<p>\u2013 Panaszkezel\u00e9si Szab\u00e1lyzat\u00a0<a href=\"https:\/\/aradiovi.hu\/?ddownload=2576\" title=\"Panaszkezel\u00e9si szab\u00e1lyzat\" rel=\"nofollow\" class=\"ddownload-button button-blue id-2576 ext-pdf\">Panaszkezel\u00e9si szab\u00e1lyzat<\/a><\/p>\n<p>\u2013 Pedag\u00f3giai Program\u00a0<a href=\"https:\/\/aradiovi.hu\/?ddownload=2582\" title=\"Pedag\u00f3giai program\" rel=\"nofollow\" class=\"ddownload-button button-blue id-2582 ext-pdf\">Pedag\u00f3giai program<\/a><\/p>\n<p>\u2013 Helyi \u00d3vodai program\u00a0<a href=\"https:\/\/aradiovi.hu\/?ddownload=2540\" title=\"HOP\" rel=\"nofollow\" class=\"ddownload-button button-blue id-2540 ext-pdf\">HOP<\/a><\/p>\n<p>\u2013 \u00c9ves Munkaterv\u00a0<a href=\"https:\/\/aradiovi.hu\/?ddownload=2604\" title=\"Let\u00f6lt\u00e9s\" rel=\"nofollow\" class=\"ddownload-button button-blue id-2604 ext-pdf\">Let\u00f6lt\u00e9s<\/a><\/p>\n<p>\u2013 SZMSZ\u00a0<a href=\"https:\/\/aradiovi.hu\/?ddownload=2689\" title=\"Let\u00f6lt\u00e9s\" rel=\"nofollow\" class=\"ddownload-button button-blue id-2689 ext-pdf\">Let\u00f6lt\u00e9s<\/a><\/p>\n<p>\u2013 A szervezeti integrit\u00e1st s\u00e9rt\u0151 esem\u00e9nyek kezel\u00e9s\u00e9nek szab\u00e1lyzata\u00a0<a href=\"https:\/\/aradiovi.hu\/?ddownload=1018\" title=\"SZISEKSZ\" rel=\"nofollow\" class=\"ddownload-button button-blue id-1018 ext-pdf\">SZISEKSZ<\/a><\/p>\n<p>\u2013 Int\u00e9zm\u00e9nyi ellen\u0151rz\u00e9s \u00e9rt\u00e9kel\u00e9se\u00a0<a href=\"https:\/\/aradiovi.hu\/?ddownload=1184\" title=\"ITE\u00c9\" rel=\"nofollow\" class=\"ddownload-button button-blue id-1184 ext-pdf\">ITE\u00c9<\/a><\/p>\n<p>\u2013 Vezet\u0151i ellen\u0151rz\u00e9s \u00e9rt\u00e9kel\u00e9se\u00a0<a href=\"https:\/\/aradiovi.hu\/?ddownload=1185\" title=\"VTE\u00c9\" rel=\"nofollow\" class=\"ddownload-button button-blue id-1185 ext-pdf\">VTE\u00c9<\/a><\/p>\n<p>&nbsp;<\/p>\n<p>A dokument\u00e1ci\u00f3knak int\u00e9zm\u00e9ny\u00fcnkben \u2013 a helyben szok\u00e1sos m\u00f3don-nyilv\u00e1noss\u00e1got biztos\u00edtunk.<\/p>\n<p>A H\u00e1zirend egy p\u00e9ld\u00e1nya \u2013 az \u00f3vod\u00e1s gyermek be\u00edrat\u00e1skor \u2013 minden sz\u00fcl\u0151 sz\u00e1m\u00e1ra \u00e1tad\u00e1sra ker\u00fcl, illetve megtekinthet\u0151 a vezet\u0151 irod\u00e1j\u00e1ban \u00e9s a csoportokban.<\/p>\n<p>&nbsp;<\/p>\n<p><strong>6) \u00d3vodapedag\u00f3gusok sz\u00e1ma:<\/strong><\/p>\n<p>Az \u00dajpesti Aradi \u00d3voda \u00f3vodapedag\u00f3gusainak sz\u00e1ma:\u00a024 f\u0151<\/p>\n<p>ebb\u0151l:<\/p>\n<p>\u2013 <strong>Aradi \u00d3voda: <\/strong>12 f\u0151 \u00f3vodapedag\u00f3gus + 1 f\u0151 \u00f3vodapszichol\u00f3gus + 1 f\u0151 igazgat\u00f3 pedag\u00f3gus<\/p>\n<p>\u2013 Cs\u00e1nyi Tag\u00f3voda: 6\u00a0f\u0151 (ebb\u0151l 1 f\u0151 tagint\u00e9zm\u00e9ny igazgat\u00f3 is)<\/p>\n<p>\u2013 Pozsonyi Tag\u00f3voda: 4 f\u0151 (ebb\u0151l 1 f\u0151 tagint\u00e9zm\u00e9ny igazgat\u00f3 is)<\/p>\n<p>&nbsp;<\/p>\n<p><strong>7) Dajk\u00e1k \u00e9s konyhai kiseg\u00edt\u0151k sz\u00e1ma:<\/strong><\/p>\n<p>Az \u00dajpesti Aradi \u00d3voda dajk\u00e1inak \u00e9s konyhai kiseg\u00edt\u0151inek sz\u00e1ma: 13+4 f\u0151<\/p>\n<p>ebb\u0151l:<\/p>\n<p><strong>\u2013 Aradi \u00d3voda:<\/strong>\u00a08 f\u0151 dajka + 2 f\u0151 konyhai kiseg\u00edt\u0151<\/p>\n<p>\u2013 Cs\u00e1nyi Tag\u00f3voda: 3\u00a0f\u0151 dajka + 1 f\u0151 konyhai kiseg\u00edt\u0151<\/p>\n<p>\u2013 Pozsonyi Tag\u00f3voda: 2 f\u0151 + 1 f\u0151 konyhai kiseg\u00edt\u0151<\/p>\n<p>&nbsp;<\/p>\n<h5><strong><br \/>\n<\/strong><\/h5>\n<p><strong>\u00a0<\/strong><\/p>\n<p><strong>8) Pedag\u00f3giai asszisztensek sz\u00e1ma:<\/strong><\/p>\n<p>Az \u00dajpesti Aradi \u00d3voda asszisztenseinek sz\u00e1ma: 4 f\u0151<\/p>\n<p>ebb\u0151l:<\/p>\n<p><strong>\u2013 Aradi \u00d3voda:<\/strong> 2 f\u0151<\/p>\n<p>\u2013 Cs\u00e1nyi Tag\u00f3voda: 1 f\u0151<\/p>\n<p>\u2013 Pozsonyi Tag\u00f3voda: 1 f\u0151<\/p>\n<p>&nbsp;<\/p>\n<p><strong>9) \u00d3vodatitk\u00e1rok sz\u00e1ma:<\/strong><\/p>\n<p>Az \u00dajpesti Aradi \u00d3voda \u00f3vodatitk\u00e1rainak sz\u00e1ma: 2 f\u0151<\/p>\n<p>ebb\u0151l:<\/p>\n<p><strong>\u2013 Aradi \u00d3voda:<\/strong> 1 f\u0151<\/p>\n<p>\u2013 Cs\u00e1nyi Tag\u00f3voda + Pozsonyi Tag\u00f3voda: 1 f\u0151<\/p>\n<p>&nbsp;<\/p>\n<p><strong>10) Gondnokok sz\u00e1ma:<\/strong><\/p>\n<p>Az \u00dajpesti Aradi \u00d3voda gondnokainak sz\u00e1ma: 3 f\u0151<\/p>\n<p>ebb\u0151l:<\/p>\n<p><strong>\u2013 Aradi \u00d3voda:<\/strong> 1 f\u0151<\/p>\n<p>\u2013 Cs\u00e1nyi Tag\u00f3voda: 1 f\u0151<\/p>\n<p>\u2013 Cs\u00e1nyi Tag\u00f3voda: 1 f\u0151<\/p>\n<p>&nbsp;<\/p>\n<p><strong>11) \u00d3vodai csoportok sz\u00e1ma:<\/strong><\/p>\n<p>Az \u00dajpesti Aradi \u00d3voda h\u00e1rom \u00f3vod\u00e1j\u00e1ban a csoportok sz\u00e1ma: 11 csoport (Az Alap\u00edt\u00f3 Okirat szerint 15 csoportos az int\u00e9zm\u00e9ny, ebben a nevel\u00e9si \u00e9vben \u00f6sszesen 4 csoport sz\u00fcnetel. Ebb\u0151l 1 csoport az \u00d6nkorm\u00e1nyzat, mint fenntart\u00f3 elrendel\u00e9se alapj\u00e1n a Tanker\u00fclet \u00e9s az EGYMI r\u00e9sz\u00e9re \u00e1tad\u00e1sra ker\u00fclt a nem integr\u00e1lhat\u00f3 SNI-s gyerekek kis l\u00e9tsz\u00e1m\u00fa csoportj\u00e1nak megnyit\u00e1sa c\u00e9lj\u00e1b\u00f3l)<\/p>\n<p>ebb\u0151l:<\/p>\n<p><strong>\u2013 Aradi \u00d3voda: <\/strong>6 csoport (Alap\u00edt\u00f3 Okirat szerint 8 csoportos az \u00f3voda)<\/p>\n<p>\u2013 Cs\u00e1nyi Tag\u00f3voda: 3\u00a0csoport (Alap\u00edt\u00f3 Okirat szerint 4 csoportos az \u00f3voda)<\/p>\n<p>\u2013 Pozsonyi Tag\u00f3voda: 2 csoport (Alap\u00edt\u00f3 Okirat szerint 3 csoportos az \u00f3voda, a 3. csoportban kis l\u00e9tsz\u00e1m\u00fa csoportot ind\u00edt a Tanker\u00fclet \u00e9s az EGYMI a nem integr\u00e1lhat\u00f3 SNI-s gyermekek sz\u00e1m\u00e1ra)<\/p>\n<p>&nbsp;<\/p>\n<p><strong>12) Az \u00f3vodai f\u00e9r\u0151helyek sz\u00e1ma:<\/strong><\/p>\n<p>Az \u00dajpesti Aradi \u00d3voda f\u00e9r\u0151helyeinek sz\u00e1ma: 275 f\u0151 (Alap\u00edt\u00f3 Okirat szerint 375 f\u0151)<\/p>\n<p>ebb\u0151l:<\/p>\n<p><strong>\u2013 Aradi \u00d3voda:<\/strong> 150 f\u0151 (Alap\u00edt\u00f3 Okirat szerint 200 f\u0151)<\/p>\n<p>\u2013 Cs\u00e1nyi Tag\u00f3voda: 75\u00a0f\u0151 (Alap\u00edt\u00f3 Okirat szerint 100 f\u0151)<\/p>\n<p>\u2013 Pozsonyi Tag\u00f3voda: 50 f\u0151 (Alap\u00edt\u00f3 Okirat szerint 75 f\u0151)<\/p>\n<p>&nbsp;<\/p>\n<p>A\u00a0k\u00f6znevel\u00e9si int\u00e9zm\u00e9nyek r\u00e9sz\u00e9re a magyar gyermekv\u00e9delmi rendszer m\u0171k\u00f6d\u00e9s\u00e9r\u0151l sz\u00f3l\u00f3 t\u00e1j\u00e9koztat\u00e1s<\/p>\n<p><a href=\"http:\/\/www.aradiovi.hu\/?ddownload=702\">GyVS t\u00e1j\u00e9koztat\u00f3<\/a><\/p>\n<p>&nbsp;<\/p>\n<p>K\u00f6zz\u00e9t\u00e9teli lista fel\u00fclvizsg\u00e1lata sz\u00fcks\u00e9g szerint, de legal\u00e1bb nevel\u00e9si \u00e9venk\u00e9nt egyszer, a statisztikai jelent\u00e9s megk\u00fcld\u00e9s\u00e9t k\u00f6vet\u0151 tizen\u00f6t napon bel\u00fcl t\u00f6rt\u00e9nik.<\/p>\n<p>&nbsp;<\/p>\n","protected":false},"excerpt":{"rendered":"<p>K\u00f6zz\u00e9t\u00e9teli lista A Korm\u00e1ny 229\/2012. (VIII. 28.) Korm. rendelet 10. fejezet 23. \u00a7-a, (1.-.2 .) bekezd\u00e9se alapj\u00e1n az al\u00e1bbi adatokat tessz\u00fck k\u00f6zz\u00e9: &nbsp; \u00daJPESTI ARADI \u00d3VODA 2024\/2025. NEVEL\u00c9SI \u00c9V &nbsp; Szervezeti, szem\u00e9lyzeti adatok K\u00f6lts\u00e9gvet\u00e9si szerv alap\u00edt\u00f3ja, jogut\u00f3dja: Budapest F\u0151v\u00e1ros IV.<\/p>\n","protected":false},"author":1,"featured_media":0,"parent":0,"menu_order":0,"comment_status":"closed","ping_status":"closed","template":"","meta":{"footnotes":""},"class_list":["post-109","page","type-page","status-publish","hentry"],"_links":{"self":[{"href":"https:\/\/aradiovi.hu\/index.php?rest_route=\/wp\/v2\/pages\/109","targetHints":{"allow":["GET"]}}],"collection":[{"href":"https:\/\/aradiovi.hu\/index.php?rest_route=\/wp\/v2\/pages"}],"about":[{"href":"https:\/\/aradiovi.hu\/index.php?rest_route=\/wp\/v2\/types\/page"}],"author":[{"embeddable":true,"href":"https:\/\/aradiovi.hu\/index.php?rest_route=\/wp\/v2\/users\/1"}],"replies":[{"embeddable":true,"href":"https:\/\/aradiovi.hu\/index.php?rest_route=%2Fwp%2Fv2%2Fcomments&post=109"}],"version-history":[{"count":87,"href":"https:\/\/aradiovi.hu\/index.php?rest_route=\/wp\/v2\/pages\/109\/revisions"}],"predecessor-version":[{"id":2691,"href":"https:\/\/aradiovi.hu\/index.php?rest_route=\/wp\/v2\/pages\/109\/revisions\/2691"}],"wp:attachment":[{"href":"https:\/\/aradiovi.hu\/index.php?rest_route=%2Fwp%2Fv2%2Fmedia&parent=109"}],"curies":[{"name":"wp","href":"https:\/\/api.w.org\/{rel}","templated":true}]}}