{"id":1102,"date":"2019-02-24T19:39:33","date_gmt":"2019-02-24T19:39:33","guid":{"rendered":"http:\/\/www.aradiovi.hu\/?page_id=1102"},"modified":"2019-02-24T19:39:33","modified_gmt":"2019-02-24T19:39:33","slug":"kisvakondok-a-lipoti-peksegben-es-az-uj-piacon","status":"publish","type":"page","link":"https:\/\/aradiovi.hu\/?page_id=1102","title":{"rendered":"Kisvakondok a Lip\u00f3ti P\u00e9ks\u00e9gben \u00e9s az \u00faj piacon"},"content":{"rendered":"<figure id=\"attachment_1084\" aria-describedby=\"caption-attachment-1084\" style=\"width: 720px\" class=\"wp-caption aligncenter\"><a href=\"http:\/\/www.aradiovi.hu\/wp-content\/uploads\/2019\/02\/IMG_20180926_085332.jpg\"><img loading=\"lazy\" decoding=\"async\" class=\"size-large wp-image-1084\" src=\"http:\/\/www.aradiovi.hu\/wp-content\/uploads\/2019\/02\/IMG_20180926_085332-1024x768.jpg\" alt=\"\" width=\"720\" height=\"540\" srcset=\"https:\/\/aradiovi.hu\/wp-content\/uploads\/2019\/02\/IMG_20180926_085332-1024x768.jpg 1024w, https:\/\/aradiovi.hu\/wp-content\/uploads\/2019\/02\/IMG_20180926_085332-300x225.jpg 300w, https:\/\/aradiovi.hu\/wp-content\/uploads\/2019\/02\/IMG_20180926_085332-768x576.jpg 768w\" sizes=\"auto, (max-width: 720px) 100vw, 720px\" \/><\/a><figcaption id=\"caption-attachment-1084\" class=\"wp-caption-text\">dav<\/figcaption><\/figure>\n<figure id=\"attachment_1085\" aria-describedby=\"caption-attachment-1085\" style=\"width: 720px\" class=\"wp-caption aligncenter\"><a href=\"http:\/\/www.aradiovi.hu\/wp-content\/uploads\/2019\/02\/IMG_20180926_085419.jpg\"><img loading=\"lazy\" decoding=\"async\" class=\"size-large wp-image-1085\" src=\"http:\/\/www.aradiovi.hu\/wp-content\/uploads\/2019\/02\/IMG_20180926_085419-768x1024.jpg\" alt=\"\" width=\"720\" height=\"960\" srcset=\"https:\/\/aradiovi.hu\/wp-content\/uploads\/2019\/02\/IMG_20180926_085419-768x1024.jpg 768w, https:\/\/aradiovi.hu\/wp-content\/uploads\/2019\/02\/IMG_20180926_085419-225x300.jpg 225w\" sizes=\"auto, (max-width: 720px) 100vw, 720px\" \/><\/a><figcaption id=\"caption-attachment-1085\" class=\"wp-caption-text\">dav<\/figcaption><\/figure>\n<figure id=\"attachment_1086\" aria-describedby=\"caption-attachment-1086\" style=\"width: 720px\" class=\"wp-caption aligncenter\"><a href=\"http:\/\/www.aradiovi.hu\/wp-content\/uploads\/2019\/02\/IMG_20180926_085954.jpg\"><img loading=\"lazy\" decoding=\"async\" class=\"size-large wp-image-1086\" src=\"http:\/\/www.aradiovi.hu\/wp-content\/uploads\/2019\/02\/IMG_20180926_085954-1024x768.jpg\" alt=\"\" width=\"720\" height=\"540\" srcset=\"https:\/\/aradiovi.hu\/wp-content\/uploads\/2019\/02\/IMG_20180926_085954-1024x768.jpg 1024w, https:\/\/aradiovi.hu\/wp-content\/uploads\/2019\/02\/IMG_20180926_085954-300x225.jpg 300w, https:\/\/aradiovi.hu\/wp-content\/uploads\/2019\/02\/IMG_20180926_085954-768x576.jpg 768w\" sizes=\"auto, (max-width: 720px) 100vw, 720px\" \/><\/a><figcaption id=\"caption-attachment-1086\" class=\"wp-caption-text\">dav<\/figcaption><\/figure>\n<figure id=\"attachment_1087\" aria-describedby=\"caption-attachment-1087\" style=\"width: 720px\" class=\"wp-caption aligncenter\"><a href=\"http:\/\/www.aradiovi.hu\/wp-content\/uploads\/2019\/02\/IMG_20180926_090509.jpg\"><img loading=\"lazy\" decoding=\"async\" class=\"size-large wp-image-1087\" src=\"http:\/\/www.aradiovi.hu\/wp-content\/uploads\/2019\/02\/IMG_20180926_090509-768x1024.jpg\" alt=\"\" width=\"720\" height=\"960\" srcset=\"https:\/\/aradiovi.hu\/wp-content\/uploads\/2019\/02\/IMG_20180926_090509-768x1024.jpg 768w, https:\/\/aradiovi.hu\/wp-content\/uploads\/2019\/02\/IMG_20180926_090509-225x300.jpg 225w\" sizes=\"auto, (max-width: 720px) 100vw, 720px\" \/><\/a><figcaption id=\"caption-attachment-1087\" class=\"wp-caption-text\">dav<\/figcaption><\/figure>\n<figure id=\"attachment_1088\" aria-describedby=\"caption-attachment-1088\" style=\"width: 720px\" class=\"wp-caption aligncenter\"><a href=\"http:\/\/www.aradiovi.hu\/wp-content\/uploads\/2019\/02\/IMG_20180926_091122.jpg\"><img loading=\"lazy\" decoding=\"async\" class=\"size-large wp-image-1088\" src=\"http:\/\/www.aradiovi.hu\/wp-content\/uploads\/2019\/02\/IMG_20180926_091122-768x1024.jpg\" alt=\"\" width=\"720\" height=\"960\" srcset=\"https:\/\/aradiovi.hu\/wp-content\/uploads\/2019\/02\/IMG_20180926_091122-768x1024.jpg 768w, https:\/\/aradiovi.hu\/wp-content\/uploads\/2019\/02\/IMG_20180926_091122-225x300.jpg 225w\" sizes=\"auto, (max-width: 720px) 100vw, 720px\" \/><\/a><figcaption id=\"caption-attachment-1088\" class=\"wp-caption-text\">dav<\/figcaption><\/figure>\n<figure id=\"attachment_1089\" aria-describedby=\"caption-attachment-1089\" style=\"width: 720px\" class=\"wp-caption aligncenter\"><a href=\"http:\/\/www.aradiovi.hu\/wp-content\/uploads\/2019\/02\/IMG_20180926_091740.jpg\"><img loading=\"lazy\" decoding=\"async\" class=\"size-large wp-image-1089\" src=\"http:\/\/www.aradiovi.hu\/wp-content\/uploads\/2019\/02\/IMG_20180926_091740-768x1024.jpg\" alt=\"\" width=\"720\" height=\"960\" srcset=\"https:\/\/aradiovi.hu\/wp-content\/uploads\/2019\/02\/IMG_20180926_091740-768x1024.jpg 768w, https:\/\/aradiovi.hu\/wp-content\/uploads\/2019\/02\/IMG_20180926_091740-225x300.jpg 225w\" sizes=\"auto, (max-width: 720px) 100vw, 720px\" \/><\/a><figcaption id=\"caption-attachment-1089\" class=\"wp-caption-text\">dav<\/figcaption><\/figure>\n<figure id=\"attachment_1090\" aria-describedby=\"caption-attachment-1090\" style=\"width: 720px\" class=\"wp-caption aligncenter\"><a href=\"http:\/\/www.aradiovi.hu\/wp-content\/uploads\/2019\/02\/IMG_20180926_091747.jpg\"><img loading=\"lazy\" decoding=\"async\" class=\"size-large wp-image-1090\" src=\"http:\/\/www.aradiovi.hu\/wp-content\/uploads\/2019\/02\/IMG_20180926_091747-768x1024.jpg\" alt=\"\" width=\"720\" height=\"960\" srcset=\"https:\/\/aradiovi.hu\/wp-content\/uploads\/2019\/02\/IMG_20180926_091747-768x1024.jpg 768w, https:\/\/aradiovi.hu\/wp-content\/uploads\/2019\/02\/IMG_20180926_091747-225x300.jpg 225w\" sizes=\"auto, (max-width: 720px) 100vw, 720px\" \/><\/a><figcaption id=\"caption-attachment-1090\" class=\"wp-caption-text\">dav<\/figcaption><\/figure>\n<figure id=\"attachment_1091\" aria-describedby=\"caption-attachment-1091\" style=\"width: 720px\" class=\"wp-caption aligncenter\"><a href=\"http:\/\/www.aradiovi.hu\/wp-content\/uploads\/2019\/02\/IMG_20180926_093542.jpg\"><img loading=\"lazy\" decoding=\"async\" class=\"size-large wp-image-1091\" src=\"http:\/\/www.aradiovi.hu\/wp-content\/uploads\/2019\/02\/IMG_20180926_093542-1024x768.jpg\" alt=\"\" width=\"720\" height=\"540\" srcset=\"https:\/\/aradiovi.hu\/wp-content\/uploads\/2019\/02\/IMG_20180926_093542-1024x768.jpg 1024w, https:\/\/aradiovi.hu\/wp-content\/uploads\/2019\/02\/IMG_20180926_093542-300x225.jpg 300w, https:\/\/aradiovi.hu\/wp-content\/uploads\/2019\/02\/IMG_20180926_093542-768x576.jpg 768w\" sizes=\"auto, (max-width: 720px) 100vw, 720px\" \/><\/a><figcaption id=\"caption-attachment-1091\" class=\"wp-caption-text\">sdr<\/figcaption><\/figure>\n<figure id=\"attachment_1092\" aria-describedby=\"caption-attachment-1092\" style=\"width: 720px\" class=\"wp-caption aligncenter\"><a href=\"http:\/\/www.aradiovi.hu\/wp-content\/uploads\/2019\/02\/IMG_20180926_094105.jpg\"><img loading=\"lazy\" decoding=\"async\" class=\"size-large wp-image-1092\" src=\"http:\/\/www.aradiovi.hu\/wp-content\/uploads\/2019\/02\/IMG_20180926_094105-768x1024.jpg\" alt=\"\" width=\"720\" height=\"960\" srcset=\"https:\/\/aradiovi.hu\/wp-content\/uploads\/2019\/02\/IMG_20180926_094105-768x1024.jpg 768w, https:\/\/aradiovi.hu\/wp-content\/uploads\/2019\/02\/IMG_20180926_094105-225x300.jpg 225w\" sizes=\"auto, (max-width: 720px) 100vw, 720px\" \/><\/a><figcaption id=\"caption-attachment-1092\" class=\"wp-caption-text\">sdr<\/figcaption><\/figure>\n<figure id=\"attachment_1093\" aria-describedby=\"caption-attachment-1093\" style=\"width: 720px\" class=\"wp-caption aligncenter\"><a href=\"http:\/\/www.aradiovi.hu\/wp-content\/uploads\/2019\/02\/IMG_20180926_094253.jpg\"><img loading=\"lazy\" decoding=\"async\" class=\"size-large wp-image-1093\" src=\"http:\/\/www.aradiovi.hu\/wp-content\/uploads\/2019\/02\/IMG_20180926_094253-1024x768.jpg\" alt=\"\" width=\"720\" height=\"540\" srcset=\"https:\/\/aradiovi.hu\/wp-content\/uploads\/2019\/02\/IMG_20180926_094253-1024x768.jpg 1024w, https:\/\/aradiovi.hu\/wp-content\/uploads\/2019\/02\/IMG_20180926_094253-300x225.jpg 300w, https:\/\/aradiovi.hu\/wp-content\/uploads\/2019\/02\/IMG_20180926_094253-768x576.jpg 768w\" sizes=\"auto, (max-width: 720px) 100vw, 720px\" \/><\/a><figcaption id=\"caption-attachment-1093\" class=\"wp-caption-text\">sdr<\/figcaption><\/figure>\n<figure id=\"attachment_1094\" aria-describedby=\"caption-attachment-1094\" style=\"width: 720px\" class=\"wp-caption aligncenter\"><a href=\"http:\/\/www.aradiovi.hu\/wp-content\/uploads\/2019\/02\/IMG_20180926_094857.jpg\"><img loading=\"lazy\" decoding=\"async\" class=\"size-large wp-image-1094\" src=\"http:\/\/www.aradiovi.hu\/wp-content\/uploads\/2019\/02\/IMG_20180926_094857-768x1024.jpg\" alt=\"\" width=\"720\" height=\"960\" srcset=\"https:\/\/aradiovi.hu\/wp-content\/uploads\/2019\/02\/IMG_20180926_094857-768x1024.jpg 768w, https:\/\/aradiovi.hu\/wp-content\/uploads\/2019\/02\/IMG_20180926_094857-225x300.jpg 225w\" sizes=\"auto, (max-width: 720px) 100vw, 720px\" \/><\/a><figcaption id=\"caption-attachment-1094\" class=\"wp-caption-text\">dav<\/figcaption><\/figure>\n<figure id=\"attachment_1095\" aria-describedby=\"caption-attachment-1095\" style=\"width: 720px\" class=\"wp-caption aligncenter\"><a href=\"http:\/\/www.aradiovi.hu\/wp-content\/uploads\/2019\/02\/IMG_20180926_115827.jpg\"><img loading=\"lazy\" decoding=\"async\" class=\"size-large wp-image-1095\" src=\"http:\/\/www.aradiovi.hu\/wp-content\/uploads\/2019\/02\/IMG_20180926_115827-1024x768.jpg\" alt=\"\" width=\"720\" height=\"540\" srcset=\"https:\/\/aradiovi.hu\/wp-content\/uploads\/2019\/02\/IMG_20180926_115827-1024x768.jpg 1024w, https:\/\/aradiovi.hu\/wp-content\/uploads\/2019\/02\/IMG_20180926_115827-300x225.jpg 300w, https:\/\/aradiovi.hu\/wp-content\/uploads\/2019\/02\/IMG_20180926_115827-768x576.jpg 768w\" sizes=\"auto, (max-width: 720px) 100vw, 720px\" \/><\/a><figcaption id=\"caption-attachment-1095\" class=\"wp-caption-text\">dav<\/figcaption><\/figure>\n","protected":false},"excerpt":{"rendered":"","protected":false},"author":1,"featured_media":0,"parent":0,"menu_order":0,"comment_status":"closed","ping_status":"closed","template":"","meta":{"footnotes":""},"class_list":["post-1102","page","type-page","status-publish","hentry"],"_links":{"self":[{"href":"https:\/\/aradiovi.hu\/index.php?rest_route=\/wp\/v2\/pages\/1102","targetHints":{"allow":["GET"]}}],"collection":[{"href":"https:\/\/aradiovi.hu\/index.php?rest_route=\/wp\/v2\/pages"}],"about":[{"href":"https:\/\/aradiovi.hu\/index.php?rest_route=\/wp\/v2\/types\/page"}],"author":[{"embeddable":true,"href":"https:\/\/aradiovi.hu\/index.php?rest_route=\/wp\/v2\/users\/1"}],"replies":[{"embeddable":true,"href":"https:\/\/aradiovi.hu\/index.php?rest_route=%2Fwp%2Fv2%2Fcomments&post=1102"}],"version-history":[{"count":1,"href":"https:\/\/aradiovi.hu\/index.php?rest_route=\/wp\/v2\/pages\/1102\/revisions"}],"predecessor-version":[{"id":1104,"href":"https:\/\/aradiovi.hu\/index.php?rest_route=\/wp\/v2\/pages\/1102\/revisions\/1104"}],"wp:attachment":[{"href":"https:\/\/aradiovi.hu\/index.php?rest_route=%2Fwp%2Fv2%2Fmedia&parent=1102"}],"curies":[{"name":"wp","href":"https:\/\/api.w.org\/{rel}","templated":true}]}}