{"id":1112,"date":"2019-02-24T20:23:23","date_gmt":"2019-02-24T20:23:23","guid":{"rendered":"http:\/\/www.aradiovi.hu\/?page_id=1112"},"modified":"2019-02-24T20:23:23","modified_gmt":"2019-02-24T20:23:23","slug":"csoportkepek-2","status":"publish","type":"page","link":"https:\/\/aradiovi.hu\/?page_id=1112","title":{"rendered":"Csoportk\u00e9pek"},"content":{"rendered":"<p style=\"text-align: center;\">Sz\u00e1zl\u00e1b\u00fa csoport<a href=\"http:\/\/www.aradiovi.hu\/wp-content\/uploads\/2019\/02\/Sz_3.jpg\"><img loading=\"lazy\" decoding=\"async\" class=\"aligncenter size-medium wp-image-1110\" src=\"http:\/\/www.aradiovi.hu\/wp-content\/uploads\/2019\/02\/Sz_3-300x200.jpg\" alt=\"\" width=\"300\" height=\"200\" srcset=\"https:\/\/aradiovi.hu\/wp-content\/uploads\/2019\/02\/Sz_3-300x200.jpg 300w, https:\/\/aradiovi.hu\/wp-content\/uploads\/2019\/02\/Sz_3-768x511.jpg 768w, https:\/\/aradiovi.hu\/wp-content\/uploads\/2019\/02\/Sz_3-1024x681.jpg 1024w\" sizes=\"auto, (max-width: 300px) 100vw, 300px\" \/><\/a><\/p>\n<p style=\"text-align: center;\">Kisvakond csoport<\/p>\n<p style=\"text-align: center;\"><a href=\"http:\/\/www.aradiovi.hu\/wp-content\/uploads\/2019\/02\/V_3.jpg\"><img loading=\"lazy\" decoding=\"async\" class=\"aligncenter size-medium wp-image-1111\" src=\"http:\/\/www.aradiovi.hu\/wp-content\/uploads\/2019\/02\/V_3-300x200.jpg\" alt=\"\" width=\"300\" height=\"200\" srcset=\"https:\/\/aradiovi.hu\/wp-content\/uploads\/2019\/02\/V_3-300x200.jpg 300w, https:\/\/aradiovi.hu\/wp-content\/uploads\/2019\/02\/V_3-768x511.jpg 768w, https:\/\/aradiovi.hu\/wp-content\/uploads\/2019\/02\/V_3-1024x681.jpg 1024w\" sizes=\"auto, (max-width: 300px) 100vw, 300px\" \/><\/a><\/p>\n","protected":false},"excerpt":{"rendered":"<p>Sz\u00e1zl\u00e1b\u00fa csoport Kisvakond csoport<\/p>\n","protected":false},"author":1,"featured_media":0,"parent":0,"menu_order":0,"comment_status":"closed","ping_status":"closed","template":"","meta":{"footnotes":""},"class_list":["post-1112","page","type-page","status-publish","hentry"],"_links":{"self":[{"href":"https:\/\/aradiovi.hu\/index.php?rest_route=\/wp\/v2\/pages\/1112","targetHints":{"allow":["GET"]}}],"collection":[{"href":"https:\/\/aradiovi.hu\/index.php?rest_route=\/wp\/v2\/pages"}],"about":[{"href":"https:\/\/aradiovi.hu\/index.php?rest_route=\/wp\/v2\/types\/page"}],"author":[{"embeddable":true,"href":"https:\/\/aradiovi.hu\/index.php?rest_route=\/wp\/v2\/users\/1"}],"replies":[{"embeddable":true,"href":"https:\/\/aradiovi.hu\/index.php?rest_route=%2Fwp%2Fv2%2Fcomments&post=1112"}],"version-history":[{"count":1,"href":"https:\/\/aradiovi.hu\/index.php?rest_route=\/wp\/v2\/pages\/1112\/revisions"}],"predecessor-version":[{"id":1114,"href":"https:\/\/aradiovi.hu\/index.php?rest_route=\/wp\/v2\/pages\/1112\/revisions\/1114"}],"wp:attachment":[{"href":"https:\/\/aradiovi.hu\/index.php?rest_route=%2Fwp%2Fv2%2Fmedia&parent=1112"}],"curies":[{"name":"wp","href":"https:\/\/api.w.org\/{rel}","templated":true}]}}