{"id":1129,"date":"2019-03-06T17:20:09","date_gmt":"2019-03-06T17:20:09","guid":{"rendered":"http:\/\/www.aradiovi.hu\/?page_id=1129"},"modified":"2019-03-06T17:20:48","modified_gmt":"2019-03-06T17:20:48","slug":"teluzes","status":"publish","type":"page","link":"https:\/\/aradiovi.hu\/?page_id=1129","title":{"rendered":"T\u00e9l\u0171z\u00e9s"},"content":{"rendered":"<p><a href=\"http:\/\/www.aradiovi.hu\/wp-content\/uploads\/2019\/03\/IMG_20190306_095519.jpg\"><img loading=\"lazy\" decoding=\"async\" class=\"size-medium wp-image-1130\" src=\"http:\/\/www.aradiovi.hu\/wp-content\/uploads\/2019\/03\/IMG_20190306_095519-225x300.jpg\" alt=\"\" width=\"225\" height=\"300\" srcset=\"https:\/\/aradiovi.hu\/wp-content\/uploads\/2019\/03\/IMG_20190306_095519-225x300.jpg 225w, https:\/\/aradiovi.hu\/wp-content\/uploads\/2019\/03\/IMG_20190306_095519-768x1024.jpg 768w\" sizes=\"auto, (max-width: 225px) 100vw, 225px\" \/><\/a><\/p>\n<p><a href=\"http:\/\/www.aradiovi.hu\/wp-content\/uploads\/2019\/03\/IMG_20190306_095636.jpg\"><img loading=\"lazy\" decoding=\"async\" class=\"size-medium wp-image-1131\" src=\"http:\/\/www.aradiovi.hu\/wp-content\/uploads\/2019\/03\/IMG_20190306_095636-225x300.jpg\" alt=\"\" width=\"225\" height=\"300\" srcset=\"https:\/\/aradiovi.hu\/wp-content\/uploads\/2019\/03\/IMG_20190306_095636-225x300.jpg 225w, https:\/\/aradiovi.hu\/wp-content\/uploads\/2019\/03\/IMG_20190306_095636-768x1024.jpg 768w\" sizes=\"auto, (max-width: 225px) 100vw, 225px\" \/><\/a><\/p>\n<p><a href=\"http:\/\/www.aradiovi.hu\/wp-content\/uploads\/2019\/03\/IMG_20190306_095751.jpg\"><img loading=\"lazy\" decoding=\"async\" class=\"size-medium wp-image-1132\" src=\"http:\/\/www.aradiovi.hu\/wp-content\/uploads\/2019\/03\/IMG_20190306_095751-225x300.jpg\" alt=\"\" width=\"225\" height=\"300\" srcset=\"https:\/\/aradiovi.hu\/wp-content\/uploads\/2019\/03\/IMG_20190306_095751-225x300.jpg 225w, https:\/\/aradiovi.hu\/wp-content\/uploads\/2019\/03\/IMG_20190306_095751-768x1024.jpg 768w\" sizes=\"auto, (max-width: 225px) 100vw, 225px\" \/><\/a><\/p>\n<p><a href=\"http:\/\/www.aradiovi.hu\/wp-content\/uploads\/2019\/03\/IMG_20190306_104301.jpg\"><img loading=\"lazy\" decoding=\"async\" class=\"size-medium wp-image-1133\" src=\"http:\/\/www.aradiovi.hu\/wp-content\/uploads\/2019\/03\/IMG_20190306_104301-225x300.jpg\" alt=\"\" width=\"225\" height=\"300\" srcset=\"https:\/\/aradiovi.hu\/wp-content\/uploads\/2019\/03\/IMG_20190306_104301-225x300.jpg 225w, https:\/\/aradiovi.hu\/wp-content\/uploads\/2019\/03\/IMG_20190306_104301-768x1024.jpg 768w\" sizes=\"auto, (max-width: 225px) 100vw, 225px\" \/><\/a><\/p>\n<p><a href=\"http:\/\/www.aradiovi.hu\/wp-content\/uploads\/2019\/03\/IMG_20190306_104433.jpg\"><img loading=\"lazy\" decoding=\"async\" class=\"size-medium wp-image-1134\" src=\"http:\/\/www.aradiovi.hu\/wp-content\/uploads\/2019\/03\/IMG_20190306_104433-225x300.jpg\" alt=\"\" width=\"225\" height=\"300\" srcset=\"https:\/\/aradiovi.hu\/wp-content\/uploads\/2019\/03\/IMG_20190306_104433-225x300.jpg 225w, https:\/\/aradiovi.hu\/wp-content\/uploads\/2019\/03\/IMG_20190306_104433-768x1024.jpg 768w\" sizes=\"auto, (max-width: 225px) 100vw, 225px\" \/><\/a><\/p>\n<p><a href=\"http:\/\/www.aradiovi.hu\/wp-content\/uploads\/2019\/03\/IMG_20190306_104450.jpg\"><img loading=\"lazy\" decoding=\"async\" class=\"size-medium wp-image-1135\" src=\"http:\/\/www.aradiovi.hu\/wp-content\/uploads\/2019\/03\/IMG_20190306_104450-300x225.jpg\" alt=\"\" width=\"300\" height=\"225\" srcset=\"https:\/\/aradiovi.hu\/wp-content\/uploads\/2019\/03\/IMG_20190306_104450-300x225.jpg 300w, https:\/\/aradiovi.hu\/wp-content\/uploads\/2019\/03\/IMG_20190306_104450-768x576.jpg 768w, https:\/\/aradiovi.hu\/wp-content\/uploads\/2019\/03\/IMG_20190306_104450-1024x768.jpg 1024w\" sizes=\"auto, (max-width: 300px) 100vw, 300px\" \/><\/a><\/p>\n<p><a href=\"http:\/\/www.aradiovi.hu\/wp-content\/uploads\/2019\/03\/IMG_20190306_104547.jpg\"><img loading=\"lazy\" decoding=\"async\" class=\"size-medium wp-image-1136\" src=\"http:\/\/www.aradiovi.hu\/wp-content\/uploads\/2019\/03\/IMG_20190306_104547-300x225.jpg\" alt=\"\" width=\"300\" height=\"225\" srcset=\"https:\/\/aradiovi.hu\/wp-content\/uploads\/2019\/03\/IMG_20190306_104547-300x225.jpg 300w, https:\/\/aradiovi.hu\/wp-content\/uploads\/2019\/03\/IMG_20190306_104547-768x576.jpg 768w, https:\/\/aradiovi.hu\/wp-content\/uploads\/2019\/03\/IMG_20190306_104547-1024x768.jpg 1024w\" sizes=\"auto, (max-width: 300px) 100vw, 300px\" \/><\/a><\/p>\n<p><a href=\"http:\/\/www.aradiovi.hu\/wp-content\/uploads\/2019\/03\/IMG_20190306_104850.jpg\"><img loading=\"lazy\" decoding=\"async\" class=\"size-medium wp-image-1137\" src=\"http:\/\/www.aradiovi.hu\/wp-content\/uploads\/2019\/03\/IMG_20190306_104850-300x225.jpg\" alt=\"\" width=\"300\" height=\"225\" srcset=\"https:\/\/aradiovi.hu\/wp-content\/uploads\/2019\/03\/IMG_20190306_104850-300x225.jpg 300w, https:\/\/aradiovi.hu\/wp-content\/uploads\/2019\/03\/IMG_20190306_104850-768x576.jpg 768w, https:\/\/aradiovi.hu\/wp-content\/uploads\/2019\/03\/IMG_20190306_104850-1024x768.jpg 1024w\" sizes=\"auto, (max-width: 300px) 100vw, 300px\" \/><\/a><\/p>\n<p><a href=\"http:\/\/www.aradiovi.hu\/wp-content\/uploads\/2019\/03\/IMG_20190306_105355.jpg\"><img loading=\"lazy\" decoding=\"async\" class=\"size-medium wp-image-1138\" src=\"http:\/\/www.aradiovi.hu\/wp-content\/uploads\/2019\/03\/IMG_20190306_105355-300x225.jpg\" alt=\"\" width=\"300\" height=\"225\" srcset=\"https:\/\/aradiovi.hu\/wp-content\/uploads\/2019\/03\/IMG_20190306_105355-300x225.jpg 300w, https:\/\/aradiovi.hu\/wp-content\/uploads\/2019\/03\/IMG_20190306_105355-768x576.jpg 768w, https:\/\/aradiovi.hu\/wp-content\/uploads\/2019\/03\/IMG_20190306_105355-1024x768.jpg 1024w\" sizes=\"auto, (max-width: 300px) 100vw, 300px\" \/><\/a><\/p>\n<p><a href=\"http:\/\/www.aradiovi.hu\/wp-content\/uploads\/2019\/03\/IMG_20190306_105653.jpg\"><img loading=\"lazy\" decoding=\"async\" class=\"size-medium wp-image-1139\" src=\"http:\/\/www.aradiovi.hu\/wp-content\/uploads\/2019\/03\/IMG_20190306_105653-300x225.jpg\" alt=\"\" width=\"300\" height=\"225\" srcset=\"https:\/\/aradiovi.hu\/wp-content\/uploads\/2019\/03\/IMG_20190306_105653-300x225.jpg 300w, https:\/\/aradiovi.hu\/wp-content\/uploads\/2019\/03\/IMG_20190306_105653-768x576.jpg 768w, https:\/\/aradiovi.hu\/wp-content\/uploads\/2019\/03\/IMG_20190306_105653-1024x768.jpg 1024w\" sizes=\"auto, (max-width: 300px) 100vw, 300px\" \/><\/a><\/p>\n<p><a href=\"http:\/\/www.aradiovi.hu\/wp-content\/uploads\/2019\/03\/IMG_20190306_111021.jpg\"><img loading=\"lazy\" decoding=\"async\" class=\"size-medium wp-image-1140\" src=\"http:\/\/www.aradiovi.hu\/wp-content\/uploads\/2019\/03\/IMG_20190306_111021-225x300.jpg\" alt=\"\" width=\"225\" height=\"300\" srcset=\"https:\/\/aradiovi.hu\/wp-content\/uploads\/2019\/03\/IMG_20190306_111021-225x300.jpg 225w, https:\/\/aradiovi.hu\/wp-content\/uploads\/2019\/03\/IMG_20190306_111021-768x1024.jpg 768w\" sizes=\"auto, (max-width: 225px) 100vw, 225px\" \/><\/a><\/p>\n","protected":false},"excerpt":{"rendered":"","protected":false},"author":1,"featured_media":0,"parent":0,"menu_order":0,"comment_status":"closed","ping_status":"closed","template":"","meta":{"footnotes":""},"class_list":["post-1129","page","type-page","status-publish","hentry"],"_links":{"self":[{"href":"https:\/\/aradiovi.hu\/index.php?rest_route=\/wp\/v2\/pages\/1129","targetHints":{"allow":["GET"]}}],"collection":[{"href":"https:\/\/aradiovi.hu\/index.php?rest_route=\/wp\/v2\/pages"}],"about":[{"href":"https:\/\/aradiovi.hu\/index.php?rest_route=\/wp\/v2\/types\/page"}],"author":[{"embeddable":true,"href":"https:\/\/aradiovi.hu\/index.php?rest_route=\/wp\/v2\/users\/1"}],"replies":[{"embeddable":true,"href":"https:\/\/aradiovi.hu\/index.php?rest_route=%2Fwp%2Fv2%2Fcomments&post=1129"}],"version-history":[{"count":1,"href":"https:\/\/aradiovi.hu\/index.php?rest_route=\/wp\/v2\/pages\/1129\/revisions"}],"predecessor-version":[{"id":1142,"href":"https:\/\/aradiovi.hu\/index.php?rest_route=\/wp\/v2\/pages\/1129\/revisions\/1142"}],"wp:attachment":[{"href":"https:\/\/aradiovi.hu\/index.php?rest_route=%2Fwp%2Fv2%2Fmedia&parent=1129"}],"curies":[{"name":"wp","href":"https:\/\/api.w.org\/{rel}","templated":true}]}}