{"id":126,"date":"2017-01-03T00:28:49","date_gmt":"2017-01-03T00:28:49","guid":{"rendered":"http:\/\/www.aradiovi.hu\/?page_id=126"},"modified":"2017-05-02T20:37:53","modified_gmt":"2017-05-02T20:37:53","slug":"rendezvenyeink","status":"publish","type":"page","link":"https:\/\/aradiovi.hu\/?page_id=126","title":{"rendered":"Rendezv\u00e9nyeink"},"content":{"rendered":"<p>\u00d3vod\u00e1nkban hossz\u00fa \u00e9vek alatt kialakult h\u00e1rom olyan rendezv\u00e9ny, melyek ki nem maradhatnak gyermekeink \u00e9let\u00e9b\u0151l.<\/p>\n<p>Az <a href=\"http:\/\/www.aradiovi.hu\/?page_id=205\" target=\"_blank\">Alma napot<\/a> a 2016\/2017-es tan\u00e9vben imm\u00e1ron 10. alkalommal rendezt\u00fck meg.<\/p>\n<p>A <a href=\"http:\/\/www.aradiovi.hu\/?page_id=212\" target=\"_blank\">Luca napi v\u00e1s\u00e1runknak<\/a> is tizen\u00e9vre visszatekint\u0151 hagyom\u00e1nyai vannak, \u00e1m igyeksz\u00fcnk minden \u00e9vben egy kiss\u00e9 meg\u00fajulni.<\/p>\n<p><a href=\"http:\/\/www.aradiovi.hu\/?page_id=463\">T\u00e9ltemet\u00e9s<\/a> &#8211; a 2016\/2017-es tan\u00e9vben rendezt\u00fck meg el\u0151sz\u00f6r, de m\u00e1ris \u00fagy \u00e9rezz\u00fck, \u00fajabb hagyom\u00e1nyos k\u00f6z\u00f6s \u00fcnnepet teremtett\u00fcnk \ud83d\ude42<\/p>\n<p>F\u00f6ld hete az \u00f3vod\u00e1ban. A F\u00f6ld napj\u00e1t \u00f6lel\u0151 h\u00e9ten a sz\u00fcl\u0151k \u00e9s gyermekek seg\u00edts\u00e9g\u00e9vel vir\u00e1gba borul az \u00f3voda udvara.<\/p>\n<p><a href=\"http:\/\/www.aradiovi.hu\/?page_id=209\" target=\"_blank\">Gyermeknapunk<\/a> a tan\u00e9v utols\u00f3 rendezv\u00e9nye, mely egy eg\u00e9sz napot, sok-sok el\u0151k\u00e9sz\u00fcletet, rengeteg \u00f6tletet, j\u00e1t\u00e9kot, k\u00e9sz\u00fcl\u0151d\u00e9st jelent a sz\u00ednfalak m\u00f6g\u00f6tt&#8230;.<\/p>\n","protected":false},"excerpt":{"rendered":"<p>\u00d3vod\u00e1nkban hossz\u00fa \u00e9vek alatt kialakult h\u00e1rom olyan rendezv\u00e9ny, melyek ki nem maradhatnak gyermekeink \u00e9let\u00e9b\u0151l. Az Alma napot a 2016\/2017-es tan\u00e9vben imm\u00e1ron 10. alkalommal rendezt\u00fck meg. A Luca napi v\u00e1s\u00e1runknak is tizen\u00e9vre visszatekint\u0151 hagyom\u00e1nyai vannak, \u00e1m igyeksz\u00fcnk minden \u00e9vben egy kiss\u00e9<\/p>\n","protected":false},"author":1,"featured_media":0,"parent":0,"menu_order":0,"comment_status":"closed","ping_status":"closed","template":"","meta":{"footnotes":""},"class_list":["post-126","page","type-page","status-publish","hentry"],"_links":{"self":[{"href":"https:\/\/aradiovi.hu\/index.php?rest_route=\/wp\/v2\/pages\/126","targetHints":{"allow":["GET"]}}],"collection":[{"href":"https:\/\/aradiovi.hu\/index.php?rest_route=\/wp\/v2\/pages"}],"about":[{"href":"https:\/\/aradiovi.hu\/index.php?rest_route=\/wp\/v2\/types\/page"}],"author":[{"embeddable":true,"href":"https:\/\/aradiovi.hu\/index.php?rest_route=\/wp\/v2\/users\/1"}],"replies":[{"embeddable":true,"href":"https:\/\/aradiovi.hu\/index.php?rest_route=%2Fwp%2Fv2%2Fcomments&post=126"}],"version-history":[{"count":9,"href":"https:\/\/aradiovi.hu\/index.php?rest_route=\/wp\/v2\/pages\/126\/revisions"}],"predecessor-version":[{"id":613,"href":"https:\/\/aradiovi.hu\/index.php?rest_route=\/wp\/v2\/pages\/126\/revisions\/613"}],"wp:attachment":[{"href":"https:\/\/aradiovi.hu\/index.php?rest_route=%2Fwp%2Fv2%2Fmedia&parent=126"}],"curies":[{"name":"wp","href":"https:\/\/api.w.org\/{rel}","templated":true}]}}