{"id":1264,"date":"2019-06-09T20:14:16","date_gmt":"2019-06-09T20:14:16","guid":{"rendered":"http:\/\/www.aradiovi.hu\/?page_id=1264"},"modified":"2019-06-09T20:14:16","modified_gmt":"2019-06-09T20:14:16","slug":"kihivas-napja","status":"publish","type":"page","link":"https:\/\/aradiovi.hu\/?page_id=1264","title":{"rendered":"Kih\u00edv\u00e1s napja"},"content":{"rendered":"<p>Nagycsoportos ovisaink id\u00e9n is egy\u00fctt torn\u00e1ztak az UTE Aerobik szakoszt\u00e1ly\u00e1nak tagjaival a F\u0151 t\u00e9ren.<\/p>\n<p><a href=\"http:\/\/www.aradiovi.hu\/wp-content\/uploads\/2019\/06\/20190529_100455.jpg\"><img loading=\"lazy\" decoding=\"async\" class=\"aligncenter size-thumbnail wp-image-1265\" src=\"http:\/\/www.aradiovi.hu\/wp-content\/uploads\/2019\/06\/20190529_100455-150x150.jpg\" alt=\"\" width=\"150\" height=\"150\" srcset=\"https:\/\/aradiovi.hu\/wp-content\/uploads\/2019\/06\/20190529_100455-150x150.jpg 150w, https:\/\/aradiovi.hu\/wp-content\/uploads\/2019\/06\/20190529_100455-230x230.jpg 230w, https:\/\/aradiovi.hu\/wp-content\/uploads\/2019\/06\/20190529_100455-365x365.jpg 365w\" sizes=\"auto, (max-width: 150px) 100vw, 150px\" \/><\/a><\/p>\n<p><a href=\"http:\/\/www.aradiovi.hu\/wp-content\/uploads\/2019\/06\/20190529_100518.jpg\"><img loading=\"lazy\" decoding=\"async\" class=\"aligncenter size-thumbnail wp-image-1266\" src=\"http:\/\/www.aradiovi.hu\/wp-content\/uploads\/2019\/06\/20190529_100518-150x150.jpg\" alt=\"\" width=\"150\" height=\"150\" srcset=\"https:\/\/aradiovi.hu\/wp-content\/uploads\/2019\/06\/20190529_100518-150x150.jpg 150w, https:\/\/aradiovi.hu\/wp-content\/uploads\/2019\/06\/20190529_100518-230x230.jpg 230w, https:\/\/aradiovi.hu\/wp-content\/uploads\/2019\/06\/20190529_100518-365x365.jpg 365w\" sizes=\"auto, (max-width: 150px) 100vw, 150px\" \/><\/a><\/p>\n<p><a href=\"http:\/\/www.aradiovi.hu\/wp-content\/uploads\/2019\/06\/20190529_100532.jpg\"><img loading=\"lazy\" decoding=\"async\" class=\"aligncenter size-thumbnail wp-image-1267\" src=\"http:\/\/www.aradiovi.hu\/wp-content\/uploads\/2019\/06\/20190529_100532-150x150.jpg\" alt=\"\" width=\"150\" height=\"150\" srcset=\"https:\/\/aradiovi.hu\/wp-content\/uploads\/2019\/06\/20190529_100532-150x150.jpg 150w, https:\/\/aradiovi.hu\/wp-content\/uploads\/2019\/06\/20190529_100532-230x230.jpg 230w, https:\/\/aradiovi.hu\/wp-content\/uploads\/2019\/06\/20190529_100532-365x365.jpg 365w\" sizes=\"auto, (max-width: 150px) 100vw, 150px\" \/><\/a><\/p>\n<p><a href=\"http:\/\/www.aradiovi.hu\/wp-content\/uploads\/2019\/06\/IMG_20190529_103111.jpg\"><img loading=\"lazy\" decoding=\"async\" class=\"size-thumbnail wp-image-1268\" src=\"http:\/\/www.aradiovi.hu\/wp-content\/uploads\/2019\/06\/IMG_20190529_103111-150x150.jpg\" alt=\"\" width=\"150\" height=\"150\" srcset=\"https:\/\/aradiovi.hu\/wp-content\/uploads\/2019\/06\/IMG_20190529_103111-150x150.jpg 150w, https:\/\/aradiovi.hu\/wp-content\/uploads\/2019\/06\/IMG_20190529_103111-230x230.jpg 230w, https:\/\/aradiovi.hu\/wp-content\/uploads\/2019\/06\/IMG_20190529_103111-365x365.jpg 365w\" sizes=\"auto, (max-width: 150px) 100vw, 150px\" \/><\/a><\/p>\n<p><a href=\"http:\/\/www.aradiovi.hu\/wp-content\/uploads\/2019\/06\/IMG_20190529_103116.jpg\"><img loading=\"lazy\" decoding=\"async\" class=\"size-thumbnail wp-image-1269\" src=\"http:\/\/www.aradiovi.hu\/wp-content\/uploads\/2019\/06\/IMG_20190529_103116-150x150.jpg\" alt=\"\" width=\"150\" height=\"150\" srcset=\"https:\/\/aradiovi.hu\/wp-content\/uploads\/2019\/06\/IMG_20190529_103116-150x150.jpg 150w, https:\/\/aradiovi.hu\/wp-content\/uploads\/2019\/06\/IMG_20190529_103116-230x230.jpg 230w, https:\/\/aradiovi.hu\/wp-content\/uploads\/2019\/06\/IMG_20190529_103116-365x365.jpg 365w\" sizes=\"auto, (max-width: 150px) 100vw, 150px\" \/><\/a><\/p>\n<p><a href=\"http:\/\/www.aradiovi.hu\/wp-content\/uploads\/2019\/06\/IMG_20190529_103734.jpg\"><img loading=\"lazy\" decoding=\"async\" class=\"size-thumbnail wp-image-1270\" src=\"http:\/\/www.aradiovi.hu\/wp-content\/uploads\/2019\/06\/IMG_20190529_103734-150x150.jpg\" alt=\"\" width=\"150\" height=\"150\" srcset=\"https:\/\/aradiovi.hu\/wp-content\/uploads\/2019\/06\/IMG_20190529_103734-150x150.jpg 150w, https:\/\/aradiovi.hu\/wp-content\/uploads\/2019\/06\/IMG_20190529_103734-230x230.jpg 230w, https:\/\/aradiovi.hu\/wp-content\/uploads\/2019\/06\/IMG_20190529_103734-365x365.jpg 365w\" sizes=\"auto, (max-width: 150px) 100vw, 150px\" \/><\/a><\/p>\n<p><a href=\"http:\/\/www.aradiovi.hu\/wp-content\/uploads\/2019\/06\/IMG_20190529_103737.jpg\"><img loading=\"lazy\" decoding=\"async\" class=\"size-thumbnail wp-image-1271\" src=\"http:\/\/www.aradiovi.hu\/wp-content\/uploads\/2019\/06\/IMG_20190529_103737-150x150.jpg\" alt=\"\" width=\"150\" height=\"150\" srcset=\"https:\/\/aradiovi.hu\/wp-content\/uploads\/2019\/06\/IMG_20190529_103737-150x150.jpg 150w, https:\/\/aradiovi.hu\/wp-content\/uploads\/2019\/06\/IMG_20190529_103737-230x230.jpg 230w, https:\/\/aradiovi.hu\/wp-content\/uploads\/2019\/06\/IMG_20190529_103737-365x365.jpg 365w\" sizes=\"auto, (max-width: 150px) 100vw, 150px\" \/><\/a><\/p>\n<p><a href=\"http:\/\/www.aradiovi.hu\/wp-content\/uploads\/2019\/06\/IMG_20190529_103741.jpg\"><img loading=\"lazy\" decoding=\"async\" class=\"size-thumbnail wp-image-1272\" src=\"http:\/\/www.aradiovi.hu\/wp-content\/uploads\/2019\/06\/IMG_20190529_103741-150x150.jpg\" alt=\"\" width=\"150\" height=\"150\" srcset=\"https:\/\/aradiovi.hu\/wp-content\/uploads\/2019\/06\/IMG_20190529_103741-150x150.jpg 150w, https:\/\/aradiovi.hu\/wp-content\/uploads\/2019\/06\/IMG_20190529_103741-230x230.jpg 230w, https:\/\/aradiovi.hu\/wp-content\/uploads\/2019\/06\/IMG_20190529_103741-365x365.jpg 365w\" sizes=\"auto, (max-width: 150px) 100vw, 150px\" \/><\/a><\/p>\n<p><a href=\"http:\/\/www.aradiovi.hu\/wp-content\/uploads\/2019\/06\/IMG_20190529_103744.jpg\"><img loading=\"lazy\" decoding=\"async\" class=\"size-thumbnail wp-image-1273\" src=\"http:\/\/www.aradiovi.hu\/wp-content\/uploads\/2019\/06\/IMG_20190529_103744-150x150.jpg\" alt=\"\" width=\"150\" height=\"150\" srcset=\"https:\/\/aradiovi.hu\/wp-content\/uploads\/2019\/06\/IMG_20190529_103744-150x150.jpg 150w, https:\/\/aradiovi.hu\/wp-content\/uploads\/2019\/06\/IMG_20190529_103744-230x230.jpg 230w, https:\/\/aradiovi.hu\/wp-content\/uploads\/2019\/06\/IMG_20190529_103744-365x365.jpg 365w\" sizes=\"auto, (max-width: 150px) 100vw, 150px\" \/><\/a><\/p>\n","protected":false},"excerpt":{"rendered":"<p>Nagycsoportos ovisaink id\u00e9n is egy\u00fctt torn\u00e1ztak az UTE Aerobik szakoszt\u00e1ly\u00e1nak tagjaival a F\u0151 t\u00e9ren.<\/p>\n","protected":false},"author":1,"featured_media":0,"parent":0,"menu_order":0,"comment_status":"closed","ping_status":"closed","template":"","meta":{"footnotes":""},"class_list":["post-1264","page","type-page","status-publish","hentry"],"_links":{"self":[{"href":"https:\/\/aradiovi.hu\/index.php?rest_route=\/wp\/v2\/pages\/1264","targetHints":{"allow":["GET"]}}],"collection":[{"href":"https:\/\/aradiovi.hu\/index.php?rest_route=\/wp\/v2\/pages"}],"about":[{"href":"https:\/\/aradiovi.hu\/index.php?rest_route=\/wp\/v2\/types\/page"}],"author":[{"embeddable":true,"href":"https:\/\/aradiovi.hu\/index.php?rest_route=\/wp\/v2\/users\/1"}],"replies":[{"embeddable":true,"href":"https:\/\/aradiovi.hu\/index.php?rest_route=%2Fwp%2Fv2%2Fcomments&post=1264"}],"version-history":[{"count":1,"href":"https:\/\/aradiovi.hu\/index.php?rest_route=\/wp\/v2\/pages\/1264\/revisions"}],"predecessor-version":[{"id":1275,"href":"https:\/\/aradiovi.hu\/index.php?rest_route=\/wp\/v2\/pages\/1264\/revisions\/1275"}],"wp:attachment":[{"href":"https:\/\/aradiovi.hu\/index.php?rest_route=%2Fwp%2Fv2%2Fmedia&parent=1264"}],"curies":[{"name":"wp","href":"https:\/\/api.w.org\/{rel}","templated":true}]}}