{"id":1443,"date":"2020-06-07T16:16:19","date_gmt":"2020-06-07T16:16:19","guid":{"rendered":"http:\/\/www.aradiovi.hu\/?page_id=1443"},"modified":"2021-04-27T17:50:37","modified_gmt":"2021-04-27T17:50:37","slug":"koronavirus-tajekoztato-archivalt","status":"publish","type":"page","link":"https:\/\/aradiovi.hu\/?page_id=1443","title":{"rendered":"Koronav\u00edrus t\u00e1j\u00e9koztat\u00f3- archiv\u00e1lt"},"content":{"rendered":"<h1><strong>KORONAV\u00cdRUS \u2013\u00a0 INFORM\u00c1CI\u00d3K<\/strong><\/h1>\n<p>&nbsp;<\/p>\n<h3 style=\"text-align: center;\"><a href=\"http:\/\/www.aradiovi.hu\/wp-content\/uploads\/2016\/12\/uj.jpg\"><img loading=\"lazy\" decoding=\"async\" class=\"aligncenter size-full wp-image-2022\" src=\"http:\/\/www.aradiovi.hu\/wp-content\/uploads\/2016\/12\/uj.jpg\" alt=\"\" width=\"1200\" height=\"786\" srcset=\"https:\/\/aradiovi.hu\/wp-content\/uploads\/2016\/12\/uj.jpg 1200w, https:\/\/aradiovi.hu\/wp-content\/uploads\/2016\/12\/uj-300x197.jpg 300w, https:\/\/aradiovi.hu\/wp-content\/uploads\/2016\/12\/uj-768x503.jpg 768w, https:\/\/aradiovi.hu\/wp-content\/uploads\/2016\/12\/uj-1024x671.jpg 1024w\" sizes=\"auto, (max-width: 1200px) 100vw, 1200px\" \/><\/a><\/h3>\n<div class=\"kvgmc6g5 cxmmr5t8 oygrvhab hcukyx3x c1et5uql ii04i59q\">\n<div dir=\"auto\">\n<p>&nbsp;<\/p>\n<p><strong>Tisztelt Sz\u00fcl\u0151k! \u00daj inform\u00e1ci\u00f3k az iskol\u00e1ba k\u00e9sz\u00fcl\u0151 gyermekek sz\u00fclei r\u00e9sz\u00e9re, itt a linken:\u00a0 \u00a0\u00a0<\/strong><a href=\"http:\/\/www.aradiovi.hu\/wp-content\/uploads\/2016\/12\/FELHIVAS_A3_2021-2022-1.pdf\">FELHIVAS_A3_2021-2022 (1)<\/a><\/p>\n<p>&nbsp;<\/p>\n<p>&nbsp;<\/p>\n<p><strong>2021. 03.07.<\/strong><\/p>\n<p>&nbsp;<\/p>\n<p>Holnapi napon, azaz\u00a0<strong>2021. m\u00e1rc.8-\u00e1n<\/strong>\u00a0az Aradi \u00f3voda fogadja azokat a gyerekeket, akiknek \u00fcgyeletet ig\u00e9nyeltek a sz\u00fclei. (A k\u00e9t tag\u00f3voda gyermekeit is.)<\/p>\n<div class=\"kvgmc6g5 cxmmr5t8 oygrvhab hcukyx3x c1et5uql ii04i59q\">\n<div dir=\"auto\">A tavalyi \u00fcgyeleti rendhez hasonl\u00f3an az \u00fcgyeletet ig\u00e9nyl\u0151 sz\u00fcl\u0151kt\u0151l munk\u00e1ltat\u00f3i igazol\u00e1s sz\u00fcks\u00e9ges! (igazol\u00e1s, hogy nem tudja otthonr\u00f3l v\u00e9gezni a munk\u00e1j\u00e1t, ill. a j\u00e1rv\u00e1nyhelyzet elh\u00e1r\u00edt\u00e1s\u00e1ban dolgozik- e\u00fc., BKK, FKFV, \u00e9lelmiszer\u00fczlet, stb.) Aki k\u00e9rt \u00fcgyeletet, hozza reggel mag\u00e1val a munk\u00e1ltat\u00f3it, vagy k\u00fcldje az\u00a0\u00f3voda e-mail c\u00edm\u00e9re. (<strong>\u00a0info@aradiovoda.ujpest.hu)<\/strong><\/div>\n<div dir=\"auto\">\u00dcgyeletet sz\u00fcl\u0151 elektronikus m\u00f3don is tud k\u00e9rni a korm\u00e1nyrendelet alapj\u00e1n, csatolva a megfelel\u0151 igazol\u00e1st.K\u00f6sz\u00f6nj\u00fck!<\/div>\n<div dir=\"auto\"><\/div>\n<\/div>\n<div class=\"o9v6fnle cxmmr5t8 oygrvhab hcukyx3x c1et5uql ii04i59q\">\n<div dir=\"auto\">Korm\u00e1nyrendelet itt:<\/div>\n<div dir=\"auto\"><a class=\"oajrlxb2 g5ia77u1 qu0x051f esr5mh6w e9989ue4 r7d6kgcz rq0escxv nhd2j8a9 nc684nl6 p7hjln8o kvgmc6g5 cxmmr5t8 oygrvhab hcukyx3x jb3vyjys rz4wbd8a qt6c0cv9 a8nywdso i1ao9s8h esuyzwwr f1sip0of lzcic4wl py34i1dx gpro0wi8\" tabindex=\"0\" href=\"https:\/\/net.jogtar.hu\/jogszabaly?docid=A2100111.KOR&amp;fbclid=IwAR0okL2s2MBPIncttOc6ri6O5oNv6GcB0bl506ZsYZhKUe6AVMIFmocNrPU\" target=\"_blank\" rel=\"nofollow noopener\">https:\/\/net.jogtar.hu\/jogszabaly?docid=A2100111.KOR<\/a><\/div>\n<\/div>\n<\/div>\n<div dir=\"auto\"><img decoding=\"async\" src=\"http:\/\/www.aradiovi.hu\/wp-content\/uploads\/2016\/12\/20210305_100803-e1614935535792.jpg\" \/><\/div>\n<div dir=\"auto\"><\/div>\n<div dir=\"auto\">Kedves Sz\u00fcl\u0151k!<\/div>\n<\/div>\n<div class=\"o9v6fnle cxmmr5t8 oygrvhab hcukyx3x c1et5uql ii04i59q\">\n<div dir=\"auto\">Tegnap megtiltott\u00e1k, ma m\u00e9gis enged\u00e9lyezt\u00e9k az \u00f3vod\u00e1kban h\u00e9tf\u0151t\u0151l a gyermekfel\u00fcgyeletet (\u00fcgyeletet). Cs\u00fct\u00f6rt\u00f6k\u00f6n az int\u00e9zm\u00e9nyvezet\u0151ink felm\u00e9rt\u00e9k az ig\u00e9nyeket, \u00edgy tudjuk, h\u00e1ny gyermeket kell ell\u00e1tnunk az el\u0151tt\u00fcnk \u00e1ll\u00f3 id\u0151szakban.<\/div>\n<\/div>\n<div class=\"o9v6fnle cxmmr5t8 oygrvhab hcukyx3x c1et5uql ii04i59q\">\n<div dir=\"auto\">A h\u00e9tf\u0151t\u0151l \u00fcgyeletet ig\u00e9nyl\u0151k m\u00e9g a megszokott int\u00e9zm\u00e9nyekbe vihetik a gyermek\u00fcket, azonban a keddi \u00e1t\u00e1ll\u00e1ssal int\u00e9zm\u00e9ny\u00f6sszevon\u00e1sok v\u00e1rhat\u00f3k, \u00edgy el\u0151fordulhat, hogy nem abban az int\u00e9zm\u00e9nyben tudjuk a fel\u00fcgyeletet biztos\u00edtani, amelyikbe j\u00e1r a gyermek.<\/div>\n<\/div>\n<div class=\"o9v6fnle cxmmr5t8 oygrvhab hcukyx3x c1et5uql ii04i59q\">\n<div dir=\"auto\">A helyzetre val\u00f3 tekintettel tov\u00e1bbra is azt k\u00e9rj\u00fck a sz\u00fcl\u0151kt\u0151l \u2013 melyre egy\u00e9bk\u00e9nt a ma megjelent korm\u00e1nyrendelet is kit\u00e9r -, hogy csak legsz\u00fcks\u00e9gesebb esetben (munkav\u00e9gz\u00e9s, v\u00e9dekez\u00e9sben val\u00f3 r\u00e9szv\u00e9tel) vegy\u00e9k ig\u00e9nybe az \u00fcgyeleti rendszert, \u00edgy p\u00e9ld\u00e1ul GYES-en, GYED-en l\u00e9v\u0151 sz\u00fcl\u0151k lehet\u0151s\u00e9g szerint maradjanak otthon a gyermekeikkel.<\/div>\n<\/div>\n<div class=\"o9v6fnle cxmmr5t8 oygrvhab hcukyx3x c1et5uql ii04i59q\">\n<div dir=\"auto\">Tov\u00e1bbra is kiemelten k\u00e9rj\u00fck, hogy csak eg\u00e9szs\u00e9ges gyermeket vigyenek az int\u00e9zm\u00e9nyekbe!<\/div>\n<\/div>\n<div class=\"o9v6fnle cxmmr5t8 oygrvhab hcukyx3x c1et5uql ii04i59q\">\n<div dir=\"auto\">D\u00e9ri Tibor Bed\u0151 Kata<\/div>\n<div dir=\"auto\">polg\u00e1rmester alpolg\u00e1rmester<\/div>\n<div dir=\"auto\">(2021.m\u00e1rc.6-i bejegyz\u00e9s)<\/div>\n<div dir=\"auto\"><\/div>\n<\/div>\n<p><img decoding=\"async\" src=\"http:\/\/www.aradiovi.hu\/wp-content\/uploads\/2016\/12\/emmihat.jpg\" \/><\/p>\n<p>&nbsp;<\/p>\n<p>2020.05.27. Aj\u00e1nl\u00e1sok \u00e9s rendelkez\u00e9sek az \u00f3vodai ell\u00e1t\u00e1st ig\u00e9nybe vev\u0151k r\u00e9sz\u00e9re.<\/p>\n<p>Kedves Sz\u00fcl\u0151k!<\/p>\n<p>A 215\/2020. (V.20.) Korm\u00e1nyrendelet 1.\u00a7-a alapj\u00e1n 2020. j\u00fanius 2-\u00e1t\u00f3l a Budapest F\u0151v\u00e1ros ter\u00fclet\u00e9n m\u0171k\u00f6d\u0151 \u00f3vod\u00e1k \u00e9s b\u00f6lcs\u0151d\u00e9k a vesz\u00e9lyhelyzet el\u0151tti szok\u00e1sos rendben m\u0171k\u00f6dnek. Ennek megfelel\u0151en az \u00dajpest \u00d6nkorm\u00e1nyzata fenntart\u00e1s\u00e1ban l\u00e9v\u0151 \u00f3vod\u00e1k a ny\u00e1r alatt folyamatosan nyitva tartanak, azonban a j\u00e1rv\u00e1nyhelyzetre val\u00f3 tekintettel a k\u00f6vetkez\u0151 \u00f3vint\u00e9zked\u00e9sek betart\u00e1s\u00e1t aj\u00e1nlom:<\/p>\n<p><span class=\"_5mfr\"><span class=\"_6qdm\">\ud83d\udc49<\/span><\/span>a gyermeket a vele egy h\u00e1ztart\u00e1sban \u00e9l\u0151 sz\u00fcl\u0151 (<strong>mindig csak egy f\u0151<\/strong>) viheti be az \u00f3vod\u00e1ba \u00e9s viheti el az int\u00e9zm\u00e9nyb\u0151l,<\/p>\n<p><span class=\"_5mfr\"><span class=\"_6qdm\">\ud83d\udc49<\/span><\/span>a sz\u00fcl\u0151knek az \u00f3voda ter\u00fclet\u00e9n<strong>\u00a0k\u00f6telez\u0151 a sz\u00e1jmaszk haszn\u00e1lata<\/strong>,<\/p>\n<p><span class=\"_5mfr\"><span class=\"_6qdm\">\ud83d\udc49<\/span><\/span>a gyermekek\u00a0<strong>\u00e1tad\u00e1sa, \u00e1tv\u00e9tele<\/strong>\u00a0az \u00f3vodapedag\u00f3gus r\u00e9sz\u00e9re a csoportszoba ajtaj\u00e1ban t\u00f6rt\u00e9nik,\u00a0<strong>az \u00f3vodapedag\u00f3gusnak ez id\u0151 alatt k\u00f6telez\u0151 a sz\u00e1jmaszk haszn\u00e1lata<\/strong>,<\/p>\n<p><span class=\"_5mfr\"><span class=\"_6qdm\">\ud83d\udc49<\/span><\/span>abban az esetben,<strong>\u00a0ha a gyermek vagy vele egy h\u00e1ztart\u00e1sban \u00e9l\u0151 szem\u00e9ly k\u00fclf\u00f6ld\u00f6n tart\u00f3zkodott<\/strong>, fert\u0151z\u00f6tt orsz\u00e1gb\u00f3l, ter\u00fcletr\u0151l \u00e9rkezik,<strong>\u00a0a haza\u00e9rkez\u00e9st\u0151l sz\u00e1m\u00edtott 14 napig nem mehet \u00f3vod\u00e1ba<\/strong>,<\/p>\n<p><span class=\"_5mfr\"><span class=\"_6qdm\">\ud83d\udc49<\/span><\/span>az \u00f3vod\u00e1k bej\u00e1rat\u00e1n\u00e1l kihelyezett<strong>\u00a0\u00e9rint\u00e9smentes k\u00e9zfert\u0151tlen\u00edt\u0151k<\/strong>\u00a0vannak, ezek haszn\u00e1lata javasolt a sz\u00fcl\u0151k sz\u00e1m\u00e1ra is, amikor bel\u00e9pnek az \u00f3vod\u00e1ba,<\/p>\n<p><span class=\"_5mfr\"><span class=\"_6qdm\">\ud83d\udc49<\/span><\/span>\u00f3vodai b\u00facs\u00faztat\u00f3k, sz\u00fcl\u0151i \u00e9rtekezletek megszervez\u00e9se \u00e1tgondoltan, az egyidej\u0171, t\u00f6meges jelenl\u00e9tet mell\u0151zve, lehets\u00e9ges. Aj\u00e1nlott ezeket udvaron, szabad leveg\u0151n megtartani, nem z\u00e1rt t\u00e9rben. Minden \u00f3voda vezet\u0151je egy\u00e9nileg d\u00f6nthet arr\u00f3l, hogy ezen alkalmakat megtartja-e az int\u00e9zm\u00e9nyben \u00e9s ha igen, milyen form\u00e1ban.<\/p>\n<p><span class=\"_5mfr\"><span class=\"_6qdm\">\u2757\ufe0f<\/span><\/span>A Gazdas\u00e1gi Int\u00e9zm\u00e9ny\u00a0<strong>hetente egyszer teljesk\u00f6r\u0171 fert\u0151tlen\u00edt\u00e9st<\/strong>\u00a0v\u00e9gez minden int\u00e9zm\u00e9nyben.<span class=\"_5mfr\"><span class=\"_6qdm\">\u2757\ufe0f<\/span><\/span><\/p>\n<p>K\u00e9rj\u00fck a Sz\u00fcl\u0151ket, hogy az aj\u00e1nl\u00e1sokat vegy\u00e9k figyelembe, \u00e9s mindenki ennek megfelel\u0151en j\u00e1rjon el!<\/p>\n<p>K\u00f6sz\u00f6n\u00f6m!<\/p>\n<p>D\u00e9ri Tibor<br \/>\npolg\u00e1rmester<br \/>\nIV. ker\u00fclet<\/p>\n<p>A Nemzeti N\u00e9peg\u00e9szs\u00e9g\u00fcgyi K\u00f6zpont rendelkez\u00e9sei \u00e9s aj\u00e1nl\u00e1sai\u00a0<a href=\"https:\/\/www.nnk.gov.hu\/index.php\/koronavirus-tajekoztato\/653-tajekoztatas-a-bolcsodei-es-ovodai-nevelessel-kapcsolatos-jarvanyugyi-szabalyokrol?fbclid=IwAR1c64zGw7Ra-H1lXoCMFmROZ9BSWaKX6apT99uyZirQymq6N6QL8TNE1dE\">itt olvashat\u00f3ak<\/a>.<\/p>\n<p><strong>H\u00e1zirend\u00fcnk kieg\u00e9sz\u00edt\u00e9se<\/strong><\/p>\n<p>Kedves Sz\u00fcl\u0151k!<\/p>\n<p>2020.06.02.-\u00e1n minden gyermeket szeretettel v\u00e1runk.<\/p>\n<p>A Koronav\u00edrus j\u00e1rv\u00e1ny v\u00e9szhelyzete megsz\u0171nt.<\/p>\n<p>A H\u00e1zirend\u00fcnket a k\u00f6vetkez\u0151kkel eg\u00e9sz\u00edtj\u00fck ki a Koronav\u00edrus j\u00e1rv\u00e1nyra val\u00f3 tekintettel.<\/p>\n<ol>\n<li>K\u00e9rj\u00fck a kedves sz\u00fcl\u0151ket, hogy az \u00d6nkorm\u00e1nyzat aj\u00e1nl\u00e1s\u00e1t vegy\u00e9k figyelembe!<\/li>\n<li>A h\u00e1zirend\u00fcnkben el\u0151\u00edrtaknak megfelel\u0151en fokozottan felh\u00edvjuk a sz\u00fcl\u0151k figyelm\u00e9t arra, hogy<strong>\u00a0csak eg\u00e9szs\u00e9ges gyermekeket vesz\u00fcnk be az \u00f3vod\u00e1ba<\/strong>\u00a0(ez \u00fcgyben a sz\u00fcl\u0151k felel\u0151ss\u00e9g\u00e9t fokozatosan k\u00e9rj\u00fck).<\/li>\n<li>Az \u00e9p\u00fclet adotts\u00e1gai lehet\u0151v\u00e9 teszik, hogy a gyermekek \u00f6lt\u00f6ztet\u00e9sekor a sz\u00fcl\u0151k a 1,5-2 m\u00e9ter t\u00e1vols\u00e1got egym\u00e1s k\u00f6z\u00f6tt megtarthatj\u00e1k.<\/li>\n<li>Az \u00d6nkorm\u00e1nyzat biztos\u00edtott minden int\u00e9zm\u00e9ny sz\u00e1m\u00e1ra \u00e9rint\u00e9smentes h\u0151m\u00e9r\u0151t, a\u00a0<strong>gyermekek h\u0151m\u00e9rs\u00e9klet\u00e9t \u00f3vod\u00e1ba \u00e9rkez\u00e9sekor megm\u00e9rj\u00fck<\/strong>.<\/li>\n<\/ol>\n<p>&nbsp;<\/p>\n<p>Mindenkinek j\u00f3 eg\u00e9szs\u00e9get \u00e9s naps\u00fct\u00e9ses nyarat k\u00edv\u00e1nunk !<\/p>\n<p>&nbsp;<\/p>\n<h3>2020.05.21.\u00a0<strong>Azok sz\u00e1m\u00e1ra, akik ig\u00e9nylik j\u00fanius 2-t\u0151l az \u00f3vodai ell\u00e1t\u00e1st \u00e9s nem neten rendelik az eb\u00e9det, m\u00e1jus 25-\u00e9n, h\u00e9tf\u0151n 7-t\u00f3l 14-ig EB\u00c9DBEFIZET\u00c9S AZ IROD\u00c1BAN!<\/strong><\/h3>\n<p>&nbsp;<\/p>\n<p>2020.05.21<\/p>\n<p><a href=\"http:\/\/www.aradiovi.hu\/wp-content\/uploads\/2016\/12\/nyitasrol.jpg\" data-slb-active=\"1\" data-slb-asset=\"63768986\" data-slb-internal=\"0\" data-slb-group=\"1\"><img loading=\"lazy\" decoding=\"async\" class=\"aligncenter size-full wp-image-1432\" src=\"http:\/\/www.aradiovi.hu\/wp-content\/uploads\/2016\/12\/nyitasrol.jpg\" sizes=\"auto, (max-width: 1920px) 100vw, 1920px\" srcset=\"http:\/\/www.aradiovi.hu\/wp-content\/uploads\/2016\/12\/nyitasrol.jpg 1920w, http:\/\/www.aradiovi.hu\/wp-content\/uploads\/2016\/12\/nyitasrol-300x60.jpg 300w, http:\/\/www.aradiovi.hu\/wp-content\/uploads\/2016\/12\/nyitasrol-768x153.jpg 768w, http:\/\/www.aradiovi.hu\/wp-content\/uploads\/2016\/12\/nyitasrol-1024x204.jpg 1024w\" alt=\"\" width=\"1920\" height=\"382\" \/><\/a><\/p>\n<p>&nbsp;<\/p>\n<p><a href=\"http:\/\/www.aradiovi.hu\/wp-content\/uploads\/2016\/12\/nyitva-zarva-tabla.jpg\" data-slb-active=\"1\" data-slb-asset=\"2078619839\" data-slb-internal=\"0\" data-slb-group=\"1\"><img loading=\"lazy\" decoding=\"async\" class=\"aligncenter size-full wp-image-1434\" src=\"http:\/\/www.aradiovi.hu\/wp-content\/uploads\/2016\/12\/nyitva-zarva-tabla.jpg\" sizes=\"auto, (max-width: 600px) 100vw, 600px\" srcset=\"http:\/\/www.aradiovi.hu\/wp-content\/uploads\/2016\/12\/nyitva-zarva-tabla.jpg 600w, http:\/\/www.aradiovi.hu\/wp-content\/uploads\/2016\/12\/nyitva-zarva-tabla-150x150.jpg 150w, http:\/\/www.aradiovi.hu\/wp-content\/uploads\/2016\/12\/nyitva-zarva-tabla-300x300.jpg 300w, http:\/\/www.aradiovi.hu\/wp-content\/uploads\/2016\/12\/nyitva-zarva-tabla-230x230.jpg 230w, http:\/\/www.aradiovi.hu\/wp-content\/uploads\/2016\/12\/nyitva-zarva-tabla-365x365.jpg 365w\" alt=\"\" width=\"600\" height=\"600\" \/><\/a><\/p>\n<p>&nbsp;<\/p>\n<p>2020.04.17.<\/p>\n<p>Tisztelt Sz\u00fcl\u0151k!<\/p>\n<p>Az Operat\u00edv T\u00f6rzs meghosszabb\u00edtotta a rendk\u00edv\u00fcli helyzetet. Egy\u00fattal megsz\u00fcletett a d\u00f6nt\u00e9s az \u00f3vod\u00e1ink\u00a0\u00a0<strong>RENDK\u00cdV\u00dcLI NY\u00c1RI Z\u00c1R\u00c1STERV\u00c9R\u0150L<\/strong>\u00a0is.<\/p>\n<p><a href=\"http:\/\/www.aradiovi.hu\/wp-content\/uploads\/2016\/12\/zarva_tabla.jpg\" data-slb-active=\"1\" data-slb-asset=\"1860314598\" data-slb-internal=\"0\" data-slb-group=\"1\"><img loading=\"lazy\" decoding=\"async\" class=\"aligncenter size-full wp-image-593\" src=\"http:\/\/www.aradiovi.hu\/wp-content\/uploads\/2016\/12\/zarva_tabla.jpg\" sizes=\"auto, (max-width: 600px) 100vw, 600px\" srcset=\"http:\/\/www.aradiovi.hu\/wp-content\/uploads\/2016\/12\/zarva_tabla.jpg 600w, http:\/\/www.aradiovi.hu\/wp-content\/uploads\/2016\/12\/zarva_tabla-300x193.jpg 300w\" alt=\"\" width=\"600\" height=\"386\" \/><\/a><\/p>\n<p>Az Aradi \u00d3voda z\u00e1r\u00e1sa: 2020.06.08-06.26<\/p>\n<p>A Cs\u00e1nyi Tag\u00f3voda z\u00e1r\u00e1sa: 2020.04.27-05.15<\/p>\n<p>A Pozsonyi Tag\u00f3voda z\u00e1r\u00e1sa: 2020. 05.18-06.05-ig.<\/p>\n<p>Az \u00fcgyeletet az int\u00e9zm\u00e9ny mindh\u00e1rom \u00e9p\u00fclet\u00e9nek gyermekei sz\u00e1m\u00e1ra 04.27-t\u0151l az Aradi \u00f3voda l\u00e1tja el a CS\u00c1NYI \u00d3VODA TELEPHELY\u00c9N!<\/p>\n<p>Az \u00fcgyeletet ig\u00e9nybe venni az eddig megszokott szigor\u00fa felt\u00e9telek mellett (munk\u00e1ltat\u00f3i igazol\u00e1ssal) lehets\u00e9ges. Amennyiben az \u00fcgyeletet olyan gyermek veszi ig\u00e9nybe, aki m\u00e1r hossz\u00fa ideje nem l\u00e1togatta az int\u00e9zm\u00e9nyt, \u00fagy orvosi \u201ceg\u00e9szs\u00e9ges\u201d igazol\u00e1s is sz\u00fcks\u00e9ges.<\/p>\n<p>Felmer\u00fcl\u0151 k\u00e9rd\u00e9seikre sz\u00edvesen v\u00e1laszolunk munkaid\u0151ben a Cs\u00e1nyi \u00d3voda telefonsz\u00e1m\u00e1n (061\/389-03-59)<\/p>\n<p>Tov\u00e1bbi j\u00f3 eg\u00e9szs\u00e9get k\u00edv\u00e1nunk!<\/p>\n<p>&nbsp;<\/p>\n<p>&nbsp;<\/p>\n<p>2020.04.14.<\/p>\n<p>Tisztelt Sz\u00fcl\u0151k! Az iskolai beiratkoz\u00e1ssal kapcsolatban seg\u00edts\u00e9gny\u00fajt\u00e1sk\u00e9pp itt tal\u00e1lhat\u00f3 n\u00e9h\u00e1ny inform\u00e1ci\u00f3. A gyermekek oktat\u00e1si azonos\u00edt\u00f3 sz\u00e1m\u00e1t elk\u00e9rhetik az irod\u00e1ban (telefonon), e-mailben, vagy az \u00f3v\u00f3n\u00e9nikt\u0151l is.<\/p>\n<p>A v\u00e1lasztott iskola \u00e1prilis 24-ig fogadja a beiratkoz\u00e1s\u00a0sz\u00e1nd\u00e9k\u00e1t jelz\u0151 (ha m\u00e1sik iskol\u00e1hoz tartoznak, annak megjel\u00f6l\u00e9s\u00e9vel) ig\u00e9nybejelent\u00e9s\u00fcket, elektronikus \u00faton vagy telefonon.<\/p>\n<p>A k\u00f6rzetes \u00e1ltal\u00e1nos iskola hivatalb\u00f3l \u00e1pr. 28-ig felveszi azokat a gyerekeket, akikr\u0151l nem kapott inform\u00e1ci\u00f3t m\u00e1s iskol\u00e1kb\u00f3l, hogy felvett\u00e9k volna.<\/p>\n<p>A t\u00e9nyleges beiratkoz\u00e1s \u00e1pr.28 \u00e9s m\u00e1jus 15 k\u00f6z\u00f6tt t\u00f6rt\u00e9nik, a KR\u00c9TA rendszer\u00e9n kereszt\u00fcl.<\/p>\n<p>K\u00e9rj\u00fck minden esetben t\u00e1j\u00e9koz\u00f3djanak a pontos inform\u00e1ci\u00f3kr\u00f3l a v\u00e1lasztott iskola honlapj\u00e1n, minden\u00fctt fenn vannak a legfontosabb tudnival\u00f3k a beiratkoz\u00e1s menet\u00e9r\u0151l.<\/p>\n<p>&nbsp;<\/p>\n<p>2020.04.08<\/p>\n<p><img decoding=\"async\" src=\"https:\/\/scontent.fbud4-1.fna.fbcdn.net\/v\/t1.0-9\/s960x960\/92540561_3948599485181038_331438558898290688_o.jpg?_nc_cat=108&amp;_nc_sid=ca434c&amp;_nc_ohc=c-IY8QQhLgIAX-NXvsD&amp;_nc_ht=scontent.fbud4-1.fna&amp;_nc_tp=7&amp;oh=81f0de25ffc3751bd2248dfaf2fb8770&amp;oe=5EB78445\" alt=\"Nem \u00c3\u00a9rhet\u00c5\u0091 el le\u00c3\u00adr\u00c3\u00a1s a f\u00c3\u00a9nyk\u00c3\u00a9phez.\" \/><\/p>\n<p>2020.03.30. Tisztelt Sz\u00fcl\u0151k!<\/p>\n<blockquote>\n<div dir=\"ltr\">\n<h2>A 7\/2020. (III.25.) EMMI hat\u00e1rozat \u00e9rtelm\u00e9ben, az \u00f3vodai el\u0151jegyz\u00e9si lap vissza\u00e9rkez\u00e9s\u00e9nek hat\u00e1rideje<\/h2>\n<h2><strong>2020. \u00e1prilis 15<\/strong>-\u00e9re m\u00f3dosult!!!<\/h2>\n<h2>A 2020\/21-es nevel\u00e9si \u00e9vre a beiratkoz\u00e1shoz az El\u0151jegyz\u00e9si lap lead\u00e1s\u00e1nak hat\u00e1rideje 2020.04.15.<br \/>\nAz El\u0151jegyz\u00e9si lapokat fenti id\u0151pontig k\u00e9rj\u00fck az al\u00e1bbi lehet\u0151s\u00e9gek szerint\u00a0<strong>folyamatosan<\/strong>\u00a0eljuttatni az \u00f3vod\u00e1ba!<\/h2>\n<p><a class=\"ddownload-button button-blue id-1412 ext-xls\" title=\"El\u0151jegyz\u00e9si lap let\u00f6lt\u00e9se\" href=\"http:\/\/www.aradiovi.hu\/?ddownload=1412\" rel=\"nofollow\">El\u0151jegyz\u00e9si lap let\u00f6lt\u00e9se<\/a><\/p>\n<h2><\/h2>\n<h2><\/h2>\n<h5><\/h5>\n<\/div>\n<\/blockquote>\n<p><strong>03.25<\/strong><\/p>\n<p><strong>Kedves Sz\u00fcl\u0151k!<\/strong><\/p>\n<h1><strong>Az \u00f3vodai beiratkoz\u00e1s a 2020\/21-es nevel\u00e9si \u00e9vre\u00a0:<\/strong><\/h1>\n<h1><strong>Mostant\u00f3l \u2013 \u00e1pr.15-ig az \u00f3voda r\u00e9sz\u00e9re az el\u0151jegyz\u00e9si lap lead\u00e1s\u00e1val t\u00f6rt\u00e9nik.<\/strong><\/h1>\n<h2><strong><br \/>\nA koronav\u00edrus j\u00e1rv\u00e1ny miatt a 2020\/21-es nevel\u00e9si \u00e9vre a beiratkoz\u00e1s rendje az al\u00e1bbiak szerint m\u00f3dosul:<br \/>\nA GDPR szab\u00e1lyoknak megfelel\u0151en a beiratkoz\u00e1shoz sz\u00fcks\u00e9ges El\u0151jegyz\u00e9si lapot megtal\u00e1lhatj\u00e1k itt a let\u00f6lt\u00e9s gomb alatt. K\u00e9rem, t\u00f6lts\u00e9k le, t\u00f6lts\u00e9k ki \u00e9s lehet\u0151s\u00e9g szerint a k\u00f6vetkez\u0151 m\u00f3don juttass\u00e1k el az int\u00e9zm\u00e9nybe:<br \/>\n1.) email-ben :\u00a0<a href=\"mailto:info@aradiovoda.ujpest.hu\" target=\"_blank\">info@aradiovoda.ujpest.hu<\/a><br \/>\n2.) Postai \u00faton: 1043. Budapest, Cs\u00e1nyi L. u.30.<br \/>\n3.) Szem\u00e9lyesen: Cs\u00e1nyi Tag\u00f3voda (\u00fcgyeletes) 1043. Bp. Cs\u00e1nyi L. u. 30.<\/strong><\/h2>\n<h2>A beiratkoz\u00e1s hat\u00e1rideje: 2020.04.15. 18.00 \u00f3ra<\/h2>\n<p><strong>Az \u00d3vodai el\u0151jegyz\u00e9si lapot az al\u00e1bbi linken tal\u00e1lj\u00e1k:<\/strong><\/p>\n<p><a class=\"ddownload-button button-blue id-1412 ext-xls\" title=\"Let\u00f6lt\u00e9s\" href=\"http:\/\/www.aradiovi.hu\/?ddownload=1412\" rel=\"nofollow\">Let\u00f6lt\u00e9s<\/a><\/p>\n<p>&nbsp;<\/p>\n<p>2020.03.23.<\/p>\n<p><a href=\"http:\/\/www.aradiovi.hu\/wp-content\/uploads\/2016\/12\/OT-javaslat-az-%C3%BCgyeletes-%C3%B3vod%C3%A1kra-vonatkoz%C3%B3an.pdf\">OT javaslat az \u00fcgyeletes \u00f3vod\u00e1kra vonatkoz\u00f3an<\/a><\/p>\n<p>2020.03.18<\/p>\n<p>Kedves Sz\u00fcl\u0151k! Az \u00fcgyeleti l\u00e9tsz\u00e1m felm\u00e9r\u00e9se mindig szerd\u00e1t\u00f3l-szerd\u00e1ig zajl\u00f3 heti bont\u00e1sban fog megval\u00f3sulni.\u00a0 Amennyiben \u00d6n\u00f6k k\u00f6z\u00fcl b\u00e1rkinek (a kor\u00e1bban meghat\u00e1rozott szigor\u00fa felt\u00e9teli rendszer alapj\u00e1n: munk\u00e1j\u00e1ban n\u00e9lk\u00fcl\u00f6zhetetlen, vagy egyed\u00fcl\u00e1ll\u00f3 \u00e9s nem tudja megoldani a gyermek fel\u00fcgyelet\u00e9t) sz\u00fcks\u00e9gess\u00e9 v\u00e1lik az \u00fcgyelet ig\u00e9nybev\u00e9tele, sz\u00edveskedjen e-mailben jelezni az info@aradiovoda.ujpest.hu e-mail c\u00edmre legk\u00e9s\u0151bb szerda reggel nyolc \u00f3r\u00e1ig! \u00cdgy tudjuk h\u00e9tr\u0151l h\u00e9tre biztos\u00edtani a gyermekek lehet\u0151 legbiztons\u00e1gosabb elhelyez\u00e9s\u00e9t \u00e9s az \u00e9tkez\u00e9s\u00fcket megrendelni. K\u00f6sz\u00f6nj\u00fck!<\/p>\n<p>&nbsp;<\/p>\n<p>&nbsp;<\/p>\n<p>&nbsp;<\/p>\n<p>D\u00e9ri Tibor Polg\u00e1rmester t\u00e1j\u00e9koztat\u00e1sa, 2020.03.16-n, 12 \u00f3ra k\u00f6r\u00fcl:<\/p>\n<p>\u00d3VOD\u00c1K, B\u00d6LCS\u0150D\u00c9K<br \/>\n<span class=\"_5mfr\"><span class=\"_6qdm\">\u2757\ufe0f<\/span><\/span>F\u00e9l \u00f3r\u00e1val ezel\u0151tt \u00e9rt v\u00e9get az \u00f3vodavezet\u0151kkel t\u00f6rt\u00e9nt egyeztet\u00e9s, err\u0151l is szeretn\u00e9k t\u00e1j\u00e9koztat\u00e1st adni<\/p>\n<p>El\u0151sz\u00f6r is szeretn\u00e9m megk\u00f6sz\u00f6nni minden \u00f3vodavezet\u0151nek, \u00f3vodapedag\u00f3gusnak, hogy m\u00e1r a h\u00e9tv\u00e9g\u00e9n felm\u00e9rt\u00e9k az ig\u00e9nyeket. K\u00f6sz\u00f6n\u00f6m, hogy az adott helyzethez konstrukt\u00edvan \u00e1lltak.<\/p>\n<p><span class=\"_5mfr\"><span class=\"_6qdm\">\u26a0\ufe0f<\/span><\/span>\u00a0Az egyeztet\u00e9sen az a d\u00f6nt\u00e9s sz\u00fcletett, hogy az al\u00e1bbi \u00f6t \u00f3voda fog ell\u00e1tni \u00fcgyeletet szerd\u00e1t\u00f3l az el\u0151tt\u00fcnk \u00e1ll\u00f3 id\u0151szakban.<\/p>\n<p><span class=\"_5mfr\"><span class=\"_6qdm\">\u2705<\/span><\/span>B\u0151rfest\u0151 \u00d3voda<br \/>\n<span class=\"_5mfr\"><span class=\"_6qdm\">\u2705<\/span><\/span>Vir\u00e1g \u00d3voda<br \/>\n<span class=\"_5mfr\"><span class=\"_6qdm\">\u2705<\/span><\/span>JMK \u00d3voda<br \/>\n<span class=\"_5mfr\"><span class=\"_6qdm\">\u2705<\/span><\/span>Aranyalma \u00d3voda<br \/>\n<span class=\"_5mfr\"><span class=\"_6qdm\">\u2705<\/span><\/span>Cs\u00e1nyi \u00d3voda<\/p>\n<p><span class=\"_5mfr\"><span class=\"_6qdm\">\u203c\ufe0f<\/span><\/span>Felh\u00edvjuk a figyelmet, hogy csak azon sz\u00fcl\u0151k sz\u00e1m\u00e1ra aj\u00e1nlhatjuk fel ennek a lehet\u0151s\u00e9g\u00e9t, akiknek a munk\u00e1ja n\u00e9lk\u00fcl\u00f6zhetetlen, a j\u00e1rv\u00e1nnyal kapcsolatos feladatok valamint az egy\u00e9b k\u00f6zfeladatok \u00e9s a k\u00f6zell\u00e1t\u00e1s biztos\u00edt\u00e1s\u00e1hoz, tov\u00e1bb\u00e1 azon egyed\u00fcl\u00e1ll\u00f3 sz\u00fcl\u0151k sz\u00e1m\u00e1ra, akik egyed\u00fcl nevelik gyermek\u00fcket \u00e9s a munkahelye sem biztos\u00edtja sz\u00e1m\u00e1ra a t\u00e1volmarad\u00e1st.<\/p>\n<p><span class=\"_5mfr\"><span class=\"_6qdm\">\u2139\ufe0f<\/span><\/span>\u00a0Hangs\u00falyozzuk tov\u00e1bb\u00e1, hogy kiscsoportos fel\u00fcgyelet (maximum 10 f\u0151) eset\u00e9ben is magasabb a fert\u0151z\u00e9svesz\u00e9ly, mintha otthon lenne a gyermek.<\/p>\n<p>Szerd\u00e1t\u00f3l \u2013 az \u00f3vodavezet\u0151k k\u00e9r\u00e9s\u00e9nek megfelel\u0151en \u2013 a sz\u00fcl\u0151k az \u00fcgyeletbe a gyermeket a bej\u00e1rati ajt\u00f3ig vihetik, ahol az \u00f3voda dolgoz\u00f3i \u00e1tveszik a gyermeket \u00e9s gondoskodnak r\u00f3luk.<\/p>\n<p><span class=\"_5mfr\"><span class=\"_6qdm\">\u26a0\ufe0f<\/span><\/span>\u00a0Az egyeztet\u00e9sen az egy\u00fcttm\u0171k\u00f6d\u0151 \u00f3vod\u00e1k eset\u00e9ben azt k\u00e9rt\u00fck, oldj\u00e1k meg, a gyermekekre ne nyugd\u00edjas, ne kr\u00f3nikus betegs\u00e9gben szenved\u0151 munkav\u00e1llal\u00f3k vigy\u00e1zzanak, hanem csoportos\u00edts\u00e1k \u00e1t a munkaer\u0151t m\u00e1sik \u00f3vod\u00e1kb\u00f3l. Ennek a koordin\u00e1ci\u00f3ja az int\u00e9zm\u00e9nyek feladata.<\/p>\n<p>A jelenlegi helyzetben tov\u00e1bbra is azt tan\u00e1csoljuk, aki teheti, maradjon otthon!<\/p>\n<p>Most legfontosabb, hogy mi \u00fajpestiek \u00f6sszefogjunk, vigy\u00e1zzunk egym\u00e1sra!<\/p>\n<p>D\u00e9ri Tibor<br \/>\nPolg\u00e1rmester<\/p>\n<p>&nbsp;<\/p>\n<h3>Az ARADI \u00d3VODA, CS\u00c1NYI \u2013 \u00c9S POZSONYI TAG\u00d3VOD\u00c1K gyermekeit a Cs\u00e1nyi \u00d3voda fogadja!<\/h3>\n<h3>A meghirdetett ny\u00edlt napok a helyzetre val\u00f3 tekintettel term\u00e9szetesen elmaradnak.<\/h3>\n<h4><\/h4>\n<p>&nbsp;<\/p>\n<p>&nbsp;<\/p>\n<p>&nbsp;<\/p>\n<p>&nbsp;<\/p>\n<p>A 2020-21-es nevel\u00e9si \u00e9vre a\u00a0<strong>BEIRATKOZ\u00c1S<\/strong>\u00a0id\u0151pontja 2020.04.20-t\u00f3l 2020.04.24-ig. (r\u00e9szletek az Aktualit\u00e1sok\/\u00d3vodai beirtkoz\u00e1s men\u00fcpont alatt)<\/p>\n","protected":false},"excerpt":{"rendered":"<p>KORONAV\u00cdRUS \u2013\u00a0 INFORM\u00c1CI\u00d3K &nbsp; &nbsp; Tisztelt Sz\u00fcl\u0151k! \u00daj inform\u00e1ci\u00f3k az iskol\u00e1ba k\u00e9sz\u00fcl\u0151 gyermekek sz\u00fclei r\u00e9sz\u00e9re, itt a linken:\u00a0 \u00a0\u00a0FELHIVAS_A3_2021-2022 (1) &nbsp; &nbsp; 2021. 03.07. &nbsp; Holnapi napon, azaz\u00a02021. m\u00e1rc.8-\u00e1n\u00a0az Aradi \u00f3voda fogadja azokat a gyerekeket, akiknek \u00fcgyeletet ig\u00e9nyeltek a sz\u00fclei.<\/p>\n","protected":false},"author":1,"featured_media":0,"parent":0,"menu_order":0,"comment_status":"closed","ping_status":"closed","template":"","meta":{"footnotes":""},"class_list":["post-1443","page","type-page","status-publish","hentry"],"_links":{"self":[{"href":"https:\/\/aradiovi.hu\/index.php?rest_route=\/wp\/v2\/pages\/1443","targetHints":{"allow":["GET"]}}],"collection":[{"href":"https:\/\/aradiovi.hu\/index.php?rest_route=\/wp\/v2\/pages"}],"about":[{"href":"https:\/\/aradiovi.hu\/index.php?rest_route=\/wp\/v2\/types\/page"}],"author":[{"embeddable":true,"href":"https:\/\/aradiovi.hu\/index.php?rest_route=\/wp\/v2\/users\/1"}],"replies":[{"embeddable":true,"href":"https:\/\/aradiovi.hu\/index.php?rest_route=%2Fwp%2Fv2%2Fcomments&post=1443"}],"version-history":[{"count":3,"href":"https:\/\/aradiovi.hu\/index.php?rest_route=\/wp\/v2\/pages\/1443\/revisions"}],"predecessor-version":[{"id":2052,"href":"https:\/\/aradiovi.hu\/index.php?rest_route=\/wp\/v2\/pages\/1443\/revisions\/2052"}],"wp:attachment":[{"href":"https:\/\/aradiovi.hu\/index.php?rest_route=%2Fwp%2Fv2%2Fmedia&parent=1443"}],"curies":[{"name":"wp","href":"https:\/\/api.w.org\/{rel}","templated":true}]}}