{"id":1497,"date":"2020-09-10T21:29:08","date_gmt":"2020-09-10T21:29:08","guid":{"rendered":"http:\/\/www.aradiovi.hu\/?page_id=1497"},"modified":"2020-09-10T21:32:55","modified_gmt":"2020-09-10T21:32:55","slug":"intezkedesi-terv","status":"publish","type":"page","link":"https:\/\/aradiovi.hu\/?page_id=1497","title":{"rendered":"Int\u00e9zked\u00e9si terv"},"content":{"rendered":"<h1>INT\u00c9ZKED\u00c9SI TERV A 2020\/2021. NEVEL\u00c9SI \u00c9VBEN A J\u00c1RV\u00c1NY\u00dcGYI K\u00c9SZENL\u00c9T IDEJ\u00c9N ALKALMAZAND\u00d3 ELJ\u00c1R\u00c1SRENDR\u0150L<\/h1>\n<p>Jelen int\u00e9zked\u00e9si terv (protokoll) m\u00f3dos\u00edt\u00e1sig vagy visszavon\u00e1sig marad \u00e9rv\u00e9nyben, a m\u00f3dos\u00edt\u00e1s\u00e1ra a j\u00e1rv\u00e1ny\u00fcgyi helyzet alakul\u00e1s\u00e1t\u00f3l f\u00fcgg\u0151en, a tapasztalatok figyelembev\u00e9tel\u00e9vel ker\u00fcl sor. A protokoll bevezet\u00e9s\u00e9r\u0151l \u00e9s alkalmaz\u00e1s\u00e1r\u00f3l az int\u00e9zm\u00e9nyvezet\u0151 k\u00f6teles gondoskodni, a fenntart\u00f3 feladata a megval\u00f3s\u00edt\u00e1st ellen\u0151rizni.<\/p>\n<p>&nbsp;<\/p>\n<p>1. FELK\u00c9SZ\u00dcL\u00c9S A NEVEL\u00c9SI \u00c9VRE<\/p>\n<p>&nbsp;<\/p>\n<p>1.1 Alapos, mindenre kiterjed\u0151 fert\u0151tlen\u00edt\u0151 takar\u00edt\u00e1st kell elv\u00e9gezni. Az int\u00e9zm\u00e9nyvezet\u0151, az int\u00e9zm\u00e9nyvezet\u0151 helyettesei \u00e9s a Tag\u00f3voda vezet\u0151k ellen\u0151rzik a takar\u00edt\u00e1sok v\u00e9grehajt\u00e1s\u00e1t.<\/p>\n<p>1.2 A fert\u0151tlen\u00edt\u0151 nagytakar\u00edt\u00e1s elv\u00e9gz\u00e9se sor\u00e1n figyelembe kell venni a Nemzeti N\u00e9peg\u00e9szs\u00e9g\u00fcgyi K\u00f6zpont (a tov\u00e1bbiakban: NNK) aj\u00e1nl\u00e1s\u00e1t, melyet az 1. sz\u00e1m\u00fa mell\u00e9klet tartalmaz.<\/p>\n<p>1.3 A fert\u0151tlen\u00edt\u0151 nagytakar\u00edt\u00e1s \u00e9s a rendszeres fert\u0151tlen\u00edt\u0151 takar\u00edt\u00e1s elv\u00e9gz\u00e9s\u00e9hez sz\u00fcks\u00e9ges tiszt\u00edt\u00f3- \u00e9s fert\u0151tlen\u00edt\u0151 szerek biztos\u00edt\u00e1sa a fenntart\u00f3 feladata.<\/p>\n<p>&nbsp;<\/p>\n<p>2. AZ INT\u00c9ZM\u00c9NYEK L\u00c1TOGAT\u00c1SA, RENDEZV\u00c9NYEK,<\/p>\n<p>2.1 Int\u00e9zm\u00e9ny\u00fcnket kiz\u00e1r\u00f3lag eg\u00e9szs\u00e9ges, t\u00fcneteket nem mutat\u00f3 gyermek, l\u00e1togathatja. A nevel\u00e9sben, illetve az int\u00e9zm\u00e9ny m\u0171k\u00f6dtet\u00e9s\u00e9ben csak eg\u00e9szs\u00e9ges \u00e9s t\u00fcnetmentes dolgoz\u00f3 vehet r\u00e9szt. K\u00e9rj\u00fck, a sz\u00fcl\u0151ket, hogy amennyiben gyermek\u00fckn\u00e9l t\u00fcneteket \u00e9szlelnek, a NNK aktu\u00e1lis elj\u00e1r\u00e1srendje alapj\u00e1n gondoskodjanak orvosi vizsg\u00e1latr\u00f3l. A sz\u00fcl\u0151 k\u00f6teles az \u00f3vod\u00e1t \u00e9rtes\u00edteni, ha a gyermek\u00e9n\u00e9l koronav\u00edrus -gyan\u00fa vagy igazolt fert\u0151z\u00e9s van.<\/p>\n<p>2.2 Az \u00e9p\u00fcletbe, udvarra a sz\u00fcl\u0151k csak sz\u00e1jmaszkban l\u00e9phetnek be. A gyermeket az \u00f3vod\u00e1ba \u00e9rkez\u00e9skor \u00e9s t\u00e1voz\u00e1skor csak egy sz\u00fcl\u0151 vagy hozz\u00e1tartoz\u00f3 k\u00eds\u00e9rheti.<\/p>\n<p>2.3 A csoportosul\u00e1sok megel\u0151z\u00e9se \u00e9rdek\u00e9ben a nevel\u00e9si \u00e9v folyam\u00e1n, mind az int\u00e9zm\u00e9ny ter\u00fclet\u00e9n, mind az int\u00e9zm\u00e9ny \u00e9p\u00fclete el\u0151tt az al\u00e1bbi szab\u00e1lyokat kell betartani. &#8211; A gyermek\u00f6lt\u00f6z\u0151kben egyszerre csak 5 gyermek \u00e9s k\u00eds\u00e9r\u0151je tart\u00f3zkodhat. &#8211; A gyermekek \u00e1tad\u00e1sa\/\u00e1tv\u00e9tele a legr\u00f6videbb id\u0151n bel\u00fcl k\u00e9rj\u00fck elhagyni az j\u00e1tsz\u00f3udvart \u00e9s az \u00e9p\u00fcletet, valamint az \u00f3voda \u00e9p\u00fclete el\u0151tt ker\u00fclj\u00e9k a sz\u00fcl\u0151k, gyermekeikkel a csoportosul\u00e1st, hosszas besz\u00e9lget\u00e9st.<\/p>\n<p>2.4 A csoportszob\u00e1ban a gyermekek \u00e9rkez\u00e9sekor \u00e9s t\u00e1voz\u00e1s\u00e1n k\u00edv\u00fcl az \u00f3vodapedag\u00f3gusok \u00e9s az \u0151ket kiszolg\u00e1l\u00f3 szem\u00e9lyzetnek a maszk visel\u00e9se nem k\u00f6telez\u0151.<\/p>\n<p>2.5 A mozg\u00e1sos tev\u00e9kenys\u00e9geket az id\u0151j\u00e1r\u00e1s f\u00fcggv\u00e9ny\u00e9ben javasolt szabad t\u00e9ren megtartani.<\/p>\n<p>2.6 A megfelel\u0151 v\u00e9d\u0151t\u00e1vols\u00e1g betart\u00e1sa k\u00fcl\u00f6n\u00f6sen fontos a mosd\u00f3kban, illetve az \u00f6lt\u00f6z\u0151kben, hogy elker\u00fclhet\u0151 legyen az \u00f6lt\u00f6z\u0151kben t\u00f6rt\u00e9n\u0151 csoportosul\u00e1s.<\/p>\n<p>2.7 A sz\u00fcl\u0151k szem\u00e9lyes megjelen\u00e9s\u00e9vel j\u00e1r\u00f3 sz\u00fcl\u0151i \u00e9rtekezleteket csak a j\u00e1rv\u00e1ny\u00fcgyi el\u0151\u00edr\u00e1sok betart\u00e1sa mellett tarthat\u00f3k meg. Amennyiben sz\u00fcks\u00e9ges a csoportok sz\u00fcleit z\u00e1rt Facebook rendszerben t\u00e1j\u00e9koztatni lehet a j\u00e1rv\u00e1nyvesz\u00e9llyel kapcsolatos v\u00e1ltoz\u00e1sokr\u00f3l is.<\/p>\n<p>&nbsp;<\/p>\n<p>3. EG\u00c9SZS\u00c9G\u00dcGYI SZEMPONTB\u00d3L BIZTONS\u00c1GOS K\u00d6RNYEZET KIALAK\u00cdT\u00c1SA<\/p>\n<p>3.1 Az \u00f3voda bej\u00e1rat\u00e1n\u00e1l v\u00edrus\u00f6l\u0151 hat\u00e1s\u00fa k\u00e9zfert\u0151tlen\u00edt\u0151t biztos\u00edtunk, annak haszn\u00e1lat\u00e1ra fel kell h\u00edvni az \u00f3vod\u00e1t haszn\u00e1l\u00f3k figyelm\u00e9t.<\/p>\n<p>3.2 A szoci\u00e1lis helys\u00e9gekben biztos\u00edtani kell a szappanos k\u00e9zmos\u00e1si lehet\u0151s\u00e9get, melyet lehet\u0151s\u00e9g szerint v\u00edrus\u00f6l\u0151 hat\u00e1s\u00fa k\u00e9zfert\u0151tlen\u00edt\u00e9si lehet\u0151s\u00e9ggel kell kieg\u00e9sz\u00edteni. A saj\u00e1t jellel ell\u00e1tott textil, gyermekt\u00f6r\u00f6lk\u00f6z\u0151 speci\u00e1lis, az a gyermek szem\u00e9lyes haszn\u00e1lat\u00e1ban van. Fokozott figyelmet kell ford\u00edtani a rendszeres cser\u00e9re \u00e9s mos\u00e1sra!<\/p>\n<p>3.3 A szem\u00e9lyi higi\u00e9ne alapvet\u0151 szab\u00e1lyair\u00f3l a gyermekek, kapjanak r\u00e9szletes, az adott koroszt\u00e1lynak megfelel\u0151 szint\u0171 t\u00e1j\u00e9koztat\u00e1st. A gyermekeknek meg kell tan\u00edtani az \u00fagynevezett k\u00f6h\u00f6g\u00e9si etikettet: pap\u00edr zsebkend\u0151 haszn\u00e1lata k\u00f6h\u00f6g\u00e9skor, t\u00fcsszent\u00e9skor, majd a haszn\u00e1lt zsebkend\u0151 szemetes kuk\u00e1ba dob\u00e1sa \u00e9s alapos k\u00e9zmos\u00e1s.<\/p>\n<p>3.4 A gyermekek otthonr\u00f3l j\u00e1t\u00e9kot hozhatnak, amelyet h\u00e9tv\u00e9g\u00e9n hazavisznek. A k\u00f6vetkez\u0151 h\u00e9ten kimosva, fert\u0151tlen\u00edtve hozhatj\u00e1k \u00fajra a gyermekek.<\/p>\n<p>3.5 A k\u00f6h\u00f6g\u00e9ssel, t\u00fcsszent\u00e9ssel a k\u00fcl\u00f6nb\u00f6z\u0151 fel\u00fcletekre ker\u00fclt v\u00edrus inaktiv\u00e1l\u00e1sa \u00e9rdek\u00e9ben fokozottan \u00fcgyelni kell az int\u00e9zm\u00e9ny tisztas\u00e1g\u00e1ra, a napi t\u00f6bbsz\u00f6ri fert\u0151tlen\u00edt\u0151 takar\u00edt\u00e1s (csoportszob\u00e1kban, a folyos\u00f3kon \u00e9s egy\u00e9b helys\u00e9gekben) elv\u00e9gz\u00e9s\u00e9re. A fert\u0151tlen\u00edt\u0151 takar\u00edt\u00e1s sor\u00e1n kiemelt figyelmet kell ford\u00edtani arra, hogy a k\u00e9zzel gyakran \u00e9rintett fel\u00fcletek (ilyenek a padok, asztalok, sz\u00e9kek, az ajt\u00f3-, ablakkilincsek, korl\u00e1tok, villany- \u00e9s egy\u00e9b kapcsol\u00f3k, informatikai eszk\u00f6z\u00f6k, mosd\u00f3k csaptelepei, WC leh\u00faz\u00f3k, stb.) valamint a padl\u00f3 \u00e9s a moshat\u00f3 falfel\u00fcletek v\u00edrus\u00f6l\u0151 hat\u00e1s\u00fa szerrel fert\u0151tlen\u00edt\u00e9s\u00e9re ker\u00fcljenek.<\/p>\n<p>3.6 A takar\u00edt\u00e1st, fert\u0151tlen\u00edt\u00e9st \u00fagy kell megszervezni, hogy az a gyermekek, eg\u00e9szs\u00e9g\u00e9t ne vesz\u00e9lyeztesse. A takar\u00edt\u00e1st v\u00e9gz\u0151 dolgoz\u00f3k r\u00e9sz\u00e9re a felhaszn\u00e1lt szernek megfelel\u0151 v\u00e9d\u0151eszk\u00f6z biztos\u00edt\u00e1sa \u00e9s azok visel\u00e9se sz\u00fcks\u00e9ges.<\/p>\n<p>3.7 Z\u00e1rt t\u00e9rben a k\u00f3rokoz\u00f3k koncentr\u00e1ci\u00f3j\u00e1nak cs\u00f6kkent\u00e9se \u00e9rdek\u00e9ben kiemelt figyelmet kell ford\u00edtani a folyamatos vagy rendszeres, fokozott intenzit\u00e1s\u00fa term\u00e9szetes szell\u0151ztet\u00e9sre, mely vonatkozik minden z\u00e1rt t\u00e9rre, \u00edgy a folyos\u00f3kra, valamint a szoci\u00e1lis helyis\u00e9gekre is. A helyis\u00e9gek ablak\u00e1t id\u0151j\u00e1r\u00e1s f\u00fcggv\u00e9ny\u00e9ben lehet\u0151s\u00e9g szerint nyitva kell tartani.<\/p>\n<p>3.8 Az \u00f3vod\u00e1ban, haszn\u00e1lt j\u00e1t\u00e9kok, sporteszk\u00f6z\u00f6k, j\u00e1tsz\u00f3t\u00e9ri eszk\u00f6z\u00f6k fel\u00fclet\u00e9t rendszeresen fert\u0151tlen\u00edteni kell.<\/p>\n<p>4. \u00c9TKEZTET\u00c9SRE VONATKOZ\u00d3 SZAB\u00c1LYOK 4.1 Fokozottan kell \u00fcgyelni az \u00e9tkez\u00e9s helysz\u00edn\u00e9nek tisztas\u00e1g\u00e1ra, a rendszeres fert\u0151tlen\u00edt\u00e9s\u00e9re. A fel\u00fcletek tiszt\u00edt\u00e1sakor \u00fcgyelni kell a k\u00f6rnyezet v\u00edrusmentess\u00e9g\u00e9nek a meg\u0151rz\u00e9s\u00e9re, a munkafolyamatok megfelel\u0151 sz\u00e9tv\u00e1laszt\u00e1s\u00e1val, valamint gyakoribb fert\u0151tlen\u00edt\u00e9ssel. 4.2 Aj\u00e1nlott a biztons\u00e1gos h\u0151kezel\u00e9ssel (legal\u00e1bb 2 percen \u00e1t tart\u00f3 72\u00b0C-os magh\u0151m\u00e9rs\u00e9kletet, vagy az \u00e9tel minden pontj\u00e1n legal\u00e1bb 75\u00b0C-ot biztos\u00edt) k\u00e9sz\u00edthet\u0151 \u00e9telek \u00e9tlapon tart\u00e1sa. Kiemelten fontos a z\u00f6lds\u00e9gek, gy\u00fcm\u00f6lcs\u00f6k alapos foly\u00f3vizes lemos\u00e1sa. 4.3 Az \u00e9tkeztet\u00e9st v\u00e9gz\u0151 szem\u00e9lyzet sz\u00e1m\u00e1ra v\u00edrus\u00f6l\u0151 hat\u00e1s\u00fa, alkoholos k\u00e9zfert\u0151tlen\u00edt\u0151 szert kell biztos\u00edtani, \u00e9s annak rendszeres haszn\u00e1lat\u00e1ra fokozott hangs\u00falyt kell fektetni.<\/p>\n<p>&nbsp;<\/p>\n<p>5. GYERMEK HI\u00c1NYZ\u00c1SOK KEZEL\u00c9SE<\/p>\n<p>5.1 Annak a gyermeknek az \u00f3vodai hi\u00e1nyz\u00e1s\u00e1t, aki a v\u00edrusfert\u0151z\u00e9s szempontj\u00e1b\u00f3l vesz\u00e9lyeztetett csoportba tartozik tart\u00f3s betegs\u00e9ge (p\u00e9ld\u00e1ul sz\u00edv-\u00e9rrendszeri megbeteged\u00e9sek, cukorbetegs\u00e9g, l\u00e9gz\u0151szervi megbeteged\u00e9sek, rosszindulat\u00fa daganatos megbeteged\u00e9sek, m\u00e1j- \u00e9s vesebetegs\u00e9gek) vagy p\u00e9ld\u00e1ul immunszupprim\u00e1lt \u00e1llapota miatt, err\u0151l orvosi igazol\u00e1ssal rendelkezik, \u00e9s azt bemutatja, esetleges hi\u00e1nyz\u00e1s\u00e1t igazolt hi\u00e1nyz\u00e1snak kell tekinteni. Igazolt hi\u00e1nyz\u00e1snak tekintend\u0151 tov\u00e1bb\u00e1, ha a gyermek, a hat\u00f3s\u00e1gi karant\u00e9nba ker\u00fcl a r\u00e9sz\u00e9re el\u0151\u00edrt karant\u00e9n id\u0151szak\u00e1ra.<\/p>\n<p>5.2 A gyermek, a t\u00e1volmarad\u00e1s\u00e1val kapcsolatos valamennyi szab\u00e1ly a nevel\u00e9si-oktat\u00e1si int\u00e9zm\u00e9nyek m\u0171k\u00f6d\u00e9s\u00e9r\u0151l \u00e9s a k\u00f6znevel\u00e9si int\u00e9zm\u00e9nyek n\u00e9vhaszn\u00e1lat\u00e1r\u00f3l sz\u00f3l\u00f3 20\/2012. (VIII. 31.) EMMI rendeletben foglaltak szerint \u00e9rv\u00e9nyes, azok betart\u00e1sa szerint sz\u00fcks\u00e9ges elj\u00e1rni.<\/p>\n<p>&nbsp;<\/p>\n<p>6. TEEND\u0150K BETEG SZEM\u00c9LY ESET\u00c9N<\/p>\n<p>6.1 Az al\u00e1bbi t\u00fcnetekkel rendelkez\u0151 gyerekek elk\u00fcl\u00f6n\u00edt\u00e9se sz\u00fcks\u00e9ges, ugyanis koronav\u00edrusra utalhatnak a panaszok: &#8211; l\u00e1z &#8211; k\u00f6h\u00f6g\u00e9s &#8211; neh\u00e9zl\u00e9gz\u00e9s &#8211; hirtelen kezdet\u0171 szagl\u00e1sveszt\u00e9s, \u00edz\u00e9rz\u00e9s zavara vagy hi\u00e1nya &#8211; kev\u00e9sb\u00e9 specifikus t\u00fcnetek, de szint\u00e9n elk\u00fcl\u00f6n\u00edt\u00e9sre van sz\u00fcks\u00e9g: fejf\u00e1j\u00e1s, hidegr\u00e1z\u00e1s, izomf\u00e1jdalom, f\u00e1rad\u00e9konys\u00e1g, h\u00e1ny\u00e1s \u00e9s\/vagy hasmen\u00e9s. Gyermek eset\u00e9n a sz\u00fcl\u0151\/gondvisdel\u0151 \u00e9rtes\u00edt\u00e9s\u00e9r\u0151l is gondoskodni kell, akinek a figyelm\u00e9t fel kell h\u00edvni arra, hogy felt\u00e9tlen\u00fcl keress\u00e9k meg telefonon a gyermek h\u00e1ziorvos\u00e1t\/h\u00e1zi gyermekorvos\u00e1t. Azt k\u00f6vet\u0151en az orvos utas\u00edt\u00e1sainak alapj\u00e1n j\u00e1rjanak el.<\/p>\n<p>6.2 A beteg gyermek fel\u00fcgyelet\u00e9t ell\u00e1t\u00f3 szem\u00e9lynek keszty\u0171 \u00e9s maszk haszn\u00e1lata k\u00f6telez\u0151.<\/p>\n<p>6.3 A gyermek az \u00f3vod\u00e1ba \u2013 hasonl\u00f3an m\u00e1s megbeteged\u00e9sekhez \u2013 kiz\u00e1r\u00f3lag orvosi igazol\u00e1ssal t\u00e9rhet vissza.<\/p>\n<p>&nbsp;<\/p>\n<p>7. INT\u00c9ZKED\u00c9SEK FERT\u0150Z\u00c9SSEL \u00c9RINTETT INT\u00c9ZM\u00c9NYEK ESET\u00c9BEN<\/p>\n<p>7.1 Az int\u00e9zm\u00e9ny az oktat\u00e1si hivatal honlapj\u00e1n k\u00f6zz\u00e9t\u00e9telre ker\u00fcl\u0151 legfrissebb m\u00f3dszertani aj\u00e1nl\u00e1st k\u00f6veti.<\/p>\n<p>7.2 Amennyiben egy nevel\u00e9si-oktat\u00e1si int\u00e9zm\u00e9nyben \u00e1tmenetileg elrendel\u00e9sre ker\u00fcl a \u00f3vod\u00e1n k\u00edv\u00fcli, digit\u00e1lis munkarend, a gyermekfel\u00fcgyeletet az \u00e9rintett int\u00e9zm\u00e9nyben meg kell szervezni a sz\u00fcl\u0151k t\u00e1mogat\u00e1sa \u00e9rdek\u00e9ben. Amennyiben az int\u00e9zm\u00e9nyben objekt\u00edv okokb\u00f3l nem szervezhet\u0151 mega gyermekfel\u00fcgyelet, arr\u00f3l a Fenntart\u00f3 gondoskodik.<\/p>\n<p>7.3 A gyermekfel\u00fcgyelet sor\u00e1n a gyermek\u00e9tkeztet\u00e9si feladat ell\u00e1t\u00f3j\u00e1nak v\u00e1ltozatlanul biztos\u00edtania kell a gyermek\u00e9tkeztet\u00e9st.<\/p>\n<p>&nbsp;<\/p>\n<p><strong>Kommunik\u00e1ci\u00f3<\/strong><\/p>\n<p>Az int\u00e9zked\u00e9si terv visszavon\u00e1sig \u00e9rv\u00e9nyes. Az \u00faj koronav\u00edrus vonatkoz\u00e1s\u00e1ban a rendeletben el\u0151\u00edrtak teljes\u00edt\u00e9s\u00e9hez az NNK \u00e1ltal kiadott \u00e9s honlapj\u00e1n k\u00f6zz\u00e9tett t\u00e1j\u00e9koztat\u00f3k ny\u00fajtanak seg\u00edts\u00e9get. Budapest, 2020.08.31. 1. sz\u00e1m\u00fa mell\u00e9klet A nevel\u00e9si \u00e9v\/tan\u00e9v kezdete el\u0151tti takar\u00edt\u00e1ssal kapcsolatos feladatok A nevel\u00e9si \u00e9v megkezd\u00e9se el\u0151tti alapos mindenre kiterjed\u0151 fert\u0151tlen\u00edt\u0151 takar\u00edt\u00e1s sor\u00e1n a padl\u00f3 \u00e9s fel\u00fclettiszt\u00edt\u00e1son t\u00fal a nagytakar\u00edt\u00e1s lehet\u0151s\u00e9g szerint terjedjen ki az al\u00e1bbiakra: &#8211; felesleges, haszn\u00e1laton k\u00edv\u00fcli t\u00e1rgyak \u00f6sszegy\u0171jt\u00e9se, elsz\u00e1ll\u00edt\u00e1sa; &#8211; ajt\u00f3k, faburkolatok, lamb\u00e9ri\u00e1k, szekr\u00e9nyek, sz\u00e9kek, padok, asztalok, egy\u00e9b b\u00fatorok vegyszeres tiszt\u00edt\u00e1s\u00e1ra; &#8211; padl\u00f3 \u00e9s j\u00e1tsz\u00f3sz\u0151nyegek, egy\u00e9b text\u00edlia tiszt\u00edt\u00e1s\u00e1ra; &#8211; j\u00e1t\u00e9kok, sporteszk\u00f6z\u00f6k tiszt\u00edt\u00e1s\u00e1ra; &#8211; radi\u00e1torok, cs\u00f6vek lemos\u00e1s\u00e1ra; &#8211; ablakok, \u00fcvegfel\u00fcletek tiszt\u00edt\u00e1s\u00e1ra; &#8211; szem\u00e9tgy\u0171jt\u0151k tiszt\u00edt\u00e1s\u00e1ra, fert\u0151tlen\u00edt\u00e9s\u00e9re; &#8211; k\u00e9pek, tabl\u00f3k, vil\u00e1g\u00edt\u00f3testek portalan\u00edt\u00e1s\u00e1ra; &#8211; p\u00f3kh\u00e1l\u00f3k elt\u00e1vol\u00edt\u00e1s\u00e1ra; &#8211; rovar- \u00e9s r\u00e1gcs\u00e1l\u00f3irt\u00e1sra; A nagytakar\u00edt\u00e1s ellen\u0151rz\u00e9se az int\u00e9zm\u00e9nyvezet\u0151 hat\u00e1sk\u00f6re.<\/p>\n<p>&nbsp;<\/p>\n<p>2020. 08.31.<\/p>\n<p>&nbsp;<\/p>\n<p><a href=\"http:\/\/www.aradiovi.hu\/wp-content\/uploads\/2020\/09\/inttervmod1.jpg\"><img loading=\"lazy\" decoding=\"async\" class=\"aligncenter size-full wp-image-1498\" src=\"http:\/\/www.aradiovi.hu\/wp-content\/uploads\/2020\/09\/inttervmod1.jpg\" alt=\"\" width=\"1200\" height=\"1697\" srcset=\"https:\/\/aradiovi.hu\/wp-content\/uploads\/2020\/09\/inttervmod1.jpg 1200w, https:\/\/aradiovi.hu\/wp-content\/uploads\/2020\/09\/inttervmod1-212x300.jpg 212w, https:\/\/aradiovi.hu\/wp-content\/uploads\/2020\/09\/inttervmod1-768x1086.jpg 768w, https:\/\/aradiovi.hu\/wp-content\/uploads\/2020\/09\/inttervmod1-724x1024.jpg 724w\" sizes=\"auto, (max-width: 1200px) 100vw, 1200px\" \/><\/a> <a href=\"http:\/\/www.aradiovi.hu\/wp-content\/uploads\/2020\/09\/inttervmod2.jpg\"><img loading=\"lazy\" decoding=\"async\" class=\"aligncenter size-full wp-image-1499\" src=\"http:\/\/www.aradiovi.hu\/wp-content\/uploads\/2020\/09\/inttervmod2.jpg\" alt=\"\" width=\"1200\" height=\"1697\" srcset=\"https:\/\/aradiovi.hu\/wp-content\/uploads\/2020\/09\/inttervmod2.jpg 1200w, https:\/\/aradiovi.hu\/wp-content\/uploads\/2020\/09\/inttervmod2-212x300.jpg 212w, https:\/\/aradiovi.hu\/wp-content\/uploads\/2020\/09\/inttervmod2-768x1086.jpg 768w, https:\/\/aradiovi.hu\/wp-content\/uploads\/2020\/09\/inttervmod2-724x1024.jpg 724w\" sizes=\"auto, (max-width: 1200px) 100vw, 1200px\" \/><\/a><\/p>\n","protected":false},"excerpt":{"rendered":"<p>INT\u00c9ZKED\u00c9SI TERV A 2020\/2021. NEVEL\u00c9SI \u00c9VBEN A J\u00c1RV\u00c1NY\u00dcGYI K\u00c9SZENL\u00c9T IDEJ\u00c9N ALKALMAZAND\u00d3 ELJ\u00c1R\u00c1SRENDR\u0150L Jelen int\u00e9zked\u00e9si terv (protokoll) m\u00f3dos\u00edt\u00e1sig vagy visszavon\u00e1sig marad \u00e9rv\u00e9nyben, a m\u00f3dos\u00edt\u00e1s\u00e1ra a j\u00e1rv\u00e1ny\u00fcgyi helyzet alakul\u00e1s\u00e1t\u00f3l f\u00fcgg\u0151en, a tapasztalatok figyelembev\u00e9tel\u00e9vel ker\u00fcl sor. A protokoll bevezet\u00e9s\u00e9r\u0151l \u00e9s alkalmaz\u00e1s\u00e1r\u00f3l az int\u00e9zm\u00e9nyvezet\u0151<\/p>\n","protected":false},"author":1,"featured_media":0,"parent":0,"menu_order":0,"comment_status":"closed","ping_status":"closed","template":"","meta":{"footnotes":""},"class_list":["post-1497","page","type-page","status-publish","hentry"],"_links":{"self":[{"href":"https:\/\/aradiovi.hu\/index.php?rest_route=\/wp\/v2\/pages\/1497","targetHints":{"allow":["GET"]}}],"collection":[{"href":"https:\/\/aradiovi.hu\/index.php?rest_route=\/wp\/v2\/pages"}],"about":[{"href":"https:\/\/aradiovi.hu\/index.php?rest_route=\/wp\/v2\/types\/page"}],"author":[{"embeddable":true,"href":"https:\/\/aradiovi.hu\/index.php?rest_route=\/wp\/v2\/users\/1"}],"replies":[{"embeddable":true,"href":"https:\/\/aradiovi.hu\/index.php?rest_route=%2Fwp%2Fv2%2Fcomments&post=1497"}],"version-history":[{"count":3,"href":"https:\/\/aradiovi.hu\/index.php?rest_route=\/wp\/v2\/pages\/1497\/revisions"}],"predecessor-version":[{"id":1504,"href":"https:\/\/aradiovi.hu\/index.php?rest_route=\/wp\/v2\/pages\/1497\/revisions\/1504"}],"wp:attachment":[{"href":"https:\/\/aradiovi.hu\/index.php?rest_route=%2Fwp%2Fv2%2Fmedia&parent=1497"}],"curies":[{"name":"wp","href":"https:\/\/api.w.org\/{rel}","templated":true}]}}