{"id":16,"date":"2016-12-25T11:20:18","date_gmt":"2016-12-25T11:20:18","guid":{"rendered":"http:\/\/www.aradiovoda.hu\/?page_id=16"},"modified":"2022-09-09T07:35:09","modified_gmt":"2022-09-09T07:35:09","slug":"nevjegy","status":"publish","type":"page","link":"https:\/\/aradiovi.hu\/?page_id=16","title":{"rendered":"Kapcsolat"},"content":{"rendered":"<p align=\"center\"><span style=\"font-size: large;\">\u00daJPESTI ARADI \u00a0\u00d3VODA<\/span><\/p>\n<p align=\"center\"><applet archive=\"uPixScreen.jar\" code=\"uPixScreen.class\" name=\"Template1\" width=\"570\" height=\"170\"><\/applet><\/p>\n<p align=\"center\"><b>1043 Budapest, \u00a0Aradi \u00a0u. \u00a09.<\/b><\/p>\n<p align=\"center\"><b>Int\u00e9zm\u00e9nyvezet\u0151:\u00a0B\u0151szn\u00e9 Stof\u00e1n M\u00f3nika<\/b><\/p>\n<p align=\"center\"><b>Telefon &#8211;\u00a0Fax : \u00a006 &#8211; 1 &#8211; 369 &#8211; 7839<\/b><\/p>\n<p align=\"center\"><strong>e-mail: <\/strong><strong>\u00a0info@aradiovoda.ujpest.hu<\/strong><\/p>\n<p align=\"center\">\n","protected":false},"excerpt":{"rendered":"<p>\u00daJPESTI ARADI \u00a0\u00d3VODA 1043 Budapest, \u00a0Aradi \u00a0u. \u00a09. Int\u00e9zm\u00e9nyvezet\u0151:\u00a0B\u0151szn\u00e9 Stof\u00e1n M\u00f3nika Telefon &#8211;\u00a0Fax : \u00a006 &#8211; 1 &#8211; 369 &#8211; 7839 e-mail: \u00a0info@aradiovoda.ujpest.hu<\/p>\n","protected":false},"author":1,"featured_media":0,"parent":0,"menu_order":0,"comment_status":"closed","ping_status":"closed","template":"","meta":{"footnotes":""},"class_list":["post-16","page","type-page","status-publish","hentry"],"_links":{"self":[{"href":"https:\/\/aradiovi.hu\/index.php?rest_route=\/wp\/v2\/pages\/16","targetHints":{"allow":["GET"]}}],"collection":[{"href":"https:\/\/aradiovi.hu\/index.php?rest_route=\/wp\/v2\/pages"}],"about":[{"href":"https:\/\/aradiovi.hu\/index.php?rest_route=\/wp\/v2\/types\/page"}],"author":[{"embeddable":true,"href":"https:\/\/aradiovi.hu\/index.php?rest_route=\/wp\/v2\/users\/1"}],"replies":[{"embeddable":true,"href":"https:\/\/aradiovi.hu\/index.php?rest_route=%2Fwp%2Fv2%2Fcomments&post=16"}],"version-history":[{"count":15,"href":"https:\/\/aradiovi.hu\/index.php?rest_route=\/wp\/v2\/pages\/16\/revisions"}],"predecessor-version":[{"id":2302,"href":"https:\/\/aradiovi.hu\/index.php?rest_route=\/wp\/v2\/pages\/16\/revisions\/2302"}],"wp:attachment":[{"href":"https:\/\/aradiovi.hu\/index.php?rest_route=%2Fwp%2Fv2%2Fmedia&parent=16"}],"curies":[{"name":"wp","href":"https:\/\/api.w.org\/{rel}","templated":true}]}}