{"id":178,"date":"2017-01-03T21:13:22","date_gmt":"2017-01-03T21:13:22","guid":{"rendered":"http:\/\/www.aradiovi.hu\/?page_id=178"},"modified":"2017-03-08T16:06:14","modified_gmt":"2017-03-08T16:06:14","slug":"galeriak","status":"publish","type":"page","link":"https:\/\/aradiovi.hu\/?page_id=178","title":{"rendered":"Gal\u00e9ri\u00e1k"},"content":{"rendered":"<p>A gal\u00e9ri\u00e1k k\u00e9pei a k\u00e9pekre kattintva nagyobb m\u00e9retben \u00e9s lapozhat\u00f3 v\u00e1ltozatban jelennek meg.<\/p>\n<p>(Kor\u00e1bbi fot\u00f3k felt\u00f6lt\u00e9se folyamatos, ahogy id\u0151nk engedi.)<\/p>\n<p>&nbsp;<\/p>\n","protected":false},"excerpt":{"rendered":"<p>A gal\u00e9ri\u00e1k k\u00e9pei a k\u00e9pekre kattintva nagyobb m\u00e9retben \u00e9s lapozhat\u00f3 v\u00e1ltozatban jelennek meg. (Kor\u00e1bbi fot\u00f3k felt\u00f6lt\u00e9se folyamatos, ahogy id\u0151nk engedi.) &nbsp;<\/p>\n","protected":false},"author":1,"featured_media":0,"parent":0,"menu_order":0,"comment_status":"closed","ping_status":"closed","template":"","meta":{"footnotes":""},"class_list":["post-178","page","type-page","status-publish","hentry"],"_links":{"self":[{"href":"https:\/\/aradiovi.hu\/index.php?rest_route=\/wp\/v2\/pages\/178","targetHints":{"allow":["GET"]}}],"collection":[{"href":"https:\/\/aradiovi.hu\/index.php?rest_route=\/wp\/v2\/pages"}],"about":[{"href":"https:\/\/aradiovi.hu\/index.php?rest_route=\/wp\/v2\/types\/page"}],"author":[{"embeddable":true,"href":"https:\/\/aradiovi.hu\/index.php?rest_route=\/wp\/v2\/users\/1"}],"replies":[{"embeddable":true,"href":"https:\/\/aradiovi.hu\/index.php?rest_route=%2Fwp%2Fv2%2Fcomments&post=178"}],"version-history":[{"count":8,"href":"https:\/\/aradiovi.hu\/index.php?rest_route=\/wp\/v2\/pages\/178\/revisions"}],"predecessor-version":[{"id":500,"href":"https:\/\/aradiovi.hu\/index.php?rest_route=\/wp\/v2\/pages\/178\/revisions\/500"}],"wp:attachment":[{"href":"https:\/\/aradiovi.hu\/index.php?rest_route=%2Fwp%2Fv2%2Fmedia&parent=178"}],"curies":[{"name":"wp","href":"https:\/\/api.w.org\/{rel}","templated":true}]}}