{"id":2004,"date":"2021-03-18T12:34:29","date_gmt":"2021-03-18T12:34:29","guid":{"rendered":"http:\/\/www.aradiovi.hu\/?page_id=2004"},"modified":"2023-03-20T17:00:13","modified_gmt":"2023-03-20T17:00:13","slug":"iskolai-beiratkozassal-kapcsolatos-informaciok","status":"publish","type":"page","link":"https:\/\/aradiovi.hu\/?page_id=2004","title":{"rendered":"Iskolai beiratkoz\u00e1ssal kapcsolatos inform\u00e1ci\u00f3k"},"content":{"rendered":"<p>Megjelent az \u00dajpesti Ir\u00e1nyt\u0171 idei kiad\u00e1sa, melyben a ker\u00fclet \u00f6ssze \u00e1ltal\u00e1nos iskol\u00e1ja bemutatkozik:<\/p>\n<p><a href=\"https:\/\/ujpest.hu\/tankeruleti-kozpont-2023-2024-tanevre-vonatkozo-tajekoztatoja-a-keruleti-altalanos-iskolakrol\/\">IR\u00c1NYT\u0170 2023<\/a><\/p>\n<p>&nbsp;<\/p>\n<p><a href=\"http:\/\/www.aradiovi.hu\/wp-content\/uploads\/2021\/03\/FELHIVAS_-2023.jpg\"><img loading=\"lazy\" decoding=\"async\" class=\"aligncenter size-large wp-image-2391\" src=\"http:\/\/www.aradiovi.hu\/wp-content\/uploads\/2021\/03\/FELHIVAS_-2023-724x1024.jpg\" alt=\"\" width=\"720\" height=\"1018\" srcset=\"https:\/\/aradiovi.hu\/wp-content\/uploads\/2021\/03\/FELHIVAS_-2023-724x1024.jpg 724w, https:\/\/aradiovi.hu\/wp-content\/uploads\/2021\/03\/FELHIVAS_-2023-212x300.jpg 212w, https:\/\/aradiovi.hu\/wp-content\/uploads\/2021\/03\/FELHIVAS_-2023-768x1086.jpg 768w, https:\/\/aradiovi.hu\/wp-content\/uploads\/2021\/03\/FELHIVAS_-2023.jpg 1755w\" sizes=\"auto, (max-width: 720px) 100vw, 720px\" \/><\/a><\/p>\n","protected":false},"excerpt":{"rendered":"<p>Megjelent az \u00dajpesti Ir\u00e1nyt\u0171 idei kiad\u00e1sa, melyben a ker\u00fclet \u00f6ssze \u00e1ltal\u00e1nos iskol\u00e1ja bemutatkozik: IR\u00c1NYT\u0170 2023 &nbsp;<\/p>\n","protected":false},"author":1,"featured_media":0,"parent":0,"menu_order":0,"comment_status":"closed","ping_status":"closed","template":"","meta":{"footnotes":""},"class_list":["post-2004","page","type-page","status-publish","hentry"],"_links":{"self":[{"href":"https:\/\/aradiovi.hu\/index.php?rest_route=\/wp\/v2\/pages\/2004","targetHints":{"allow":["GET"]}}],"collection":[{"href":"https:\/\/aradiovi.hu\/index.php?rest_route=\/wp\/v2\/pages"}],"about":[{"href":"https:\/\/aradiovi.hu\/index.php?rest_route=\/wp\/v2\/types\/page"}],"author":[{"embeddable":true,"href":"https:\/\/aradiovi.hu\/index.php?rest_route=\/wp\/v2\/users\/1"}],"replies":[{"embeddable":true,"href":"https:\/\/aradiovi.hu\/index.php?rest_route=%2Fwp%2Fv2%2Fcomments&post=2004"}],"version-history":[{"count":4,"href":"https:\/\/aradiovi.hu\/index.php?rest_route=\/wp\/v2\/pages\/2004\/revisions"}],"predecessor-version":[{"id":2392,"href":"https:\/\/aradiovi.hu\/index.php?rest_route=\/wp\/v2\/pages\/2004\/revisions\/2392"}],"wp:attachment":[{"href":"https:\/\/aradiovi.hu\/index.php?rest_route=%2Fwp%2Fv2%2Fmedia&parent=2004"}],"curies":[{"name":"wp","href":"https:\/\/api.w.org\/{rel}","templated":true}]}}