{"id":2011,"date":"2021-03-23T13:27:07","date_gmt":"2021-03-23T13:27:07","guid":{"rendered":"http:\/\/www.aradiovi.hu\/?page_id=2011"},"modified":"2026-03-25T14:18:39","modified_gmt":"2026-03-25T14:18:39","slug":"ovodai-beiratkozas-3","status":"publish","type":"page","link":"https:\/\/aradiovi.hu\/?page_id=2011","title":{"rendered":"\u00d3vodai beiratkoz\u00e1s"},"content":{"rendered":"\n<p>&nbsp;<\/p>\n\n\n\n<p>&nbsp;<\/p>\n\n\n\n<p>Tisztelt Sz\u00fcl\u0151k!<\/p>\n\n\n\n<p>Az \u00d3vod\u00e1ba val\u00f3 beiratkoz\u00e1s m\u00f3dja a 2026-2027-os nevel\u00e9si \u00e9vre.<\/p>\n\n\n\n<p>&nbsp;<\/p>\n\n\n\n<p>Beiratkoz\u00e1s id\u0151pontja az Aradi \u00d3vod\u00e1ban:<\/p>\n\n\n\n<p><\/p>\n\n\n\n<figure class=\"wp-block-image size-large\"><img loading=\"lazy\" decoding=\"async\" width=\"780\" height=\"1024\" src=\"https:\/\/aradiovi.hu\/wp-content\/uploads\/2016\/12\/Screenshot_20260302_141419_Gmail-780x1024.jpg\" alt=\"\" class=\"wp-image-3088\" srcset=\"https:\/\/aradiovi.hu\/wp-content\/uploads\/2016\/12\/Screenshot_20260302_141419_Gmail-780x1024.jpg 780w, https:\/\/aradiovi.hu\/wp-content\/uploads\/2016\/12\/Screenshot_20260302_141419_Gmail-229x300.jpg 229w, https:\/\/aradiovi.hu\/wp-content\/uploads\/2016\/12\/Screenshot_20260302_141419_Gmail-768x1008.jpg 768w, https:\/\/aradiovi.hu\/wp-content\/uploads\/2016\/12\/Screenshot_20260302_141419_Gmail.jpg 1080w\" sizes=\"auto, (max-width: 780px) 100vw, 780px\" \/><\/figure>\n\n\n\n<p>&nbsp;<\/p>\n\n\n\n<p>&nbsp;<\/p>\n\n\n\n<figure class=\"wp-block-image size-large\"><img loading=\"lazy\" decoding=\"async\" width=\"724\" height=\"1024\" src=\"https:\/\/aradiovi.hu\/wp-content\/uploads\/2026\/03\/649975102_26082126904739757_2089004550579488152_n-724x1024.jpg\" alt=\"\" class=\"wp-image-3187\" srcset=\"https:\/\/aradiovi.hu\/wp-content\/uploads\/2026\/03\/649975102_26082126904739757_2089004550579488152_n-724x1024.jpg 724w, https:\/\/aradiovi.hu\/wp-content\/uploads\/2026\/03\/649975102_26082126904739757_2089004550579488152_n-212x300.jpg 212w, https:\/\/aradiovi.hu\/wp-content\/uploads\/2026\/03\/649975102_26082126904739757_2089004550579488152_n-768x1086.jpg 768w, https:\/\/aradiovi.hu\/wp-content\/uploads\/2026\/03\/649975102_26082126904739757_2089004550579488152_n-1086x1536.jpg 1086w, https:\/\/aradiovi.hu\/wp-content\/uploads\/2026\/03\/649975102_26082126904739757_2089004550579488152_n.jpg 1448w\" sizes=\"auto, (max-width: 724px) 100vw, 724px\" \/><\/figure>\n\n\n\n<p>&nbsp;<\/p>\n\n\n<div class=\"wp-block-image\">\n<figure class=\"aligncenter\"><a href=\"http:\/\/www.aradiovi.hu\/wp-content\/uploads\/2021\/03\/Honlapra2.jpg\"><img loading=\"lazy\" decoding=\"async\" width=\"3504\" height=\"2480\" src=\"http:\/\/www.aradiovi.hu\/wp-content\/uploads\/2021\/03\/Honlapra2.jpg\" alt=\"\" class=\"wp-image-2887\" srcset=\"https:\/\/aradiovi.hu\/wp-content\/uploads\/2021\/03\/Honlapra2.jpg 3504w, https:\/\/aradiovi.hu\/wp-content\/uploads\/2021\/03\/Honlapra2-300x212.jpg 300w, https:\/\/aradiovi.hu\/wp-content\/uploads\/2021\/03\/Honlapra2-768x544.jpg 768w, https:\/\/aradiovi.hu\/wp-content\/uploads\/2021\/03\/Honlapra2-1024x725.jpg 1024w\" sizes=\"auto, (max-width: 3504px) 100vw, 3504px\" \/><\/a><\/figure>\n<\/div>\n\n<p>Az \u00f3vodai el\u0151jegyz\u00e9si lapot megtal\u00e1lhatj\u00e1k a ide kattintva:<\/p>\n<a href=\"https:\/\/aradiovi.hu\/?ddownload=3219\" title=\"Download\" rel=\"nofollow\" class=\"ddownload-button button-blue id-3219 ext-xlsx\">Download<\/a>\n<a href=\"https:\/\/aradiovi.hu\/?ddownload=3218\" title=\"Download\" rel=\"nofollow\" class=\"ddownload-button button-blue id-3218 ext-pdf\">Download<\/a>\n<p>&nbsp;<\/p>\n\n\n<p>&nbsp;<\/p>\n\n\n\n<p>&nbsp;<\/p>\n\n\n\n<p>&nbsp;<\/p>\n\n\n\n<p>&nbsp;<\/p>\n\n\n\n<p>&nbsp;<\/p>\n\n\n\n<p>&nbsp;<\/p>\n\n\n\n<p>&nbsp;<\/p>\n\n\n\n<p>&nbsp;<\/p>\n\n\n\n<p>&nbsp;<\/p>\n\n\n\n<p>&nbsp;<\/p>\n\n\n\n<p>&nbsp;<\/p>\n\n\n\n<p>&nbsp;<\/p>\n","protected":false},"excerpt":{"rendered":"<p>&nbsp; &nbsp; Tisztelt Sz\u00fcl\u0151k! Az \u00d3vod\u00e1ba val\u00f3 beiratkoz\u00e1s m\u00f3dja a 2026-2027-os nevel\u00e9si \u00e9vre. &nbsp; Beiratkoz\u00e1s id\u0151pontja az Aradi \u00d3vod\u00e1ban: &nbsp; &nbsp; &nbsp; Az \u00f3vodai el\u0151jegyz\u00e9si lapot megtal\u00e1lhatj\u00e1k a ide kattintva: &nbsp; &nbsp; &nbsp; &nbsp; &nbsp; &nbsp; &nbsp; &nbsp; &nbsp; &nbsp;<\/p>\n","protected":false},"author":1,"featured_media":0,"parent":0,"menu_order":0,"comment_status":"closed","ping_status":"closed","template":"","meta":{"footnotes":""},"class_list":["post-2011","page","type-page","status-publish","hentry"],"_links":{"self":[{"href":"https:\/\/aradiovi.hu\/index.php?rest_route=\/wp\/v2\/pages\/2011","targetHints":{"allow":["GET"]}}],"collection":[{"href":"https:\/\/aradiovi.hu\/index.php?rest_route=\/wp\/v2\/pages"}],"about":[{"href":"https:\/\/aradiovi.hu\/index.php?rest_route=\/wp\/v2\/types\/page"}],"author":[{"embeddable":true,"href":"https:\/\/aradiovi.hu\/index.php?rest_route=\/wp\/v2\/users\/1"}],"replies":[{"embeddable":true,"href":"https:\/\/aradiovi.hu\/index.php?rest_route=%2Fwp%2Fv2%2Fcomments&post=2011"}],"version-history":[{"count":21,"href":"https:\/\/aradiovi.hu\/index.php?rest_route=\/wp\/v2\/pages\/2011\/revisions"}],"predecessor-version":[{"id":3223,"href":"https:\/\/aradiovi.hu\/index.php?rest_route=\/wp\/v2\/pages\/2011\/revisions\/3223"}],"wp:attachment":[{"href":"https:\/\/aradiovi.hu\/index.php?rest_route=%2Fwp%2Fv2%2Fmedia&parent=2011"}],"curies":[{"name":"wp","href":"https:\/\/api.w.org\/{rel}","templated":true}]}}