{"id":2030,"date":"2021-04-15T10:08:17","date_gmt":"2021-04-15T10:08:17","guid":{"rendered":"http:\/\/www.aradiovi.hu\/?page_id=2030"},"modified":"2025-09-29T19:53:30","modified_gmt":"2025-09-29T19:53:30","slug":"kiscsoportos-leszek","status":"publish","type":"page","link":"https:\/\/aradiovi.hu\/?page_id=2030","title":{"rendered":"Gy\u00f3gypedag\u00f3gusunk bemutatkoz\u00e1sa"},"content":{"rendered":"<p><a href=\"http:\/\/www.aradiovi.hu\/wp-content\/uploads\/2021\/04\/bemutatkoz\u00e1s-1.jpg\"><img loading=\"lazy\" decoding=\"async\" class=\"aligncenter size-full wp-image-2990\" src=\"http:\/\/www.aradiovi.hu\/wp-content\/uploads\/2021\/04\/bemutatkoz\u00e1s-1.jpg\" alt=\"\" width=\"1654\" height=\"1654\" srcset=\"https:\/\/aradiovi.hu\/wp-content\/uploads\/2021\/04\/bemutatkoz\u00e1s-1.jpg 1654w, https:\/\/aradiovi.hu\/wp-content\/uploads\/2021\/04\/bemutatkoz\u00e1s-1-150x150.jpg 150w, https:\/\/aradiovi.hu\/wp-content\/uploads\/2021\/04\/bemutatkoz\u00e1s-1-300x300.jpg 300w, https:\/\/aradiovi.hu\/wp-content\/uploads\/2021\/04\/bemutatkoz\u00e1s-1-768x768.jpg 768w, https:\/\/aradiovi.hu\/wp-content\/uploads\/2021\/04\/bemutatkoz\u00e1s-1-1024x1024.jpg 1024w, https:\/\/aradiovi.hu\/wp-content\/uploads\/2021\/04\/bemutatkoz\u00e1s-1-230x230.jpg 230w, https:\/\/aradiovi.hu\/wp-content\/uploads\/2021\/04\/bemutatkoz\u00e1s-1-365x365.jpg 365w\" sizes=\"auto, (max-width: 1654px) 100vw, 1654px\" \/><\/a><br \/>\n<a href=\"http:\/\/www.aradiovi.hu\/wp-content\/uploads\/2021\/04\/el\u00e9rhet\u0151s\u00e9g.png\"><img loading=\"lazy\" decoding=\"async\" class=\"aligncenter size-full wp-image-2989\" src=\"http:\/\/www.aradiovi.hu\/wp-content\/uploads\/2021\/04\/el\u00e9rhet\u0151s\u00e9g.png\" alt=\"\" width=\"1654\" height=\"1654\" srcset=\"https:\/\/aradiovi.hu\/wp-content\/uploads\/2021\/04\/el\u00e9rhet\u0151s\u00e9g.png 1654w, https:\/\/aradiovi.hu\/wp-content\/uploads\/2021\/04\/el\u00e9rhet\u0151s\u00e9g-150x150.png 150w, https:\/\/aradiovi.hu\/wp-content\/uploads\/2021\/04\/el\u00e9rhet\u0151s\u00e9g-300x300.png 300w, https:\/\/aradiovi.hu\/wp-content\/uploads\/2021\/04\/el\u00e9rhet\u0151s\u00e9g-768x768.png 768w, https:\/\/aradiovi.hu\/wp-content\/uploads\/2021\/04\/el\u00e9rhet\u0151s\u00e9g-1024x1024.png 1024w, https:\/\/aradiovi.hu\/wp-content\/uploads\/2021\/04\/el\u00e9rhet\u0151s\u00e9g-230x230.png 230w, https:\/\/aradiovi.hu\/wp-content\/uploads\/2021\/04\/el\u00e9rhet\u0151s\u00e9g-365x365.png 365w\" sizes=\"auto, (max-width: 1654px) 100vw, 1654px\" \/><\/a><\/p>\n<p>&nbsp;<\/p>\n<p>&nbsp;<\/p>\n<p>&nbsp;<\/p>\n","protected":false},"excerpt":{"rendered":"<p>&nbsp; &nbsp; &nbsp;<\/p>\n","protected":false},"author":1,"featured_media":0,"parent":0,"menu_order":0,"comment_status":"closed","ping_status":"closed","template":"","meta":{"footnotes":""},"class_list":["post-2030","page","type-page","status-publish","hentry"],"_links":{"self":[{"href":"https:\/\/aradiovi.hu\/index.php?rest_route=\/wp\/v2\/pages\/2030","targetHints":{"allow":["GET"]}}],"collection":[{"href":"https:\/\/aradiovi.hu\/index.php?rest_route=\/wp\/v2\/pages"}],"about":[{"href":"https:\/\/aradiovi.hu\/index.php?rest_route=\/wp\/v2\/types\/page"}],"author":[{"embeddable":true,"href":"https:\/\/aradiovi.hu\/index.php?rest_route=\/wp\/v2\/users\/1"}],"replies":[{"embeddable":true,"href":"https:\/\/aradiovi.hu\/index.php?rest_route=%2Fwp%2Fv2%2Fcomments&post=2030"}],"version-history":[{"count":6,"href":"https:\/\/aradiovi.hu\/index.php?rest_route=\/wp\/v2\/pages\/2030\/revisions"}],"predecessor-version":[{"id":3001,"href":"https:\/\/aradiovi.hu\/index.php?rest_route=\/wp\/v2\/pages\/2030\/revisions\/3001"}],"wp:attachment":[{"href":"https:\/\/aradiovi.hu\/index.php?rest_route=%2Fwp%2Fv2%2Fmedia&parent=2030"}],"curies":[{"name":"wp","href":"https:\/\/api.w.org\/{rel}","templated":true}]}}