{"id":2035,"date":"2021-04-15T10:11:52","date_gmt":"2021-04-15T10:11:52","guid":{"rendered":"http:\/\/www.aradiovi.hu\/?page_id=2035"},"modified":"2023-02-26T22:04:01","modified_gmt":"2023-02-26T22:04:01","slug":"iskolas-leszek","status":"publish","type":"page","link":"https:\/\/aradiovi.hu\/?page_id=2035","title":{"rendered":"Iskol\u00e1s leszek!"},"content":{"rendered":"<p>Kor\u00e1bbi \u00f3vodapszichol\u00f3gusunk, Moln\u00e1r Zsuzsanna gondolatai \u00e9s tan\u00e1csai az iskolai \u00e9letre val\u00f3 felk\u00e9sz\u00fcl\u00e9ssel kapcsolatban.<\/p>\n<p>&nbsp;<\/p>\n<p>&nbsp;<\/p>\n<p><a href=\"http:\/\/www.aradiovi.hu\/wp-content\/uploads\/2021\/04\/SoMaDesign_ByeByeKindergarten_Boy01.png\"><img loading=\"lazy\" decoding=\"async\" class=\"aligncenter wp-image-2036\" src=\"http:\/\/www.aradiovi.hu\/wp-content\/uploads\/2021\/04\/SoMaDesign_ByeByeKindergarten_Boy01.png\" alt=\"\" width=\"129\" height=\"272\" srcset=\"https:\/\/aradiovi.hu\/wp-content\/uploads\/2021\/04\/SoMaDesign_ByeByeKindergarten_Boy01.png 781w, https:\/\/aradiovi.hu\/wp-content\/uploads\/2021\/04\/SoMaDesign_ByeByeKindergarten_Boy01-142x300.png 142w, https:\/\/aradiovi.hu\/wp-content\/uploads\/2021\/04\/SoMaDesign_ByeByeKindergarten_Boy01-768x1622.png 768w, https:\/\/aradiovi.hu\/wp-content\/uploads\/2021\/04\/SoMaDesign_ByeByeKindergarten_Boy01-485x1024.png 485w\" sizes=\"auto, (max-width: 129px) 100vw, 129px\" \/><\/a><\/p>\n<p>&nbsp;<\/p>\n<p>Kedves Nagycsoportos Gyermeket Nevel\u0151 Sz\u00fcl\u0151k!<\/p>\n<p>Az iskolai beiratkoz\u00e1ssal el\u00e9rkezett gyermek\u00fck \u00f3vodai \u00e9let\u00e9nek utols\u00f3 szakasza, ennek aprop\u00f3j\u00e1b\u00f3l osztom meg most pszichol\u00f3gusk\u00e9nt a gondolataimat \u00d6n\u00f6kkel.<\/p>\n<p>A beiratkoz\u00e1s maga ugyan ink\u00e1bb egy form\u00e1lis esem\u00e9ny, m\u00e9gis vannak lelki vonzatai: innent\u0151l gyermek\u00fck imm\u00e1r egy iskol\u00e1hoz is tartozik, sz\u00e1mon van tartva, az \u00f3vod\u00e1ban t\u00f6lt\u00f6tt \u201cgondtalan\u201d napok meg vannak sz\u00e1ml\u00e1lva. Egyr\u00e9szt ez r\u00e9sze a term\u00e9szetes feln\u00f6veked\u00e9ssel j\u00e1r\u00f3 elenged\u00e9si folyamatnak, m\u00e1sr\u00e9szt sokszor szorong\u00e1ssal telien tekintenek a csal\u00e1dok a j\u00f6v\u0151be is ilyenkor.<\/p>\n<p>Hogyan lehet ezt az id\u0151szakot teh\u00e1t a legjobban meg\u00e9lni?<\/p>\n<ul>\n<li>Val\u00f3sz\u00edn\u0171leg m\u00e1r minden sz\u00fcl\u0151nek a f\u00fcl\u00e9n j\u00f6n ki, de az els\u0151 pont sajnos vagy nemsajnos de igazoltan mindig azzal kezd\u0151dik, hogy a sz\u00fcl\u0151 a saj\u00e1t fej\u00e9ben, lelk\u00e9ben rak rendet. Ha valaki szorong az iskolakezd\u00e9st\u0151l, annak sokszor a saj\u00e1t \u00e9lett\u00f6rt\u00e9net\u00e9ben voltak olyan esem\u00e9nyek, amik nyomot hagytak. Lehetett az cs\u00fafol\u00e1s, rossz pedag\u00f3gus, vagy a saj\u00e1t, magas elv\u00e1r\u00e1s\u00fa csal\u00e1dhoz hazavitt becs\u00faszott rossz jegyek vagy be\u00edr\u00e1sok. Fontos tudatos\u00edtani, mik is pontosan ezek, \u00e9s mib\u0151l gondoljuk, hogy ezt esetleg a saj\u00e1t gyermek\u00fcnk is \u00e1t fogja \u00e9lni? Val\u00f3sz\u00edn\u0171leg ugyanis az aggodalom a gyerekre n\u00e9zve felesleges, hiszen \u0151 m\u00e1r egy m\u00e1sik gener\u00e1ci\u00f3, egy m\u00e1sik vil\u00e1g gyermeke, aki m\u00f6g\u00f6tt m\u00e1r olyan sz\u00fcl\u0151k \u00e1llnak, akik tudj\u00e1k, tal\u00e1n pont a saj\u00e1t rossz tapasztalatuk miatt, hogyan reag\u00e1ljanak egy rossz jegyre, \u00e9s hogyan v\u00e9dj\u00e9k meg egy elm\u00e9rgesed\u0151 kort\u00e1rs konfliktusban a gyerekeiket. Ennek kulcsszava a bizalom. B\u00edznunk kell benne, hogy amit eddig kapott, el\u00e9g lesz ahhoz, hogy helyt \u00e1lljon, bizalmat kell szavazni az iskol\u00e1nak \u00e9s a pedag\u00f3gusoknak, legf\u0151k\u00e9pp pedig sz\u00fcl\u0151k\u00e9nt saj\u00e1t maguknak.<\/li>\n<\/ul>\n<p>Azt is \u00e9rdemes lehet \u00e1tbesz\u00e9lni, \u00e1tgondolni, hogy b\u00e1r rengeteg, t\u00e9nyleg sz\u00edvszor\u00edt\u00f3 iskolai t\u00f6rt\u00e9net van, olyanok, amiket az ember az ellens\u00e9g\u00e9nek sem k\u00edv\u00e1n, nemhogy a saj\u00e1t gyerek\u00e9nek, de j\u00f3 r\u00e9sze ezeknek a rossz tapasztalatoknak sokszor \u201cnorm\u00e1lis\u201d, mindenkivel el\u0151fordul\u00f3. Ez nem azt jelenti, hogy hagyni kell, hogy a gyerek rosszul \u00e9rezze mag\u00e1t, de tudni kell m\u00e9rlegelni \u00e9s n\u00e9ha elengedni is a kontrollt, elv\u00e9gre nem lehet \u00e9s nem is c\u00e9l burokban nevelni. A kisebb veszeked\u00e9sek, csintalans\u00e1gok, figyelmetlens\u00e9gb\u0151l ad\u00f3d\u00f3 elrontott sz\u00e1monk\u00e9r\u00e9sek \u00e9s elfelejtett h\u00e1zi feladatok sor\u00e1n a gyermekek rengeteget tanulnak, n\u00e9ha a saj\u00e1t hib\u00e1ikb\u00f3l, n\u00e9ha m\u00e1sok\u00e9b\u00f3l. Ha ezt egy v\u00e9dett k\u00f6zegben teszik, amit a sz\u00fcl\u0151 biztos\u00edt sz\u00e1mukra, ebb\u0151l tudnak a legt\u00f6bbet fejl\u0151dni.<\/p>\n<p>&nbsp;<\/p>\n<ul>\n<li>Besz\u00e9lgess\u00fcnk a gyerekkel! Ne csak most, mindig, de most az iskol\u00e1r\u00f3l! Mes\u00e9lhet\u00fcnk a saj\u00e1t, m\u00e1r j\u00f3 esetben feldolgozott \u00e9lm\u00e9nyeinkr\u0151l is ak\u00e1r. Pr\u00f3b\u00e1ljunk pozit\u00edv attit\u0171d\u00f6t kialak\u00edtani, meg\u00e9lni a v\u00e1rakoz\u00e1st. Nagyon fontos, hogy sose riogassuk az iskol\u00e1val, p\u00e9ld\u00e1ul \u201c Na majd az iskol\u00e1ban ez\u00e9rt fekete pontot kapn\u00e1l, ez\u00e9rt az iskol\u00e1ban m\u00e9rges lesz a tan\u00edt\u00f3n\u00e9ni! \u201c. Ezekb\u0151l a mondatokb\u00f3l a gyerek csak azt sz\u0171ri le, hogy a suli f\u00e9lelmetes hely, \u0151 pedig kev\u00e9s ahhoz, hogy megfeleljen. Ez nem fogja motiv\u00e1lni \u00fagy, ahogy a pozit\u00edv meger\u0151s\u00edt\u00e9s, d\u00edcs\u00e9ret tenn\u00e9. Fontos az is, hogy \u00e9rezze hogy a nagyobb felel\u0151ss\u00e9ggel \u00e9s t\u00f6bb\u00a0 feladattal t\u00f6bb szabads\u00e1g is j\u00e1r majd: a gyereknek legyen belesz\u00f3l\u00e1sa \u00e9sszer\u0171 keretek k\u00f6z\u00f6tt a tanszerek v\u00e1s\u00e1rl\u00e1s\u00e1ba, kiv\u00e1laszt\u00e1s\u00e1ba. El lehet azon is gondolkozni, hogy iskol\u00e1sk\u00e9nt id\u0151nk\u00e9nt kaphat-e majd p\u00e9ld\u00e1ul zsebp\u00e9nzt, hogy vegyen mag\u00e1nak valami apr\u00f3 nasit mondjuk az iskolai b\u00fcf\u00e9ben, ha ezt az iskola szab\u00e1lyai engedik.<\/li>\n<\/ul>\n<p>&nbsp;<\/p>\n<ul>\n<li>B\u00facs\u00fazzunk el az \u00f3vod\u00e1t\u00f3l lassan. Jelen helyzetben a v\u00edrus miatt erre val\u00f3sz\u00edn\u0171leg kevesebb alkalmunk lesz, az eg\u00e9sz ovis rendezv\u00e9nyek id\u00e9n elmaradnak. De \u00e9rdemes m\u00e9gis k\u00e9sz\u00fclni r\u00e1, err\u0151l is min\u00e9l t\u00f6bbet mes\u00e9lni, besz\u00e9lgetni, term\u00e9szetesen azt felaj\u00e1nlani, hogy sz\u00edvesen szervez\u00fcnk majd tov\u00e1bbi tal\u00e1lkoz\u00f3kat, j\u00e1tsz\u00f3terez\u00e9seket a kis bar\u00e1tok sz\u00fcleivel, akkor is, ha nem egy iskol\u00e1ba fognak j\u00e1rni. Fontos, hogy a gyereknek legyen ideje \u00e1t\u00e1llni, \u00edgy ha nem is tudj\u00e1k az eg\u00e9sz nyarat megoldani, de gondoljanak m\u00e1r most el\u0151re, legal\u00e1bb az utols\u00f3 egy-k\u00e9t h\u00e9tben m\u00e1r semmik\u00e9pp nem az \u00f3vodai \u00fcgyeletben van az iskol\u00e1t kezd\u0151 gyerek helye, ennyi nyugalomra, pihen\u00e9sre, \u00e1t\u00e1ll\u00e1si id\u0151re sz\u00fcks\u00e9ge van.<\/li>\n<\/ul>\n<p>&nbsp;<\/p>\n<p>Iskol\u00e1s gyereket nevelni sok tekintetben t\u00f6bb kih\u00edv\u00e1s, hiszen ahogy mondj\u00e1k, kis gyerek kis gond, nagy gyerek nagy gond. Ugyanakkor az \u00d6n\u00f6k el\u0151tt \u00e1ll\u00f3 id\u0151szak rettenetesen izgalmas, hiszen most j\u00f6n csak igaz\u00e1n a nagy besz\u00e9lget\u00e9sek, t\u00e1rsasoz\u00e1sok, nevet\u00e9sek, filmn\u00e9z\u00e9sek, kir\u00e1ndul\u00e1sok ideje, amelyek, higgy\u00e9k el, bele fognak f\u00e9rni a tanul\u00e1s mellett is.<\/p>\n<p>&nbsp;<\/p>\n","protected":false},"excerpt":{"rendered":"<p>Kor\u00e1bbi \u00f3vodapszichol\u00f3gusunk, Moln\u00e1r Zsuzsanna gondolatai \u00e9s tan\u00e1csai az iskolai \u00e9letre val\u00f3 felk\u00e9sz\u00fcl\u00e9ssel kapcsolatban. &nbsp; &nbsp; &nbsp; Kedves Nagycsoportos Gyermeket Nevel\u0151 Sz\u00fcl\u0151k! Az iskolai beiratkoz\u00e1ssal el\u00e9rkezett gyermek\u00fck \u00f3vodai \u00e9let\u00e9nek utols\u00f3 szakasza, ennek aprop\u00f3j\u00e1b\u00f3l osztom meg most pszichol\u00f3gusk\u00e9nt a gondolataimat \u00d6n\u00f6kkel. A<\/p>\n","protected":false},"author":1,"featured_media":0,"parent":0,"menu_order":0,"comment_status":"closed","ping_status":"closed","template":"","meta":{"footnotes":""},"class_list":["post-2035","page","type-page","status-publish","hentry"],"_links":{"self":[{"href":"https:\/\/aradiovi.hu\/index.php?rest_route=\/wp\/v2\/pages\/2035","targetHints":{"allow":["GET"]}}],"collection":[{"href":"https:\/\/aradiovi.hu\/index.php?rest_route=\/wp\/v2\/pages"}],"about":[{"href":"https:\/\/aradiovi.hu\/index.php?rest_route=\/wp\/v2\/types\/page"}],"author":[{"embeddable":true,"href":"https:\/\/aradiovi.hu\/index.php?rest_route=\/wp\/v2\/users\/1"}],"replies":[{"embeddable":true,"href":"https:\/\/aradiovi.hu\/index.php?rest_route=%2Fwp%2Fv2%2Fcomments&post=2035"}],"version-history":[{"count":2,"href":"https:\/\/aradiovi.hu\/index.php?rest_route=\/wp\/v2\/pages\/2035\/revisions"}],"predecessor-version":[{"id":2381,"href":"https:\/\/aradiovi.hu\/index.php?rest_route=\/wp\/v2\/pages\/2035\/revisions\/2381"}],"wp:attachment":[{"href":"https:\/\/aradiovi.hu\/index.php?rest_route=%2Fwp%2Fv2%2Fmedia&parent=2035"}],"curies":[{"name":"wp","href":"https:\/\/api.w.org\/{rel}","templated":true}]}}