{"id":2048,"date":"2021-04-27T17:45:05","date_gmt":"2021-04-27T17:45:05","guid":{"rendered":"http:\/\/www.aradiovi.hu\/?page_id=2048"},"modified":"2021-04-27T17:58:42","modified_gmt":"2021-04-27T17:58:42","slug":"nyari-zarasterv","status":"publish","type":"page","link":"https:\/\/aradiovi.hu\/?page_id=2048","title":{"rendered":"Ny\u00e1ri z\u00e1r\u00e1sterv"},"content":{"rendered":"<h1 style=\"text-align: center;\">\n<a href=\"http:\/\/www.aradiovi.hu\/wp-content\/uploads\/2021\/04\/zaras.jpg\">\u00d3vod\u00e1nk az el\u0151zetes tervek szerint 2021. j\u00falius 19-t\u0151l aug.6-ig z\u00e1rva tart.<img loading=\"lazy\" decoding=\"async\" class=\"aligncenter size-full wp-image-2055\" src=\"http:\/\/www.aradiovi.hu\/wp-content\/uploads\/2021\/04\/zaras.jpg\" alt=\"\" width=\"3508\" height=\"2480\" srcset=\"https:\/\/aradiovi.hu\/wp-content\/uploads\/2021\/04\/zaras.jpg 3508w, https:\/\/aradiovi.hu\/wp-content\/uploads\/2021\/04\/zaras-300x212.jpg 300w, https:\/\/aradiovi.hu\/wp-content\/uploads\/2021\/04\/zaras-768x543.jpg 768w, https:\/\/aradiovi.hu\/wp-content\/uploads\/2021\/04\/zaras-1024x724.jpg 1024w\" sizes=\"auto, (max-width: 3508px) 100vw, 3508px\" \/><\/a><\/h1>\n<p><a href=\"http:\/\/www.aradiovi.hu\/wp-content\/uploads\/2016\/12\/zarva_tabla.jpg\"><img loading=\"lazy\" decoding=\"async\" class=\"aligncenter size-full wp-image-593\" src=\"http:\/\/www.aradiovi.hu\/wp-content\/uploads\/2016\/12\/zarva_tabla.jpg\" alt=\"\" width=\"600\" height=\"386\" srcset=\"https:\/\/aradiovi.hu\/wp-content\/uploads\/2016\/12\/zarva_tabla.jpg 600w, https:\/\/aradiovi.hu\/wp-content\/uploads\/2016\/12\/zarva_tabla-300x193.jpg 300w\" sizes=\"auto, (max-width: 600px) 100vw, 600px\" \/><\/a><\/p>\n","protected":false},"excerpt":{"rendered":"<p>\u00d3vod\u00e1nk az el\u0151zetes tervek szerint 2021. j\u00falius 19-t\u0151l aug.6-ig z\u00e1rva tart.<\/p>\n","protected":false},"author":1,"featured_media":0,"parent":0,"menu_order":0,"comment_status":"closed","ping_status":"closed","template":"","meta":{"footnotes":""},"class_list":["post-2048","page","type-page","status-publish","hentry"],"_links":{"self":[{"href":"https:\/\/aradiovi.hu\/index.php?rest_route=\/wp\/v2\/pages\/2048","targetHints":{"allow":["GET"]}}],"collection":[{"href":"https:\/\/aradiovi.hu\/index.php?rest_route=\/wp\/v2\/pages"}],"about":[{"href":"https:\/\/aradiovi.hu\/index.php?rest_route=\/wp\/v2\/types\/page"}],"author":[{"embeddable":true,"href":"https:\/\/aradiovi.hu\/index.php?rest_route=\/wp\/v2\/users\/1"}],"replies":[{"embeddable":true,"href":"https:\/\/aradiovi.hu\/index.php?rest_route=%2Fwp%2Fv2%2Fcomments&post=2048"}],"version-history":[{"count":3,"href":"https:\/\/aradiovi.hu\/index.php?rest_route=\/wp\/v2\/pages\/2048\/revisions"}],"predecessor-version":[{"id":2057,"href":"https:\/\/aradiovi.hu\/index.php?rest_route=\/wp\/v2\/pages\/2048\/revisions\/2057"}],"wp:attachment":[{"href":"https:\/\/aradiovi.hu\/index.php?rest_route=%2Fwp%2Fv2%2Fmedia&parent=2048"}],"curies":[{"name":"wp","href":"https:\/\/api.w.org\/{rel}","templated":true}]}}