{"id":205,"date":"2017-01-03T23:08:00","date_gmt":"2017-01-03T23:08:00","guid":{"rendered":"http:\/\/www.aradiovi.hu\/?page_id=205"},"modified":"2025-09-19T07:05:23","modified_gmt":"2025-09-19T07:05:23","slug":"alma-nap","status":"publish","type":"page","link":"https:\/\/aradiovi.hu\/?page_id=205","title":{"rendered":"Alma nap"},"content":{"rendered":"<p>A kor\u00e1bbi \u00e9vekben okt\u00f3berben az eg\u00e9sz \u00f3voda buszra \u00fclt \u00e9s elindult alm\u00e1t sz\u00fcretelni. A\u00a0pom\u00e1zi Munkater\u00e1pi\u00e1s Int\u00e9zet alm\u00e1skertj\u00e9ben m\u00e1sztuk meg a f\u00e1kat, k\u00f3stoltuk meg a gy\u00fcm\u00f6lcs\u00f6ket, szedt\u00fck\u00a0tele h\u00e1tizs\u00e1kjainkat, kosarainkat.<\/p>\n<p>&nbsp;<\/p>\n<p>&nbsp;<\/p>\n<p><a href=\"http:\/\/www.aradiovi.hu\/wp-content\/uploads\/2017\/01\/SoMaDesign_HedgehogInTheGarden_Hedgehog16.png\"><img loading=\"lazy\" decoding=\"async\" class=\"wp-image-354 aligncenter\" src=\"http:\/\/www.aradiovi.hu\/wp-content\/uploads\/2017\/01\/SoMaDesign_HedgehogInTheGarden_Hedgehog16.png\" alt=\"\" width=\"194\" height=\"152\" \/><\/a><\/p>\n<p>A sz\u00fcret \u00e9lm\u00e9nyeivel \u00e9s a begy\u0171jt\u00f6tt gy\u00fcm\u00f6lccsel\u00a0gazdagabban t\u00e9rt\u00fcnk vissza az \u00f3vod\u00e1ba, ahol ilyenkor megkezd\u0151d\u00f6tt a &#8222;feldolgoz\u00e1si&#8221; folyamat.\u00a0Ha nem jutunk el sz\u00fcretre, akkor a piacon szerezz\u00fck be a feldolgoznival\u00f3t:\u00a0az alm\u00e1k seg\u00edts\u00e9g\u00e9vel \u00e9s felhaszn\u00e1l\u00e1s\u00e1val v\u00e9gezz\u00fck napi tev\u00e9kenys\u00e9geinket (j\u00e1t\u00e9k, \u00e1br\u00e1zol\u00e1s, \u00e9nek,\u00a0matematika, stb.), k\u00fcl\u00f6nf\u00e9le receptek alapj\u00e1n\u00a0k\u00e9sz\u00edt\u00fcnk sal\u00e1t\u00e1t, s\u00fctem\u00e9nyt, bef\u0151ttet, komp\u00f3tot, gy\u00fcm\u00f6lcs-sajtot bel\u0151le.<\/p>\n<p>Az \u0151sz kiemelked\u0151 esem\u00e9nye az imm\u00e1r hagyom\u00e1nyoss\u00e1 v\u00e1lt Alma-nap, amikor egy p\u00e9ntek d\u00e9lut\u00e1nt a sz\u00fcl\u0151kkel k\u00f6z\u00f6sen t\u00f6lt\u00fcnk el.<\/p>\n<p>Ezen a napon a csoportok alm\u00e1b\u00f3l k\u00e9sz\u00fclt &#8222;remekm\u0171veit&#8221; megk\u00f3stolhatja mindenki a b\u00fcf\u00e9ben. Az \u00edgy keletkezett bev\u00e9tel alap\u00edtv\u00e1nyunkon kereszt\u00fcl term\u00e9szetesen a csoportokat gyarap\u00edtja (j\u00e1t\u00e9kok, kir\u00e1ndul\u00e1sok, m\u00fazeumok bel\u00e9p\u0151i, stb.).<\/p>\n<p>A k\u00fcl\u00f6nf\u00e9le k\u00e9zm\u0171ves tev\u00e9kenys\u00e9gekben, csal\u00e1di k\u00f6z\u00f6s &#8222;sport&#8221;-versenyben, arcfest\u00e9sben, j\u00e1t\u00e9kokban,\u00a0tombol\u00e1ban val\u00f3 r\u00e9szv\u00e9tellel gyorsan m\u00falik az id\u0151.<\/p>\n<p>B\u00edzunk abban, hogy az elk\u00f6vetkez\u0151 \u00e9vek Alma-napjai\u00a0is kellemes d\u00e9lut\u00e1ni id\u0151t\u00f6lt\u00e9sre adnak lehet\u0151s\u00e9get mindenkinek, \u00e9s \u00f6tleteinket otthon is kipr\u00f3b\u00e1lj\u00e1k a gyermekekkel egy\u00fctt!<\/p>\n<p>&nbsp;<\/p>\n<p><a href=\"http:\/\/www.aradiovi.hu\/wp-content\/uploads\/2017\/01\/SoMaDesign_HedgehogInTheGarden_Hedgehog06.png\"><img loading=\"lazy\" decoding=\"async\" class=\" wp-image-353 aligncenter\" src=\"http:\/\/www.aradiovi.hu\/wp-content\/uploads\/2017\/01\/SoMaDesign_HedgehogInTheGarden_Hedgehog06.png\" alt=\"\" width=\"183\" height=\"188\" \/><\/a><\/p>\n<p>&nbsp;<\/p>\n<p align=\"center\">J\u00f3 sz\u00f3rakoz\u00e1st k\u00edv\u00e1nunk !<\/p>\n<p style=\"text-align: left;\" align=\"center\">\n","protected":false},"excerpt":{"rendered":"<p>A kor\u00e1bbi \u00e9vekben okt\u00f3berben az eg\u00e9sz \u00f3voda buszra \u00fclt \u00e9s elindult alm\u00e1t sz\u00fcretelni. A\u00a0pom\u00e1zi Munkater\u00e1pi\u00e1s Int\u00e9zet alm\u00e1skertj\u00e9ben m\u00e1sztuk meg a f\u00e1kat, k\u00f3stoltuk meg a gy\u00fcm\u00f6lcs\u00f6ket, szedt\u00fck\u00a0tele h\u00e1tizs\u00e1kjainkat, kosarainkat. &nbsp; &nbsp; A sz\u00fcret \u00e9lm\u00e9nyeivel \u00e9s a begy\u0171jt\u00f6tt gy\u00fcm\u00f6lccsel\u00a0gazdagabban t\u00e9rt\u00fcnk vissza az<\/p>\n","protected":false},"author":1,"featured_media":0,"parent":0,"menu_order":0,"comment_status":"closed","ping_status":"closed","template":"","meta":{"footnotes":""},"class_list":["post-205","page","type-page","status-publish","hentry"],"_links":{"self":[{"href":"https:\/\/aradiovi.hu\/index.php?rest_route=\/wp\/v2\/pages\/205","targetHints":{"allow":["GET"]}}],"collection":[{"href":"https:\/\/aradiovi.hu\/index.php?rest_route=\/wp\/v2\/pages"}],"about":[{"href":"https:\/\/aradiovi.hu\/index.php?rest_route=\/wp\/v2\/types\/page"}],"author":[{"embeddable":true,"href":"https:\/\/aradiovi.hu\/index.php?rest_route=\/wp\/v2\/users\/1"}],"replies":[{"embeddable":true,"href":"https:\/\/aradiovi.hu\/index.php?rest_route=%2Fwp%2Fv2%2Fcomments&post=205"}],"version-history":[{"count":7,"href":"https:\/\/aradiovi.hu\/index.php?rest_route=\/wp\/v2\/pages\/205\/revisions"}],"predecessor-version":[{"id":2992,"href":"https:\/\/aradiovi.hu\/index.php?rest_route=\/wp\/v2\/pages\/205\/revisions\/2992"}],"wp:attachment":[{"href":"https:\/\/aradiovi.hu\/index.php?rest_route=%2Fwp%2Fv2%2Fmedia&parent=205"}],"curies":[{"name":"wp","href":"https:\/\/api.w.org\/{rel}","templated":true}]}}