{"id":209,"date":"2017-01-03T23:08:12","date_gmt":"2017-01-03T23:08:12","guid":{"rendered":"http:\/\/www.aradiovi.hu\/?page_id=209"},"modified":"2025-02-13T18:44:45","modified_gmt":"2025-02-13T18:44:45","slug":"gyermeknap","status":"publish","type":"page","link":"https:\/\/aradiovi.hu\/?page_id=209","title":{"rendered":"Gyermeknap"},"content":{"rendered":"<p>Minden \u00e9v j\u00fanius\u00e1nak elej\u00e9n f\u00e9lnapos, hagyom\u00e1ny\u0151rz\u0151, j\u00f3t\u00e9konys\u00e1gi, az \u00f3voda alap\u00edtv\u00e1ny\u00e1n kereszt\u00fcl a csoportokat t\u00e1mogat\u00f3 Gyermeknapot szervez\u00fcnk.<\/p>\n<p><a href=\"http:\/\/www.aradiovi.hu\/wp-content\/uploads\/2017\/01\/SoMaDesign_CoolMoments_Boy01.png\"><img loading=\"lazy\" decoding=\"async\" class=\"wp-image-386 aligncenter\" src=\"http:\/\/www.aradiovi.hu\/wp-content\/uploads\/2017\/01\/SoMaDesign_CoolMoments_Boy01.png\" alt=\"\" width=\"85\" height=\"161\" \/><\/a><\/p>\n<p>A mostani-, r\u00e9gi- \u00e9s j\u00f6vend\u0151 \u00f3vod\u00e1sok egy\u00fctt \u00e9lvezhetik ezt a sz\u00e9p napot. A r\u00e9gi \u00f3vod\u00e1sok nosztalgi\u00e1zhatnak, tal\u00e1lkozhatnak \u00f3vod\u00e1nkban maradt bar\u00e1taikkal, a mostaniak j\u00f3l \u00e9rezhetik magukat, a k\u00f6vetkez\u0151 tan\u00e9v kis \u00f3vod\u00e1sai ismerkedhetnek \u00faj k\u00f6rnyezet\u00fckkel.<\/p>\n<p>A gyermekek a nap legnagyobb r\u00e9sz\u00e9t az \u00f3vod\u00e1ban t\u00f6ltik el, ez\u00e9rt nem mindegy, hogy hogyan!!! A csal\u00e1dok lehet\u0151s\u00e9gei a kir\u00e1ndul\u00e1sra, sz\u00ednh\u00e1z-, m\u00fazeum-l\u00e1togat\u00e1sra, egy\u00e9b programokon val\u00f3 k\u00f6z\u00f6s r\u00e9szv\u00e9tel\u00e9re anyagi helyzet\u00fckt\u0151l nagym\u00e9rt\u00e9kben f\u00fcgg\u0151v\u00e9 v\u00e1ltak. Hagyom\u00e1nyos, els\u0151sorban a k\u00f6rzet\u00fcnkben \u00e9l\u0151 gyermekeknek sz\u00f3l\u00f3 gyermeknapunkat \u2013 mely a csal\u00e1dok sz\u00e1m\u00e1ra ingyenes \u2013 igyeksz\u00fcnk sz\u00ednvonalass\u00e1 tenni.<\/p>\n<p>Eg\u00e9sz\u00a0nap\u00a0folyamatosan zajlanak a programok. D\u00e9lel\u0151tt\u00a0Szilvi n\u00e9ni biztos\u00edtja a t\u00e1nch\u00e1zat, \u00e9s m\u00e1r t\u00f6bb alkalommal a Szomjolt\u00f3s\u00e1g csapata sz\u00f3rakoztatta a gyermekeket. D\u00e9lut\u00e1n, a csal\u00e1dokkal kieg\u00e9sz\u00fclve folytat\u00f3dnak a programok.<\/p>\n<p>A programot \u00e9vek \u00f3ta nagy kedvenc\u00fcnk, a Zenekuck\u00f3 t\u00e1rsulat z\u00e1rja egy interakt\u00edv, zen\u00e9s-t\u00e1ncos, mozg\u00e1sos koncerttel.<\/p>\n<p>Term\u00e9szetesen a k\u00e9zm\u0171ves tev\u00e9kenys\u00e9gek, j\u00e1t\u00e9kok, csal\u00e1di \u201csport\u201d-programok, arcfest\u00e9sek, csill\u00e1mtetov\u00e1l\u00e1s, k\u00f6z\u00f6s \u00e9nekl\u00e9s sem maradhat ki az eg\u00e9sznapos programb\u00f3l.<\/p>\n<p>Az \u00edgy keletkezett bev\u00e9tel alap\u00edtv\u00e1nyunkon kereszt\u00fcl term\u00e9szetesen a csoportokat gyarap\u00edtja (j\u00e1t\u00e9kok, kir\u00e1ndul\u00e1sok, m\u00fazeumok bel\u00e9p\u0151i, stb.).<\/p>\n<p>Rem\u00e9lj\u00fck, hogy az elk\u00f6vetkez\u0151 gyermeknapok lehet\u0151s\u00e9get adnak a tov\u00e1bbiakban is az \u00f6nfeledt kacag\u00e1sra, a sz\u00f3rakoz\u00e1sra, az \u00f3voda \u00e9s egym\u00e1s jobb megismer\u00e9s\u00e9re.<\/p>\n<p>&nbsp;<\/p>\n<p><a href=\"http:\/\/www.aradiovi.hu\/wp-content\/uploads\/2017\/01\/SoMaDesign_CoolMoments_Girl03.png\"><img loading=\"lazy\" decoding=\"async\" class=\"wp-image-387 aligncenter\" src=\"http:\/\/www.aradiovi.hu\/wp-content\/uploads\/2017\/01\/SoMaDesign_CoolMoments_Girl03.png\" alt=\"\" width=\"101\" height=\"205\" \/><\/a><\/p>\n<p>&nbsp;<\/p>\n<p align=\"center\"><b>Mindezekhez j\u00f3 sz\u00f3rakoz\u00e1st k\u00edv\u00e1nunk !<\/b><\/p>\n<h1><\/h1>\n<p>&nbsp;<\/p>\n","protected":false},"excerpt":{"rendered":"<p>Minden \u00e9v j\u00fanius\u00e1nak elej\u00e9n f\u00e9lnapos, hagyom\u00e1ny\u0151rz\u0151, j\u00f3t\u00e9konys\u00e1gi, az \u00f3voda alap\u00edtv\u00e1ny\u00e1n kereszt\u00fcl a csoportokat t\u00e1mogat\u00f3 Gyermeknapot szervez\u00fcnk. A mostani-, r\u00e9gi- \u00e9s j\u00f6vend\u0151 \u00f3vod\u00e1sok egy\u00fctt \u00e9lvezhetik ezt a sz\u00e9p napot. A r\u00e9gi \u00f3vod\u00e1sok nosztalgi\u00e1zhatnak, tal\u00e1lkozhatnak \u00f3vod\u00e1nkban maradt bar\u00e1taikkal, a mostaniak j\u00f3l \u00e9rezhetik<\/p>\n","protected":false},"author":1,"featured_media":0,"parent":0,"menu_order":0,"comment_status":"closed","ping_status":"closed","template":"","meta":{"footnotes":""},"class_list":["post-209","page","type-page","status-publish","hentry"],"_links":{"self":[{"href":"https:\/\/aradiovi.hu\/index.php?rest_route=\/wp\/v2\/pages\/209","targetHints":{"allow":["GET"]}}],"collection":[{"href":"https:\/\/aradiovi.hu\/index.php?rest_route=\/wp\/v2\/pages"}],"about":[{"href":"https:\/\/aradiovi.hu\/index.php?rest_route=\/wp\/v2\/types\/page"}],"author":[{"embeddable":true,"href":"https:\/\/aradiovi.hu\/index.php?rest_route=\/wp\/v2\/users\/1"}],"replies":[{"embeddable":true,"href":"https:\/\/aradiovi.hu\/index.php?rest_route=%2Fwp%2Fv2%2Fcomments&post=209"}],"version-history":[{"count":11,"href":"https:\/\/aradiovi.hu\/index.php?rest_route=\/wp\/v2\/pages\/209\/revisions"}],"predecessor-version":[{"id":2723,"href":"https:\/\/aradiovi.hu\/index.php?rest_route=\/wp\/v2\/pages\/209\/revisions\/2723"}],"wp:attachment":[{"href":"https:\/\/aradiovi.hu\/index.php?rest_route=%2Fwp%2Fv2%2Fmedia&parent=209"}],"curies":[{"name":"wp","href":"https:\/\/api.w.org\/{rel}","templated":true}]}}