{"id":2101,"date":"2021-06-04T16:37:15","date_gmt":"2021-06-04T16:37:15","guid":{"rendered":"http:\/\/www.aradiovi.hu\/?page_id=2101"},"modified":"2021-06-04T17:02:21","modified_gmt":"2021-06-04T17:02:21","slug":"tuzolto-skanzen","status":"publish","type":"page","link":"https:\/\/aradiovi.hu\/?page_id=2101","title":{"rendered":"T\u0171zolt\u00f3 Skanzen"},"content":{"rendered":"<p>\ud83d\ude42 Az els\u0151 k\u00e9pre kattitntva l\u00e9ptethet\u0151 \u00e9s nem kell fejeket elforgatni a k\u00e9pekhez \ud83d\ude42<\/p>\n<p>&nbsp;<\/p>\n<p>A Kisvakondok megl\u00e1togatt\u00e1k a T\u0171zolt\u00f3 Skanzent.<\/p>\n<p>\u00c9rdemes elmenni, szuper hely! K\u00f6sz\u00f6nj\u00fck B\u00e9res Ferenc Parancsnok \u00darnak a trabiz\u00e1st! \ud83d\ude42<\/p>\n<p>&nbsp;<\/p>\n<p><a href=\"http:\/\/www.aradiovi.hu\/wp-content\/uploads\/2021\/06\/20210521_094446.jpg\"><img loading=\"lazy\" decoding=\"async\" class=\"aligncenter size-large wp-image-2102\" src=\"http:\/\/www.aradiovi.hu\/wp-content\/uploads\/2021\/06\/20210521_094446-1024x768.jpg\" alt=\"\" width=\"720\" height=\"540\" srcset=\"https:\/\/aradiovi.hu\/wp-content\/uploads\/2021\/06\/20210521_094446-1024x768.jpg 1024w, https:\/\/aradiovi.hu\/wp-content\/uploads\/2021\/06\/20210521_094446-300x225.jpg 300w, https:\/\/aradiovi.hu\/wp-content\/uploads\/2021\/06\/20210521_094446-768x576.jpg 768w\" sizes=\"auto, (max-width: 720px) 100vw, 720px\" \/><\/a> <a href=\"http:\/\/www.aradiovi.hu\/wp-content\/uploads\/2021\/06\/20210521_094807.jpg\"><img loading=\"lazy\" decoding=\"async\" class=\"aligncenter size-large wp-image-2103\" src=\"http:\/\/www.aradiovi.hu\/wp-content\/uploads\/2021\/06\/20210521_094807-1024x768.jpg\" alt=\"\" width=\"720\" height=\"540\" srcset=\"https:\/\/aradiovi.hu\/wp-content\/uploads\/2021\/06\/20210521_094807-1024x768.jpg 1024w, https:\/\/aradiovi.hu\/wp-content\/uploads\/2021\/06\/20210521_094807-300x225.jpg 300w, https:\/\/aradiovi.hu\/wp-content\/uploads\/2021\/06\/20210521_094807-768x576.jpg 768w\" sizes=\"auto, (max-width: 720px) 100vw, 720px\" \/><\/a> <a href=\"http:\/\/www.aradiovi.hu\/wp-content\/uploads\/2021\/06\/20210521_095058.jpg\"><img loading=\"lazy\" decoding=\"async\" class=\"aligncenter size-large wp-image-2104\" src=\"http:\/\/www.aradiovi.hu\/wp-content\/uploads\/2021\/06\/20210521_095058-1024x768.jpg\" alt=\"\" width=\"720\" height=\"540\" srcset=\"https:\/\/aradiovi.hu\/wp-content\/uploads\/2021\/06\/20210521_095058-1024x768.jpg 1024w, https:\/\/aradiovi.hu\/wp-content\/uploads\/2021\/06\/20210521_095058-300x225.jpg 300w, https:\/\/aradiovi.hu\/wp-content\/uploads\/2021\/06\/20210521_095058-768x576.jpg 768w\" sizes=\"auto, (max-width: 720px) 100vw, 720px\" \/><\/a> <a href=\"http:\/\/www.aradiovi.hu\/wp-content\/uploads\/2021\/06\/20210521_100052.jpg\"><img loading=\"lazy\" decoding=\"async\" class=\"aligncenter size-large wp-image-2105\" src=\"http:\/\/www.aradiovi.hu\/wp-content\/uploads\/2021\/06\/20210521_100052-1024x768.jpg\" alt=\"\" width=\"720\" height=\"540\" srcset=\"https:\/\/aradiovi.hu\/wp-content\/uploads\/2021\/06\/20210521_100052-1024x768.jpg 1024w, https:\/\/aradiovi.hu\/wp-content\/uploads\/2021\/06\/20210521_100052-300x225.jpg 300w, https:\/\/aradiovi.hu\/wp-content\/uploads\/2021\/06\/20210521_100052-768x576.jpg 768w\" sizes=\"auto, (max-width: 720px) 100vw, 720px\" \/><\/a> <a href=\"http:\/\/www.aradiovi.hu\/wp-content\/uploads\/2021\/06\/20210521_100646.jpg\"><img loading=\"lazy\" decoding=\"async\" class=\"aligncenter size-large wp-image-2106\" src=\"http:\/\/www.aradiovi.hu\/wp-content\/uploads\/2021\/06\/20210521_100646-1024x768.jpg\" alt=\"\" width=\"720\" height=\"540\" srcset=\"https:\/\/aradiovi.hu\/wp-content\/uploads\/2021\/06\/20210521_100646-1024x768.jpg 1024w, https:\/\/aradiovi.hu\/wp-content\/uploads\/2021\/06\/20210521_100646-300x225.jpg 300w, https:\/\/aradiovi.hu\/wp-content\/uploads\/2021\/06\/20210521_100646-768x576.jpg 768w\" sizes=\"auto, (max-width: 720px) 100vw, 720px\" \/><\/a> <a href=\"http:\/\/www.aradiovi.hu\/wp-content\/uploads\/2021\/06\/20210521_100959.jpg\"><img loading=\"lazy\" decoding=\"async\" class=\"aligncenter size-large wp-image-2107\" src=\"http:\/\/www.aradiovi.hu\/wp-content\/uploads\/2021\/06\/20210521_100959-1024x768.jpg\" alt=\"\" width=\"720\" height=\"540\" srcset=\"https:\/\/aradiovi.hu\/wp-content\/uploads\/2021\/06\/20210521_100959-1024x768.jpg 1024w, https:\/\/aradiovi.hu\/wp-content\/uploads\/2021\/06\/20210521_100959-300x225.jpg 300w, https:\/\/aradiovi.hu\/wp-content\/uploads\/2021\/06\/20210521_100959-768x576.jpg 768w\" sizes=\"auto, (max-width: 720px) 100vw, 720px\" \/><\/a> <a href=\"http:\/\/www.aradiovi.hu\/wp-content\/uploads\/2021\/06\/20210521_101351.jpg\"><img loading=\"lazy\" decoding=\"async\" class=\"aligncenter size-large wp-image-2108\" src=\"http:\/\/www.aradiovi.hu\/wp-content\/uploads\/2021\/06\/20210521_101351-1024x768.jpg\" alt=\"\" width=\"720\" height=\"540\" srcset=\"https:\/\/aradiovi.hu\/wp-content\/uploads\/2021\/06\/20210521_101351-1024x768.jpg 1024w, https:\/\/aradiovi.hu\/wp-content\/uploads\/2021\/06\/20210521_101351-300x225.jpg 300w, https:\/\/aradiovi.hu\/wp-content\/uploads\/2021\/06\/20210521_101351-768x576.jpg 768w\" sizes=\"auto, (max-width: 720px) 100vw, 720px\" \/><\/a> <a href=\"http:\/\/www.aradiovi.hu\/wp-content\/uploads\/2021\/06\/20210521_101429.jpg\"><img loading=\"lazy\" decoding=\"async\" class=\"aligncenter size-large wp-image-2109\" src=\"http:\/\/www.aradiovi.hu\/wp-content\/uploads\/2021\/06\/20210521_101429-1024x768.jpg\" alt=\"\" width=\"720\" height=\"540\" srcset=\"https:\/\/aradiovi.hu\/wp-content\/uploads\/2021\/06\/20210521_101429-1024x768.jpg 1024w, https:\/\/aradiovi.hu\/wp-content\/uploads\/2021\/06\/20210521_101429-300x225.jpg 300w, https:\/\/aradiovi.hu\/wp-content\/uploads\/2021\/06\/20210521_101429-768x576.jpg 768w\" sizes=\"auto, (max-width: 720px) 100vw, 720px\" \/><\/a> <a href=\"http:\/\/www.aradiovi.hu\/wp-content\/uploads\/2021\/06\/20210521_101611.jpg\"><img loading=\"lazy\" decoding=\"async\" class=\"aligncenter size-large wp-image-2110\" src=\"http:\/\/www.aradiovi.hu\/wp-content\/uploads\/2021\/06\/20210521_101611-1024x768.jpg\" alt=\"\" width=\"720\" height=\"540\" srcset=\"https:\/\/aradiovi.hu\/wp-content\/uploads\/2021\/06\/20210521_101611-1024x768.jpg 1024w, https:\/\/aradiovi.hu\/wp-content\/uploads\/2021\/06\/20210521_101611-300x225.jpg 300w, https:\/\/aradiovi.hu\/wp-content\/uploads\/2021\/06\/20210521_101611-768x576.jpg 768w\" sizes=\"auto, (max-width: 720px) 100vw, 720px\" \/><\/a> <a href=\"http:\/\/www.aradiovi.hu\/wp-content\/uploads\/2021\/06\/20210521_102042.jpg\"><img loading=\"lazy\" decoding=\"async\" class=\"aligncenter size-large wp-image-2111\" src=\"http:\/\/www.aradiovi.hu\/wp-content\/uploads\/2021\/06\/20210521_102042-1024x768.jpg\" alt=\"\" width=\"720\" height=\"540\" srcset=\"https:\/\/aradiovi.hu\/wp-content\/uploads\/2021\/06\/20210521_102042-1024x768.jpg 1024w, https:\/\/aradiovi.hu\/wp-content\/uploads\/2021\/06\/20210521_102042-300x225.jpg 300w, https:\/\/aradiovi.hu\/wp-content\/uploads\/2021\/06\/20210521_102042-768x576.jpg 768w\" sizes=\"auto, (max-width: 720px) 100vw, 720px\" \/><\/a> <a href=\"http:\/\/www.aradiovi.hu\/wp-content\/uploads\/2021\/06\/20210521_102045.jpg\"><img loading=\"lazy\" decoding=\"async\" class=\"aligncenter size-large wp-image-2112\" src=\"http:\/\/www.aradiovi.hu\/wp-content\/uploads\/2021\/06\/20210521_102045-1024x768.jpg\" alt=\"\" width=\"720\" height=\"540\" srcset=\"https:\/\/aradiovi.hu\/wp-content\/uploads\/2021\/06\/20210521_102045-1024x768.jpg 1024w, https:\/\/aradiovi.hu\/wp-content\/uploads\/2021\/06\/20210521_102045-300x225.jpg 300w, https:\/\/aradiovi.hu\/wp-content\/uploads\/2021\/06\/20210521_102045-768x576.jpg 768w\" sizes=\"auto, (max-width: 720px) 100vw, 720px\" \/><\/a> <a href=\"http:\/\/www.aradiovi.hu\/wp-content\/uploads\/2021\/06\/20210521_102047.jpg\"><img loading=\"lazy\" decoding=\"async\" class=\"aligncenter size-large wp-image-2113\" src=\"http:\/\/www.aradiovi.hu\/wp-content\/uploads\/2021\/06\/20210521_102047-1024x768.jpg\" alt=\"\" width=\"720\" height=\"540\" srcset=\"https:\/\/aradiovi.hu\/wp-content\/uploads\/2021\/06\/20210521_102047-1024x768.jpg 1024w, https:\/\/aradiovi.hu\/wp-content\/uploads\/2021\/06\/20210521_102047-300x225.jpg 300w, https:\/\/aradiovi.hu\/wp-content\/uploads\/2021\/06\/20210521_102047-768x576.jpg 768w\" sizes=\"auto, (max-width: 720px) 100vw, 720px\" \/><\/a> <a href=\"http:\/\/www.aradiovi.hu\/wp-content\/uploads\/2021\/06\/20210521_102048.jpg\"><img loading=\"lazy\" decoding=\"async\" class=\"aligncenter size-large wp-image-2114\" src=\"http:\/\/www.aradiovi.hu\/wp-content\/uploads\/2021\/06\/20210521_102048-1024x768.jpg\" alt=\"\" width=\"720\" height=\"540\" srcset=\"https:\/\/aradiovi.hu\/wp-content\/uploads\/2021\/06\/20210521_102048-1024x768.jpg 1024w, https:\/\/aradiovi.hu\/wp-content\/uploads\/2021\/06\/20210521_102048-300x225.jpg 300w, https:\/\/aradiovi.hu\/wp-content\/uploads\/2021\/06\/20210521_102048-768x576.jpg 768w\" sizes=\"auto, (max-width: 720px) 100vw, 720px\" \/><\/a><\/p>\n<div style=\"width: 720px;\" class=\"wp-video\"><video class=\"wp-video-shortcode\" id=\"video-2101-1\" width=\"720\" height=\"540\" preload=\"metadata\" controls=\"controls\"><source type=\"video\/mp4\" src=\"http:\/\/www.aradiovi.hu\/wp-content\/uploads\/2021\/06\/20210521_102239_99.mp4?_=1\" \/><a href=\"http:\/\/www.aradiovi.hu\/wp-content\/uploads\/2021\/06\/20210521_102239_99.mp4\">http:\/\/www.aradiovi.hu\/wp-content\/uploads\/2021\/06\/20210521_102239_99.mp4<\/a><\/video><\/div>\n<p><a href=\"http:\/\/www.aradiovi.hu\/wp-content\/uploads\/2021\/06\/20210521_102414.jpg\"><img loading=\"lazy\" decoding=\"async\" class=\"aligncenter size-large wp-image-2116\" src=\"http:\/\/www.aradiovi.hu\/wp-content\/uploads\/2021\/06\/20210521_102414-1024x768.jpg\" alt=\"\" width=\"720\" height=\"540\" srcset=\"https:\/\/aradiovi.hu\/wp-content\/uploads\/2021\/06\/20210521_102414-1024x768.jpg 1024w, https:\/\/aradiovi.hu\/wp-content\/uploads\/2021\/06\/20210521_102414-300x225.jpg 300w, https:\/\/aradiovi.hu\/wp-content\/uploads\/2021\/06\/20210521_102414-768x576.jpg 768w\" sizes=\"auto, (max-width: 720px) 100vw, 720px\" \/><\/a> <a href=\"http:\/\/www.aradiovi.hu\/wp-content\/uploads\/2021\/06\/20210521_102417.jpg\"><img loading=\"lazy\" decoding=\"async\" class=\"aligncenter size-large wp-image-2117\" src=\"http:\/\/www.aradiovi.hu\/wp-content\/uploads\/2021\/06\/20210521_102417-1024x768.jpg\" alt=\"\" width=\"720\" height=\"540\" srcset=\"https:\/\/aradiovi.hu\/wp-content\/uploads\/2021\/06\/20210521_102417-1024x768.jpg 1024w, https:\/\/aradiovi.hu\/wp-content\/uploads\/2021\/06\/20210521_102417-300x225.jpg 300w, https:\/\/aradiovi.hu\/wp-content\/uploads\/2021\/06\/20210521_102417-768x576.jpg 768w\" sizes=\"auto, (max-width: 720px) 100vw, 720px\" \/><\/a><\/p>\n<figure id=\"attachment_2118\" aria-describedby=\"caption-attachment-2118\" style=\"width: 720px\" class=\"wp-caption aligncenter\"><a href=\"http:\/\/www.aradiovi.hu\/wp-content\/uploads\/2021\/06\/IMG_20210521_102950.jpg\"><img loading=\"lazy\" decoding=\"async\" class=\"size-large wp-image-2118\" src=\"http:\/\/www.aradiovi.hu\/wp-content\/uploads\/2021\/06\/IMG_20210521_102950-1024x575.jpg\" alt=\"\" width=\"720\" height=\"404\" srcset=\"https:\/\/aradiovi.hu\/wp-content\/uploads\/2021\/06\/IMG_20210521_102950-1024x575.jpg 1024w, https:\/\/aradiovi.hu\/wp-content\/uploads\/2021\/06\/IMG_20210521_102950-300x168.jpg 300w, https:\/\/aradiovi.hu\/wp-content\/uploads\/2021\/06\/IMG_20210521_102950-768x431.jpg 768w\" sizes=\"auto, (max-width: 720px) 100vw, 720px\" \/><\/a><figcaption id=\"caption-attachment-2118\" class=\"wp-caption-text\">All-focus<\/figcaption><\/figure>\n","protected":false},"excerpt":{"rendered":"<p>\ud83d\ude42 Az els\u0151 k\u00e9pre kattitntva l\u00e9ptethet\u0151 \u00e9s nem kell fejeket elforgatni a k\u00e9pekhez \ud83d\ude42 &nbsp; A Kisvakondok megl\u00e1togatt\u00e1k a T\u0171zolt\u00f3 Skanzent. \u00c9rdemes elmenni, szuper hely! K\u00f6sz\u00f6nj\u00fck B\u00e9res Ferenc Parancsnok \u00darnak a trabiz\u00e1st! \ud83d\ude42 &nbsp;<\/p>\n","protected":false},"author":1,"featured_media":0,"parent":0,"menu_order":0,"comment_status":"closed","ping_status":"closed","template":"","meta":{"footnotes":""},"class_list":["post-2101","page","type-page","status-publish","hentry"],"_links":{"self":[{"href":"https:\/\/aradiovi.hu\/index.php?rest_route=\/wp\/v2\/pages\/2101","targetHints":{"allow":["GET"]}}],"collection":[{"href":"https:\/\/aradiovi.hu\/index.php?rest_route=\/wp\/v2\/pages"}],"about":[{"href":"https:\/\/aradiovi.hu\/index.php?rest_route=\/wp\/v2\/types\/page"}],"author":[{"embeddable":true,"href":"https:\/\/aradiovi.hu\/index.php?rest_route=\/wp\/v2\/users\/1"}],"replies":[{"embeddable":true,"href":"https:\/\/aradiovi.hu\/index.php?rest_route=%2Fwp%2Fv2%2Fcomments&post=2101"}],"version-history":[{"count":2,"href":"https:\/\/aradiovi.hu\/index.php?rest_route=\/wp\/v2\/pages\/2101\/revisions"}],"predecessor-version":[{"id":2137,"href":"https:\/\/aradiovi.hu\/index.php?rest_route=\/wp\/v2\/pages\/2101\/revisions\/2137"}],"wp:attachment":[{"href":"https:\/\/aradiovi.hu\/index.php?rest_route=%2Fwp%2Fv2%2Fmedia&parent=2101"}],"curies":[{"name":"wp","href":"https:\/\/api.w.org\/{rel}","templated":true}]}}