{"id":212,"date":"2017-01-03T23:08:23","date_gmt":"2017-01-03T23:08:23","guid":{"rendered":"http:\/\/www.aradiovi.hu\/?page_id=212"},"modified":"2025-02-13T18:23:26","modified_gmt":"2025-02-13T18:23:26","slug":"luca-napi-vasar","status":"publish","type":"page","link":"https:\/\/aradiovi.hu\/?page_id=212","title":{"rendered":"Luca napi forgatag \u00e9s v\u00e1s\u00e1r"},"content":{"rendered":"<p>Luca-napi forgatagunk \u00e9s v\u00e1s\u00e1runk r\u00e9sze a Kar\u00e1csony-v\u00e1r\u00e1snak \u00e9s\u00a0hosszas k\u00e9sz\u00fcl\u0151d\u00e9s el\u0151zi meg.<\/p>\n<p>A d\u00e9lel\u0151tt folyam\u00e1n a gyermekek forg\u00f3sz\u00ednpad szer\u0171en j\u00e1rj\u00e1k k\u00f6rbe a csoportszob\u00e1kat, ahol minden helysz\u00ednen m\u00e1s-m\u00e1s Luca napi hagyom\u00e1ny elevenedik meg (alakoskod\u00e1s, &#8222;gomb\u00f3cf\u0151z\u00e9s&#8221;, boszork\u00e1nyt\u00e1nc, b\u00e1bmese el\u0151ad\u00e1s, sz\u00e9kre\u00e1ll\u00e1s-boszork\u00e1nyles\u00e9s, stb.)<\/p>\n<p><a href=\"http:\/\/www.aradiovi.hu\/wp-content\/uploads\/2017\/01\/SoMaDesign_HollyJolly_Stacker01.png\"><img loading=\"lazy\" decoding=\"async\" class=\" wp-image-360 aligncenter\" src=\"http:\/\/www.aradiovi.hu\/wp-content\/uploads\/2017\/01\/SoMaDesign_HollyJolly_Stacker01.png\" alt=\"\" width=\"140\" height=\"124\" \/><\/a><\/p>\n<p>A d\u00e9lut\u00e1ni v\u00e1s\u00e1r\u00a0nem csak az \u00f3vod\u00e1sok k\u00e9sz\u00fcl\u0151d\u00e9se, hanem a csal\u00e1dok\u00e9 \u00e9s a feln\u0151ttek\u00e9 is. Minden csoportban komoly \u00e9s titokzatos munka folyik, \u00f6tletes\u00a0meglepet\u00e9sek ker\u00fclnek ki a r\u00e9sztvev\u0151k keze al\u00f3l.Az aj\u00e1nd\u00e9kok k\u00e9sz\u00fcltek m\u00e1r tobozb\u00f3l, di\u00f3h\u00e9jb\u00f3l, mogyor\u00f3b\u00f3l, geszteny\u00e9b\u0151l, t\u00e9szt\u00e1b\u00f3l, pap\u00edrb\u00f3l, gy\u00f6ngyb\u0151l, textilb\u0151l,\u00a0dobozokb\u00f3l, sz\u00edv\u00f3sz\u00e1lb\u00f3l, gipszb\u0151l, hajtogat\u00e1ssal, f\u0171z\u00e9ssel, v\u00e1g\u00e1ssal, ragaszt\u00e1ssal, fest\u00e9ssel, rajzol\u00e1ssal \u00e9s m\u00e9g felsorolni sem lehet, h\u00e1nyf\u00e9le \u00f6tlet val\u00f3sult meg a k\u00fcl\u00f6nf\u00e9le technik\u00e1kkal.<\/p>\n<p>A v\u00e1s\u00e1r napj\u00e1ig a\u00a0legnagyobb titokban tartott aj\u00e1nd\u00e9kokat a csoportszob\u00e1k rejtik.<\/p>\n<p>Ezen a napon azonban, d\u00e9lut\u00e1n \u201c\u00fczlett\u00e9\u201d alakul \u00e1t minden szoba, a gyerekek pedig komoly \u201celad\u00f3k\u201d \u00e9s \u201cv\u00e1s\u00e1rl\u00f3k\u201d lesznek. A\u00a0v\u00e1s\u00e1rl\u00e1st a gyermekek a sz\u00fcleik k\u00eds\u00e9ret\u00e9ben v\u00e9gzik, az \u00e1rus\u00edt\u00e1st az \u00f3voda dolgoz\u00f3i seg\u00edtik.<\/p>\n<p>&nbsp;<\/p>\n<p><a href=\"http:\/\/www.aradiovi.hu\/wp-content\/uploads\/2017\/01\/SoMaDesign_HollyJolly_Girft01.png\"><img loading=\"lazy\" decoding=\"async\" class=\" wp-image-359 aligncenter\" src=\"http:\/\/www.aradiovi.hu\/wp-content\/uploads\/2017\/01\/SoMaDesign_HollyJolly_Girft01.png\" alt=\"\" width=\"61\" height=\"81\" \/><\/a><\/p>\n<p>Az \u00edgy keletkezett bev\u00e9tel term\u00e9szetesen a csoportokat gyarap\u00edtja.<\/p>\n<p><a href=\"http:\/\/www.aradiovi.hu\/wp-content\/uploads\/2017\/01\/SoMaDesign_HollyJolly_Stacker01.png\"><img loading=\"lazy\" decoding=\"async\" class=\" wp-image-360 aligncenter\" src=\"http:\/\/www.aradiovi.hu\/wp-content\/uploads\/2017\/01\/SoMaDesign_HollyJolly_Stacker01.png\" alt=\"\" width=\"143\" height=\"126\" \/><\/a><\/p>\n<p>Az elk\u00f6vetkezend\u0151 Luca-napokhoz \u00f6r\u00f6mteli k\u00e9sz\u00fcl\u0151d\u00e9st \u00e9s j\u00f3 v\u00e1s\u00e1rl\u00e1st k\u00edv\u00e1nunk !<\/p>\n","protected":false},"excerpt":{"rendered":"<p>Luca-napi forgatagunk \u00e9s v\u00e1s\u00e1runk r\u00e9sze a Kar\u00e1csony-v\u00e1r\u00e1snak \u00e9s\u00a0hosszas k\u00e9sz\u00fcl\u0151d\u00e9s el\u0151zi meg. A d\u00e9lel\u0151tt folyam\u00e1n a gyermekek forg\u00f3sz\u00ednpad szer\u0171en j\u00e1rj\u00e1k k\u00f6rbe a csoportszob\u00e1kat, ahol minden helysz\u00ednen m\u00e1s-m\u00e1s Luca napi hagyom\u00e1ny elevenedik meg (alakoskod\u00e1s, &#8222;gomb\u00f3cf\u0151z\u00e9s&#8221;, boszork\u00e1nyt\u00e1nc, b\u00e1bmese el\u0151ad\u00e1s, sz\u00e9kre\u00e1ll\u00e1s-boszork\u00e1nyles\u00e9s, stb.) A d\u00e9lut\u00e1ni<\/p>\n","protected":false},"author":1,"featured_media":0,"parent":0,"menu_order":0,"comment_status":"closed","ping_status":"closed","template":"","meta":{"footnotes":""},"class_list":["post-212","page","type-page","status-publish","hentry"],"_links":{"self":[{"href":"https:\/\/aradiovi.hu\/index.php?rest_route=\/wp\/v2\/pages\/212","targetHints":{"allow":["GET"]}}],"collection":[{"href":"https:\/\/aradiovi.hu\/index.php?rest_route=\/wp\/v2\/pages"}],"about":[{"href":"https:\/\/aradiovi.hu\/index.php?rest_route=\/wp\/v2\/types\/page"}],"author":[{"embeddable":true,"href":"https:\/\/aradiovi.hu\/index.php?rest_route=\/wp\/v2\/users\/1"}],"replies":[{"embeddable":true,"href":"https:\/\/aradiovi.hu\/index.php?rest_route=%2Fwp%2Fv2%2Fcomments&post=212"}],"version-history":[{"count":7,"href":"https:\/\/aradiovi.hu\/index.php?rest_route=\/wp\/v2\/pages\/212\/revisions"}],"predecessor-version":[{"id":2721,"href":"https:\/\/aradiovi.hu\/index.php?rest_route=\/wp\/v2\/pages\/212\/revisions\/2721"}],"wp:attachment":[{"href":"https:\/\/aradiovi.hu\/index.php?rest_route=%2Fwp%2Fv2%2Fmedia&parent=212"}],"curies":[{"name":"wp","href":"https:\/\/api.w.org\/{rel}","templated":true}]}}