{"id":2121,"date":"2021-06-04T16:51:22","date_gmt":"2021-06-04T16:51:22","guid":{"rendered":"http:\/\/www.aradiovi.hu\/?page_id=2121"},"modified":"2021-06-04T16:52:48","modified_gmt":"2021-06-04T16:52:48","slug":"allatkert","status":"publish","type":"page","link":"https:\/\/aradiovi.hu\/?page_id=2121","title":{"rendered":"\u00c1llatkert"},"content":{"rendered":"<p>A Kisvakondok \u00c1llatkerben voltak. \ud83d\ude42 Az els\u0151 k\u00e9pre kattitntva l\u00e9ptethet\u0151 \u00e9s nem kell fejeket elforgatni a k\u00e9pekhez \ud83d\ude42 )<\/p>\n<p>&nbsp;<\/p>\n<p><a href=\"http:\/\/www.aradiovi.hu\/wp-content\/uploads\/2021\/06\/20210603_093919.jpg\"><img loading=\"lazy\" decoding=\"async\" class=\"aligncenter size-large wp-image-2122\" src=\"http:\/\/www.aradiovi.hu\/wp-content\/uploads\/2021\/06\/20210603_093919-1024x768.jpg\" alt=\"\" width=\"720\" height=\"540\" srcset=\"https:\/\/aradiovi.hu\/wp-content\/uploads\/2021\/06\/20210603_093919-1024x768.jpg 1024w, https:\/\/aradiovi.hu\/wp-content\/uploads\/2021\/06\/20210603_093919-300x225.jpg 300w, https:\/\/aradiovi.hu\/wp-content\/uploads\/2021\/06\/20210603_093919-768x576.jpg 768w\" sizes=\"auto, (max-width: 720px) 100vw, 720px\" \/><\/a> <a href=\"http:\/\/www.aradiovi.hu\/wp-content\/uploads\/2021\/06\/20210603_095329.jpg\"><img loading=\"lazy\" decoding=\"async\" class=\"aligncenter size-large wp-image-2123\" src=\"http:\/\/www.aradiovi.hu\/wp-content\/uploads\/2021\/06\/20210603_095329-1024x768.jpg\" alt=\"\" width=\"720\" height=\"540\" srcset=\"https:\/\/aradiovi.hu\/wp-content\/uploads\/2021\/06\/20210603_095329-1024x768.jpg 1024w, https:\/\/aradiovi.hu\/wp-content\/uploads\/2021\/06\/20210603_095329-300x225.jpg 300w, https:\/\/aradiovi.hu\/wp-content\/uploads\/2021\/06\/20210603_095329-768x576.jpg 768w\" sizes=\"auto, (max-width: 720px) 100vw, 720px\" \/><\/a> <a href=\"http:\/\/www.aradiovi.hu\/wp-content\/uploads\/2021\/06\/20210603_100250.jpg\"><img loading=\"lazy\" decoding=\"async\" class=\"aligncenter size-large wp-image-2124\" src=\"http:\/\/www.aradiovi.hu\/wp-content\/uploads\/2021\/06\/20210603_100250-1024x768.jpg\" alt=\"\" width=\"720\" height=\"540\" srcset=\"https:\/\/aradiovi.hu\/wp-content\/uploads\/2021\/06\/20210603_100250-1024x768.jpg 1024w, https:\/\/aradiovi.hu\/wp-content\/uploads\/2021\/06\/20210603_100250-300x225.jpg 300w, https:\/\/aradiovi.hu\/wp-content\/uploads\/2021\/06\/20210603_100250-768x576.jpg 768w\" sizes=\"auto, (max-width: 720px) 100vw, 720px\" \/><\/a> <a href=\"http:\/\/www.aradiovi.hu\/wp-content\/uploads\/2021\/06\/20210603_101210.jpg\"><img loading=\"lazy\" decoding=\"async\" class=\"aligncenter size-large wp-image-2125\" src=\"http:\/\/www.aradiovi.hu\/wp-content\/uploads\/2021\/06\/20210603_101210-1024x768.jpg\" alt=\"\" width=\"720\" height=\"540\" srcset=\"https:\/\/aradiovi.hu\/wp-content\/uploads\/2021\/06\/20210603_101210-1024x768.jpg 1024w, https:\/\/aradiovi.hu\/wp-content\/uploads\/2021\/06\/20210603_101210-300x225.jpg 300w, https:\/\/aradiovi.hu\/wp-content\/uploads\/2021\/06\/20210603_101210-768x576.jpg 768w\" sizes=\"auto, (max-width: 720px) 100vw, 720px\" \/><\/a> <a href=\"http:\/\/www.aradiovi.hu\/wp-content\/uploads\/2021\/06\/20210603_101655.jpg\"><img loading=\"lazy\" decoding=\"async\" class=\"aligncenter size-large wp-image-2126\" src=\"http:\/\/www.aradiovi.hu\/wp-content\/uploads\/2021\/06\/20210603_101655-1024x768.jpg\" alt=\"\" width=\"720\" height=\"540\" srcset=\"https:\/\/aradiovi.hu\/wp-content\/uploads\/2021\/06\/20210603_101655-1024x768.jpg 1024w, https:\/\/aradiovi.hu\/wp-content\/uploads\/2021\/06\/20210603_101655-300x225.jpg 300w, https:\/\/aradiovi.hu\/wp-content\/uploads\/2021\/06\/20210603_101655-768x576.jpg 768w\" sizes=\"auto, (max-width: 720px) 100vw, 720px\" \/><\/a> <a href=\"http:\/\/www.aradiovi.hu\/wp-content\/uploads\/2021\/06\/20210603_113545.jpg\"><img loading=\"lazy\" decoding=\"async\" class=\"aligncenter size-large wp-image-2127\" src=\"http:\/\/www.aradiovi.hu\/wp-content\/uploads\/2021\/06\/20210603_113545-1024x768.jpg\" alt=\"\" width=\"720\" height=\"540\" srcset=\"https:\/\/aradiovi.hu\/wp-content\/uploads\/2021\/06\/20210603_113545-1024x768.jpg 1024w, https:\/\/aradiovi.hu\/wp-content\/uploads\/2021\/06\/20210603_113545-300x225.jpg 300w, https:\/\/aradiovi.hu\/wp-content\/uploads\/2021\/06\/20210603_113545-768x576.jpg 768w\" sizes=\"auto, (max-width: 720px) 100vw, 720px\" \/><\/a> <a href=\"http:\/\/www.aradiovi.hu\/wp-content\/uploads\/2021\/06\/20210603_114229.jpg\"><img loading=\"lazy\" decoding=\"async\" class=\"aligncenter size-large wp-image-2128\" src=\"http:\/\/www.aradiovi.hu\/wp-content\/uploads\/2021\/06\/20210603_114229-1024x768.jpg\" alt=\"\" width=\"720\" height=\"540\" srcset=\"https:\/\/aradiovi.hu\/wp-content\/uploads\/2021\/06\/20210603_114229-1024x768.jpg 1024w, https:\/\/aradiovi.hu\/wp-content\/uploads\/2021\/06\/20210603_114229-300x225.jpg 300w, https:\/\/aradiovi.hu\/wp-content\/uploads\/2021\/06\/20210603_114229-768x576.jpg 768w\" sizes=\"auto, (max-width: 720px) 100vw, 720px\" \/><\/a> <a href=\"http:\/\/www.aradiovi.hu\/wp-content\/uploads\/2021\/06\/20210603_124515.jpg\"><img loading=\"lazy\" decoding=\"async\" class=\"aligncenter size-large wp-image-2129\" src=\"http:\/\/www.aradiovi.hu\/wp-content\/uploads\/2021\/06\/20210603_124515-1024x768.jpg\" alt=\"\" width=\"720\" height=\"540\" srcset=\"https:\/\/aradiovi.hu\/wp-content\/uploads\/2021\/06\/20210603_124515-1024x768.jpg 1024w, https:\/\/aradiovi.hu\/wp-content\/uploads\/2021\/06\/20210603_124515-300x225.jpg 300w, https:\/\/aradiovi.hu\/wp-content\/uploads\/2021\/06\/20210603_124515-768x576.jpg 768w\" sizes=\"auto, (max-width: 720px) 100vw, 720px\" \/><\/a> <a href=\"http:\/\/www.aradiovi.hu\/wp-content\/uploads\/2021\/06\/20210603_124646.jpg\"><img loading=\"lazy\" decoding=\"async\" class=\"aligncenter size-large wp-image-2130\" src=\"http:\/\/www.aradiovi.hu\/wp-content\/uploads\/2021\/06\/20210603_124646-1024x768.jpg\" alt=\"\" width=\"720\" height=\"540\" srcset=\"https:\/\/aradiovi.hu\/wp-content\/uploads\/2021\/06\/20210603_124646-1024x768.jpg 1024w, https:\/\/aradiovi.hu\/wp-content\/uploads\/2021\/06\/20210603_124646-300x225.jpg 300w, https:\/\/aradiovi.hu\/wp-content\/uploads\/2021\/06\/20210603_124646-768x576.jpg 768w\" sizes=\"auto, (max-width: 720px) 100vw, 720px\" \/><\/a> <a href=\"http:\/\/www.aradiovi.hu\/wp-content\/uploads\/2021\/06\/20210603_1251001.jpg\"><img loading=\"lazy\" decoding=\"async\" class=\"aligncenter size-large wp-image-2131\" src=\"http:\/\/www.aradiovi.hu\/wp-content\/uploads\/2021\/06\/20210603_1251001-1024x698.jpg\" alt=\"\" width=\"720\" height=\"491\" srcset=\"https:\/\/aradiovi.hu\/wp-content\/uploads\/2021\/06\/20210603_1251001-1024x698.jpg 1024w, https:\/\/aradiovi.hu\/wp-content\/uploads\/2021\/06\/20210603_1251001-300x204.jpg 300w, https:\/\/aradiovi.hu\/wp-content\/uploads\/2021\/06\/20210603_1251001-768x523.jpg 768w\" sizes=\"auto, (max-width: 720px) 100vw, 720px\" \/><\/a> <a href=\"http:\/\/www.aradiovi.hu\/wp-content\/uploads\/2021\/06\/20210603_131435.jpg\"><img loading=\"lazy\" decoding=\"async\" class=\"aligncenter size-large wp-image-2132\" src=\"http:\/\/www.aradiovi.hu\/wp-content\/uploads\/2021\/06\/20210603_131435-1024x768.jpg\" alt=\"\" width=\"720\" height=\"540\" srcset=\"https:\/\/aradiovi.hu\/wp-content\/uploads\/2021\/06\/20210603_131435-1024x768.jpg 1024w, https:\/\/aradiovi.hu\/wp-content\/uploads\/2021\/06\/20210603_131435-300x225.jpg 300w, https:\/\/aradiovi.hu\/wp-content\/uploads\/2021\/06\/20210603_131435-768x576.jpg 768w\" sizes=\"auto, (max-width: 720px) 100vw, 720px\" \/><\/a> <a href=\"http:\/\/www.aradiovi.hu\/wp-content\/uploads\/2021\/06\/20210603_134303.jpg\"><img loading=\"lazy\" decoding=\"async\" class=\"aligncenter size-large wp-image-2133\" src=\"http:\/\/www.aradiovi.hu\/wp-content\/uploads\/2021\/06\/20210603_134303-1024x768.jpg\" alt=\"\" width=\"720\" height=\"540\" srcset=\"https:\/\/aradiovi.hu\/wp-content\/uploads\/2021\/06\/20210603_134303-1024x768.jpg 1024w, https:\/\/aradiovi.hu\/wp-content\/uploads\/2021\/06\/20210603_134303-300x225.jpg 300w, https:\/\/aradiovi.hu\/wp-content\/uploads\/2021\/06\/20210603_134303-768x576.jpg 768w\" sizes=\"auto, (max-width: 720px) 100vw, 720px\" \/><\/a><\/p>\n","protected":false},"excerpt":{"rendered":"<p>A Kisvakondok \u00c1llatkerben voltak. \ud83d\ude42 Az els\u0151 k\u00e9pre kattitntva l\u00e9ptethet\u0151 \u00e9s nem kell fejeket elforgatni a k\u00e9pekhez \ud83d\ude42 ) &nbsp;<\/p>\n","protected":false},"author":1,"featured_media":0,"parent":0,"menu_order":0,"comment_status":"closed","ping_status":"closed","template":"","meta":{"footnotes":""},"class_list":["post-2121","page","type-page","status-publish","hentry"],"_links":{"self":[{"href":"https:\/\/aradiovi.hu\/index.php?rest_route=\/wp\/v2\/pages\/2121","targetHints":{"allow":["GET"]}}],"collection":[{"href":"https:\/\/aradiovi.hu\/index.php?rest_route=\/wp\/v2\/pages"}],"about":[{"href":"https:\/\/aradiovi.hu\/index.php?rest_route=\/wp\/v2\/types\/page"}],"author":[{"embeddable":true,"href":"https:\/\/aradiovi.hu\/index.php?rest_route=\/wp\/v2\/users\/1"}],"replies":[{"embeddable":true,"href":"https:\/\/aradiovi.hu\/index.php?rest_route=%2Fwp%2Fv2%2Fcomments&post=2121"}],"version-history":[{"count":2,"href":"https:\/\/aradiovi.hu\/index.php?rest_route=\/wp\/v2\/pages\/2121\/revisions"}],"predecessor-version":[{"id":2136,"href":"https:\/\/aradiovi.hu\/index.php?rest_route=\/wp\/v2\/pages\/2121\/revisions\/2136"}],"wp:attachment":[{"href":"https:\/\/aradiovi.hu\/index.php?rest_route=%2Fwp%2Fv2%2Fmedia&parent=2121"}],"curies":[{"name":"wp","href":"https:\/\/api.w.org\/{rel}","templated":true}]}}