{"id":2167,"date":"2021-10-06T07:12:36","date_gmt":"2021-10-06T07:12:36","guid":{"rendered":"http:\/\/www.aradiovi.hu\/?page_id=2167"},"modified":"2021-10-06T07:22:10","modified_gmt":"2021-10-06T07:22:10","slug":"almanap-2021","status":"publish","type":"page","link":"https:\/\/aradiovi.hu\/?page_id=2167","title":{"rendered":"Almanap 2021"},"content":{"rendered":"<p>N\u00e9pi j\u00e1t\u00e9kok, arcfest\u00e9s, ugr\u00e1l\u00f3v\u00e1r, b\u00f6lcsis gondoz\u00f3k t\u00e1nca, Szilvi n\u00e9ni t\u00e1nch\u00e1za. Szuper d\u00e9lel\u0151tt volt, k\u00f6sz\u00f6nj\u00fck a Mosolybirodalom ism\u00e9telt k\u00f6zrem\u0171k\u00f6d\u00e9s\u00e9t!<\/p>\n<p>(az els\u0151 k\u00e9pre kattintva gal\u00e9ria n\u00e9zetben lapozhat\u00f3ak a k\u00e9pek)<\/p>\n<p>&nbsp;<\/p>\n<p>&nbsp;<\/p>\n<p><a href=\"http:\/\/www.aradiovi.hu\/wp-content\/uploads\/2021\/10\/2.jpg\"><img loading=\"lazy\" decoding=\"async\" class=\"aligncenter size-large wp-image-2170\" src=\"http:\/\/www.aradiovi.hu\/wp-content\/uploads\/2021\/10\/2.jpg\" alt=\"\" width=\"720\" height=\"540\" srcset=\"https:\/\/aradiovi.hu\/wp-content\/uploads\/2021\/10\/2.jpg 960w, https:\/\/aradiovi.hu\/wp-content\/uploads\/2021\/10\/2-300x225.jpg 300w, https:\/\/aradiovi.hu\/wp-content\/uploads\/2021\/10\/2-768x576.jpg 768w\" sizes=\"auto, (max-width: 720px) 100vw, 720px\" \/><\/a><\/p>\n<p>&nbsp;<\/p>\n<p><a href=\"http:\/\/www.aradiovi.hu\/wp-content\/uploads\/2021\/10\/2\u00ed.jpg\"><img loading=\"lazy\" decoding=\"async\" class=\"aligncenter size-large wp-image-2171\" src=\"http:\/\/www.aradiovi.hu\/wp-content\/uploads\/2021\/10\/2\u00ed.jpg\" alt=\"\" width=\"720\" height=\"540\" srcset=\"https:\/\/aradiovi.hu\/wp-content\/uploads\/2021\/10\/2\u00ed.jpg 960w, https:\/\/aradiovi.hu\/wp-content\/uploads\/2021\/10\/2\u00ed-300x225.jpg 300w, https:\/\/aradiovi.hu\/wp-content\/uploads\/2021\/10\/2\u00ed-768x576.jpg 768w\" sizes=\"auto, (max-width: 720px) 100vw, 720px\" \/><\/a><\/p>\n<p><a href=\"http:\/\/www.aradiovi.hu\/wp-content\/uploads\/2021\/10\/3.jpg\"><img loading=\"lazy\" decoding=\"async\" class=\"aligncenter size-large wp-image-2172\" src=\"http:\/\/www.aradiovi.hu\/wp-content\/uploads\/2021\/10\/3.jpg\" alt=\"\" width=\"720\" height=\"540\" srcset=\"https:\/\/aradiovi.hu\/wp-content\/uploads\/2021\/10\/3.jpg 960w, https:\/\/aradiovi.hu\/wp-content\/uploads\/2021\/10\/3-300x225.jpg 300w, https:\/\/aradiovi.hu\/wp-content\/uploads\/2021\/10\/3-768x576.jpg 768w\" sizes=\"auto, (max-width: 720px) 100vw, 720px\" \/><\/a><\/p>\n<p><a href=\"http:\/\/www.aradiovi.hu\/wp-content\/uploads\/2021\/10\/4.jpg\"><img loading=\"lazy\" decoding=\"async\" class=\"aligncenter size-large wp-image-2173\" src=\"http:\/\/www.aradiovi.hu\/wp-content\/uploads\/2021\/10\/4.jpg\" alt=\"\" width=\"720\" height=\"540\" srcset=\"https:\/\/aradiovi.hu\/wp-content\/uploads\/2021\/10\/4.jpg 960w, https:\/\/aradiovi.hu\/wp-content\/uploads\/2021\/10\/4-300x225.jpg 300w, https:\/\/aradiovi.hu\/wp-content\/uploads\/2021\/10\/4-768x576.jpg 768w\" sizes=\"auto, (max-width: 720px) 100vw, 720px\" \/><\/a><\/p>\n<p><a href=\"http:\/\/www.aradiovi.hu\/wp-content\/uploads\/2021\/10\/5.jpg\"><img loading=\"lazy\" decoding=\"async\" class=\"aligncenter size-large wp-image-2174\" src=\"http:\/\/www.aradiovi.hu\/wp-content\/uploads\/2021\/10\/5.jpg\" alt=\"\" width=\"720\" height=\"540\" srcset=\"https:\/\/aradiovi.hu\/wp-content\/uploads\/2021\/10\/5.jpg 960w, https:\/\/aradiovi.hu\/wp-content\/uploads\/2021\/10\/5-300x225.jpg 300w, https:\/\/aradiovi.hu\/wp-content\/uploads\/2021\/10\/5-768x576.jpg 768w\" sizes=\"auto, (max-width: 720px) 100vw, 720px\" \/><\/a><\/p>\n<p><a href=\"http:\/\/www.aradiovi.hu\/wp-content\/uploads\/2021\/10\/6.jpg\"><img loading=\"lazy\" decoding=\"async\" class=\"aligncenter size-large wp-image-2175\" src=\"http:\/\/www.aradiovi.hu\/wp-content\/uploads\/2021\/10\/6.jpg\" alt=\"\" width=\"720\" height=\"540\" srcset=\"https:\/\/aradiovi.hu\/wp-content\/uploads\/2021\/10\/6.jpg 960w, https:\/\/aradiovi.hu\/wp-content\/uploads\/2021\/10\/6-300x225.jpg 300w, https:\/\/aradiovi.hu\/wp-content\/uploads\/2021\/10\/6-768x576.jpg 768w\" sizes=\"auto, (max-width: 720px) 100vw, 720px\" \/><\/a><\/p>\n<p><a href=\"http:\/\/www.aradiovi.hu\/wp-content\/uploads\/2021\/10\/7.jpg\"><img loading=\"lazy\" decoding=\"async\" class=\"aligncenter size-large wp-image-2176\" src=\"http:\/\/www.aradiovi.hu\/wp-content\/uploads\/2021\/10\/7.jpg\" alt=\"\" width=\"720\" height=\"960\" srcset=\"https:\/\/aradiovi.hu\/wp-content\/uploads\/2021\/10\/7.jpg 720w, https:\/\/aradiovi.hu\/wp-content\/uploads\/2021\/10\/7-225x300.jpg 225w\" sizes=\"auto, (max-width: 720px) 100vw, 720px\" \/><\/a><\/p>\n<p><a href=\"http:\/\/www.aradiovi.hu\/wp-content\/uploads\/2021\/10\/1.jpg\"><img loading=\"lazy\" decoding=\"async\" class=\"aligncenter size-full wp-image-2168\" src=\"http:\/\/www.aradiovi.hu\/wp-content\/uploads\/2021\/10\/1.jpg\" alt=\"\" width=\"960\" height=\"720\" srcset=\"https:\/\/aradiovi.hu\/wp-content\/uploads\/2021\/10\/1.jpg 960w, https:\/\/aradiovi.hu\/wp-content\/uploads\/2021\/10\/1-300x225.jpg 300w, https:\/\/aradiovi.hu\/wp-content\/uploads\/2021\/10\/1-768x576.jpg 768w\" sizes=\"auto, (max-width: 960px) 100vw, 960px\" \/><\/a><\/p>\n<p><a href=\"http:\/\/www.aradiovi.hu\/wp-content\/uploads\/2021\/10\/1\u00ed.jpg\"><img loading=\"lazy\" decoding=\"async\" class=\"aligncenter size-full wp-image-2169\" src=\"http:\/\/www.aradiovi.hu\/wp-content\/uploads\/2021\/10\/1\u00ed.jpg\" alt=\"\" width=\"720\" height=\"960\" srcset=\"https:\/\/aradiovi.hu\/wp-content\/uploads\/2021\/10\/1\u00ed.jpg 720w, https:\/\/aradiovi.hu\/wp-content\/uploads\/2021\/10\/1\u00ed-225x300.jpg 225w\" sizes=\"auto, (max-width: 720px) 100vw, 720px\" \/><\/a><a href=\"http:\/\/www.aradiovi.hu\/wp-content\/uploads\/2021\/10\/8.jpg\"><img loading=\"lazy\" decoding=\"async\" class=\"aligncenter size-large wp-image-2177\" src=\"http:\/\/www.aradiovi.hu\/wp-content\/uploads\/2021\/10\/8.jpg\" alt=\"\" width=\"720\" height=\"540\" srcset=\"https:\/\/aradiovi.hu\/wp-content\/uploads\/2021\/10\/8.jpg 960w, https:\/\/aradiovi.hu\/wp-content\/uploads\/2021\/10\/8-300x225.jpg 300w, https:\/\/aradiovi.hu\/wp-content\/uploads\/2021\/10\/8-768x576.jpg 768w\" sizes=\"auto, (max-width: 720px) 100vw, 720px\" \/><\/a><\/p>\n<p><a href=\"http:\/\/www.aradiovi.hu\/wp-content\/uploads\/2021\/10\/9.jpg\"><img loading=\"lazy\" decoding=\"async\" class=\"aligncenter size-large wp-image-2178\" src=\"http:\/\/www.aradiovi.hu\/wp-content\/uploads\/2021\/10\/9.jpg\" alt=\"\" width=\"720\" height=\"540\" srcset=\"https:\/\/aradiovi.hu\/wp-content\/uploads\/2021\/10\/9.jpg 960w, https:\/\/aradiovi.hu\/wp-content\/uploads\/2021\/10\/9-300x225.jpg 300w, https:\/\/aradiovi.hu\/wp-content\/uploads\/2021\/10\/9-768x576.jpg 768w\" sizes=\"auto, (max-width: 720px) 100vw, 720px\" \/><\/a><\/p>\n<p><a href=\"http:\/\/www.aradiovi.hu\/wp-content\/uploads\/2021\/10\/11.jpg\"><img loading=\"lazy\" decoding=\"async\" class=\"aligncenter size-large wp-image-2179\" src=\"http:\/\/www.aradiovi.hu\/wp-content\/uploads\/2021\/10\/11.jpg\" alt=\"\" width=\"720\" height=\"960\" srcset=\"https:\/\/aradiovi.hu\/wp-content\/uploads\/2021\/10\/11.jpg 720w, https:\/\/aradiovi.hu\/wp-content\/uploads\/2021\/10\/11-225x300.jpg 225w\" sizes=\"auto, (max-width: 720px) 100vw, 720px\" \/><\/a><\/p>\n<p><a href=\"http:\/\/www.aradiovi.hu\/wp-content\/uploads\/2021\/10\/12.jpg\"><img loading=\"lazy\" decoding=\"async\" class=\"aligncenter size-large wp-image-2180\" src=\"http:\/\/www.aradiovi.hu\/wp-content\/uploads\/2021\/10\/12.jpg\" alt=\"\" width=\"720\" height=\"960\" srcset=\"https:\/\/aradiovi.hu\/wp-content\/uploads\/2021\/10\/12.jpg 720w, https:\/\/aradiovi.hu\/wp-content\/uploads\/2021\/10\/12-225x300.jpg 225w\" sizes=\"auto, (max-width: 720px) 100vw, 720px\" \/><\/a><\/p>\n<p><a href=\"http:\/\/www.aradiovi.hu\/wp-content\/uploads\/2021\/10\/13.jpg\"><img loading=\"lazy\" decoding=\"async\" class=\"aligncenter size-large wp-image-2181\" src=\"http:\/\/www.aradiovi.hu\/wp-content\/uploads\/2021\/10\/13.jpg\" alt=\"\" width=\"720\" height=\"540\" srcset=\"https:\/\/aradiovi.hu\/wp-content\/uploads\/2021\/10\/13.jpg 960w, https:\/\/aradiovi.hu\/wp-content\/uploads\/2021\/10\/13-300x225.jpg 300w, https:\/\/aradiovi.hu\/wp-content\/uploads\/2021\/10\/13-768x576.jpg 768w\" sizes=\"auto, (max-width: 720px) 100vw, 720px\" \/><\/a><\/p>\n<p><a href=\"http:\/\/www.aradiovi.hu\/wp-content\/uploads\/2021\/10\/14.jpg\"><img loading=\"lazy\" decoding=\"async\" class=\"aligncenter size-large wp-image-2182\" src=\"http:\/\/www.aradiovi.hu\/wp-content\/uploads\/2021\/10\/14.jpg\" alt=\"\" width=\"720\" height=\"540\" srcset=\"https:\/\/aradiovi.hu\/wp-content\/uploads\/2021\/10\/14.jpg 960w, https:\/\/aradiovi.hu\/wp-content\/uploads\/2021\/10\/14-300x225.jpg 300w, https:\/\/aradiovi.hu\/wp-content\/uploads\/2021\/10\/14-768x576.jpg 768w\" sizes=\"auto, (max-width: 720px) 100vw, 720px\" \/><\/a><\/p>\n<p><a href=\"http:\/\/www.aradiovi.hu\/wp-content\/uploads\/2021\/10\/15.jpg\"><img loading=\"lazy\" decoding=\"async\" class=\"aligncenter size-large wp-image-2183\" src=\"http:\/\/www.aradiovi.hu\/wp-content\/uploads\/2021\/10\/15.jpg\" alt=\"\" width=\"720\" height=\"540\" srcset=\"https:\/\/aradiovi.hu\/wp-content\/uploads\/2021\/10\/15.jpg 960w, https:\/\/aradiovi.hu\/wp-content\/uploads\/2021\/10\/15-300x225.jpg 300w, https:\/\/aradiovi.hu\/wp-content\/uploads\/2021\/10\/15-768x576.jpg 768w\" sizes=\"auto, (max-width: 720px) 100vw, 720px\" \/><\/a><\/p>\n<p><a href=\"http:\/\/www.aradiovi.hu\/wp-content\/uploads\/2021\/10\/16.jpg\"><img loading=\"lazy\" decoding=\"async\" class=\"aligncenter size-large wp-image-2184\" src=\"http:\/\/www.aradiovi.hu\/wp-content\/uploads\/2021\/10\/16.jpg\" alt=\"\" width=\"720\" height=\"540\" srcset=\"https:\/\/aradiovi.hu\/wp-content\/uploads\/2021\/10\/16.jpg 960w, https:\/\/aradiovi.hu\/wp-content\/uploads\/2021\/10\/16-300x225.jpg 300w, https:\/\/aradiovi.hu\/wp-content\/uploads\/2021\/10\/16-768x576.jpg 768w\" sizes=\"auto, (max-width: 720px) 100vw, 720px\" \/><\/a> <a href=\"http:\/\/www.aradiovi.hu\/wp-content\/uploads\/2021\/10\/17.jpg\"><img loading=\"lazy\" decoding=\"async\" class=\"aligncenter size-large wp-image-2185\" src=\"http:\/\/www.aradiovi.hu\/wp-content\/uploads\/2021\/10\/17.jpg\" alt=\"\" width=\"720\" height=\"540\" srcset=\"https:\/\/aradiovi.hu\/wp-content\/uploads\/2021\/10\/17.jpg 960w, https:\/\/aradiovi.hu\/wp-content\/uploads\/2021\/10\/17-300x225.jpg 300w, https:\/\/aradiovi.hu\/wp-content\/uploads\/2021\/10\/17-768x576.jpg 768w\" sizes=\"auto, (max-width: 720px) 100vw, 720px\" \/><\/a><\/p>\n<p><a href=\"http:\/\/www.aradiovi.hu\/wp-content\/uploads\/2021\/10\/18.jpg\"><img loading=\"lazy\" decoding=\"async\" class=\"aligncenter size-large wp-image-2186\" src=\"http:\/\/www.aradiovi.hu\/wp-content\/uploads\/2021\/10\/18.jpg\" alt=\"\" width=\"720\" height=\"960\" srcset=\"https:\/\/aradiovi.hu\/wp-content\/uploads\/2021\/10\/18.jpg 720w, https:\/\/aradiovi.hu\/wp-content\/uploads\/2021\/10\/18-225x300.jpg 225w\" sizes=\"auto, (max-width: 720px) 100vw, 720px\" \/><\/a><\/p>\n<p><a href=\"http:\/\/www.aradiovi.hu\/wp-content\/uploads\/2021\/10\/19.jpg\"><img loading=\"lazy\" decoding=\"async\" class=\"aligncenter size-large wp-image-2187\" src=\"http:\/\/www.aradiovi.hu\/wp-content\/uploads\/2021\/10\/19.jpg\" alt=\"\" width=\"720\" height=\"540\" srcset=\"https:\/\/aradiovi.hu\/wp-content\/uploads\/2021\/10\/19.jpg 960w, https:\/\/aradiovi.hu\/wp-content\/uploads\/2021\/10\/19-300x225.jpg 300w, https:\/\/aradiovi.hu\/wp-content\/uploads\/2021\/10\/19-768x576.jpg 768w\" sizes=\"auto, (max-width: 720px) 100vw, 720px\" \/><\/a><\/p>\n<p><a href=\"http:\/\/www.aradiovi.hu\/wp-content\/uploads\/2021\/10\/21.jpg\"><img loading=\"lazy\" decoding=\"async\" class=\"aligncenter size-large wp-image-2188\" src=\"http:\/\/www.aradiovi.hu\/wp-content\/uploads\/2021\/10\/21.jpg\" alt=\"\" width=\"720\" height=\"960\" srcset=\"https:\/\/aradiovi.hu\/wp-content\/uploads\/2021\/10\/21.jpg 720w, https:\/\/aradiovi.hu\/wp-content\/uploads\/2021\/10\/21-225x300.jpg 225w\" sizes=\"auto, (max-width: 720px) 100vw, 720px\" \/><\/a><\/p>\n<p><a href=\"http:\/\/www.aradiovi.hu\/wp-content\/uploads\/2021\/10\/22.jpg\"><img loading=\"lazy\" decoding=\"async\" class=\"aligncenter size-large wp-image-2189\" src=\"http:\/\/www.aradiovi.hu\/wp-content\/uploads\/2021\/10\/22.jpg\" alt=\"\" width=\"720\" height=\"960\" srcset=\"https:\/\/aradiovi.hu\/wp-content\/uploads\/2021\/10\/22.jpg 720w, https:\/\/aradiovi.hu\/wp-content\/uploads\/2021\/10\/22-225x300.jpg 225w\" sizes=\"auto, (max-width: 720px) 100vw, 720px\" \/><\/a><\/p>\n<p>&nbsp;<\/p>\n","protected":false},"excerpt":{"rendered":"<p>N\u00e9pi j\u00e1t\u00e9kok, arcfest\u00e9s, ugr\u00e1l\u00f3v\u00e1r, b\u00f6lcsis gondoz\u00f3k t\u00e1nca, Szilvi n\u00e9ni t\u00e1nch\u00e1za. Szuper d\u00e9lel\u0151tt volt, k\u00f6sz\u00f6nj\u00fck a Mosolybirodalom ism\u00e9telt k\u00f6zrem\u0171k\u00f6d\u00e9s\u00e9t! (az els\u0151 k\u00e9pre kattintva gal\u00e9ria n\u00e9zetben lapozhat\u00f3ak a k\u00e9pek) &nbsp; &nbsp; &nbsp; &nbsp;<\/p>\n","protected":false},"author":1,"featured_media":0,"parent":0,"menu_order":0,"comment_status":"closed","ping_status":"closed","template":"","meta":{"footnotes":""},"class_list":["post-2167","page","type-page","status-publish","hentry"],"_links":{"self":[{"href":"https:\/\/aradiovi.hu\/index.php?rest_route=\/wp\/v2\/pages\/2167","targetHints":{"allow":["GET"]}}],"collection":[{"href":"https:\/\/aradiovi.hu\/index.php?rest_route=\/wp\/v2\/pages"}],"about":[{"href":"https:\/\/aradiovi.hu\/index.php?rest_route=\/wp\/v2\/types\/page"}],"author":[{"embeddable":true,"href":"https:\/\/aradiovi.hu\/index.php?rest_route=\/wp\/v2\/users\/1"}],"replies":[{"embeddable":true,"href":"https:\/\/aradiovi.hu\/index.php?rest_route=%2Fwp%2Fv2%2Fcomments&post=2167"}],"version-history":[{"count":3,"href":"https:\/\/aradiovi.hu\/index.php?rest_route=\/wp\/v2\/pages\/2167\/revisions"}],"predecessor-version":[{"id":2195,"href":"https:\/\/aradiovi.hu\/index.php?rest_route=\/wp\/v2\/pages\/2167\/revisions\/2195"}],"wp:attachment":[{"href":"https:\/\/aradiovi.hu\/index.php?rest_route=%2Fwp%2Fv2%2Fmedia&parent=2167"}],"curies":[{"name":"wp","href":"https:\/\/api.w.org\/{rel}","templated":true}]}}