{"id":23,"date":"2016-12-25T11:23:22","date_gmt":"2016-12-25T11:23:22","guid":{"rendered":"http:\/\/www.aradiovoda.hu\/?page_id=23"},"modified":"2023-03-23T16:48:33","modified_gmt":"2023-03-23T16:48:33","slug":"ovodankrol","status":"publish","type":"page","link":"https:\/\/aradiovi.hu\/?page_id=23","title":{"rendered":"\u00d3vod\u00e1nkr\u00f3l"},"content":{"rendered":"<p align=\"center\"><span style=\"font-size: large;\"><b>Tisztelt \u00a0Sz\u00fcl\u0151k !<\/b><\/span><\/p>\n<p>&nbsp;<\/p>\n<p>T\u00e1j\u00e9koztat\u00f3 c\u00e9llal k\u00e9sz\u00edtett\u00fck ezt a kiadv\u00e1nyt az \u00f3vod\u00e1nkba \u00fajonnan beker\u00fcl\u0151 gyermekek sz\u00fclei r\u00e9sz\u00e9re.<\/p>\n<p>Rem\u00e9lj\u00fck, \u00edr\u00e1sunk el\u0151seg\u00edti a m\u00e9g szorosabb sz\u00fcl\u0151i h\u00e1z &#8211; \u00f3voda kapcsolat kialakul\u00e1s\u00e1t, az egy\u00fcttm\u0171k\u00f6d\u00e9st. T\u00f6reksz\u00fcnk arra, hogy \u00f3vod\u00e1nk \u00e9let\u00e9nek eg\u00e9sz\u00e9t \u00e1thassa a nyugodt, csal\u00e1dias, elfogad\u00f3, egy\u00fcttm\u0171k\u00f6d\u0151 l\u00e9gk\u00f6r. Hiszen c\u00e9lunk k\u00f6z\u00f6s: testileg, szellemileg, szoci\u00e1lisan eg\u00e9szs\u00e9gesen fejlett, harmonikus szem\u00e9lyis\u00e9g\u0171, az iskolai \u00e9let megkezd\u00e9s\u00e9hez sz\u00fcks\u00e9ges fejletts\u00e9gi szintet el\u00e9r\u0151 gyermekek nevel\u00e9se az egy\u00e9ni \u00e9s \u00e9letkori saj\u00e1toss\u00e1gok figyelembe v\u00e9tel\u00e9vel.<\/p>\n<p>Az int\u00e9zm\u00e9ny\u00fcnkbe ker\u00fcl\u0151 gyermekek nevel\u00e9se sor\u00e1n arra t\u00f6reksz\u00fcnk, hogy \u00f6nmagukhoz m\u00e9rten, a benn\u00fck rejl\u0151 k\u00e9pess\u00e9gekb\u0151l min\u00e9l t\u00f6bbet kibontakoztassunk; \u00e9rzelmileg, erk\u00f6lcsileg \u00e9s \u00e9rtelmileg gazdagodjanak, k\u00e9pess\u00e9geik kiteljesedjenek. Nevel\u00e9s\u00fcnk alapelve a szeretet \u00e9s a tolerancia, az \u00e9rzelmi biztons\u00e1got \u00e9s v\u00e9detts\u00e9get ny\u00fajt\u00f3 k\u00f6rnyezet megteremt\u00e9se a megel\u0151z\u0151, prevent\u00edv fejleszt\u00e9s seg\u00edts\u00e9g\u00e9vel.<\/p>\n<p>\u00d3vod\u00e1nk 1977-ben \u00e9p\u00fclt. Nyolc csoporttal \u00e9s egy tornaszob\u00e1val m\u0171k\u00f6dik. A 200 f\u00e9r\u0151helyen 25 gyermek j\u00e1r egy-egy csoportba. Az \u00f3vodai nevel\u00e9si \u00e9v minden \u00e9v szeptember 1-\u00e9t\u0151l a k\u00f6vetkez\u0151 \u00e9v augusztus 31-\u00e9ig tart.<\/p>\n<p>Csoportszob\u00e1ink t\u00e1gasak, vil\u00e1gosak, a sz\u00fcl\u0151k \u00e9s dolgoz\u00f3k seg\u00edts\u00e9g\u00e9vel sz\u00e9p\u00edtj\u00fck azokat, fel\u00faj\u00edt\u00e1suk folyamatos, j\u00e1t\u00e9kaink b\u0151s\u00e9gesek (fejleszt\u0151, \u00e9p\u00edt\u0151), a szerepj\u00e1t\u00e9khoz sz\u00fcks\u00e9ges eszk\u00f6z\u00f6ket anyagi lehet\u0151s\u00e9geink szerint b\u0151v\u00edtj\u00fck.<\/p>\n<p>Az \u00e9p\u00fclet k\u00e9t szintes, r\u00e9szben fel\u00faj\u00edtott, korszer\u0171s\u00edtett, karbantart\u00e1sa \u00e9s fel\u00faj\u00edt\u00e1sa folyamatosan t\u00f6rt\u00e9nik. \u00d3vod\u00e1nkat t\u00e1gas, sz\u00e9pen parkos\u00edtott udvar veszi k\u00f6r\u00fcl zuhanyz\u00f3-medenc\u00e9vel, iv\u00f3k\u00fattal, korszer\u0171 udvari j\u00e1t\u00e9kokkal. Terveink k\u00f6z\u00f6tt szerepel az udvar gyep\u00e9nek tov\u00e1bbi p\u00f3tl\u00e1sa, vir\u00e1gok \u00fcltet\u00e9se, \u00fajabb j\u00e1t\u00e9k- \u00e9s sport-eszk\u00f6z\u00f6k beszerz\u00e9se.<\/p>\n<p>\u00d3vodapedag\u00f3gusaink (12 f\u0151)\u00a0\u00e1tlagos \u00e9letkora 45 \u00e9v. Gyermekszeret\u0151k, szakmai k\u00e9pzetts\u00e9g\u00fck korszer\u0171 \u00e9s kiv\u00e1l\u00f3\u00a0(\u00f3v\u00f3n\u0151i, tan\u00edt\u00f3i f\u0151iskolai v\u00e9gzetts\u00e9ggel, fejleszt\u0151-pedag\u00f3gusi szakvizsg\u00e1val, m\u00e1sod-diplom\u00e1val rendelkeznek), \u00f6nk\u00e9pz\u00e9s\u00fck \u00e9s tov\u00e1bbk\u00e9pz\u00e9s\u00fck folyamatos. Test\u00fclet\u00fcnk \u00f6n\u00e1ll\u00f3 gondolkod\u00e1s\u00fa, \u00f6tletgazdag, tenni akar\u00f3 emberekb\u0151l \u00e1ll. Az \u00f3vod\u00e1ban foly\u00f3 nevel\u0151munka sz\u00ednvonalas v\u00e9gz\u00e9se megk\u00edv\u00e1nja, hogy az \u00f3v\u00f3n\u0151 felk\u00e9sz\u00fclt, sokoldal\u00fa szem\u00e9lyis\u00e9g legyen, p\u00e9ldaszer\u0171 emberi magatart\u00e1s\u00e1val egy\u00fattal az emberi, etikai, kultur\u00e1lis \u00e9rt\u00e9keket is k\u00f6zvet\u00edtse a gyermekek \u00e9s a sz\u00fcl\u0151k fel\u00e9. Ennek megval\u00f3s\u00edt\u00e1s\u00e1ra t\u00f6reksz\u00fcnk.<\/p>\n<p>Az \u00f3v\u00f3n\u0151k munk\u00e1j\u00e1t, a gyermekek napi \u00e9let\u00e9t szakk\u00e9pzett (\u00e9retts\u00e9gizett, dajka-szakk\u00e9pz\u0151t v\u00e9gzett), tapasztalt dajk\u00e1k (8 f\u0151) \u00e9s (\u00e9retts\u00e9gizett, szakk\u00e9pzett) dolgoz\u00f3k (3 f\u0151) seg\u00edtik.<\/p>\n<p><b>Elv\u00fcnk:<\/b> Nevel\u00e9s- \u00e9s gyermekk\u00f6zpont\u00fa, iskolai \u00e9letm\u00f3dra felk\u00e9sz\u00edt\u0151 \u00f3voda min\u0151s\u00e9gi megval\u00f3s\u00edt\u00e1sa.<\/p>\n<p>\u00d3vod\u00e1nkban <b><i>a nevel\u00e9s, az iskolai \u00e9letm\u00f3dra val\u00f3 felk\u00e9sz\u00edt\u00e9s speci\u00e1lis m\u00f3dszer, program alkalmaz\u00e1s\u00e1val t\u00f6rt\u00e9nik<\/i><\/b>, hiszen itt 1988-t\u00f3l Porkol\u00e1bn\u00e9 dr. Balogh Katalin (ELTE kandid\u00e1tusa, docense) vezet\u00e9s\u00e9vel \u00e9s dr. P\u00e1li Judit (ELTE adjunktusa) k\u00f6zrem\u0171k\u00f6d\u00e9s\u00e9vel egy szakmailag orsz\u00e1gos h\u00edr\u0171 fejleszt\u0151 munka kezd\u0151d\u00f6tt, amely az\u00f3ta is folytat\u00f3dik. Ennek egyik eredm\u00e9nyek\u00e9nt 1996-ban elk\u00e9sz\u00edtett\u00fck Alternat\u00edv \u00d3vodai Nevel\u00e9si Programunkat (Komplex Prevenci\u00f3s \u00f3vodai Program &#8222;Kudarc n\u00e9lk\u00fcl az iskol\u00e1ban&#8221; c\u00edmmel) a fent eml\u00edtett pszichol\u00f3gusok \u00e9s \u00f3v\u00f3n\u0151ink k\u00f6zrem\u0171k\u00f6d\u00e9s\u00e9vel. Ezt a programot az Orsz\u00e1gos K\u00f6zoktat\u00e1si Int\u00e9zet felvette a min\u0151s\u00edtett \u00e9s v\u00e1laszthat\u00f3 Helyi \u00d3vodai Nevel\u00e9si Programok sor\u00e1ba. 1997-ben az alkot\u00f3k\u00f6z\u00f6ss\u00e9g elk\u00e9sz\u00edtette az \u00f3vodai nevel\u00e9s eg\u00e9sz\u00e9re kiterjed\u0151 r\u00e9szletes programot, mely k\u00f6nyv alakban jelent meg.<\/p>\n<p>A Komplex Prevenci\u00f3s \u00f3vodai Program meg\u0151rzi azokat az \u00e9rt\u00e9keket, melyekre a hazai \u00f3vodapedag\u00f3gia is \u00e9p\u00edt, \u00f6tv\u00f6zi azokat a korszer\u0171 fejl\u0151d\u00e9sl\u00e9lektani-, neurol\u00f3giai-, gy\u00f3gypedag\u00f3giai eredm\u00e9nyekkel. C\u00e9lja a gyermek \u00e9letkori \u00e9s egy\u00e9ni saj\u00e1toss\u00e1gainak<\/p>\n<p>szem el\u0151tt tart\u00e1s\u00e1val a harmonikus szem\u00e9lyis\u00e9gfejleszt\u00e9s olyan szint\u0171 megval\u00f3s\u00edt\u00e1sa, amely biztos\u00edtja a sikeres iskolakezd\u00e9shez sz\u00fcks\u00e9ges testi-, szoci\u00e1lis- \u00e9s \u00e9rtelmi \u00e9retts\u00e9g kialak\u00edt\u00e1s\u00e1t az \u00f3vodai nevel\u00e9s felt\u00e9teleinek saj\u00e1tos megteremt\u00e9s\u00e9vel, az egy\u00e9ni b\u00e1n\u00e1sm\u00f3d \u00e9s a differenci\u00e1lt m\u00f3dszerek alkalmaz\u00e1s\u00e1val.<\/p>\n<p>&nbsp;<\/p>\n<p><b>A Fejleszt\u0151 Program h\u00e1rom f\u0151 r\u00e9szb\u0151l \u00e1ll:<\/b><\/p>\n<ul>\n<li>Mozg\u00e1sfejleszt\u00e9s<\/li>\n<li>Tests\u00e9ma-fejleszt\u00e9s (saj\u00e1t testr\u0151l, testr\u00e9szekr\u0151l k\u00e9p kialak\u00edt\u00e1sa, valamint a test \u00e9s a t\u00e9r viszony\u00e1nak megtapasztal\u00e1sa)<\/li>\n<li>\u00c9szlel\u00e9s fejleszt\u00e9se (\u00e9rz\u00e9kszervek m\u0171k\u00f6d\u00e9s\u00e9nek finom\u00edt\u00e1sa sokoldal\u00fa tapasztalat-szerz\u00e9ssel)<\/li>\n<li>\u00e9s az ezeket k\u00eds\u00e9r\u0151 Verb\u00e1lis (sz\u00f3beli) fejleszt\u0151 program.<\/li>\n<\/ul>\n<p>Ezen ter\u00fcletek intenz\u00edv fejl\u0151d\u00e9se egy\u00e9bk\u00e9nt is az \u00f3vod\u00e1skorra jellemz\u0151. A program seg\u00edts\u00e9g\u00e9vel, az \u00e9letkori saj\u00e1toss\u00e1gok figyelembe v\u00e9tel\u00e9vel az \u00f3v\u00f3n\u0151k k\u00e9pesek a sokoldal\u00fa \u00e9s tudatos fejleszt\u00e9sre. Ennek eredm\u00e9nyess\u00e9g\u00e9t m\u00e9r\u00e9sek igazolt\u00e1k.<\/p>\n<p>Volt nagycsoportosaink iskolai fejl\u0151d\u00e9s\u00e9t nyomon k\u00f6vetj\u00fck a tan\u00edt\u00f3kt\u00f3l kapott inform\u00e1ci\u00f3k alapj\u00e1n (Fejl\u0151d\u00e9si k\u00e9rd\u0151\u00edv).<\/p>\n<p>\u00d3vod\u00e1nk Helyi \u00d3vodai nevel\u00e9si Programja (a Komplex Prevenci\u00f3s \u00f3vodai Program) arra is \u00f6szt\u00f6n\u00f6z benn\u00fcnket, hogy az \u00f3vod\u00e1skor f\u0151 tev\u00e9kenys\u00e9g\u00e9t, a j\u00e1t\u00e9kot tudatosan haszn\u00e1ljuk fel az egy\u00e9ni k\u00e9pess\u00e9gek fejleszt\u00e9s\u00e9re, a tehets\u00e9g kibontakoztat\u00e1s\u00e1ra. A gyermekek napi f\u0151 tev\u00e9kenys\u00e9ge a j\u00e1t\u00e9k, melyb\u0151l kiindulva komplex m\u00f3don t\u00f6reksz\u00fcnk a k\u00f6rnyez\u0151 vil\u00e1g megismertet\u00e9s\u00e9re.<\/p>\n<p>A mese-vers, \u00e9nek-zene, \u00e1br\u00e1zol\u00e1s, matematika, k\u00f6rnyezetismeret, testnevel\u00e9s ter\u00fcleteit egym\u00e1ssal \u00f6sszef\u00fcgg\u00e9sben, egy k\u00f6rnyezeti t\u00e9mak\u00f6r k\u00f6r\u00e9 csoportos\u00edtva tapasztalj\u00e1k meg \u00e9s \u00e9lik \u00e1t gyermekeink. Az ismeretek megszerz\u00e9s\u00e9n\u00e9l a sokf\u00e9le tev\u00e9kenys\u00e9gi form\u00e1t, cselekedtet\u00e9st r\u00e9szes\u00edtj\u00fck el\u0151nyben, \u00edgy a felfedez\u00e9s \u00f6r\u00f6me, a megtapasztal\u00e1s \u00e9lm\u00e9nye seg\u00edti gyermekeinket k\u00f6rnyezet\u00fck teljesebb megismer\u00e9s\u00e9ben.<\/p>\n<p>Ennek \u00e9rdek\u00e9ben legal\u00e1bb \u00e9vente k\u00e9tszer &#8211; \u00f3vod\u00e1nk alap\u00edtv\u00e1ny\u00e1nak t\u00e1mogat\u00e1s\u00e1val &#8211;\u00a0vissz\u00fck buszkir\u00e1ndul\u00e1sra a gyermekeket: hagyom\u00e1nyos almasz\u00fcret (\u0151sz), Bp. k\u00f6rny\u00e9ki nevezetess\u00e9gek, term\u00e9szeti sz\u00e9ps\u00e9gek (tavasz). K\u00e9thavonta h\u00edvunk el\u0151ad\u00f3m\u0171v\u00e9szeket, ahol a gyermekek sz\u00ednvonalas b\u00e1b-, verses-, zenei el\u0151ad\u00e1st n\u00e9zhetnek meg.<\/p>\n<p>Budapesten bel\u00fcl &#8211; \u00e9v k\u00f6zben &#8211; \u00e9letkoruknak megfelel\u0151en ell\u00e1togatunk a k\u00f6vetkez\u0151 helyekre:<\/p>\n<ul>\n<li>Margitsziget<\/li>\n<li>\u00c1llatkert,<\/li>\n<li>Mez\u0151gazdas\u00e1gi M\u00fazeum,<\/li>\n<li>Hadt\u00f6rt\u00e9neti M\u00fazeum,<\/li>\n<li>Planet\u00e1rium,<\/li>\n<li>Budakeszi Vadaspark,<\/li>\n<li>Rep\u00fcl\u0151t\u00e9r &#8211; Rep\u00fcl\u0151g\u00e9p M\u00fazeum,<\/li>\n<li>Gell\u00e9rthegy,<\/li>\n<li>Budai V\u00e1r, stb.<\/li>\n<\/ul>\n<p>A tan\u00e9v sor\u00e1n a gyerekekkel \u00e9s sz\u00fcl\u0151kkel k\u00f6z\u00f6sen k\u00e9sz\u00fcl\u00fcnk \u00e9s \u00fcnnepel\u00fcnk a k\u00f6vetkez\u0151 alkalmakon:<\/p>\n<ul>\n<li>sz\u00fclet\u00e9nap, n\u00e9vnap,<\/li>\n<li>Alma-nap,<\/li>\n<li>Mikul\u00e1s,<\/li>\n<li>Luca napi v\u00e1s\u00e1r,<\/li>\n<li>Kar\u00e1csony (m\u00e9zeskal\u00e1cs s\u00fct\u00e9s),<\/li>\n<li>Farsang,<\/li>\n<li>M\u00e1rcius 15.<\/li>\n<li>H\u00fasv\u00e9t,<\/li>\n<li>Any\u00e1k napja<\/li>\n<li>\u00c9vz\u00e1r\u00f3, iskol\u00e1ba k\u00e9sz\u00fcl\u0151k b\u00facs\u00faztat\u00e1sa<\/li>\n<li>Gyermeknap (hagyom\u00e1nyos, eg\u00e9sznapos program)<\/li>\n<\/ul>\n<p>Ilyenkor az \u00fcnnepeltek kisebb-nagyobb aj\u00e1nd\u00e9kokat is kapnak, melyek eszmei \u00e9rt\u00e9k\u00e9t a saj\u00e1tkez\u0171 elk\u00e9sz\u00edt\u00e9s n\u00f6veli.<\/p>\n<p>\u00d3vod\u00e1saink m\u00e1r t\u00f6bb \u00e9ve eredm\u00e9nyesen vesznek r\u00e9szt a ker\u00fcleti, budapesti \u00f3vod\u00e1s sportrendezv\u00e9nyeken, rajzversenyeken.<\/p>\n<p>A sz\u00fcl\u0151k \u00e1ltal, anyagi lehet\u0151s\u00e9geik f\u00fcggv\u00e9ny\u00e9ben v\u00e1laszthat\u00f3 (\u00f6nk\u00f6lts\u00e9ges)\u00a0lehet\u0151s\u00e9gek m\u00e9g:<\/p>\n<ul>\n<li>ovirocky<\/li>\n<li>cselg\u00e1ncs<\/li>\n<li>\u00fasz\u00e1s k\u00f6z\u00e9ps\u0151 csoportt\u00f3l (Darnyi \u00dasz\u00f3iskola)<\/li>\n<li>balett<\/li>\n<li>n\u00e9pt\u00e1nc, n\u00e9pi j\u00e1t\u00e9kok<\/li>\n<li>foci (UTE)<\/li>\n<\/ul>\n<p>\u00d6nkorm\u00e1nyzatunk az 1999-2000. tan\u00e9vt\u0151l kezd\u0151d\u0151en ingyenes \u00fasz\u00e1soktat\u00e1si lehet\u0151s\u00e9get biztos\u00edt a nagycsoportosok sz\u00e1m\u00e1ra (HALO, 10 alkalom).<\/p>\n<p><b><i>\u00dagy gondoljuk, hogy programunk c\u00e9lj\u00e1t, azaz a kudarc n\u00e9lk\u00fcli iskolakezd\u00e9st marad\u00e9ktalanul csak akkor \u00e9rhetj\u00fck el, ha azt a sz\u00fcl\u0151k is megismerik \u00e9s az \u00f3vod\u00e1val egy\u00fctt alkalmazz\u00e1k. B\u00edzunk benne, hogy ismertet\u0151nk felkeltette \u00e9rdekl\u0151d\u00e9s\u00fcket. B\u0151vebb inform\u00e1ci\u00f3val gyermek\u00fck \u00f3v\u00f3n\u0151i szolg\u00e1lnak szem\u00e9lyes besz\u00e9lget\u00e9sek, sz\u00fcl\u0151i \u00e9rtekezletek, ny\u00edlt napok alkalm\u00e1val, videofelv\u00e9telek megtekint\u00e9s\u00e9nek lehet\u0151v\u00e9 t\u00e9tel\u00e9vel.<\/i><\/b><\/p>\n<p>T\u00e1rgyi felt\u00e9teleink jav\u00edt\u00e1s\u00e1hoz, a program m\u00e9g sz\u00ednvonalasabb megval\u00f3s\u00edt\u00e1s\u00e1hoz, tov\u00e1bbfejleszt\u00e9s\u00e9hez \u00e9s orsz\u00e1gos megismertet\u00e9s\u00e9hez hoztuk l\u00e9tre alap\u00edtv\u00e1nyunkat, melyet a p\u00e1ly\u00e1zatokon elnyert \u00f6sszegeken k\u00edv\u00fcl a sz\u00fcl\u0151k is t\u00e1mogathatnak adom\u00e1nyaikkal (melyekr\u0151l a nyugt\u00e1n k\u00edv\u00fcl a hat\u00e1lyos jogszab\u00e1lyok szerinti ad\u00f3kedvezm\u00e9ny ig\u00e9nybev\u00e9tel\u00e9re jogos\u00edt\u00f3 igazol\u00e1st adunk), ad\u00f3juk 1%-\u00e1nak az alap\u00edtv\u00e1ny jav\u00e1ra t\u00f6rt\u00e9n\u0151 felaj\u00e1nl\u00e1s\u00e1val.<\/p>\n<p>Porkol\u00e1bn\u00e9 dr. Balogh Katalin szavaival k\u00edv\u00e1nunk eredm\u00e9nyes egy\u00fcttnevel\u00e9st:<\/p>\n<p><i>\u00a0<\/i><i>&#8222;A 3-6 \u00e9ves gyermeknek \u00fagy kell k\u00f6zvet\u00edten\u00fcnk kult\u00far\u00e1nkat, hogy \u00e9rzelmileg, szoci\u00e1lisan \u00e9s \u00e9rtelmileg ett\u0151l gazdagabb legyen. A nevel\u0151nek &#8211; szakembernek kell ismernie a c\u00e9lt, az eszk\u00f6z- \u00e9s feladatrendszert, ehhez az \u00f3v\u00f3-v\u00e9d\u0151 nevel\u00e9shez. Neki kell v\u00e1laszt adni arra, hogy az \u00f3vod\u00e1ba l\u00e9p\u0151 gyermeket hogyan kell elvezetni \u00fagy az iskolak\u00fcsz\u00f6big, hogy testben-l\u00e9lekben gyarapodjon, s k\u00f6zben boldog gyermekkor\u00e1t is meg\u0151rizz\u00fck.&#8221;<\/i><\/p>\n<p>&nbsp;<\/p>\n<p align=\"center\"><b>\u00dcdv\u00f6zlettel :<\/b><\/p>\n<p align=\"center\">B\u0151szn\u00e9 Stof\u00e1n M\u00f3nika<\/p>\n<p align=\"center\"><i>int\u00e9zm\u00e9nyvezet\u0151 pedag\u00f3gus<\/i><\/p>\n<p align=\"center\"><i>\u00e9s<\/i><\/p>\n<p align=\"center\"><i>az \u00f3voda nevel\u0151test\u00fclete<\/i><\/p>\n","protected":false},"excerpt":{"rendered":"<p>Tisztelt \u00a0Sz\u00fcl\u0151k ! &nbsp; T\u00e1j\u00e9koztat\u00f3 c\u00e9llal k\u00e9sz\u00edtett\u00fck ezt a kiadv\u00e1nyt az \u00f3vod\u00e1nkba \u00fajonnan beker\u00fcl\u0151 gyermekek sz\u00fclei r\u00e9sz\u00e9re. Rem\u00e9lj\u00fck, \u00edr\u00e1sunk el\u0151seg\u00edti a m\u00e9g szorosabb sz\u00fcl\u0151i h\u00e1z &#8211; \u00f3voda kapcsolat kialakul\u00e1s\u00e1t, az egy\u00fcttm\u0171k\u00f6d\u00e9st. T\u00f6reksz\u00fcnk arra, hogy \u00f3vod\u00e1nk \u00e9let\u00e9nek eg\u00e9sz\u00e9t \u00e1thassa a nyugodt,<\/p>\n","protected":false},"author":1,"featured_media":0,"parent":0,"menu_order":0,"comment_status":"closed","ping_status":"closed","template":"","meta":{"footnotes":""},"class_list":["post-23","page","type-page","status-publish","hentry"],"_links":{"self":[{"href":"https:\/\/aradiovi.hu\/index.php?rest_route=\/wp\/v2\/pages\/23","targetHints":{"allow":["GET"]}}],"collection":[{"href":"https:\/\/aradiovi.hu\/index.php?rest_route=\/wp\/v2\/pages"}],"about":[{"href":"https:\/\/aradiovi.hu\/index.php?rest_route=\/wp\/v2\/types\/page"}],"author":[{"embeddable":true,"href":"https:\/\/aradiovi.hu\/index.php?rest_route=\/wp\/v2\/users\/1"}],"replies":[{"embeddable":true,"href":"https:\/\/aradiovi.hu\/index.php?rest_route=%2Fwp%2Fv2%2Fcomments&post=23"}],"version-history":[{"count":7,"href":"https:\/\/aradiovi.hu\/index.php?rest_route=\/wp\/v2\/pages\/23\/revisions"}],"predecessor-version":[{"id":2396,"href":"https:\/\/aradiovi.hu\/index.php?rest_route=\/wp\/v2\/pages\/23\/revisions\/2396"}],"wp:attachment":[{"href":"https:\/\/aradiovi.hu\/index.php?rest_route=%2Fwp%2Fv2%2Fmedia&parent=23"}],"curies":[{"name":"wp","href":"https:\/\/api.w.org\/{rel}","templated":true}]}}