{"id":2346,"date":"2023-02-26T21:18:52","date_gmt":"2023-02-26T21:18:52","guid":{"rendered":"http:\/\/www.aradiovi.hu\/?page_id=2346"},"modified":"2023-02-26T21:18:52","modified_gmt":"2023-02-26T21:18:52","slug":"teluzes-2","status":"publish","type":"page","link":"https:\/\/aradiovi.hu\/?page_id=2346","title":{"rendered":"T\u00e9l\u0171z\u00e9s"},"content":{"rendered":"<p><a href=\"http:\/\/www.aradiovi.hu\/wp-content\/uploads\/2023\/02\/teluzes01.jpg\"><img loading=\"lazy\" decoding=\"async\" class=\"aligncenter size-large wp-image-2347\" src=\"http:\/\/www.aradiovi.hu\/wp-content\/uploads\/2023\/02\/teluzes01-1024x768.jpg\" alt=\"\" width=\"720\" height=\"540\" srcset=\"https:\/\/aradiovi.hu\/wp-content\/uploads\/2023\/02\/teluzes01-1024x768.jpg 1024w, https:\/\/aradiovi.hu\/wp-content\/uploads\/2023\/02\/teluzes01-300x225.jpg 300w, https:\/\/aradiovi.hu\/wp-content\/uploads\/2023\/02\/teluzes01-768x576.jpg 768w, https:\/\/aradiovi.hu\/wp-content\/uploads\/2023\/02\/teluzes01.jpg 1500w\" sizes=\"auto, (max-width: 720px) 100vw, 720px\" \/><\/a><\/p>\n<p><a href=\"http:\/\/www.aradiovi.hu\/wp-content\/uploads\/2023\/02\/teluzes1.jpg\"><img loading=\"lazy\" decoding=\"async\" class=\"aligncenter size-large wp-image-2348\" src=\"http:\/\/www.aradiovi.hu\/wp-content\/uploads\/2023\/02\/teluzes1-1024x768.jpg\" alt=\"\" width=\"720\" height=\"540\" srcset=\"https:\/\/aradiovi.hu\/wp-content\/uploads\/2023\/02\/teluzes1-1024x768.jpg 1024w, https:\/\/aradiovi.hu\/wp-content\/uploads\/2023\/02\/teluzes1-300x225.jpg 300w, https:\/\/aradiovi.hu\/wp-content\/uploads\/2023\/02\/teluzes1-768x576.jpg 768w, https:\/\/aradiovi.hu\/wp-content\/uploads\/2023\/02\/teluzes1.jpg 1500w\" sizes=\"auto, (max-width: 720px) 100vw, 720px\" \/><\/a><\/p>\n<p><a href=\"http:\/\/www.aradiovi.hu\/wp-content\/uploads\/2023\/02\/teluzes2.jpg\"><img loading=\"lazy\" decoding=\"async\" class=\"aligncenter size-large wp-image-2349\" src=\"http:\/\/www.aradiovi.hu\/wp-content\/uploads\/2023\/02\/teluzes2-1024x768.jpg\" alt=\"\" width=\"720\" height=\"540\" srcset=\"https:\/\/aradiovi.hu\/wp-content\/uploads\/2023\/02\/teluzes2-1024x768.jpg 1024w, https:\/\/aradiovi.hu\/wp-content\/uploads\/2023\/02\/teluzes2-300x225.jpg 300w, https:\/\/aradiovi.hu\/wp-content\/uploads\/2023\/02\/teluzes2-768x576.jpg 768w, https:\/\/aradiovi.hu\/wp-content\/uploads\/2023\/02\/teluzes2.jpg 1500w\" sizes=\"auto, (max-width: 720px) 100vw, 720px\" \/><\/a><\/p>\n<p><a href=\"http:\/\/www.aradiovi.hu\/wp-content\/uploads\/2023\/02\/teluzes3.jpg\"><img loading=\"lazy\" decoding=\"async\" class=\"aligncenter size-large wp-image-2350\" src=\"http:\/\/www.aradiovi.hu\/wp-content\/uploads\/2023\/02\/teluzes3-1024x768.jpg\" alt=\"\" width=\"720\" height=\"540\" srcset=\"https:\/\/aradiovi.hu\/wp-content\/uploads\/2023\/02\/teluzes3-1024x768.jpg 1024w, https:\/\/aradiovi.hu\/wp-content\/uploads\/2023\/02\/teluzes3-300x225.jpg 300w, https:\/\/aradiovi.hu\/wp-content\/uploads\/2023\/02\/teluzes3-768x576.jpg 768w, https:\/\/aradiovi.hu\/wp-content\/uploads\/2023\/02\/teluzes3.jpg 1500w\" sizes=\"auto, (max-width: 720px) 100vw, 720px\" \/><\/a><\/p>\n<p><a href=\"http:\/\/www.aradiovi.hu\/wp-content\/uploads\/2023\/02\/teluzes4.jpg\"><img loading=\"lazy\" decoding=\"async\" class=\"aligncenter size-large wp-image-2351\" src=\"http:\/\/www.aradiovi.hu\/wp-content\/uploads\/2023\/02\/teluzes4-1024x768.jpg\" alt=\"\" width=\"720\" height=\"540\" srcset=\"https:\/\/aradiovi.hu\/wp-content\/uploads\/2023\/02\/teluzes4-1024x768.jpg 1024w, https:\/\/aradiovi.hu\/wp-content\/uploads\/2023\/02\/teluzes4-300x225.jpg 300w, https:\/\/aradiovi.hu\/wp-content\/uploads\/2023\/02\/teluzes4-768x576.jpg 768w, https:\/\/aradiovi.hu\/wp-content\/uploads\/2023\/02\/teluzes4.jpg 1500w\" sizes=\"auto, (max-width: 720px) 100vw, 720px\" \/><\/a><\/p>\n<p><a href=\"http:\/\/www.aradiovi.hu\/wp-content\/uploads\/2023\/02\/teluzes5.jpg\"><img loading=\"lazy\" decoding=\"async\" class=\"aligncenter size-large wp-image-2352\" src=\"http:\/\/www.aradiovi.hu\/wp-content\/uploads\/2023\/02\/teluzes5-768x1024.jpg\" alt=\"\" width=\"720\" height=\"960\" srcset=\"https:\/\/aradiovi.hu\/wp-content\/uploads\/2023\/02\/teluzes5-768x1024.jpg 768w, https:\/\/aradiovi.hu\/wp-content\/uploads\/2023\/02\/teluzes5-225x300.jpg 225w, https:\/\/aradiovi.hu\/wp-content\/uploads\/2023\/02\/teluzes5.jpg 1125w\" sizes=\"auto, (max-width: 720px) 100vw, 720px\" \/><\/a><\/p>\n","protected":false},"excerpt":{"rendered":"","protected":false},"author":1,"featured_media":0,"parent":0,"menu_order":0,"comment_status":"closed","ping_status":"closed","template":"","meta":{"footnotes":""},"class_list":["post-2346","page","type-page","status-publish","hentry"],"_links":{"self":[{"href":"https:\/\/aradiovi.hu\/index.php?rest_route=\/wp\/v2\/pages\/2346","targetHints":{"allow":["GET"]}}],"collection":[{"href":"https:\/\/aradiovi.hu\/index.php?rest_route=\/wp\/v2\/pages"}],"about":[{"href":"https:\/\/aradiovi.hu\/index.php?rest_route=\/wp\/v2\/types\/page"}],"author":[{"embeddable":true,"href":"https:\/\/aradiovi.hu\/index.php?rest_route=\/wp\/v2\/users\/1"}],"replies":[{"embeddable":true,"href":"https:\/\/aradiovi.hu\/index.php?rest_route=%2Fwp%2Fv2%2Fcomments&post=2346"}],"version-history":[{"count":1,"href":"https:\/\/aradiovi.hu\/index.php?rest_route=\/wp\/v2\/pages\/2346\/revisions"}],"predecessor-version":[{"id":2354,"href":"https:\/\/aradiovi.hu\/index.php?rest_route=\/wp\/v2\/pages\/2346\/revisions\/2354"}],"wp:attachment":[{"href":"https:\/\/aradiovi.hu\/index.php?rest_route=%2Fwp%2Fv2%2Fmedia&parent=2346"}],"curies":[{"name":"wp","href":"https:\/\/api.w.org\/{rel}","templated":true}]}}