{"id":2397,"date":"2023-04-21T06:45:25","date_gmt":"2023-04-21T06:45:25","guid":{"rendered":"http:\/\/www.aradiovi.hu\/?page_id=2397"},"modified":"2023-04-21T06:45:25","modified_gmt":"2023-04-21T06:45:25","slug":"erzekenyites","status":"publish","type":"page","link":"https:\/\/aradiovi.hu\/?page_id=2397","title":{"rendered":"\u00c9rz\u00e9keny\u00edt\u00e9s"},"content":{"rendered":"<p>Fontos, hogy bizonyos t\u00e9m\u00e1kra kora gyermekkort\u00f3l \u00e9rz\u00e9keny\u00edtve legyenek a gyermekeink. K\u00f6sz\u00f6nj\u00fck a\u00a0Bar\u00e1thegyi Vakok \u00e9s Gyeng\u00e9nl\u00e1t\u00f3k K\u00f6z\u00e9p-Magyarorsz\u00e1gi Egyes\u00fclet\u00e9nek \u00e9s \u00dajpest \u00d6nkorm\u00e1nyzat\u00e1nak a remek lehet\u0151s\u00e9get, hogy gyermekeink r\u00e9szt vehettek ezen a nagyszer\u0171 programon!<\/p>\n<p><a href=\"http:\/\/www.aradiovi.hu\/wp-content\/uploads\/2023\/04\/1.jpg\"><img loading=\"lazy\" decoding=\"async\" class=\"aligncenter size-large wp-image-2398\" src=\"http:\/\/www.aradiovi.hu\/wp-content\/uploads\/2023\/04\/1-1024x768.jpg\" alt=\"\" width=\"720\" height=\"540\" srcset=\"https:\/\/aradiovi.hu\/wp-content\/uploads\/2023\/04\/1-1024x768.jpg 1024w, https:\/\/aradiovi.hu\/wp-content\/uploads\/2023\/04\/1-300x225.jpg 300w, https:\/\/aradiovi.hu\/wp-content\/uploads\/2023\/04\/1-768x576.jpg 768w, https:\/\/aradiovi.hu\/wp-content\/uploads\/2023\/04\/1.jpg 2048w\" sizes=\"auto, (max-width: 720px) 100vw, 720px\" \/><\/a><\/p>\n<p><a href=\"http:\/\/www.aradiovi.hu\/wp-content\/uploads\/2023\/04\/2.jpg\"><img loading=\"lazy\" decoding=\"async\" class=\"aligncenter size-large wp-image-2399\" src=\"http:\/\/www.aradiovi.hu\/wp-content\/uploads\/2023\/04\/2-1024x768.jpg\" alt=\"\" width=\"720\" height=\"540\" srcset=\"https:\/\/aradiovi.hu\/wp-content\/uploads\/2023\/04\/2-1024x768.jpg 1024w, https:\/\/aradiovi.hu\/wp-content\/uploads\/2023\/04\/2-300x225.jpg 300w, https:\/\/aradiovi.hu\/wp-content\/uploads\/2023\/04\/2-768x576.jpg 768w, https:\/\/aradiovi.hu\/wp-content\/uploads\/2023\/04\/2.jpg 2048w\" sizes=\"auto, (max-width: 720px) 100vw, 720px\" \/><\/a><\/p>\n<p><a href=\"http:\/\/www.aradiovi.hu\/wp-content\/uploads\/2023\/04\/3.jpg\"><img loading=\"lazy\" decoding=\"async\" class=\"aligncenter size-large wp-image-2400\" src=\"http:\/\/www.aradiovi.hu\/wp-content\/uploads\/2023\/04\/3-1024x768.jpg\" alt=\"\" width=\"720\" height=\"540\" srcset=\"https:\/\/aradiovi.hu\/wp-content\/uploads\/2023\/04\/3-1024x768.jpg 1024w, https:\/\/aradiovi.hu\/wp-content\/uploads\/2023\/04\/3-300x225.jpg 300w, https:\/\/aradiovi.hu\/wp-content\/uploads\/2023\/04\/3-768x576.jpg 768w, https:\/\/aradiovi.hu\/wp-content\/uploads\/2023\/04\/3.jpg 2048w\" sizes=\"auto, (max-width: 720px) 100vw, 720px\" \/><\/a><\/p>\n<p><a href=\"http:\/\/www.aradiovi.hu\/wp-content\/uploads\/2023\/04\/4.jpg\"><img loading=\"lazy\" decoding=\"async\" class=\"aligncenter size-large wp-image-2401\" src=\"http:\/\/www.aradiovi.hu\/wp-content\/uploads\/2023\/04\/4-1024x768.jpg\" alt=\"\" width=\"720\" height=\"540\" srcset=\"https:\/\/aradiovi.hu\/wp-content\/uploads\/2023\/04\/4-1024x768.jpg 1024w, https:\/\/aradiovi.hu\/wp-content\/uploads\/2023\/04\/4-300x225.jpg 300w, https:\/\/aradiovi.hu\/wp-content\/uploads\/2023\/04\/4-768x576.jpg 768w, https:\/\/aradiovi.hu\/wp-content\/uploads\/2023\/04\/4.jpg 2048w\" sizes=\"auto, (max-width: 720px) 100vw, 720px\" \/><\/a><\/p>\n<p><a href=\"http:\/\/www.aradiovi.hu\/wp-content\/uploads\/2023\/04\/5.jpg\"><img loading=\"lazy\" decoding=\"async\" class=\"aligncenter size-large wp-image-2402\" src=\"http:\/\/www.aradiovi.hu\/wp-content\/uploads\/2023\/04\/5-1024x768.jpg\" alt=\"\" width=\"720\" height=\"540\" srcset=\"https:\/\/aradiovi.hu\/wp-content\/uploads\/2023\/04\/5-1024x768.jpg 1024w, https:\/\/aradiovi.hu\/wp-content\/uploads\/2023\/04\/5-300x225.jpg 300w, https:\/\/aradiovi.hu\/wp-content\/uploads\/2023\/04\/5-768x576.jpg 768w, https:\/\/aradiovi.hu\/wp-content\/uploads\/2023\/04\/5.jpg 2048w\" sizes=\"auto, (max-width: 720px) 100vw, 720px\" \/><\/a><\/p>\n<p><a href=\"http:\/\/www.aradiovi.hu\/wp-content\/uploads\/2023\/04\/6.jpg\"><img loading=\"lazy\" decoding=\"async\" class=\"aligncenter size-large wp-image-2403\" src=\"http:\/\/www.aradiovi.hu\/wp-content\/uploads\/2023\/04\/6-1024x768.jpg\" alt=\"\" width=\"720\" height=\"540\" srcset=\"https:\/\/aradiovi.hu\/wp-content\/uploads\/2023\/04\/6-1024x768.jpg 1024w, https:\/\/aradiovi.hu\/wp-content\/uploads\/2023\/04\/6-300x225.jpg 300w, https:\/\/aradiovi.hu\/wp-content\/uploads\/2023\/04\/6-768x576.jpg 768w, https:\/\/aradiovi.hu\/wp-content\/uploads\/2023\/04\/6.jpg 2048w\" sizes=\"auto, (max-width: 720px) 100vw, 720px\" \/><\/a><\/p>\n<p><a href=\"http:\/\/www.aradiovi.hu\/wp-content\/uploads\/2023\/04\/7.jpg\"><img loading=\"lazy\" decoding=\"async\" class=\"aligncenter size-large wp-image-2404\" src=\"http:\/\/www.aradiovi.hu\/wp-content\/uploads\/2023\/04\/7-1024x768.jpg\" alt=\"\" width=\"720\" height=\"540\" srcset=\"https:\/\/aradiovi.hu\/wp-content\/uploads\/2023\/04\/7-1024x768.jpg 1024w, https:\/\/aradiovi.hu\/wp-content\/uploads\/2023\/04\/7-300x225.jpg 300w, https:\/\/aradiovi.hu\/wp-content\/uploads\/2023\/04\/7-768x576.jpg 768w, https:\/\/aradiovi.hu\/wp-content\/uploads\/2023\/04\/7.jpg 2048w\" sizes=\"auto, (max-width: 720px) 100vw, 720px\" \/><\/a><\/p>\n<p><a href=\"http:\/\/www.aradiovi.hu\/wp-content\/uploads\/2023\/04\/8.jpg\"><img loading=\"lazy\" decoding=\"async\" class=\"aligncenter size-large wp-image-2405\" src=\"http:\/\/www.aradiovi.hu\/wp-content\/uploads\/2023\/04\/8-1024x768.jpg\" alt=\"\" width=\"720\" height=\"540\" srcset=\"https:\/\/aradiovi.hu\/wp-content\/uploads\/2023\/04\/8-1024x768.jpg 1024w, https:\/\/aradiovi.hu\/wp-content\/uploads\/2023\/04\/8-300x225.jpg 300w, https:\/\/aradiovi.hu\/wp-content\/uploads\/2023\/04\/8-768x576.jpg 768w, https:\/\/aradiovi.hu\/wp-content\/uploads\/2023\/04\/8.jpg 2048w\" sizes=\"auto, (max-width: 720px) 100vw, 720px\" \/><\/a><\/p>\n<p><a href=\"http:\/\/www.aradiovi.hu\/wp-content\/uploads\/2023\/04\/9.jpg\"><img loading=\"lazy\" decoding=\"async\" class=\"aligncenter size-large wp-image-2406\" src=\"http:\/\/www.aradiovi.hu\/wp-content\/uploads\/2023\/04\/9-1024x768.jpg\" alt=\"\" width=\"720\" height=\"540\" srcset=\"https:\/\/aradiovi.hu\/wp-content\/uploads\/2023\/04\/9-1024x768.jpg 1024w, https:\/\/aradiovi.hu\/wp-content\/uploads\/2023\/04\/9-300x225.jpg 300w, https:\/\/aradiovi.hu\/wp-content\/uploads\/2023\/04\/9-768x576.jpg 768w, https:\/\/aradiovi.hu\/wp-content\/uploads\/2023\/04\/9.jpg 2048w\" sizes=\"auto, (max-width: 720px) 100vw, 720px\" \/><\/a><\/p>\n<p><a href=\"http:\/\/www.aradiovi.hu\/wp-content\/uploads\/2023\/04\/10.jpg\"><img loading=\"lazy\" decoding=\"async\" class=\"aligncenter size-large wp-image-2407\" src=\"http:\/\/www.aradiovi.hu\/wp-content\/uploads\/2023\/04\/10-1024x768.jpg\" alt=\"\" width=\"720\" height=\"540\" srcset=\"https:\/\/aradiovi.hu\/wp-content\/uploads\/2023\/04\/10-1024x768.jpg 1024w, https:\/\/aradiovi.hu\/wp-content\/uploads\/2023\/04\/10-300x225.jpg 300w, https:\/\/aradiovi.hu\/wp-content\/uploads\/2023\/04\/10-768x576.jpg 768w, https:\/\/aradiovi.hu\/wp-content\/uploads\/2023\/04\/10.jpg 2048w\" sizes=\"auto, (max-width: 720px) 100vw, 720px\" \/><\/a><\/p>\n<p><a href=\"http:\/\/www.aradiovi.hu\/wp-content\/uploads\/2023\/04\/11.jpg\"><img loading=\"lazy\" decoding=\"async\" class=\"aligncenter size-large wp-image-2408\" src=\"http:\/\/www.aradiovi.hu\/wp-content\/uploads\/2023\/04\/11-1024x768.jpg\" alt=\"\" width=\"720\" height=\"540\" srcset=\"https:\/\/aradiovi.hu\/wp-content\/uploads\/2023\/04\/11-1024x768.jpg 1024w, https:\/\/aradiovi.hu\/wp-content\/uploads\/2023\/04\/11-300x225.jpg 300w, https:\/\/aradiovi.hu\/wp-content\/uploads\/2023\/04\/11-768x576.jpg 768w, https:\/\/aradiovi.hu\/wp-content\/uploads\/2023\/04\/11.jpg 2048w\" sizes=\"auto, (max-width: 720px) 100vw, 720px\" \/><\/a><\/p>\n<p><a href=\"http:\/\/www.aradiovi.hu\/wp-content\/uploads\/2023\/04\/12.jpg\"><img loading=\"lazy\" decoding=\"async\" class=\"aligncenter size-large wp-image-2409\" src=\"http:\/\/www.aradiovi.hu\/wp-content\/uploads\/2023\/04\/12-768x1024.jpg\" alt=\"\" width=\"720\" height=\"960\" srcset=\"https:\/\/aradiovi.hu\/wp-content\/uploads\/2023\/04\/12-768x1024.jpg 768w, https:\/\/aradiovi.hu\/wp-content\/uploads\/2023\/04\/12-225x300.jpg 225w, https:\/\/aradiovi.hu\/wp-content\/uploads\/2023\/04\/12.jpg 1536w\" sizes=\"auto, (max-width: 720px) 100vw, 720px\" \/><\/a><\/p>\n<p><a href=\"http:\/\/www.aradiovi.hu\/wp-content\/uploads\/2023\/04\/13.jpg\"><img loading=\"lazy\" decoding=\"async\" class=\"aligncenter size-large wp-image-2410\" src=\"http:\/\/www.aradiovi.hu\/wp-content\/uploads\/2023\/04\/13-768x1024.jpg\" alt=\"\" width=\"720\" height=\"960\" srcset=\"https:\/\/aradiovi.hu\/wp-content\/uploads\/2023\/04\/13-768x1024.jpg 768w, https:\/\/aradiovi.hu\/wp-content\/uploads\/2023\/04\/13-225x300.jpg 225w, https:\/\/aradiovi.hu\/wp-content\/uploads\/2023\/04\/13.jpg 1536w\" sizes=\"auto, (max-width: 720px) 100vw, 720px\" \/><\/a><\/p>\n<p><a href=\"http:\/\/www.aradiovi.hu\/wp-content\/uploads\/2023\/04\/14.jpg\"><img loading=\"lazy\" decoding=\"async\" class=\"aligncenter size-large wp-image-2411\" src=\"http:\/\/www.aradiovi.hu\/wp-content\/uploads\/2023\/04\/14-461x1024.jpg\" alt=\"\" width=\"461\" height=\"1024\" srcset=\"https:\/\/aradiovi.hu\/wp-content\/uploads\/2023\/04\/14-461x1024.jpg 461w, https:\/\/aradiovi.hu\/wp-content\/uploads\/2023\/04\/14-135x300.jpg 135w, https:\/\/aradiovi.hu\/wp-content\/uploads\/2023\/04\/14-768x1708.jpg 768w, https:\/\/aradiovi.hu\/wp-content\/uploads\/2023\/04\/14.jpg 921w\" sizes=\"auto, (max-width: 461px) 100vw, 461px\" \/><\/a><\/p>\n<p><a href=\"http:\/\/www.aradiovi.hu\/wp-content\/uploads\/2023\/04\/15.jpg\"><img loading=\"lazy\" decoding=\"async\" class=\"aligncenter size-large wp-image-2412\" src=\"http:\/\/www.aradiovi.hu\/wp-content\/uploads\/2023\/04\/15-461x1024.jpg\" alt=\"\" width=\"461\" height=\"1024\" srcset=\"https:\/\/aradiovi.hu\/wp-content\/uploads\/2023\/04\/15-461x1024.jpg 461w, https:\/\/aradiovi.hu\/wp-content\/uploads\/2023\/04\/15-135x300.jpg 135w, https:\/\/aradiovi.hu\/wp-content\/uploads\/2023\/04\/15-768x1708.jpg 768w, https:\/\/aradiovi.hu\/wp-content\/uploads\/2023\/04\/15.jpg 921w\" sizes=\"auto, (max-width: 461px) 100vw, 461px\" \/><\/a><\/p>\n<p><a href=\"http:\/\/www.aradiovi.hu\/wp-content\/uploads\/2023\/04\/16.jpg\"><img loading=\"lazy\" decoding=\"async\" class=\"aligncenter size-large wp-image-2413\" src=\"http:\/\/www.aradiovi.hu\/wp-content\/uploads\/2023\/04\/16-461x1024.jpg\" alt=\"\" width=\"461\" height=\"1024\" srcset=\"https:\/\/aradiovi.hu\/wp-content\/uploads\/2023\/04\/16-461x1024.jpg 461w, https:\/\/aradiovi.hu\/wp-content\/uploads\/2023\/04\/16-135x300.jpg 135w, https:\/\/aradiovi.hu\/wp-content\/uploads\/2023\/04\/16-768x1708.jpg 768w, https:\/\/aradiovi.hu\/wp-content\/uploads\/2023\/04\/16.jpg 921w\" sizes=\"auto, (max-width: 461px) 100vw, 461px\" \/><\/a><\/p>\n<p>&nbsp;<\/p>\n","protected":false},"excerpt":{"rendered":"<p>Fontos, hogy bizonyos t\u00e9m\u00e1kra kora gyermekkort\u00f3l \u00e9rz\u00e9keny\u00edtve legyenek a gyermekeink. K\u00f6sz\u00f6nj\u00fck a\u00a0Bar\u00e1thegyi Vakok \u00e9s Gyeng\u00e9nl\u00e1t\u00f3k K\u00f6z\u00e9p-Magyarorsz\u00e1gi Egyes\u00fclet\u00e9nek \u00e9s \u00dajpest \u00d6nkorm\u00e1nyzat\u00e1nak a remek lehet\u0151s\u00e9get, hogy gyermekeink r\u00e9szt vehettek ezen a nagyszer\u0171 programon! &nbsp;<\/p>\n","protected":false},"author":1,"featured_media":0,"parent":0,"menu_order":0,"comment_status":"closed","ping_status":"closed","template":"","meta":{"footnotes":""},"class_list":["post-2397","page","type-page","status-publish","hentry"],"_links":{"self":[{"href":"https:\/\/aradiovi.hu\/index.php?rest_route=\/wp\/v2\/pages\/2397","targetHints":{"allow":["GET"]}}],"collection":[{"href":"https:\/\/aradiovi.hu\/index.php?rest_route=\/wp\/v2\/pages"}],"about":[{"href":"https:\/\/aradiovi.hu\/index.php?rest_route=\/wp\/v2\/types\/page"}],"author":[{"embeddable":true,"href":"https:\/\/aradiovi.hu\/index.php?rest_route=\/wp\/v2\/users\/1"}],"replies":[{"embeddable":true,"href":"https:\/\/aradiovi.hu\/index.php?rest_route=%2Fwp%2Fv2%2Fcomments&post=2397"}],"version-history":[{"count":1,"href":"https:\/\/aradiovi.hu\/index.php?rest_route=\/wp\/v2\/pages\/2397\/revisions"}],"predecessor-version":[{"id":2415,"href":"https:\/\/aradiovi.hu\/index.php?rest_route=\/wp\/v2\/pages\/2397\/revisions\/2415"}],"wp:attachment":[{"href":"https:\/\/aradiovi.hu\/index.php?rest_route=%2Fwp%2Fv2%2Fmedia&parent=2397"}],"curies":[{"name":"wp","href":"https:\/\/api.w.org\/{rel}","templated":true}]}}