{"id":24,"date":"2016-12-25T11:23:22","date_gmt":"2016-12-25T11:23:22","guid":{"rendered":"http:\/\/www.aradiovoda.hu\/?page_id=24"},"modified":"2026-03-26T15:55:37","modified_gmt":"2026-03-26T15:55:37","slug":"kifestok","status":"publish","type":"page","link":"https:\/\/aradiovi.hu\/?page_id=24","title":{"rendered":"Dolgoz\u00f3ink"},"content":{"rendered":"<p><span style=\"color: #3366ff;\">Az irod\u00e1ban<\/span><\/p>\n<p>B\u0151szn\u00e9 Stof\u00e1n M\u00f3nika, igazgat\u00f3 (szakvizsg\u00e1zott pedag\u00f3gus)<\/p>\n<p>Antal Erika, \u00f3vodatitk\u00e1r (\u00e9retts\u00e9gi)<\/p>\n<p>Hajn\u00e1k Erzs\u00e9bet (\u00e9retts\u00e9gi)<\/p>\n<p>&nbsp;<\/p>\n<p><span style=\"color: #3366ff;\">Hintapaci csoport<\/span><\/p>\n<p>Kiss Judit, \u00f3vodapedag\u00f3gus, igazgat\u00f3-helyettes (f\u0151iskola)<\/p>\n<p>Kov\u00e1cs-Szarka Szilvia, \u00f3vodapedag\u00f3gus (f\u0151iskola)<\/p>\n<p>N\u00e1dasi Katalin, dajka n\u00e9ni (szakmunk\u00e1s)<\/p>\n<p>&nbsp;<\/p>\n<p><span style=\"color: #3366ff;\">Holdf\u00e9ny csoport<\/span><\/p>\n<p>H\u00e9ritzn\u00e9 Tanyi M\u00f3nika, \u00f3vodapedag\u00f3gus (f\u0151iskola)<\/p>\n<p>Tak\u00e1csn\u00e9 Kavin M\u00e1ria, \u00f3vodapedag\u00f3gus (f\u0151iskola, Alapoz\u00f3 mozg\u00e1sterapeuta, Homloklebeny terapeuta)<\/p>\n<p>Jakab Gy\u00f6ngyike, dajka n\u00e9ni (szakmunk\u00e1s)<\/p>\n<p>Markovitsn\u00e9 Som Andrea, pedag\u00f3giai asszisztens (\u00e9retts\u00e9gi)<\/p>\n<p>&nbsp;<\/p>\n<p><span style=\"color: #3366ff;\">Kisvakond csoport<\/span><\/p>\n<p>Nagyn\u00e9 Kele T\u00edmea, \u00f3vodapedag\u00f3gus (f\u0151iskola+fejleszt\u0151pedag\u00f3gus szakvizsga)<\/p>\n<p>T\u00f3thn\u00e9 Wenczl \u00c9va, \u00f3vodapedag\u00f3gus (f\u0151iskola+ dr\u00e1mapedag\u00f3gus szakvizsga)<\/p>\n<p>Szab\u00f3n\u00e9 Simon Be\u00e1ta, dajka n\u00e9ni (szakmunk\u00e1s)<\/p>\n<p>&nbsp;<\/p>\n<p><span style=\"color: #3366ff;\">Pillang\u00f3 csoport<\/span><\/p>\n<p>K\u00f6vi M\u00e1ria Em\u00edlia, \u00f3vodapedag\u00f3gus, igazgat\u00f3-helyettes (f\u0151iskola)<\/p>\n<p>Feh\u00e9r M\u00f3nika, \u00f3vodapedag\u00f3gus (f\u0151iskola)<\/p>\n<p>Nyitrain\u00e9 Mogyor\u00f3si Andrea, pedag\u00f3giai asszisztens (szakk\u00e9pzett pedag\u00f3giai \u00e9s gy\u00f3gypedag\u00f3giai asszisztens, diplom\u00e1s kisgyermeknevel\u0151, \u00f3vodai nevel\u0151)<\/p>\n<p>Szalai Mikl\u00f3sn\u00e9, Eszter n\u00e9ni, dajka n\u00e9ni (szakk\u00e9pzett dajka)<\/p>\n<p>&nbsp;<\/p>\n<p><span style=\"color: #0000ff;\">Mazsola csoport<\/span><\/p>\n<p>Sz\u00f6kr\u00f6n Anita, \u00d3vodapedag\u00f3gus (f\u0151iskola+fejleszt\u0151pedag\u00f3gus)<\/p>\n<p>Szekeres Orsolya, \u00f3vodapedag\u00f3gus (f\u0151iskola+fejleszt\u0151pedag\u00f3gus)<\/p>\n<p>Szab\u00f3 T\u00edmea, dajka n\u00e9ni (\u00e9retts\u00e9gi, szakk\u00e9pzett pedag\u00f3giai asszisztens, \u00f3vodai nevel\u0151)<\/p>\n<p>&nbsp;<\/p>\n<p><span style=\"color: #0000ff;\">Kismack\u00f3 csoport<\/span><\/p>\n<p>Moln\u00e1r \u00c9va, \u00f3vodapedag\u00f3gus (f\u0151iskola)<\/p>\n<p>K\u0151szegin\u00e9 M\u00e1ri Erzs\u00e9bet \u00f3vodapedag\u00f3gus (\u00e9retts\u00e9gi+ fejleszt\u0151pedag\u00f3gus)<\/p>\n<p>Nagy Tam\u00e1sn\u00e9, Kelemen T\u00fcnde, dajka n\u00e9ni (\u00e9retts\u00e9gi, szakk\u00e9pzett pedag\u00f3giai asszisztens, \u00f3vodai nevel\u0151)<\/p>\n<p>&nbsp;<\/p>\n<p><span style=\"color: #0000ff;\">Mad\u00e1rka csoport<\/span><\/p>\n<p>Czepin Margit, \u00f3vodapedag\u00f3gus (f\u0151iskola+fejleszt\u0151pedag\u00f3gus szakvizsga)<\/p>\n<p>Madaczki L\u00e1szl\u00f3n\u00e9, Judit \u00f3vodapedag\u00f3gus (f\u0151iskola)<\/p>\n<p>Nagyn\u00e9 Kardos Csilla, dajka n\u00e9ni (\u00e9retts\u00e9gi, szakk\u00e9pzett dajka)<\/p>\n<p>Reszler L\u00edvia\u00a0, dajka n\u00e9ni (\u00e9retts\u00e9gi, szakk\u00e9pzett pedag\u00f3giai asszisztens)<\/p>\n<p>&nbsp;<\/p>\n<p><span style=\"color: #3366ff;\">S\u00fcni csoport<\/span><\/p>\n<p>N\u00e9methn\u00e9 Pika Julianna, \u00f3vodapedag\u00f3gus (f\u0151iskola)<\/p>\n<p>Simai-Iv\u00e1n Ildik\u00f3, \u00f3vodapedag\u00f3gus (f\u0151iskola)<\/p>\n<p>Szil\u00e1gyi M\u00e1rta, dajka n\u00e9ni (szakk\u00e9pzett dajka)<\/p>\n<p>&nbsp;<\/p>\n<p>&nbsp;<\/p>\n<p><span style=\"color: #3366ff;\">A gyerekek gondoz\u00e1s\u00e1t, nevel\u00e9s\u00e9t seg\u00edtik, k\u00f6rnyezet\u00fcket sz\u00e9p\u00edtik:<\/span><\/p>\n<p>Andr\u00e1s-Simk\u00f3 Zs\u00f3fia, \u00f3vodapszichol\u00f3gus (egyetem)<\/p>\n<p>Vighn\u00e9 T\u00f6lgyesi Zs\u00f3fia, gy\u00f3gypedag\u00f3gus (egyetem)<\/p>\n<p>Menyesz Ildik\u00f3, f\u00f6ldszinti konyha (szakmunk\u00e1s)<\/p>\n<p>Bencsik P\u00e9tern\u00e9, Czak\u00f3 Erika, emeleti konyha (szakmunk\u00e1s)<\/p>\n<p>B\u00e1n Zsolt, gondnok (szakmunk\u00e1s)<\/p>\n<p>&nbsp;<\/p>\n<p>SNI-s gyermekek szakszer\u0171 fejleszt\u00e9s\u00e9t az EGYMI\u00a0utaz\u00f3\u00a0gy\u00f3gypedag\u00f3gusai \u00e9s logop\u00e9dusai l\u00e1tj\u00e1k el.<\/p>\n<p>A BTMN gyermekek szakszer\u0171 megseg\u00edt\u00e9s\u00e9t a Szakszolg\u00e1lat gy\u00f3gypedag\u00f3gusai, fejleszt\u0151i l\u00e1tj\u00e1k el.<\/p>\n<p>&nbsp;<\/p>\n","protected":false},"excerpt":{"rendered":"<p>Az irod\u00e1ban B\u0151szn\u00e9 Stof\u00e1n M\u00f3nika, igazgat\u00f3 (szakvizsg\u00e1zott pedag\u00f3gus) Antal Erika, \u00f3vodatitk\u00e1r (\u00e9retts\u00e9gi) Hajn\u00e1k Erzs\u00e9bet (\u00e9retts\u00e9gi) &nbsp; Hintapaci csoport Kiss Judit, \u00f3vodapedag\u00f3gus, igazgat\u00f3-helyettes (f\u0151iskola) Kov\u00e1cs-Szarka Szilvia, \u00f3vodapedag\u00f3gus (f\u0151iskola) N\u00e1dasi Katalin, dajka n\u00e9ni (szakmunk\u00e1s) &nbsp; Holdf\u00e9ny csoport H\u00e9ritzn\u00e9 Tanyi M\u00f3nika, \u00f3vodapedag\u00f3gus (f\u0151iskola)<\/p>\n","protected":false},"author":1,"featured_media":0,"parent":23,"menu_order":0,"comment_status":"closed","ping_status":"closed","template":"","meta":{"footnotes":""},"class_list":["post-24","page","type-page","status-publish","hentry"],"_links":{"self":[{"href":"https:\/\/aradiovi.hu\/index.php?rest_route=\/wp\/v2\/pages\/24","targetHints":{"allow":["GET"]}}],"collection":[{"href":"https:\/\/aradiovi.hu\/index.php?rest_route=\/wp\/v2\/pages"}],"about":[{"href":"https:\/\/aradiovi.hu\/index.php?rest_route=\/wp\/v2\/types\/page"}],"author":[{"embeddable":true,"href":"https:\/\/aradiovi.hu\/index.php?rest_route=\/wp\/v2\/users\/1"}],"replies":[{"embeddable":true,"href":"https:\/\/aradiovi.hu\/index.php?rest_route=%2Fwp%2Fv2%2Fcomments&post=24"}],"version-history":[{"count":49,"href":"https:\/\/aradiovi.hu\/index.php?rest_route=\/wp\/v2\/pages\/24\/revisions"}],"predecessor-version":[{"id":3228,"href":"https:\/\/aradiovi.hu\/index.php?rest_route=\/wp\/v2\/pages\/24\/revisions\/3228"}],"up":[{"embeddable":true,"href":"https:\/\/aradiovi.hu\/index.php?rest_route=\/wp\/v2\/pages\/23"}],"wp:attachment":[{"href":"https:\/\/aradiovi.hu\/index.php?rest_route=%2Fwp%2Fv2%2Fmedia&parent=24"}],"curies":[{"name":"wp","href":"https:\/\/api.w.org\/{rel}","templated":true}]}}