{"id":2494,"date":"2023-10-18T15:55:22","date_gmt":"2023-10-18T15:55:22","guid":{"rendered":"http:\/\/www.aradiovi.hu\/?page_id=2494"},"modified":"2023-10-18T15:55:28","modified_gmt":"2023-10-18T15:55:28","slug":"barka-allatsimogato","status":"publish","type":"page","link":"https:\/\/aradiovi.hu\/?page_id=2494","title":{"rendered":"Barka \u00e1llatsimogat\u00f3"},"content":{"rendered":"<p>\u00dajpest \u00d6nkorm\u00e1nyzat\u00e1nak \u00e9s a Barka \u00c1llatsimogat\u00f3 j\u00f3volt\u00e1b\u00f3l a gyerekek a d\u00e9lel\u0151tt folyam\u00e1n barikat, kecsk\u00e9ket \u00e9s nyuszikat simogathattak.<br \/>\n<img loading=\"lazy\" decoding=\"async\" class=\"aligncenter size-large wp-image-2495\" src=\"http:\/\/www.aradiovi.hu\/wp-content\/uploads\/2023\/10\/1-1-1024x768.jpg\" alt=\"\" width=\"720\" height=\"540\" srcset=\"https:\/\/aradiovi.hu\/wp-content\/uploads\/2023\/10\/1-1-1024x768.jpg 1024w, https:\/\/aradiovi.hu\/wp-content\/uploads\/2023\/10\/1-1-300x225.jpg 300w, https:\/\/aradiovi.hu\/wp-content\/uploads\/2023\/10\/1-1-768x576.jpg 768w, https:\/\/aradiovi.hu\/wp-content\/uploads\/2023\/10\/1-1.jpg 2048w\" sizes=\"auto, (max-width: 720px) 100vw, 720px\" \/><\/p>\n<p><img loading=\"lazy\" decoding=\"async\" class=\"aligncenter size-large wp-image-2496\" src=\"http:\/\/www.aradiovi.hu\/wp-content\/uploads\/2023\/10\/2-1-1024x768.jpg\" alt=\"\" width=\"720\" height=\"540\" srcset=\"https:\/\/aradiovi.hu\/wp-content\/uploads\/2023\/10\/2-1-1024x768.jpg 1024w, https:\/\/aradiovi.hu\/wp-content\/uploads\/2023\/10\/2-1-300x225.jpg 300w, https:\/\/aradiovi.hu\/wp-content\/uploads\/2023\/10\/2-1-768x576.jpg 768w, https:\/\/aradiovi.hu\/wp-content\/uploads\/2023\/10\/2-1.jpg 2048w\" sizes=\"auto, (max-width: 720px) 100vw, 720px\" \/><\/p>\n<p><a href=\"http:\/\/www.aradiovi.hu\/wp-content\/uploads\/2023\/10\/3-1.jpg\"><img loading=\"lazy\" decoding=\"async\" class=\"aligncenter size-large wp-image-2497\" src=\"http:\/\/www.aradiovi.hu\/wp-content\/uploads\/2023\/10\/3-1-768x1024.jpg\" alt=\"\" width=\"720\" height=\"960\" srcset=\"https:\/\/aradiovi.hu\/wp-content\/uploads\/2023\/10\/3-1-768x1024.jpg 768w, https:\/\/aradiovi.hu\/wp-content\/uploads\/2023\/10\/3-1-225x300.jpg 225w, https:\/\/aradiovi.hu\/wp-content\/uploads\/2023\/10\/3-1.jpg 1536w\" sizes=\"auto, (max-width: 720px) 100vw, 720px\" \/><\/a><\/p>\n<p><a href=\"http:\/\/www.aradiovi.hu\/wp-content\/uploads\/2023\/10\/4-1.jpg\"><img loading=\"lazy\" decoding=\"async\" class=\"aligncenter size-large wp-image-2498\" src=\"http:\/\/www.aradiovi.hu\/wp-content\/uploads\/2023\/10\/4-1-1024x768.jpg\" alt=\"\" width=\"720\" height=\"540\" srcset=\"https:\/\/aradiovi.hu\/wp-content\/uploads\/2023\/10\/4-1-1024x768.jpg 1024w, https:\/\/aradiovi.hu\/wp-content\/uploads\/2023\/10\/4-1-300x225.jpg 300w, https:\/\/aradiovi.hu\/wp-content\/uploads\/2023\/10\/4-1-768x576.jpg 768w, https:\/\/aradiovi.hu\/wp-content\/uploads\/2023\/10\/4-1.jpg 2048w\" sizes=\"auto, (max-width: 720px) 100vw, 720px\" \/><\/a><\/p>\n<p><a href=\"http:\/\/www.aradiovi.hu\/wp-content\/uploads\/2023\/10\/5-1.jpg\"><img loading=\"lazy\" decoding=\"async\" class=\"aligncenter size-large wp-image-2499\" src=\"http:\/\/www.aradiovi.hu\/wp-content\/uploads\/2023\/10\/5-1-768x1024.jpg\" alt=\"\" width=\"720\" height=\"960\" srcset=\"https:\/\/aradiovi.hu\/wp-content\/uploads\/2023\/10\/5-1-768x1024.jpg 768w, https:\/\/aradiovi.hu\/wp-content\/uploads\/2023\/10\/5-1-225x300.jpg 225w, https:\/\/aradiovi.hu\/wp-content\/uploads\/2023\/10\/5-1.jpg 1536w\" sizes=\"auto, (max-width: 720px) 100vw, 720px\" \/><\/a><\/p>\n<p><a href=\"http:\/\/www.aradiovi.hu\/wp-content\/uploads\/2023\/10\/6-1.jpg\"><img loading=\"lazy\" decoding=\"async\" class=\"aligncenter size-large wp-image-2500\" src=\"http:\/\/www.aradiovi.hu\/wp-content\/uploads\/2023\/10\/6-1-768x1024.jpg\" alt=\"\" width=\"720\" height=\"960\" srcset=\"https:\/\/aradiovi.hu\/wp-content\/uploads\/2023\/10\/6-1-768x1024.jpg 768w, https:\/\/aradiovi.hu\/wp-content\/uploads\/2023\/10\/6-1-225x300.jpg 225w, https:\/\/aradiovi.hu\/wp-content\/uploads\/2023\/10\/6-1.jpg 1536w\" sizes=\"auto, (max-width: 720px) 100vw, 720px\" \/><\/a><\/p>\n<p><a href=\"http:\/\/www.aradiovi.hu\/wp-content\/uploads\/2023\/10\/7-1.jpg\"><img loading=\"lazy\" decoding=\"async\" class=\"aligncenter size-large wp-image-2501\" src=\"http:\/\/www.aradiovi.hu\/wp-content\/uploads\/2023\/10\/7-1-768x1024.jpg\" alt=\"\" width=\"720\" height=\"960\" srcset=\"https:\/\/aradiovi.hu\/wp-content\/uploads\/2023\/10\/7-1-768x1024.jpg 768w, https:\/\/aradiovi.hu\/wp-content\/uploads\/2023\/10\/7-1-225x300.jpg 225w, https:\/\/aradiovi.hu\/wp-content\/uploads\/2023\/10\/7-1.jpg 1536w\" sizes=\"auto, (max-width: 720px) 100vw, 720px\" \/><\/a><\/p>\n<p><a href=\"http:\/\/www.aradiovi.hu\/wp-content\/uploads\/2023\/10\/8-1.jpg\"><img loading=\"lazy\" decoding=\"async\" class=\"aligncenter size-large wp-image-2502\" src=\"http:\/\/www.aradiovi.hu\/wp-content\/uploads\/2023\/10\/8-1-768x1024.jpg\" alt=\"\" width=\"720\" height=\"960\" srcset=\"https:\/\/aradiovi.hu\/wp-content\/uploads\/2023\/10\/8-1-768x1024.jpg 768w, https:\/\/aradiovi.hu\/wp-content\/uploads\/2023\/10\/8-1-225x300.jpg 225w, https:\/\/aradiovi.hu\/wp-content\/uploads\/2023\/10\/8-1.jpg 1536w\" sizes=\"auto, (max-width: 720px) 100vw, 720px\" \/><\/a><\/p>\n<p><a href=\"http:\/\/www.aradiovi.hu\/wp-content\/uploads\/2023\/10\/9-1.jpg\"><img loading=\"lazy\" decoding=\"async\" class=\"aligncenter size-large wp-image-2503\" src=\"http:\/\/www.aradiovi.hu\/wp-content\/uploads\/2023\/10\/9-1-768x1024.jpg\" alt=\"\" width=\"720\" height=\"960\" srcset=\"https:\/\/aradiovi.hu\/wp-content\/uploads\/2023\/10\/9-1-768x1024.jpg 768w, https:\/\/aradiovi.hu\/wp-content\/uploads\/2023\/10\/9-1-225x300.jpg 225w, https:\/\/aradiovi.hu\/wp-content\/uploads\/2023\/10\/9-1.jpg 1536w\" sizes=\"auto, (max-width: 720px) 100vw, 720px\" \/><\/a><\/p>\n<p><a href=\"http:\/\/www.aradiovi.hu\/wp-content\/uploads\/2023\/10\/10-1.jpg\"><img loading=\"lazy\" decoding=\"async\" class=\"aligncenter size-large wp-image-2504\" src=\"http:\/\/www.aradiovi.hu\/wp-content\/uploads\/2023\/10\/10-1-1024x768.jpg\" alt=\"\" width=\"720\" height=\"540\" srcset=\"https:\/\/aradiovi.hu\/wp-content\/uploads\/2023\/10\/10-1-1024x768.jpg 1024w, https:\/\/aradiovi.hu\/wp-content\/uploads\/2023\/10\/10-1-300x225.jpg 300w, https:\/\/aradiovi.hu\/wp-content\/uploads\/2023\/10\/10-1-768x576.jpg 768w, https:\/\/aradiovi.hu\/wp-content\/uploads\/2023\/10\/10-1.jpg 2048w\" sizes=\"auto, (max-width: 720px) 100vw, 720px\" \/><\/a><\/p>\n<p><a href=\"http:\/\/www.aradiovi.hu\/wp-content\/uploads\/2023\/10\/11-1.jpg\"><img loading=\"lazy\" decoding=\"async\" class=\"aligncenter size-large wp-image-2505\" src=\"http:\/\/www.aradiovi.hu\/wp-content\/uploads\/2023\/10\/11-1-768x1024.jpg\" alt=\"\" width=\"720\" height=\"960\" srcset=\"https:\/\/aradiovi.hu\/wp-content\/uploads\/2023\/10\/11-1-768x1024.jpg 768w, https:\/\/aradiovi.hu\/wp-content\/uploads\/2023\/10\/11-1-225x300.jpg 225w, https:\/\/aradiovi.hu\/wp-content\/uploads\/2023\/10\/11-1.jpg 1536w\" sizes=\"auto, (max-width: 720px) 100vw, 720px\" \/><\/a><\/p>\n<p><a href=\"http:\/\/www.aradiovi.hu\/wp-content\/uploads\/2023\/10\/12-1.jpg\"><img loading=\"lazy\" decoding=\"async\" class=\"aligncenter size-large wp-image-2506\" src=\"http:\/\/www.aradiovi.hu\/wp-content\/uploads\/2023\/10\/12-1-461x1024.jpg\" alt=\"\" width=\"461\" height=\"1024\" srcset=\"https:\/\/aradiovi.hu\/wp-content\/uploads\/2023\/10\/12-1-461x1024.jpg 461w, https:\/\/aradiovi.hu\/wp-content\/uploads\/2023\/10\/12-1-135x300.jpg 135w, https:\/\/aradiovi.hu\/wp-content\/uploads\/2023\/10\/12-1-768x1706.jpg 768w, https:\/\/aradiovi.hu\/wp-content\/uploads\/2023\/10\/12-1.jpg 922w\" sizes=\"auto, (max-width: 461px) 100vw, 461px\" \/><\/a><\/p>\n<p><a href=\"http:\/\/www.aradiovi.hu\/wp-content\/uploads\/2023\/10\/13-1.jpg\"><img loading=\"lazy\" decoding=\"async\" class=\"aligncenter size-large wp-image-2507\" src=\"http:\/\/www.aradiovi.hu\/wp-content\/uploads\/2023\/10\/13-1-461x1024.jpg\" alt=\"\" width=\"461\" height=\"1024\" srcset=\"https:\/\/aradiovi.hu\/wp-content\/uploads\/2023\/10\/13-1-461x1024.jpg 461w, https:\/\/aradiovi.hu\/wp-content\/uploads\/2023\/10\/13-1-135x300.jpg 135w, https:\/\/aradiovi.hu\/wp-content\/uploads\/2023\/10\/13-1-768x1706.jpg 768w, https:\/\/aradiovi.hu\/wp-content\/uploads\/2023\/10\/13-1.jpg 922w\" sizes=\"auto, (max-width: 461px) 100vw, 461px\" \/><\/a><\/p>\n<p><a href=\"http:\/\/www.aradiovi.hu\/wp-content\/uploads\/2023\/10\/15-1.jpg\"><img loading=\"lazy\" decoding=\"async\" class=\"aligncenter size-large wp-image-2508\" src=\"http:\/\/www.aradiovi.hu\/wp-content\/uploads\/2023\/10\/15-1-461x1024.jpg\" alt=\"\" width=\"461\" height=\"1024\" srcset=\"https:\/\/aradiovi.hu\/wp-content\/uploads\/2023\/10\/15-1-461x1024.jpg 461w, https:\/\/aradiovi.hu\/wp-content\/uploads\/2023\/10\/15-1-135x300.jpg 135w, https:\/\/aradiovi.hu\/wp-content\/uploads\/2023\/10\/15-1-768x1706.jpg 768w, https:\/\/aradiovi.hu\/wp-content\/uploads\/2023\/10\/15-1.jpg 922w\" sizes=\"auto, (max-width: 461px) 100vw, 461px\" \/><\/a><\/p>\n<p><a href=\"http:\/\/www.aradiovi.hu\/wp-content\/uploads\/2023\/10\/16-1.jpg\"><img loading=\"lazy\" decoding=\"async\" class=\"aligncenter size-large wp-image-2509\" src=\"http:\/\/www.aradiovi.hu\/wp-content\/uploads\/2023\/10\/16-1-461x1024.jpg\" alt=\"\" width=\"461\" height=\"1024\" srcset=\"https:\/\/aradiovi.hu\/wp-content\/uploads\/2023\/10\/16-1-461x1024.jpg 461w, https:\/\/aradiovi.hu\/wp-content\/uploads\/2023\/10\/16-1-135x300.jpg 135w, https:\/\/aradiovi.hu\/wp-content\/uploads\/2023\/10\/16-1-768x1706.jpg 768w, https:\/\/aradiovi.hu\/wp-content\/uploads\/2023\/10\/16-1.jpg 922w\" sizes=\"auto, (max-width: 461px) 100vw, 461px\" \/><\/a><\/p>\n<p><a href=\"http:\/\/www.aradiovi.hu\/wp-content\/uploads\/2023\/10\/17-1.jpg\"><img loading=\"lazy\" decoding=\"async\" class=\"aligncenter size-large wp-image-2510\" src=\"http:\/\/www.aradiovi.hu\/wp-content\/uploads\/2023\/10\/17-1-461x1024.jpg\" alt=\"\" width=\"461\" height=\"1024\" srcset=\"https:\/\/aradiovi.hu\/wp-content\/uploads\/2023\/10\/17-1-461x1024.jpg 461w, https:\/\/aradiovi.hu\/wp-content\/uploads\/2023\/10\/17-1-135x300.jpg 135w, https:\/\/aradiovi.hu\/wp-content\/uploads\/2023\/10\/17-1-768x1706.jpg 768w, https:\/\/aradiovi.hu\/wp-content\/uploads\/2023\/10\/17-1.jpg 922w\" sizes=\"auto, (max-width: 461px) 100vw, 461px\" \/><\/a><\/p>\n<p><a href=\"http:\/\/www.aradiovi.hu\/wp-content\/uploads\/2023\/10\/18-1.jpg\"><img loading=\"lazy\" decoding=\"async\" class=\"aligncenter size-large wp-image-2511\" src=\"http:\/\/www.aradiovi.hu\/wp-content\/uploads\/2023\/10\/18-1-461x1024.jpg\" alt=\"\" width=\"461\" height=\"1024\" srcset=\"https:\/\/aradiovi.hu\/wp-content\/uploads\/2023\/10\/18-1-461x1024.jpg 461w, https:\/\/aradiovi.hu\/wp-content\/uploads\/2023\/10\/18-1-135x300.jpg 135w, https:\/\/aradiovi.hu\/wp-content\/uploads\/2023\/10\/18-1-768x1706.jpg 768w, https:\/\/aradiovi.hu\/wp-content\/uploads\/2023\/10\/18-1.jpg 922w\" sizes=\"auto, (max-width: 461px) 100vw, 461px\" \/><\/a><\/p>\n<p><a href=\"http:\/\/www.aradiovi.hu\/wp-content\/uploads\/2023\/10\/19-1.jpg\"><img loading=\"lazy\" decoding=\"async\" class=\"aligncenter size-large wp-image-2512\" src=\"http:\/\/www.aradiovi.hu\/wp-content\/uploads\/2023\/10\/19-1-461x1024.jpg\" alt=\"\" width=\"461\" height=\"1024\" srcset=\"https:\/\/aradiovi.hu\/wp-content\/uploads\/2023\/10\/19-1-461x1024.jpg 461w, https:\/\/aradiovi.hu\/wp-content\/uploads\/2023\/10\/19-1-135x300.jpg 135w, https:\/\/aradiovi.hu\/wp-content\/uploads\/2023\/10\/19-1-768x1706.jpg 768w, https:\/\/aradiovi.hu\/wp-content\/uploads\/2023\/10\/19-1.jpg 922w\" sizes=\"auto, (max-width: 461px) 100vw, 461px\" \/><\/a><\/p>\n<p><a href=\"http:\/\/www.aradiovi.hu\/wp-content\/uploads\/2023\/10\/20-1.jpg\"><img loading=\"lazy\" decoding=\"async\" class=\"aligncenter size-large wp-image-2513\" src=\"http:\/\/www.aradiovi.hu\/wp-content\/uploads\/2023\/10\/20-1-731x1024.jpg\" alt=\"\" width=\"720\" height=\"1009\" srcset=\"https:\/\/aradiovi.hu\/wp-content\/uploads\/2023\/10\/20-1-731x1024.jpg 731w, https:\/\/aradiovi.hu\/wp-content\/uploads\/2023\/10\/20-1-214x300.jpg 214w, https:\/\/aradiovi.hu\/wp-content\/uploads\/2023\/10\/20-1-768x1075.jpg 768w, https:\/\/aradiovi.hu\/wp-content\/uploads\/2023\/10\/20-1.jpg 1440w\" sizes=\"auto, (max-width: 720px) 100vw, 720px\" \/><\/a><\/p>\n<p><a href=\"http:\/\/www.aradiovi.hu\/wp-content\/uploads\/2023\/10\/21-1.jpg\"><img loading=\"lazy\" decoding=\"async\" class=\"aligncenter size-large wp-image-2514\" src=\"http:\/\/www.aradiovi.hu\/wp-content\/uploads\/2023\/10\/21-1-1024x768.jpg\" alt=\"\" width=\"720\" height=\"540\" srcset=\"https:\/\/aradiovi.hu\/wp-content\/uploads\/2023\/10\/21-1-1024x768.jpg 1024w, https:\/\/aradiovi.hu\/wp-content\/uploads\/2023\/10\/21-1-300x225.jpg 300w, https:\/\/aradiovi.hu\/wp-content\/uploads\/2023\/10\/21-1-768x576.jpg 768w, https:\/\/aradiovi.hu\/wp-content\/uploads\/2023\/10\/21-1.jpg 2048w\" sizes=\"auto, (max-width: 720px) 100vw, 720px\" \/><\/a><\/p>\n<p><a href=\"http:\/\/www.aradiovi.hu\/wp-content\/uploads\/2023\/10\/22-1.jpg\"><img loading=\"lazy\" decoding=\"async\" class=\"aligncenter size-large wp-image-2515\" src=\"http:\/\/www.aradiovi.hu\/wp-content\/uploads\/2023\/10\/22-1-768x1024.jpg\" alt=\"\" width=\"720\" height=\"960\" srcset=\"https:\/\/aradiovi.hu\/wp-content\/uploads\/2023\/10\/22-1-768x1024.jpg 768w, https:\/\/aradiovi.hu\/wp-content\/uploads\/2023\/10\/22-1-225x300.jpg 225w, https:\/\/aradiovi.hu\/wp-content\/uploads\/2023\/10\/22-1.jpg 1536w\" sizes=\"auto, (max-width: 720px) 100vw, 720px\" \/><\/a><\/p>\n<p><a href=\"http:\/\/www.aradiovi.hu\/wp-content\/uploads\/2023\/10\/23-1.jpg\"><img loading=\"lazy\" decoding=\"async\" class=\"aligncenter size-large wp-image-2516\" src=\"http:\/\/www.aradiovi.hu\/wp-content\/uploads\/2023\/10\/23-1-768x1024.jpg\" alt=\"\" width=\"720\" height=\"960\" srcset=\"https:\/\/aradiovi.hu\/wp-content\/uploads\/2023\/10\/23-1-768x1024.jpg 768w, https:\/\/aradiovi.hu\/wp-content\/uploads\/2023\/10\/23-1-225x300.jpg 225w, https:\/\/aradiovi.hu\/wp-content\/uploads\/2023\/10\/23-1.jpg 1536w\" sizes=\"auto, (max-width: 720px) 100vw, 720px\" \/><\/a><\/p>\n<p><a href=\"http:\/\/www.aradiovi.hu\/wp-content\/uploads\/2023\/10\/24-1.jpg\"><img loading=\"lazy\" decoding=\"async\" class=\"aligncenter size-large wp-image-2517\" src=\"http:\/\/www.aradiovi.hu\/wp-content\/uploads\/2023\/10\/24-1-768x1024.jpg\" alt=\"\" width=\"720\" height=\"960\" srcset=\"https:\/\/aradiovi.hu\/wp-content\/uploads\/2023\/10\/24-1-768x1024.jpg 768w, https:\/\/aradiovi.hu\/wp-content\/uploads\/2023\/10\/24-1-225x300.jpg 225w, https:\/\/aradiovi.hu\/wp-content\/uploads\/2023\/10\/24-1.jpg 1536w\" sizes=\"auto, (max-width: 720px) 100vw, 720px\" \/><\/a><\/p>\n<p><a href=\"http:\/\/www.aradiovi.hu\/wp-content\/uploads\/2023\/10\/25-1.jpg\"><img loading=\"lazy\" decoding=\"async\" class=\"aligncenter size-large wp-image-2518\" src=\"http:\/\/www.aradiovi.hu\/wp-content\/uploads\/2023\/10\/25-1-768x1024.jpg\" alt=\"\" width=\"720\" height=\"960\" srcset=\"https:\/\/aradiovi.hu\/wp-content\/uploads\/2023\/10\/25-1-768x1024.jpg 768w, https:\/\/aradiovi.hu\/wp-content\/uploads\/2023\/10\/25-1-225x300.jpg 225w, https:\/\/aradiovi.hu\/wp-content\/uploads\/2023\/10\/25-1.jpg 1536w\" sizes=\"auto, (max-width: 720px) 100vw, 720px\" \/><\/a><\/p>\n<p><a href=\"http:\/\/www.aradiovi.hu\/wp-content\/uploads\/2023\/10\/26-1.jpg\"><img loading=\"lazy\" decoding=\"async\" class=\"aligncenter size-large wp-image-2519\" src=\"http:\/\/www.aradiovi.hu\/wp-content\/uploads\/2023\/10\/26-1-768x1024.jpg\" alt=\"\" width=\"720\" height=\"960\" srcset=\"https:\/\/aradiovi.hu\/wp-content\/uploads\/2023\/10\/26-1-768x1024.jpg 768w, https:\/\/aradiovi.hu\/wp-content\/uploads\/2023\/10\/26-1-225x300.jpg 225w, https:\/\/aradiovi.hu\/wp-content\/uploads\/2023\/10\/26-1.jpg 1536w\" sizes=\"auto, (max-width: 720px) 100vw, 720px\" \/><\/a><\/p>\n<p><a href=\"http:\/\/www.aradiovi.hu\/wp-content\/uploads\/2023\/10\/27-1.jpg\"><img loading=\"lazy\" decoding=\"async\" class=\"aligncenter size-large wp-image-2520\" src=\"http:\/\/www.aradiovi.hu\/wp-content\/uploads\/2023\/10\/27-1-768x1024.jpg\" alt=\"\" width=\"720\" height=\"960\" srcset=\"https:\/\/aradiovi.hu\/wp-content\/uploads\/2023\/10\/27-1-768x1024.jpg 768w, https:\/\/aradiovi.hu\/wp-content\/uploads\/2023\/10\/27-1-225x300.jpg 225w, https:\/\/aradiovi.hu\/wp-content\/uploads\/2023\/10\/27-1.jpg 1536w\" sizes=\"auto, (max-width: 720px) 100vw, 720px\" \/><\/a><\/p>\n<p><a href=\"http:\/\/www.aradiovi.hu\/wp-content\/uploads\/2023\/10\/30-1.jpg\"><img loading=\"lazy\" decoding=\"async\" class=\"aligncenter size-large wp-image-2521\" src=\"http:\/\/www.aradiovi.hu\/wp-content\/uploads\/2023\/10\/30-1-768x1024.jpg\" alt=\"\" width=\"720\" height=\"960\" srcset=\"https:\/\/aradiovi.hu\/wp-content\/uploads\/2023\/10\/30-1-768x1024.jpg 768w, https:\/\/aradiovi.hu\/wp-content\/uploads\/2023\/10\/30-1-225x300.jpg 225w, https:\/\/aradiovi.hu\/wp-content\/uploads\/2023\/10\/30-1.jpg 1536w\" sizes=\"auto, (max-width: 720px) 100vw, 720px\" \/><\/a><\/p>\n<p><a href=\"http:\/\/www.aradiovi.hu\/wp-content\/uploads\/2023\/10\/31-1.jpg\"><img loading=\"lazy\" decoding=\"async\" class=\"aligncenter size-large wp-image-2522\" src=\"http:\/\/www.aradiovi.hu\/wp-content\/uploads\/2023\/10\/31-1-768x1024.jpg\" alt=\"\" width=\"720\" height=\"960\" srcset=\"https:\/\/aradiovi.hu\/wp-content\/uploads\/2023\/10\/31-1-768x1024.jpg 768w, https:\/\/aradiovi.hu\/wp-content\/uploads\/2023\/10\/31-1-225x300.jpg 225w, https:\/\/aradiovi.hu\/wp-content\/uploads\/2023\/10\/31-1.jpg 1536w\" sizes=\"auto, (max-width: 720px) 100vw, 720px\" \/><\/a><\/p>\n<p><a href=\"http:\/\/www.aradiovi.hu\/wp-content\/uploads\/2023\/10\/32-1.jpg\"><img loading=\"lazy\" decoding=\"async\" class=\"aligncenter size-large wp-image-2523\" src=\"http:\/\/www.aradiovi.hu\/wp-content\/uploads\/2023\/10\/32-1-768x1024.jpg\" alt=\"\" width=\"720\" height=\"960\" srcset=\"https:\/\/aradiovi.hu\/wp-content\/uploads\/2023\/10\/32-1-768x1024.jpg 768w, https:\/\/aradiovi.hu\/wp-content\/uploads\/2023\/10\/32-1-225x300.jpg 225w, https:\/\/aradiovi.hu\/wp-content\/uploads\/2023\/10\/32-1.jpg 1536w\" sizes=\"auto, (max-width: 720px) 100vw, 720px\" \/><\/a><\/p>\n<p>&nbsp;<\/p>\n","protected":false},"excerpt":{"rendered":"<p>\u00dajpest \u00d6nkorm\u00e1nyzat\u00e1nak \u00e9s a Barka \u00c1llatsimogat\u00f3 j\u00f3volt\u00e1b\u00f3l a gyerekek a d\u00e9lel\u0151tt folyam\u00e1n barikat, kecsk\u00e9ket \u00e9s nyuszikat simogathattak. &nbsp;<\/p>\n","protected":false},"author":1,"featured_media":0,"parent":0,"menu_order":0,"comment_status":"closed","ping_status":"closed","template":"","meta":{"footnotes":""},"class_list":["post-2494","page","type-page","status-publish","hentry"],"_links":{"self":[{"href":"https:\/\/aradiovi.hu\/index.php?rest_route=\/wp\/v2\/pages\/2494","targetHints":{"allow":["GET"]}}],"collection":[{"href":"https:\/\/aradiovi.hu\/index.php?rest_route=\/wp\/v2\/pages"}],"about":[{"href":"https:\/\/aradiovi.hu\/index.php?rest_route=\/wp\/v2\/types\/page"}],"author":[{"embeddable":true,"href":"https:\/\/aradiovi.hu\/index.php?rest_route=\/wp\/v2\/users\/1"}],"replies":[{"embeddable":true,"href":"https:\/\/aradiovi.hu\/index.php?rest_route=%2Fwp%2Fv2%2Fcomments&post=2494"}],"version-history":[{"count":1,"href":"https:\/\/aradiovi.hu\/index.php?rest_route=\/wp\/v2\/pages\/2494\/revisions"}],"predecessor-version":[{"id":2525,"href":"https:\/\/aradiovi.hu\/index.php?rest_route=\/wp\/v2\/pages\/2494\/revisions\/2525"}],"wp:attachment":[{"href":"https:\/\/aradiovi.hu\/index.php?rest_route=%2Fwp%2Fv2%2Fmedia&parent=2494"}],"curies":[{"name":"wp","href":"https:\/\/api.w.org\/{rel}","templated":true}]}}