{"id":251,"date":"2017-01-03T23:56:12","date_gmt":"2017-01-03T23:56:12","guid":{"rendered":"http:\/\/www.aradiovi.hu\/?page_id=251"},"modified":"2017-02-22T13:26:21","modified_gmt":"2017-02-22T13:26:21","slug":"elszamolas-az-ado-1-kal","status":"publish","type":"page","link":"https:\/\/aradiovi.hu\/?page_id=251","title":{"rendered":"Elsz\u00e1mol\u00e1s az ad\u00f3 1%-kal"},"content":{"rendered":"<p align=\"center\"><b>Elsz\u00e1mol\u00e1s a nek\u00fcnk utalt 1 %-okor\u00f3l<\/b><\/p>\n<p align=\"center\">\n<p align=\"center\">Tisztelt T\u00e1mogat\u00f3k!<\/p>\n<p align=\"center\"><b>2<\/b><b>015. \u00e9vi 1%<\/b><\/p>\n<p>A &#8222;Kudarc n\u00e9lk\u00fcl az iskol\u00e1ban&#8221; Prevent\u00edv \u00d3vodai Fejleszt\u0151 Program a Tanul\u00e1si Zavarok Megel\u0151z\u00e9s\u00e9re\u00a0Alap\u00edtv\u00e1ny (ad\u00f3sz\u00e1m: 18083402 &#8211; 1 &#8211; 41) kurat\u00f3riuma nev\u00e9ben <i><b>ez\u00faton fejezz\u00fck ki k\u00f6sz\u00f6net\u00fcnket azoknak, akik a<\/b><\/i> <b><i>2015.\u00a0\u00e9vi szem\u00e9lyi j\u00f6vedelemad\u00f3juk 1 %-\u00e1t<\/i><\/b> az Aradi \u00d3voda Alap\u00edtv\u00e1ny\u00e1nak aj\u00e1nlott\u00e1k fel.<\/p>\n<p>T\u00e1j\u00e9koztatjuk \u00d6n\u00f6ket, hogy az \u00edgy befolyt \u00f6sszeg 378.443,- Ft, melyet teljes eg\u00e9sz\u00e9ben sportszerek \u00e9s mozg\u00e1sfejleszt\u0151 eszk\u00f6z\u00f6k megv\u00e1s\u00e1rl\u00e1s\u00e1ra ford\u00edtottunk.<\/p>\n<p><i><b>K\u00f6sz\u00f6nj\u00fck t\u00e1mogat\u00f3inknak, hogy felaj\u00e1nl\u00e1sukkal seg\u00edtett\u00e9k alap\u00edtv\u00e1nyunkon kereszt\u00fcl az \u00f3voda m\u0171k\u00f6d\u00e9s\u00e9t, bar\u00e1ts\u00e1gosabb\u00e1, otthonosabb\u00e1 t\u00e9tel\u00e9t, a gyermekek j\u00e1t\u00e9kainak, ismeretterjeszt\u0151 k\u00f6nyveinek b\u0151v\u00edt\u00e9s\u00e9t, a kultur\u00e1lis \u00e9s szabadid\u0151s programok el\u00e9rhet\u0151s\u00e9g\u00e9t minden gyermek sz\u00e1m\u00e1ra.<\/b><\/i><\/p>\n<p>&nbsp;<\/p>\n<p>Budapest, 2017. 02. 22.<\/p>\n<p>&nbsp;<\/p>\n<p>K\u00f6sz\u00f6nettel a kurat\u00f3rium nev\u00e9ben:<\/p>\n<p>Kiss Judit, \u00f3vodapedag\u00f3gus, a kurat\u00f3rium eln\u00f6ke<\/p>\n<p>K\u00f6vi M\u00e1ria, \u00f3vodapedag\u00f3gus, int\u00e9zm\u00e9nyvezet\u0151 helyettes, a kurat\u00f3rium p\u00e9nzt\u00e1rosa<\/p>\n<p>&nbsp;<\/p>\n<p>&nbsp;<\/p>\n<p align=\"center\">Tisztelt T\u00e1mogat\u00f3k!<\/p>\n<p align=\"center\"><b>2<\/b><b>014. \u00e9vi 1%<\/b><\/p>\n<p>&nbsp;<\/p>\n<p>A &#8222;Kudarc n\u00e9lk\u00fcl az iskol\u00e1ban&#8221; Prevent\u00edv \u00d3vodai Fejleszt\u0151 Program a Tanul\u00e1si Zavarok<\/p>\n<p>Megel\u0151z\u00e9s\u00e9re\u00a0Alap\u00edtv\u00e1ny (ad\u00f3sz\u00e1m: 18083402 &#8211; 1 &#8211; 41) kurat\u00f3riuma nev\u00e9ben <i><b>ez\u00faton fejezz\u00fck ki k\u00f6sz\u00f6net\u00fcnket azoknak, akik a<\/b><\/i> <b><i>2014.\u00a0\u00e9vi szem\u00e9lyi j\u00f6vedelemad\u00f3juk 1 %-\u00e1t<\/i><\/b> az Aradi \u00d3voda Alap\u00edtv\u00e1ny\u00e1nak aj\u00e1nlott\u00e1k fel.<\/p>\n<p>T\u00e1j\u00e9koztatjuk \u00d6n\u00f6ket, hogy az \u00edgy befolyt 378.443,- Ft-ot a k\u00f6vetkez\u0151k\u00e9ppen haszn\u00e1ltuk fel:<\/p>\n<ul>\n<li>A csoportoknak b\u00fatort\u00a0\u00e9s text\u00edli\u00e1t v\u00e1s\u00e1roltunk 285.710,- Ft \u00e9rt\u00e9kben,<\/li>\n<li>A csoportoknak sportszereket, k\u00f6nyvet\u00a0v\u00e1s\u00e1roltunk 92.733,- Ft \u00e9rt\u00e9kben.<\/li>\n<\/ul>\n<p><i><b>K\u00f6sz\u00f6nj\u00fck t\u00e1mogat\u00f3inknak, hogy felaj\u00e1nl\u00e1sukkal seg\u00edtett\u00e9k alap\u00edtv\u00e1nyunkon kereszt\u00fcl az \u00f3voda m\u0171k\u00f6d\u00e9s\u00e9t, bar\u00e1ts\u00e1gosabb\u00e1, otthonosabb\u00e1 t\u00e9tel\u00e9t, a gyermekek j\u00e1t\u00e9kainak, ismeretterjeszt\u0151 k\u00f6nyveinek b\u0151v\u00edt\u00e9s\u00e9t, a kultur\u00e1lis \u00e9s szabadid\u0151s programok el\u00e9rhet\u0151s\u00e9g\u00e9t minden gyermek sz\u00e1m\u00e1ra.<\/b><\/i><\/p>\n<p>&nbsp;<\/p>\n<p>Budapest, 2015. \u00e1prilis\u00a012.<\/p>\n<p>&nbsp;<\/p>\n<p>A kurat\u00f3rium nev\u00e9ben:<\/p>\n<p>&nbsp;<\/p>\n<p><b><i>Szaitzn\u00e9 Gregorits Anna<\/i><\/b> &#8211; \u00f3vodavezet\u0151 pedag\u00f3gus, kurat\u00f3riumi eln\u00f6k<\/p>\n<p><b><i>Gall\u00e9n\u00e9 Falka \u00c9va<\/i><\/b> &#8211; \u00f3vodapedag\u00f3gus, kurat\u00f3riumi titk\u00e1r<\/p>\n<p><i><b>Vir\u00e1g B\u00e9l\u00e1n\u00e9\u00a0<\/b><\/i>&#8211; \u00f3vodapedag\u00f3gus, kurat\u00f3riumi tag<\/p>\n<p><i><b>Mar\u00f3thy Erzs\u00e9bet<\/b><\/i> &#8211; \u00f3vodapedag\u00f3gus, kurat\u00f3riumi p\u00e9nzt\u00e1ros<\/p>\n<p>&nbsp;<\/p>\n<p>&nbsp;<\/p>\n<p>&nbsp;<\/p>\n<p>&nbsp;<\/p>\n<p align=\"center\"><b>Elsz\u00e1mol\u00e1s a nek\u00fcnk utalt 1 %-okor\u00f3l<\/b><\/p>\n<p align=\"center\">Tisztelt T\u00e1mogat\u00f3k!<\/p>\n<p align=\"center\"><b>2<\/b><b>012. \u00e9vi 1%<\/b><\/p>\n<p align=\"left\">A &#8222;Kudarc n\u00e9lk\u00fcl az iskol\u00e1ban&#8221; Prevent\u00edv \u00d3vodai Fejleszt\u0151 Program a Tanul\u00e1si Zavarok<\/p>\n<p align=\"left\">Megel\u0151z\u00e9s\u00e9re\u00a0Alap\u00edtv\u00e1ny (ad\u00f3sz\u00e1m: 18083402 &#8211; 1 &#8211; 41) kurat\u00f3riuma nev\u00e9ben <i><b>ez\u00faton fejezz\u00fck ki k\u00f6sz\u00f6net\u00fcnket azoknak, akik a<\/b><\/i> <b><i>2012.\u00a0\u00e9vi szem\u00e9lyi j\u00f6vedelemad\u00f3juk 1 %-\u00e1t<\/i><\/b> az Aradi \u00d3voda Alap\u00edtv\u00e1ny\u00e1nak aj\u00e1nlott\u00e1k fel.<\/p>\n<p align=\"center\">T\u00e1j\u00e9koztatjuk \u00d6n\u00f6ket, hogy az \u00edgy befolyt 395.210,- Ft-ot a k\u00f6vetkez\u0151k\u00e9ppen haszn\u00e1ltuk fel:<\/p>\n<ul>\n<li>A csoportoknak b\u00fatort\u00a0\u00e9s text\u00edli\u00e1t v\u00e1s\u00e1roltunk 155.277,- Ft \u00e9rt\u00e9kben,<\/li>\n<li>Programok bel\u00e9p\u0151i a csoportoknak: 53.303,- Ft,<\/li>\n<li>A csoportoknak gyermekj\u00e1t\u00e9kot, k\u00f6nyvet\u00a0v\u00e1s\u00e1roltunk 155.125,- Ft \u00e9rt\u00e9kben,<\/li>\n<li>Jav\u00edt\u00e1sok, dekor\u00e1ci\u00f3 a csoportoknak: 31.505,- Ft.<\/li>\n<\/ul>\n<p align=\"center\"><i><b>K\u00f6sz\u00f6nj\u00fck t\u00e1mogat\u00f3inknak, hogy felaj\u00e1nl\u00e1sukkal seg\u00edtett\u00e9k alap\u00edtv\u00e1nyunkon kereszt\u00fcl az \u00f3voda m\u0171k\u00f6d\u00e9s\u00e9t, bar\u00e1ts\u00e1gosabb\u00e1, otthonosabb\u00e1 t\u00e9tel\u00e9t, a gyermekek j\u00e1t\u00e9kainak, ismeretterjeszt\u0151 k\u00f6nyveinek b\u0151v\u00edt\u00e9s\u00e9t, a kultur\u00e1lis \u00e9s szabadid\u0151s programok el\u00e9rhet\u0151s\u00e9g\u00e9t minden gyermek sz\u00e1m\u00e1ra.<\/b><\/i><\/p>\n<p align=\"left\">Budapest, 2014. m\u00e1jus\u00a024.<\/p>\n<p align=\"left\">A kurat\u00f3rium nev\u00e9ben:<\/p>\n<p align=\"left\"><b><i>Szaitzn\u00e9 Gregorits Anna<\/i><\/b> &#8211; \u00f3vodavezet\u0151 pedag\u00f3gus, kurat\u00f3riumi eln\u00f6k<\/p>\n<p align=\"left\"><b><i>Gall\u00e9n\u00e9 Falka \u00c9va<\/i><\/b> &#8211; \u00f3vodapedag\u00f3gus, kurat\u00f3riumi titk\u00e1r<\/p>\n<p align=\"left\"><i><b>Vir\u00e1g B\u00e9l\u00e1n\u00e9\u00a0<\/b><\/i>&#8211; \u00f3vodapedag\u00f3gus, kurat\u00f3riumi tag<\/p>\n<p align=\"left\"><i><b>Mar\u00f3thy Erzs\u00e9bet<\/b><\/i> &#8211; \u00f3vodapedag\u00f3gus, kurat\u00f3riumi p\u00e9nzt\u00e1ros<\/p>\n<p>&nbsp;<\/p>\n<p>&nbsp;<\/p>\n<p align=\"center\"><b>Elsz\u00e1mol\u00e1s a nek\u00fcnk utalt 1 %-okor\u00f3l<\/b><\/p>\n<p align=\"center\">Tisztelt T\u00e1mogat\u00f3k!<\/p>\n<p align=\"center\"><b>2<\/b><b>011. \u00e9vi 1%<\/b><\/p>\n<p>&nbsp;<\/p>\n<p>A &#8222;Kudarc n\u00e9lk\u00fcl az iskol\u00e1ban&#8221; Prevent\u00edv \u00d3vodai Fejleszt\u0151 Program a Tanul\u00e1si Zavarok<\/p>\n<p>Megel\u0151z\u00e9s\u00e9re\u00a0Alap\u00edtv\u00e1ny (ad\u00f3sz\u00e1m: 18083402 &#8211; 1 &#8211; 41) kurat\u00f3riuma nev\u00e9ben <i><b>ez\u00faton fejezz\u00fck ki k\u00f6sz\u00f6net\u00fcnket azoknak, akik a<\/b><\/i> <b><i>2011.\u00a0\u00e9vi szem\u00e9lyi j\u00f6vedelemad\u00f3juk 1 %-\u00e1t<\/i><\/b> az Aradi \u00d3voda Alap\u00edtv\u00e1ny\u00e1nak aj\u00e1nlott\u00e1k fel.<\/p>\n<p>T\u00e1j\u00e9koztatjuk \u00d6n\u00f6ket, hogy az \u00edgy befolyt 395.210,- Ft-ot a k\u00f6vetkez\u0151k\u00e9ppen haszn\u00e1ltuk fel:<\/p>\n<ul>\n<li>A csoportoknak b\u00fatort\u00a0\u00e9s text\u00edli\u00e1t v\u00e1s\u00e1roltunk 152.527,- Ft \u00e9rt\u00e9kben,<\/li>\n<li>A csoportoknak gyermekj\u00e1t\u00e9kot\u00a0v\u00e1s\u00e1roltunk 132.175,- Ft \u00e9rt\u00e9kben,<\/li>\n<li>A fennmarad\u00f3 110.508,- Ft-ot\u00a0a csoportok kultur\u00e1lis, szabadid\u0151s programjaihoz k\u00edv\u00e1njuk felhaszn\u00e1lni 2013-ban.<\/li>\n<\/ul>\n<p><i><b>K\u00f6sz\u00f6nj\u00fck t\u00e1mogat\u00f3inknak, hogy felaj\u00e1nl\u00e1sukkal seg\u00edtett\u00e9k alap\u00edtv\u00e1nyunkon kereszt\u00fcl az \u00f3voda m\u0171k\u00f6d\u00e9s\u00e9t, bar\u00e1ts\u00e1gosabb\u00e1, otthonosabb\u00e1 t\u00e9tel\u00e9t, a gyermekek j\u00e1t\u00e9kainak, ismeretterjeszt\u0151 k\u00f6nyveinek b\u0151v\u00edt\u00e9s\u00e9t, a kultur\u00e1lis \u00e9s szabadid\u0151s programok el\u00e9rhet\u0151s\u00e9g\u00e9t minden gyermek sz\u00e1m\u00e1ra.<\/b><\/i><\/p>\n<p>&nbsp;<\/p>\n<p>Budapest, 2013. janu\u00e1r\u00a025.<\/p>\n<p>&nbsp;<\/p>\n<p>A kurat\u00f3rium nev\u00e9ben:<\/p>\n<p>&nbsp;<\/p>\n<p><b><i>Szaitzn\u00e9 Gregorits Anna<\/i><\/b> &#8211; \u00f3vodavezet\u0151 pedag\u00f3gus, kurat\u00f3riumi eln\u00f6k<\/p>\n<p><b><i>Gall\u00e9n\u00e9 Falka \u00c9va<\/i><\/b> &#8211; \u00f3vodapedag\u00f3gus, kurat\u00f3riumi titk\u00e1r<\/p>\n<p><i><b>Vir\u00e1g B\u00e9l\u00e1n\u00e9\u00a0<\/b><\/i>&#8211; \u00f3vodapedag\u00f3gus, kurat\u00f3riumi tag<\/p>\n<p><i><b>Mar\u00f3thy Erzs\u00e9bet<\/b><\/i> &#8211; \u00f3vodapedag\u00f3gus, kurat\u00f3riumi p\u00e9nzt\u00e1ros<\/p>\n<p>&nbsp;<\/p>\n<p align=\"center\"><b>Elsz\u00e1mol\u00e1s a nek\u00fcnk utalt 1 %-okor\u00f3l<\/b><\/p>\n<p align=\"center\">Tisztelt T\u00e1mogat\u00f3k!<\/p>\n<p align=\"center\"><b>2<\/b><b>010. \u00e9vi 1%<\/b><\/p>\n<p>&nbsp;<\/p>\n<p>A &#8222;Kudarc n\u00e9lk\u00fcl az iskol\u00e1ban&#8221; Prevent\u00edv \u00d3vodai Fejleszt\u0151 Program a Tanul\u00e1si Zavarok<\/p>\n<p>Megel\u0151z\u00e9s\u00e9re\u00a0Alap\u00edtv\u00e1ny (ad\u00f3sz\u00e1m: 18083402 &#8211; 1 &#8211; 41) kurat\u00f3riuma nev\u00e9ben <i><b>ez\u00faton fejezz\u00fck ki k\u00f6sz\u00f6net\u00fcnket azoknak, akik a<\/b><\/i> <b><i>2010.\u00a0\u00e9vi szem\u00e9lyi j\u00f6vedelemad\u00f3juk 1 %-\u00e1t<\/i><\/b> az Aradi \u00d3voda Alap\u00edtv\u00e1ny\u00e1nak aj\u00e1nlott\u00e1k fel.<\/p>\n<p>T\u00e1j\u00e9koztatjuk \u00d6n\u00f6ket, hogy az \u00edgy befolyt 310.817,- Ft-ot a k\u00f6vetkez\u0151k\u00e9ppen haszn\u00e1ltuk fel:<\/p>\n<ul>\n<li>A csoportoknak b\u00fatort\u00a0\u00e9s text\u00edli\u00e1t v\u00e1s\u00e1roltunk 273.913,- Ft \u00e9rt\u00e9kben,<\/li>\n<li>A csoportoknak gyermekj\u00e1t\u00e9kot\u00a0v\u00e1s\u00e1roltunk 36.874,- Ft \u00e9rt\u00e9kben.<\/li>\n<\/ul>\n<p><i><b>K\u00f6sz\u00f6nj\u00fck t\u00e1mogat\u00f3inknak, hogy felaj\u00e1nl\u00e1sukkal seg\u00edtett\u00e9k alap\u00edtv\u00e1nyunkon kereszt\u00fcl az \u00f3voda m\u0171k\u00f6d\u00e9s\u00e9t, bar\u00e1ts\u00e1gosabb\u00e1, otthonosabb\u00e1 t\u00e9tel\u00e9t, a gyermekek j\u00e1t\u00e9kainak, ismeretterjeszt\u0151 k\u00f6nyveinek b\u0151v\u00edt\u00e9s\u00e9t.<\/b><\/i><\/p>\n<p>&nbsp;<\/p>\n<p>Budapest, 2012. janu\u00e1r\u00a025.<\/p>\n<p>&nbsp;<\/p>\n<p>A kurat\u00f3rium nev\u00e9ben:<\/p>\n<p>&nbsp;<\/p>\n<p><b><i>Szaitzn\u00e9 Gregorits Anna<\/i><\/b> &#8211; \u00f3vodavezet\u0151 pedag\u00f3gus, kurat\u00f3riumi eln\u00f6k<\/p>\n<p><b><i>Gall\u00e9n\u00e9 Falka \u00c9va<\/i><\/b> &#8211; \u00f3vodapedag\u00f3gus, kurat\u00f3riumi titk\u00e1r<\/p>\n<p><i><b>Vir\u00e1g B\u00e9l\u00e1n\u00e9\u00a0<\/b><\/i>&#8211; \u00f3vodapedag\u00f3gus, kurat\u00f3riumi tag<\/p>\n<p><i><b>Mar\u00f3thy Erzs\u00e9bet<\/b><\/i> &#8211; \u00f3vodapedag\u00f3gus, kurat\u00f3riumi p\u00e9nzt\u00e1ros<\/p>\n<p>&nbsp;<\/p>\n","protected":false},"excerpt":{"rendered":"<p>Elsz\u00e1mol\u00e1s a nek\u00fcnk utalt 1 %-okor\u00f3l Tisztelt T\u00e1mogat\u00f3k! 2015. \u00e9vi 1% A &#8222;Kudarc n\u00e9lk\u00fcl az iskol\u00e1ban&#8221; Prevent\u00edv \u00d3vodai Fejleszt\u0151 Program a Tanul\u00e1si Zavarok Megel\u0151z\u00e9s\u00e9re\u00a0Alap\u00edtv\u00e1ny (ad\u00f3sz\u00e1m: 18083402 &#8211; 1 &#8211; 41) kurat\u00f3riuma nev\u00e9ben ez\u00faton fejezz\u00fck ki k\u00f6sz\u00f6net\u00fcnket azoknak, akik a 2015.\u00a0\u00e9vi<\/p>\n","protected":false},"author":1,"featured_media":0,"parent":0,"menu_order":0,"comment_status":"closed","ping_status":"closed","template":"","meta":{"footnotes":""},"class_list":["post-251","page","type-page","status-publish","hentry"],"_links":{"self":[{"href":"https:\/\/aradiovi.hu\/index.php?rest_route=\/wp\/v2\/pages\/251","targetHints":{"allow":["GET"]}}],"collection":[{"href":"https:\/\/aradiovi.hu\/index.php?rest_route=\/wp\/v2\/pages"}],"about":[{"href":"https:\/\/aradiovi.hu\/index.php?rest_route=\/wp\/v2\/types\/page"}],"author":[{"embeddable":true,"href":"https:\/\/aradiovi.hu\/index.php?rest_route=\/wp\/v2\/users\/1"}],"replies":[{"embeddable":true,"href":"https:\/\/aradiovi.hu\/index.php?rest_route=%2Fwp%2Fv2%2Fcomments&post=251"}],"version-history":[{"count":3,"href":"https:\/\/aradiovi.hu\/index.php?rest_route=\/wp\/v2\/pages\/251\/revisions"}],"predecessor-version":[{"id":424,"href":"https:\/\/aradiovi.hu\/index.php?rest_route=\/wp\/v2\/pages\/251\/revisions\/424"}],"wp:attachment":[{"href":"https:\/\/aradiovi.hu\/index.php?rest_route=%2Fwp%2Fv2%2Fmedia&parent=251"}],"curies":[{"name":"wp","href":"https:\/\/api.w.org\/{rel}","templated":true}]}}