{"id":2534,"date":"2023-11-12T11:24:10","date_gmt":"2023-11-12T11:24:10","guid":{"rendered":"http:\/\/www.aradiovi.hu\/?page_id=2534"},"modified":"2023-11-12T11:24:15","modified_gmt":"2023-11-12T11:24:15","slug":"marton-napi-lampas-felvonulas-2","status":"publish","type":"page","link":"https:\/\/aradiovi.hu\/?page_id=2534","title":{"rendered":"M\u00e1rton napi l\u00e1mp\u00e1s felvonul\u00e1s"},"content":{"rendered":"<p><a href=\"http:\/\/www.aradiovi.hu\/wp-content\/uploads\/2023\/11\/370329875_356134903470550_8927842615752566582_n.jpg\"><img loading=\"lazy\" decoding=\"async\" class=\"aligncenter size-large wp-image-2535\" src=\"http:\/\/www.aradiovi.hu\/wp-content\/uploads\/2023\/11\/370329875_356134903470550_8927842615752566582_n-768x1024.jpg\" alt=\"\" width=\"720\" height=\"960\" srcset=\"https:\/\/aradiovi.hu\/wp-content\/uploads\/2023\/11\/370329875_356134903470550_8927842615752566582_n-768x1024.jpg 768w, https:\/\/aradiovi.hu\/wp-content\/uploads\/2023\/11\/370329875_356134903470550_8927842615752566582_n-225x300.jpg 225w, https:\/\/aradiovi.hu\/wp-content\/uploads\/2023\/11\/370329875_356134903470550_8927842615752566582_n.jpg 1500w\" sizes=\"auto, (max-width: 720px) 100vw, 720px\" \/><\/a><\/p>\n<p><a href=\"http:\/\/www.aradiovi.hu\/wp-content\/uploads\/2023\/11\/399868181_874485237396252_2359769620993777302_n.jpg\"><img loading=\"lazy\" decoding=\"async\" class=\"aligncenter size-large wp-image-2536\" src=\"http:\/\/www.aradiovi.hu\/wp-content\/uploads\/2023\/11\/399868181_874485237396252_2359769620993777302_n-768x1024.jpg\" alt=\"\" width=\"720\" height=\"960\" srcset=\"https:\/\/aradiovi.hu\/wp-content\/uploads\/2023\/11\/399868181_874485237396252_2359769620993777302_n-768x1024.jpg 768w, https:\/\/aradiovi.hu\/wp-content\/uploads\/2023\/11\/399868181_874485237396252_2359769620993777302_n-225x300.jpg 225w, https:\/\/aradiovi.hu\/wp-content\/uploads\/2023\/11\/399868181_874485237396252_2359769620993777302_n.jpg 1500w\" sizes=\"auto, (max-width: 720px) 100vw, 720px\" \/><\/a><\/p>\n","protected":false},"excerpt":{"rendered":"","protected":false},"author":1,"featured_media":0,"parent":0,"menu_order":0,"comment_status":"closed","ping_status":"closed","template":"","meta":{"footnotes":""},"class_list":["post-2534","page","type-page","status-publish","hentry"],"_links":{"self":[{"href":"https:\/\/aradiovi.hu\/index.php?rest_route=\/wp\/v2\/pages\/2534","targetHints":{"allow":["GET"]}}],"collection":[{"href":"https:\/\/aradiovi.hu\/index.php?rest_route=\/wp\/v2\/pages"}],"about":[{"href":"https:\/\/aradiovi.hu\/index.php?rest_route=\/wp\/v2\/types\/page"}],"author":[{"embeddable":true,"href":"https:\/\/aradiovi.hu\/index.php?rest_route=\/wp\/v2\/users\/1"}],"replies":[{"embeddable":true,"href":"https:\/\/aradiovi.hu\/index.php?rest_route=%2Fwp%2Fv2%2Fcomments&post=2534"}],"version-history":[{"count":1,"href":"https:\/\/aradiovi.hu\/index.php?rest_route=\/wp\/v2\/pages\/2534\/revisions"}],"predecessor-version":[{"id":2538,"href":"https:\/\/aradiovi.hu\/index.php?rest_route=\/wp\/v2\/pages\/2534\/revisions\/2538"}],"wp:attachment":[{"href":"https:\/\/aradiovi.hu\/index.php?rest_route=%2Fwp%2Fv2%2Fmedia&parent=2534"}],"curies":[{"name":"wp","href":"https:\/\/api.w.org\/{rel}","templated":true}]}}