{"id":254,"date":"2017-01-03T23:56:51","date_gmt":"2017-01-03T23:56:51","guid":{"rendered":"http:\/\/www.aradiovi.hu\/?page_id=254"},"modified":"2021-02-01T13:39:47","modified_gmt":"2021-02-01T13:39:47","slug":"eves-merlegek","status":"publish","type":"page","link":"https:\/\/aradiovi.hu\/?page_id=254","title":{"rendered":"\u00c9ves m\u00e9rlegek"},"content":{"rendered":"<p align=\"center\"><b>\u00c9ves besz\u00e1mol\u00f3<\/b><\/p>\n<p align=\"center\"><b>K\u00f6zhaszn\u00fa\u00a0szervezet\u00a0egyszer\u0171s\u00edtett\u00a0m\u00e9rlege<\/b><\/p>\n<p style=\"text-align: left;\" align=\"center\"><em><strong>2019<\/strong><\/em>\u00a0<a href=\"https:\/\/aradiovi.hu\/?ddownload=1899\" title=\"Download\" rel=\"nofollow\" class=\"ddownload-button button-blue id-1899 ext-pdf\">Download<\/a><\/p>\n<p style=\"text-align: left;\" align=\"center\"><em><strong>2018<\/strong><\/em>\u00a0<a href=\"https:\/\/aradiovi.hu\/?ddownload=1897\" title=\"Download\" rel=\"nofollow\" class=\"ddownload-button button-blue id-1897 ext-pdf\">Download<\/a>\u00a0<a href=\"https:\/\/aradiovi.hu\/?ddownload=1898\" title=\"Download\" rel=\"nofollow\" class=\"ddownload-button button-blue id-1898 ext-pdf\">Download<\/a><\/p>\n<p style=\"text-align: left;\" align=\"center\"><em><strong>2017<\/strong><\/em>\u00a0<a href=\"https:\/\/aradiovi.hu\/?ddownload=1895\" title=\"Download\" rel=\"nofollow\" class=\"ddownload-button button-blue id-1895 ext-pdf\">Download<\/a>\u00a0<a href=\"https:\/\/aradiovi.hu\/?ddownload=1896\" title=\"Download\" rel=\"nofollow\" class=\"ddownload-button button-blue id-1896 ext-pdf\">Download<\/a><\/p>\n<p style=\"text-align: left;\" align=\"center\"><em><strong>2016\u00a0<\/strong><\/em> \u00a0<a href=\"https:\/\/aradiovi.hu\/?ddownload=1891\" title=\"Download\" rel=\"nofollow\" class=\"ddownload-button button-blue id-1891 ext-pdf\">Download<\/a><\/p>\n<p style=\"text-align: left;\" align=\"center\"><b><i>2015\u00a0<a href=\"https:\/\/aradiovi.hu\/?ddownload=1901\" title=\"Download\" rel=\"nofollow\" class=\"ddownload-button button-blue id-1901 ext-pdf\">Download<\/a><\/i><\/b><\/p>\n<p align=\"left\"><b>Bev\u00e9tel<\/b><\/p>\n<p align=\"left\"><i>El\u0151z\u0151 \u00e9vi \u00e1thozat:<\/i>\u00a036.296,- Ft<\/p>\n<p align=\"left\"><i>K\u00e9szp\u00e9nz-adom\u00e1nyok<\/i>:\u00a0266.660,- Ft<\/p>\n<p align=\"left\"><i>R<\/i><i>endezv\u00e9nyek (Gyermeknap, Alma-nap)<\/i>: 66.260,- \u00a0Ft<\/p>\n<p align=\"left\"><i>Ad\u00f3 1% (2014.)<\/i>:\u00a0378.443,- Ft<\/p>\n<p align=\"left\"><i>Banki kamat:<\/i>\u00a01.237,- Ft<\/p>\n<p align=\"left\"><b>\u00d6sszesen:<\/b>\u00a0 <b>748.896,-<\/b> <b>\u00a0Ft<\/b><\/p>\n<p align=\"left\"><b>\u00a0<\/b><b>Kiad\u00e1s<\/b><\/p>\n<p align=\"left\"><i>B\u00fator, text\u00edlia, ed\u00e9nyzet\u00a0a csoportoknak:<\/i> 285.710,- \u00a0Ft<\/p>\n<p align=\"left\"><i>Munkaanyag, dekor\u00e1ci\u00f3\u00a0a csoportoknak: <\/i>38.307,- Ft<\/p>\n<p align=\"left\"><i>J\u00e1t\u00e9k a csoportoknak: <\/i>213.880,- Ft<\/p>\n<p align=\"left\"><i>K\u00f6nyv a csoportoknak:<\/i> 75.255,- Ft<\/p>\n<p align=\"left\"><i>Sportszer a csoportoknak: <\/i>53.570,- Ft<\/p>\n<p align=\"left\"><i>Egy\u00e9b (CD, Mikul\u00e1sra, Kar\u00e1csonyra, \u00fcgyv\u00e9di k\u00f6lts\u00e9g, honlap):<\/i> 62.195,- Ft<\/p>\n<p align=\"left\"><i>Banki k\u00f6lts\u00e9g: <\/i>17.580,- \u00a0Ft<\/p>\n<p align=\"left\"><b>\u00d6sszesen:<\/b>\u00a0 <b>746.497,-<\/b> <b>FT<\/b><\/p>\n<p align=\"left\"><b><i>Eredm\u00e9ny:<\/i><\/b> <b>42399,-<\/b> <b>\u00a0Ft<\/b><\/p>\n<p align=\"left\"><b>\u00a0<\/b>Budapest, 2016. janu\u00e1r\u00a011.<\/p>\n<p align=\"left\">\n<p align=\"left\"><b><em>2014<\/em>\u00a0<a href=\"https:\/\/aradiovi.hu\/?ddownload=1900\" title=\"Download\" rel=\"nofollow\" class=\"ddownload-button button-blue id-1900 ext-pdf\">Download<\/a><\/b><\/p>\n<p align=\"left\"><b>Bev\u00e9tel<\/b><\/p>\n<p align=\"left\"><i>El\u0151z\u0151 \u00e9vi \u00e1thozat:<\/i>\u00a02.000,- Ft<\/p>\n<p align=\"left\"><i>K\u00e9szp\u00e9nz-adom\u00e1nyok<\/i>:\u00a0193.565,- Ft<\/p>\n<p align=\"left\"><i>R<\/i><i>endezv\u00e9nyek (Gyermeknap, Alma-nap)<\/i>: 203.165,- \u00a0Ft<\/p>\n<p align=\"left\"><i>Ad\u00f3 1% (2013.)<\/i>:\u00a0261.734,- Ft<\/p>\n<p align=\"left\"><i>Banki kamat:<\/i>\u00a03.895,- Ft<\/p>\n<p align=\"left\"><b>\u00d6sszesen:<\/b>\u00a0 <b>662.359,-<\/b> <b>\u00a0Ft<\/b><\/p>\n<p align=\"left\"><b>\u00a0<\/b><b>Kiad\u00e1s<\/b><\/p>\n<p align=\"left\"><i>Gyermekek programjai (kir\u00e1ndul\u00e1s, bel\u00e9p\u0151k, stb)<\/i>:\u00a04.200,- Ft<\/p>\n<p align=\"left\"><i>B\u00fator, text\u00edlia, ed\u00e9nyzet\u00a0a csoportoknak:<\/i> 416.080,- \u00a0Ft<\/p>\n<p align=\"left\"><i>Munkaanyag, dekor\u00e1ci\u00f3\u00a0a csoportoknak: <\/i>10.870,- Ft<\/p>\n<p align=\"left\"><i>J\u00e1t\u00e9k a csoportoknak: <\/i>21.177,- Ft<\/p>\n<p align=\"left\"><i>K\u00f6nyv a csoportoknak:<\/i> 37.650,- Ft<\/p>\n<p align=\"left\"><i>Sportszer a csoportoknak: <\/i>59.610,- Ft<\/p>\n<p align=\"left\"><i>M<\/i><i>\u0171szaki cikk (mos\u00f3g\u00e9p):<\/i> 59.000,- Ft<\/p>\n<p align=\"left\"><i>Banki k\u00f6lts\u00e9g: <\/i>19.629,- \u00a0Ft<\/p>\n<p align=\"left\"><b>\u00d6sszesen:<\/b>\u00a0 <b>628.216,-<\/b> <b>FT<\/b><\/p>\n<p align=\"left\"><b><i>Eredm\u00e9ny:<\/i><\/b> <b>34.143,-<\/b> <b>\u00a0Ft<\/b><\/p>\n<p align=\"left\"><b>\u00a0<\/b>Budapest, 2015. janu\u00e1r\u00a026.<\/p>\n<p align=\"left\">\n<p style=\"text-align: left;\" align=\"center\"><b><i>2013<\/i><\/b><\/p>\n<p align=\"justify\"><b>Bev\u00e9tel<\/b><\/p>\n<p align=\"justify\"><i>El\u0151z\u0151 \u00e9vi \u00e1thozat:<\/i>\u00a0155.194,- Ft<\/p>\n<p align=\"justify\"><i>K\u00e9szp\u00e9nz-adom\u00e1nyok<\/i>:\u00a020.000,- Ft<\/p>\n<p align=\"justify\"><i>R<\/i><i>endezv\u00e9nyek (Gyermeknap, Alma-nap)<\/i>: 169.890,- \u00a0Ft<\/p>\n<p align=\"justify\"><i>Ad\u00f3 1% (2012.)<\/i>:\u00a0350.910,- Ft<\/p>\n<p align=\"justify\"><i>Banki kamat:<\/i>\u00a03.584,- Ft<\/p>\n<p align=\"justify\"><b>\u00d6sszesen:<\/b>\u00a0 <b>699.578,-<\/b> <b>\u00a0Ft<\/b><\/p>\n<p align=\"justify\"><b>\u00a0<\/b><b>Kiad\u00e1s<\/b><\/p>\n<p align=\"justify\"><i>Gyermekek programjai (kir\u00e1ndul\u00e1s, bel\u00e9p\u0151k, stb)<\/i>:\u00a030.550,- Ft<\/p>\n<p align=\"justify\"><i>B\u00fator a csoportoknak:<\/i> 58.980,- \u00a0Ft<\/p>\n<p align=\"justify\"><i>Text\u00edlia, ed\u00e9nyzet\u00a0a csoportoknak:<\/i> 126.125,- \u00a0Ft<\/p>\n<p align=\"justify\"><i>Munkaanyag, dekor\u00e1ci\u00f3\u00a0a csoportoknak: <\/i>22.370,- Ft<\/p>\n<p align=\"justify\"><i>J\u00e1t\u00e9k a csoportoknak: <\/i>128.462,- Ft<\/p>\n<p align=\"justify\"><i>K\u00f6nyv a csoportoknak:<\/i> 49.470,- Ft<\/p>\n<p align=\"justify\"><i>A<\/i><i>j\u00e1nd\u00e9k a gyerekeknek: <\/i>151.290,- Ft<\/p>\n<p align=\"justify\"><i>Egy\u00e9b (honlap t\u00e1rhely, adathordoz\u00f3, jav\u00edt\u00e1sok, tiszt\u00edt\u00f3szer)<\/i>: 30.460,- Ft<\/p>\n<p align=\"justify\"><i>M<\/i><i>\u0171szaki cikkek (porsz\u00edv\u00f3, p\u00e1rakapu, stb.):<\/i> 86.879,- Ft<\/p>\n<p align=\"justify\"><i>Banki k\u00f6lts\u00e9g: <\/i>13.820,- \u00a0Ft<\/p>\n<p align=\"justify\"><b>\u00d6sszesen:<\/b>\u00a0 <b>698.406,-<\/b> <b>FT<\/b><\/p>\n<p align=\"justify\"><b><i>Eredm\u00e9ny:<\/i><\/b> <b>1.172,-<\/b> <b>\u00a0Ft<\/b><\/p>\n<p align=\"justify\"><b>\u00a0<\/b>Budapest, 2014. janu\u00e1r\u00a025.<\/p>\n<p align=\"justify\">\n<p style=\"text-align: left;\" align=\"center\"><b><i>2012<\/i><\/b><\/p>\n<p align=\"left\"><b>Bev\u00e9tel<\/b><\/p>\n<p align=\"left\"><i>El\u0151z\u0151 \u00e9vi \u00e1thozat:<\/i>\u00a0-72.491,- Ft<\/p>\n<p align=\"left\"><i>K\u00e9szp\u00e9nz-adom\u00e1nyok<\/i>:\u00a0218.000,- Ft<\/p>\n<p align=\"left\"><i>R<\/i><i>endezv\u00e9nyek (Gyermeknap, Alma-nap)<\/i>: 153.315,- \u00a0Ft<\/p>\n<p align=\"left\"><i>Ad\u00f3 1% (2011.)<\/i>:\u00a0395.210,- Ft<\/p>\n<p align=\"left\"><i>Banki kamat:<\/i>\u00a03.863,- Ft<\/p>\n<p align=\"left\"><b>\u00d6sszesen:<\/b>\u00a0 <b>697.897,-<\/b> <b>\u00a0Ft<\/b><\/p>\n<p align=\"left\"><b>\u00a0<\/b><b>Kiad\u00e1s<\/b><\/p>\n<p align=\"left\"><i>Gyermekek programjai (kir\u00e1ndul\u00e1s, bel\u00e9p\u0151k, stb)<\/i>:\u00a053.303,- Ft<\/p>\n<p align=\"left\"><i>B\u00fator, text\u00edlia\u00a0a csoportoknak:<\/i> 155.277,- \u00a0Ft<\/p>\n<p align=\"left\"><i>Munkaanyag, dekor\u00e1ci\u00f3\u00a0a csoportoknak: <\/i>87.966,- Ft<\/p>\n<p align=\"left\"><i>J\u00e1t\u00e9k, k\u00f6nyv:<\/i> 155.125,- Ft<\/p>\n<p align=\"left\"><i>Egy\u00e9b (honlap t\u00e1rhely, b\u00e9lyegz\u0151, jav\u00edt\u00e1sok, stb.)<\/i>: 76.700,- Ft<\/p>\n<p align=\"left\"><i>Banki k\u00f6lts\u00e9g: <\/i>13.332,- \u00a0Ft<\/p>\n<p align=\"left\"><b>\u00d6sszesen:<\/b>\u00a0 <b>541.703,-<\/b> <b>FT<\/b><\/p>\n<p align=\"left\"><b><i>Eredm\u00e9ny:<\/i><\/b> <b>156.194,-<\/b> <b>\u00a0Ft<\/b><\/p>\n<p align=\"left\"><b>\u00a0<\/b>Budapest, 2013. janu\u00e1r\u00a025.<\/p>\n<p align=\"left\">\n<p style=\"text-align: left;\" align=\"center\"><b><i>2011<\/i><\/b><\/p>\n<p align=\"left\"><b>Bev\u00e9tel<\/b><\/p>\n<p align=\"left\"><i>El\u0151z\u0151 \u00e9vi \u00e1thozat:<\/i>\u00a0113.661,- Ft<\/p>\n<p align=\"left\"><i>K\u00e9szp\u00e9nz-adom\u00e1nyok<\/i>:\u00a0184.500,- Ft<\/p>\n<p align=\"left\"><i>R<\/i><i>endezv\u00e9nyek (Gyermeknap, Alma-nap)<\/i>: 304.700,- \u00a0Ft<\/p>\n<p align=\"left\"><i>Ad\u00f3 1% (2010.)<\/i>:\u00a0310.817,- Ft<\/p>\n<p align=\"left\"><i>Banki kamat:<\/i>\u00a03.765,- Ft<\/p>\n<p align=\"left\"><b>\u00d6sszesen:<\/b>\u00a0 <b>917.443,-<\/b> <b>\u00a0Ft<\/b><\/p>\n<p align=\"left\"><b>\u00a0<\/b><b>Kiad\u00e1s<\/b><\/p>\n<p align=\"left\"><i>Gyermekek programjai (kir\u00e1ndul\u00e1s, bel\u00e9p\u0151k, stb)<\/i>:\u00a0170.800,- Ft<\/p>\n<p align=\"left\"><i>B\u00fator, text\u00edlia\u00a0a csoportoknak:<\/i> 376.028,- \u00a0Ft<\/p>\n<p align=\"left\"><i>Munkaanyag, dekor\u00e1ci\u00f3\u00a0a csoportoknak: <\/i>46.807,- Ft<\/p>\n<p align=\"left\"><i>J\u00e1t\u00e9k, k\u00f6nyv:<\/i> 254.686,- Ft<\/p>\n<p align=\"left\">Aj\u00e1nd\u00e9kok a\u00a0gyermekeknek (Mikul\u00e1s, Kar\u00e1csony): 120.338,- Ft<\/p>\n<p align=\"left\"><i>Banki k\u00f6lts\u00e9g: <\/i>21.275,- \u00a0Ft<\/p>\n<p align=\"left\"><b>\u00d6sszesen:<\/b>\u00a0 <b>989.934,-<\/b> <b>FT<\/b><\/p>\n<p align=\"left\"><b><i>Eredm\u00e9ny:<\/i><\/b> <b>&#8211; 72.491,-<\/b> <b>\u00a0Ft<\/b><\/p>\n<p align=\"left\"><b>\u00a0<\/b>Budapest, 2012. janu\u00e1r\u00a025.<\/p>\n<p align=\"left\">\n<p style=\"text-align: left;\" align=\"center\"><b><i>2010<\/i><\/b><\/p>\n<p><b>Bev\u00e9tel<\/b><\/p>\n<p><i>El\u0151z\u0151 \u00e9vi \u00e1thozat:<\/i>\u00a01.867,- Ft<\/p>\n<p><i>K\u00e9szp\u00e9nz-adom\u00e1nyok<\/i>:\u00a0291.000,- Ft<\/p>\n<p><i>R<\/i><i>endezv\u00e9nyek (Gyermeknap, Alma-nap)<\/i>: 220.140,- \u00a0Ft<\/p>\n<p><i>Ad\u00f3 1% (2009.)<\/i>:\u00a0504.846,- Ft<\/p>\n<p><i>Banki kamat:<\/i>\u00a03.964,- Ft<\/p>\n<p><b>\u00d6sszesen:<\/b>\u00a0 <b>1.019.950,-<\/b> <b>\u00a0Ft<\/b><\/p>\n<p><b>Kiad\u00e1s<\/b><\/p>\n<p><i>Gyermekek programjai (kir\u00e1ndul\u00e1s, bel\u00e9p\u0151k, stb)<\/i>:\u00a0138.500,- Ft<\/p>\n<p><i>B\u00fator, text\u00edlia\u00a0a csoportoknak:<\/i> 172.379,- \u00a0Ft<\/p>\n<p><i>Munkaanyag, dekor\u00e1ci\u00f3\u00a0a csoportoknak: <\/i>43.071,- Ft<\/p>\n<p>Technikai eszk\u00f6z\u00f6k \u00e9s jav\u00edt\u00e1suk:\u00a065.950,- Ft<\/p>\n<p><i>J\u00e1t\u00e9k, k\u00f6nyv:<\/i> 148.157,- Ft<\/p>\n<p>Ed\u00e9ny: 3.770,- Ft<\/p>\n<p>Aj\u00e1nd\u00e9kok sz\u00fcl\u0151knek, gyermekeknek (Mikul\u00e1s, Kar\u00e1csony): 320.493,- Ft<\/p>\n<p><i>Banki- \u00e9s nyomtatv\u00e1nyk\u00f6lts\u00e9g: <\/i>15.836,- \u00a0Ft<\/p>\n<p><b>\u00d6sszesen:<\/b>\u00a0 <b>908.156,-<\/b> <b>FT<\/b><\/p>\n<p><b><i>Maradv\u00e1ny:<\/i><\/b> <b>111.794,-<\/b> <b>\u00a0Ft<\/b><\/p>\n<p><b>\u00a0<\/b><\/p>\n<p>Budapest, 2011. m\u00e1rcius\u00a018.<\/p>\n<p>&nbsp;<\/p>\n","protected":false},"excerpt":{"rendered":"<p>\u00c9ves besz\u00e1mol\u00f3 K\u00f6zhaszn\u00fa\u00a0szervezet\u00a0egyszer\u0171s\u00edtett\u00a0m\u00e9rlege 2019\u00a0 2018\u00a0\u00a0 2017\u00a0\u00a0 2016\u00a0 \u00a0 2015\u00a0 Bev\u00e9tel El\u0151z\u0151 \u00e9vi \u00e1thozat:\u00a036.296,- Ft K\u00e9szp\u00e9nz-adom\u00e1nyok:\u00a0266.660,- Ft Rendezv\u00e9nyek (Gyermeknap, Alma-nap): 66.260,- \u00a0Ft Ad\u00f3 1% (2014.):\u00a0378.443,- Ft Banki kamat:\u00a01.237,- Ft \u00d6sszesen:\u00a0 748.896,- \u00a0Ft \u00a0Kiad\u00e1s B\u00fator, text\u00edlia, ed\u00e9nyzet\u00a0a csoportoknak: 285.710,- \u00a0Ft Munkaanyag, dekor\u00e1ci\u00f3\u00a0a<\/p>\n","protected":false},"author":1,"featured_media":0,"parent":0,"menu_order":0,"comment_status":"closed","ping_status":"closed","template":"","meta":{"footnotes":""},"class_list":["post-254","page","type-page","status-publish","hentry"],"_links":{"self":[{"href":"https:\/\/aradiovi.hu\/index.php?rest_route=\/wp\/v2\/pages\/254","targetHints":{"allow":["GET"]}}],"collection":[{"href":"https:\/\/aradiovi.hu\/index.php?rest_route=\/wp\/v2\/pages"}],"about":[{"href":"https:\/\/aradiovi.hu\/index.php?rest_route=\/wp\/v2\/types\/page"}],"author":[{"embeddable":true,"href":"https:\/\/aradiovi.hu\/index.php?rest_route=\/wp\/v2\/users\/1"}],"replies":[{"embeddable":true,"href":"https:\/\/aradiovi.hu\/index.php?rest_route=%2Fwp%2Fv2%2Fcomments&post=254"}],"version-history":[{"count":8,"href":"https:\/\/aradiovi.hu\/index.php?rest_route=\/wp\/v2\/pages\/254\/revisions"}],"predecessor-version":[{"id":1904,"href":"https:\/\/aradiovi.hu\/index.php?rest_route=\/wp\/v2\/pages\/254\/revisions\/1904"}],"wp:attachment":[{"href":"https:\/\/aradiovi.hu\/index.php?rest_route=%2Fwp%2Fv2%2Fmedia&parent=254"}],"curies":[{"name":"wp","href":"https:\/\/api.w.org\/{rel}","templated":true}]}}