{"id":2545,"date":"2023-11-14T22:28:09","date_gmt":"2023-11-14T22:28:09","guid":{"rendered":"http:\/\/www.aradiovi.hu\/?page_id=2545"},"modified":"2025-09-03T16:48:22","modified_gmt":"2025-09-03T16:48:22","slug":"kozerdeku-dokumentumok","status":"publish","type":"page","link":"https:\/\/aradiovi.hu\/?page_id=2545","title":{"rendered":"K\u00f6z\u00e9rdek\u0171 dokumentumok"},"content":{"rendered":"<h4>\u2013 H\u00e1zirend H\u00e1zirend 2024\u00a0<a href=\"https:\/\/aradiovi.hu\/?ddownload=2565\" title=\"Let\u00f6lt\u00e9s\" rel=\"nofollow\" class=\"ddownload-button button-blue id-2565 ext-pdf\">Let\u00f6lt\u00e9s<\/a><\/h4>\n<h4>\u2013 Panaszkezel\u00e9si Szab\u00e1lyzat\u00a0<a href=\"https:\/\/aradiovi.hu\/?ddownload=2576\" title=\"Let\u00f6lt\u00e9s\" rel=\"nofollow\" class=\"ddownload-button button-blue id-2576 ext-pdf\">Let\u00f6lt\u00e9s<\/a><\/h4>\n<h4>\u2013 Pedag\u00f3giai Program\u00a02025 <a href=\"https:\/\/aradiovi.hu\/?ddownload=2949\" title=\"Let\u00f6lt\u00e9s\" rel=\"nofollow\" class=\"ddownload-button button-blue id-2949 ext-pdf\">Let\u00f6lt\u00e9s<\/a><\/h4>\n<h4>\u2013 \u00c9ves Munkaterv <a href=\"https:\/\/aradiovi.hu\/?ddownload=2950\" title=\"Let\u00f6lt\u00e9s\" rel=\"nofollow\" class=\"ddownload-button button-blue id-2950 ext-pdf\">Let\u00f6lt\u00e9s<\/a><\/h4>\n<h4>\u2013 SZMSZ\u00a02025\u00a0<a href=\"https:\/\/aradiovi.hu\/?ddownload=2948\" title=\"Let\u00f6lt\u00e9s\" rel=\"nofollow\" class=\"ddownload-button button-blue id-2948 ext-pdf\">Let\u00f6lt\u00e9s<\/a><\/h4>\n<p>&#8211; <strong>2024\/25 nevel\u00e9si \u00e9v \u00e9rt\u00e9kel\u00e9se\u00a0<a href=\"https:\/\/aradiovi.hu\/?ddownload=2951\" title=\"Let\u00f6lt\u00e9s\" rel=\"nofollow\" class=\"ddownload-button button-blue id-2951 ext-pdf\">Let\u00f6lt\u00e9s<\/a><\/strong><\/p>\n<h4>\u2013 A szervezeti integrit\u00e1st s\u00e9rt\u0151 esem\u00e9nyek kezel\u00e9s\u00e9nek szab\u00e1lyzata\u00a0<a href=\"https:\/\/aradiovi.hu\/?ddownload=1018\" title=\"Let\u00f6lt\u00e9s\" rel=\"nofollow\" class=\"ddownload-button button-blue id-1018 ext-pdf\">Let\u00f6lt\u00e9s<\/a><\/h4>\n<h4>\u2013 Int\u00e9zm\u00e9nyi ellen\u0151rz\u00e9s \u00e9rt\u00e9kel\u00e9se\u00a0<a href=\"https:\/\/aradiovi.hu\/?ddownload=2577\" title=\"Let\u00f6lt\u00e9s\" rel=\"nofollow\" class=\"ddownload-button button-blue id-2577 ext-pdf\">Let\u00f6lt\u00e9s<\/a><\/h4>\n<h4>\u2013 Vezet\u0151i ellen\u0151rz\u00e9s \u00e9rt\u00e9kel\u00e9se\u00a0<a href=\"https:\/\/aradiovi.hu\/?ddownload=1185\" title=\"Let\u00f6lt\u00e9s\" rel=\"nofollow\" class=\"ddownload-button button-blue id-1185 ext-pdf\">Let\u00f6lt\u00e9s<\/a><\/h4>\n<h3>&#8211;\u00a0 GyVS t\u00e1j\u00e9koztat\u00f3<strong> <a href=\"https:\/\/aradiovi.hu\/?ddownload=2424\" title=\"2023 v\u00e1ltozat let\u00f6lt\u00e9s\" rel=\"nofollow\" class=\"ddownload-button button-blue id-2424 ext-pdf\">2023 v\u00e1ltozat let\u00f6lt\u00e9s<\/a><\/strong><\/h3>\n<h3>&#8211; K\u00f6zz\u00e9t\u00e9teli lista<strong>\u00a0<a href=\"https:\/\/aradiovi.hu\/?ddownload=2956\" title=\"Let\u00f6lt\u00e9s\" rel=\"nofollow\" class=\"ddownload-button button-blue id-2956 ext-pdf\">Let\u00f6lt\u00e9s<\/a><\/strong><\/h3>\n<h3><strong>&#8211; <\/strong>Alap\u00edt\u00f3 okirat<strong>\u00a0<a href=\"https:\/\/aradiovi.hu\/?ddownload=2707\" title=\"Let\u00f6lt\u00e9s\" rel=\"nofollow\" class=\"ddownload-button button-blue id-2707 ext-pdf\">Let\u00f6lt\u00e9s<\/a><\/strong><\/h3>\n<h5>A dokument\u00e1ci\u00f3knak int\u00e9zm\u00e9ny\u00fcnkben \u2013 a helyben szok\u00e1sos m\u00f3don-nyilv\u00e1noss\u00e1got biztos\u00edtunk.<\/h5>\n","protected":false},"excerpt":{"rendered":"<p>\u2013 H\u00e1zirend H\u00e1zirend 2024\u00a0 \u2013 Panaszkezel\u00e9si Szab\u00e1lyzat\u00a0 \u2013 Pedag\u00f3giai Program\u00a02025 \u2013 \u00c9ves Munkaterv \u2013 SZMSZ\u00a02025\u00a0 &#8211; 2024\/25 nevel\u00e9si \u00e9v \u00e9rt\u00e9kel\u00e9se\u00a0 \u2013 A szervezeti integrit\u00e1st s\u00e9rt\u0151 esem\u00e9nyek kezel\u00e9s\u00e9nek szab\u00e1lyzata\u00a0 \u2013 Int\u00e9zm\u00e9nyi ellen\u0151rz\u00e9s \u00e9rt\u00e9kel\u00e9se\u00a0 \u2013 Vezet\u0151i ellen\u0151rz\u00e9s \u00e9rt\u00e9kel\u00e9se\u00a0 &#8211;\u00a0 GyVS t\u00e1j\u00e9koztat\u00f3 &#8211;<\/p>\n","protected":false},"author":1,"featured_media":0,"parent":0,"menu_order":0,"comment_status":"closed","ping_status":"closed","template":"","meta":{"footnotes":""},"class_list":["post-2545","page","type-page","status-publish","hentry"],"_links":{"self":[{"href":"https:\/\/aradiovi.hu\/index.php?rest_route=\/wp\/v2\/pages\/2545","targetHints":{"allow":["GET"]}}],"collection":[{"href":"https:\/\/aradiovi.hu\/index.php?rest_route=\/wp\/v2\/pages"}],"about":[{"href":"https:\/\/aradiovi.hu\/index.php?rest_route=\/wp\/v2\/types\/page"}],"author":[{"embeddable":true,"href":"https:\/\/aradiovi.hu\/index.php?rest_route=\/wp\/v2\/users\/1"}],"replies":[{"embeddable":true,"href":"https:\/\/aradiovi.hu\/index.php?rest_route=%2Fwp%2Fv2%2Fcomments&post=2545"}],"version-history":[{"count":18,"href":"https:\/\/aradiovi.hu\/index.php?rest_route=\/wp\/v2\/pages\/2545\/revisions"}],"predecessor-version":[{"id":2957,"href":"https:\/\/aradiovi.hu\/index.php?rest_route=\/wp\/v2\/pages\/2545\/revisions\/2957"}],"wp:attachment":[{"href":"https:\/\/aradiovi.hu\/index.php?rest_route=%2Fwp%2Fv2%2Fmedia&parent=2545"}],"curies":[{"name":"wp","href":"https:\/\/api.w.org\/{rel}","templated":true}]}}