{"id":2672,"date":"2024-11-24T21:24:11","date_gmt":"2024-11-24T21:24:11","guid":{"rendered":"http:\/\/www.aradiovi.hu\/?page_id=2672"},"modified":"2024-11-24T21:32:37","modified_gmt":"2024-11-24T21:32:37","slug":"marton-napi-lampas-felvonulas-3","status":"publish","type":"page","link":"https:\/\/aradiovi.hu\/?page_id=2672","title":{"rendered":"M\u00e1rton napi l\u00e1mp\u00e1s felvonul\u00e1s"},"content":{"rendered":"<p><a href=\"http:\/\/www.aradiovi.hu\/wp-content\/uploads\/2024\/11\/3blur-1.jpg\"><img loading=\"lazy\" decoding=\"async\" class=\"aligncenter size-large wp-image-2679\" src=\"http:\/\/www.aradiovi.hu\/wp-content\/uploads\/2024\/11\/3blur-1-1024x1024.jpg\" alt=\"\" width=\"720\" height=\"720\" srcset=\"https:\/\/aradiovi.hu\/wp-content\/uploads\/2024\/11\/3blur-1-1024x1024.jpg 1024w, https:\/\/aradiovi.hu\/wp-content\/uploads\/2024\/11\/3blur-1-150x150.jpg 150w, https:\/\/aradiovi.hu\/wp-content\/uploads\/2024\/11\/3blur-1-300x300.jpg 300w, https:\/\/aradiovi.hu\/wp-content\/uploads\/2024\/11\/3blur-1-768x768.jpg 768w, https:\/\/aradiovi.hu\/wp-content\/uploads\/2024\/11\/3blur-1-230x230.jpg 230w, https:\/\/aradiovi.hu\/wp-content\/uploads\/2024\/11\/3blur-1-365x365.jpg 365w, https:\/\/aradiovi.hu\/wp-content\/uploads\/2024\/11\/3blur-1.jpg 2048w\" sizes=\"auto, (max-width: 720px) 100vw, 720px\" \/><\/a><\/p>\n<p><a href=\"http:\/\/www.aradiovi.hu\/wp-content\/uploads\/2024\/11\/5.jpg\"><img loading=\"lazy\" decoding=\"async\" class=\"aligncenter size-large wp-image-2673\" src=\"http:\/\/www.aradiovi.hu\/wp-content\/uploads\/2024\/11\/5-1024x1024.jpg\" alt=\"\" width=\"720\" height=\"720\" srcset=\"https:\/\/aradiovi.hu\/wp-content\/uploads\/2024\/11\/5-1024x1024.jpg 1024w, https:\/\/aradiovi.hu\/wp-content\/uploads\/2024\/11\/5-150x150.jpg 150w, https:\/\/aradiovi.hu\/wp-content\/uploads\/2024\/11\/5-300x300.jpg 300w, https:\/\/aradiovi.hu\/wp-content\/uploads\/2024\/11\/5-768x768.jpg 768w, https:\/\/aradiovi.hu\/wp-content\/uploads\/2024\/11\/5-230x230.jpg 230w, https:\/\/aradiovi.hu\/wp-content\/uploads\/2024\/11\/5-365x365.jpg 365w, https:\/\/aradiovi.hu\/wp-content\/uploads\/2024\/11\/5.jpg 2048w\" sizes=\"auto, (max-width: 720px) 100vw, 720px\" \/><\/a><\/p>\n<p><a href=\"http:\/\/www.aradiovi.hu\/wp-content\/uploads\/2024\/11\/7.jpg\"><img loading=\"lazy\" decoding=\"async\" class=\"aligncenter size-large wp-image-2674\" src=\"http:\/\/www.aradiovi.hu\/wp-content\/uploads\/2024\/11\/7-1024x1024.jpg\" alt=\"\" width=\"720\" height=\"720\" srcset=\"https:\/\/aradiovi.hu\/wp-content\/uploads\/2024\/11\/7-1024x1024.jpg 1024w, https:\/\/aradiovi.hu\/wp-content\/uploads\/2024\/11\/7-150x150.jpg 150w, https:\/\/aradiovi.hu\/wp-content\/uploads\/2024\/11\/7-300x300.jpg 300w, https:\/\/aradiovi.hu\/wp-content\/uploads\/2024\/11\/7-768x768.jpg 768w, https:\/\/aradiovi.hu\/wp-content\/uploads\/2024\/11\/7-230x230.jpg 230w, https:\/\/aradiovi.hu\/wp-content\/uploads\/2024\/11\/7-365x365.jpg 365w, https:\/\/aradiovi.hu\/wp-content\/uploads\/2024\/11\/7.jpg 2048w\" sizes=\"auto, (max-width: 720px) 100vw, 720px\" \/><\/a><\/p>\n<p><a href=\"http:\/\/www.aradiovi.hu\/wp-content\/uploads\/2024\/11\/FB_IMG_1731323759209blur.jpg\"><img loading=\"lazy\" decoding=\"async\" class=\"aligncenter size-large wp-image-2680\" src=\"http:\/\/www.aradiovi.hu\/wp-content\/uploads\/2024\/11\/FB_IMG_1731323759209blur-1024x683.jpg\" alt=\"\" width=\"720\" height=\"480\" srcset=\"https:\/\/aradiovi.hu\/wp-content\/uploads\/2024\/11\/FB_IMG_1731323759209blur-1024x683.jpg 1024w, https:\/\/aradiovi.hu\/wp-content\/uploads\/2024\/11\/FB_IMG_1731323759209blur-300x200.jpg 300w, https:\/\/aradiovi.hu\/wp-content\/uploads\/2024\/11\/FB_IMG_1731323759209blur-768x512.jpg 768w, https:\/\/aradiovi.hu\/wp-content\/uploads\/2024\/11\/FB_IMG_1731323759209blur.jpg 1080w\" sizes=\"auto, (max-width: 720px) 100vw, 720px\" \/><\/a><\/p>\n<p>&nbsp;<\/p>\n","protected":false},"excerpt":{"rendered":"<p>&nbsp;<\/p>\n","protected":false},"author":1,"featured_media":0,"parent":0,"menu_order":0,"comment_status":"closed","ping_status":"closed","template":"","meta":{"footnotes":""},"class_list":["post-2672","page","type-page","status-publish","hentry"],"_links":{"self":[{"href":"https:\/\/aradiovi.hu\/index.php?rest_route=\/wp\/v2\/pages\/2672","targetHints":{"allow":["GET"]}}],"collection":[{"href":"https:\/\/aradiovi.hu\/index.php?rest_route=\/wp\/v2\/pages"}],"about":[{"href":"https:\/\/aradiovi.hu\/index.php?rest_route=\/wp\/v2\/types\/page"}],"author":[{"embeddable":true,"href":"https:\/\/aradiovi.hu\/index.php?rest_route=\/wp\/v2\/users\/1"}],"replies":[{"embeddable":true,"href":"https:\/\/aradiovi.hu\/index.php?rest_route=%2Fwp%2Fv2%2Fcomments&post=2672"}],"version-history":[{"count":3,"href":"https:\/\/aradiovi.hu\/index.php?rest_route=\/wp\/v2\/pages\/2672\/revisions"}],"predecessor-version":[{"id":2682,"href":"https:\/\/aradiovi.hu\/index.php?rest_route=\/wp\/v2\/pages\/2672\/revisions\/2682"}],"wp:attachment":[{"href":"https:\/\/aradiovi.hu\/index.php?rest_route=%2Fwp%2Fv2%2Fmedia&parent=2672"}],"curies":[{"name":"wp","href":"https:\/\/api.w.org\/{rel}","templated":true}]}}