{"id":2693,"date":"2024-12-06T16:31:02","date_gmt":"2024-12-06T16:31:02","guid":{"rendered":"http:\/\/www.aradiovi.hu\/?page_id=2693"},"modified":"2024-12-06T16:31:02","modified_gmt":"2024-12-06T16:31:02","slug":"mikulas-2024","status":"publish","type":"page","link":"https:\/\/aradiovi.hu\/?page_id=2693","title":{"rendered":"Mikul\u00e1s 2024"},"content":{"rendered":"<p>Mikul\u00e1s napj\u00e1n tavaly is \u00e9s id\u00e9n is az \u00f3v\u00f3n\u00e9nik \u00e1lltak \u00f6ssze, hogy sz\u00f3rakoztass\u00e1k a gyerekeket egy zen\u00e9s mesej\u00e1t\u00e9kkal.<\/p>\n<p>Ebben az \u00e9vben A Mikul\u00e1s \u00e9s a rendetlen nyulak&#8221; mesej\u00e1t\u00e9kon nevethettek nagyokat a gyerekek, a v\u00e9g\u00e9n pedig&#8230;..ben\u00e9zett az ablakon a T\u00e9lap\u00f3!!!!<\/p>\n<p>&nbsp;<\/p>\n<p><a href=\"http:\/\/www.aradiovi.hu\/wp-content\/uploads\/2024\/12\/469209741_9070850866307744_8992172973952775049_n.jpg\"><img loading=\"lazy\" decoding=\"async\" class=\"aligncenter size-large wp-image-2695\" src=\"http:\/\/www.aradiovi.hu\/wp-content\/uploads\/2024\/12\/469209741_9070850866307744_8992172973952775049_n-462x1024.jpg\" alt=\"\" width=\"462\" height=\"1024\" srcset=\"https:\/\/aradiovi.hu\/wp-content\/uploads\/2024\/12\/469209741_9070850866307744_8992172973952775049_n-462x1024.jpg 462w, https:\/\/aradiovi.hu\/wp-content\/uploads\/2024\/12\/469209741_9070850866307744_8992172973952775049_n-135x300.jpg 135w, https:\/\/aradiovi.hu\/wp-content\/uploads\/2024\/12\/469209741_9070850866307744_8992172973952775049_n-768x1704.jpg 768w, https:\/\/aradiovi.hu\/wp-content\/uploads\/2024\/12\/469209741_9070850866307744_8992172973952775049_n.jpg 923w\" sizes=\"auto, (max-width: 462px) 100vw, 462px\" \/><\/a><\/p>\n<p><a href=\"http:\/\/www.aradiovi.hu\/wp-content\/uploads\/2024\/12\/20241206_104851.jpg\"><img loading=\"lazy\" decoding=\"async\" class=\"aligncenter size-large wp-image-2694\" src=\"http:\/\/www.aradiovi.hu\/wp-content\/uploads\/2024\/12\/20241206_104851-1024x768.jpg\" alt=\"\" width=\"720\" height=\"540\" srcset=\"https:\/\/aradiovi.hu\/wp-content\/uploads\/2024\/12\/20241206_104851-1024x768.jpg 1024w, https:\/\/aradiovi.hu\/wp-content\/uploads\/2024\/12\/20241206_104851-300x225.jpg 300w, https:\/\/aradiovi.hu\/wp-content\/uploads\/2024\/12\/20241206_104851-768x576.jpg 768w\" sizes=\"auto, (max-width: 720px) 100vw, 720px\" \/><\/a><\/p>\n<p><a href=\"http:\/\/www.aradiovi.hu\/wp-content\/uploads\/2024\/12\/469285153_9070849416307889_3778840158470800154_n.jpg\"><img loading=\"lazy\" decoding=\"async\" class=\"aligncenter size-large wp-image-2696\" src=\"http:\/\/www.aradiovi.hu\/wp-content\/uploads\/2024\/12\/469285153_9070849416307889_3778840158470800154_n-462x1024.jpg\" alt=\"\" width=\"462\" height=\"1024\" srcset=\"https:\/\/aradiovi.hu\/wp-content\/uploads\/2024\/12\/469285153_9070849416307889_3778840158470800154_n-462x1024.jpg 462w, https:\/\/aradiovi.hu\/wp-content\/uploads\/2024\/12\/469285153_9070849416307889_3778840158470800154_n-135x300.jpg 135w, https:\/\/aradiovi.hu\/wp-content\/uploads\/2024\/12\/469285153_9070849416307889_3778840158470800154_n-768x1704.jpg 768w, https:\/\/aradiovi.hu\/wp-content\/uploads\/2024\/12\/469285153_9070849416307889_3778840158470800154_n.jpg 923w\" sizes=\"auto, (max-width: 462px) 100vw, 462px\" \/><\/a><\/p>\n<p><a href=\"http:\/\/www.aradiovi.hu\/wp-content\/uploads\/2024\/12\/469346578_9070851269641037_3530953871564659886_n.jpg\"><img loading=\"lazy\" decoding=\"async\" class=\"aligncenter size-large wp-image-2697\" src=\"http:\/\/www.aradiovi.hu\/wp-content\/uploads\/2024\/12\/469346578_9070851269641037_3530953871564659886_n-1024x462.jpg\" alt=\"\" width=\"720\" height=\"325\" srcset=\"https:\/\/aradiovi.hu\/wp-content\/uploads\/2024\/12\/469346578_9070851269641037_3530953871564659886_n-1024x462.jpg 1024w, https:\/\/aradiovi.hu\/wp-content\/uploads\/2024\/12\/469346578_9070851269641037_3530953871564659886_n-300x135.jpg 300w, https:\/\/aradiovi.hu\/wp-content\/uploads\/2024\/12\/469346578_9070851269641037_3530953871564659886_n-768x346.jpg 768w, https:\/\/aradiovi.hu\/wp-content\/uploads\/2024\/12\/469346578_9070851269641037_3530953871564659886_n.jpg 2048w\" sizes=\"auto, (max-width: 720px) 100vw, 720px\" \/><\/a><\/p>\n<p><a href=\"http:\/\/www.aradiovi.hu\/wp-content\/uploads\/2024\/12\/469367627_9070850096307821_7766398478195850271_n.jpg\"><img loading=\"lazy\" decoding=\"async\" class=\"aligncenter size-large wp-image-2698\" src=\"http:\/\/www.aradiovi.hu\/wp-content\/uploads\/2024\/12\/469367627_9070850096307821_7766398478195850271_n-462x1024.jpg\" alt=\"\" width=\"462\" height=\"1024\" srcset=\"https:\/\/aradiovi.hu\/wp-content\/uploads\/2024\/12\/469367627_9070850096307821_7766398478195850271_n-462x1024.jpg 462w, https:\/\/aradiovi.hu\/wp-content\/uploads\/2024\/12\/469367627_9070850096307821_7766398478195850271_n-135x300.jpg 135w, https:\/\/aradiovi.hu\/wp-content\/uploads\/2024\/12\/469367627_9070850096307821_7766398478195850271_n-768x1704.jpg 768w, https:\/\/aradiovi.hu\/wp-content\/uploads\/2024\/12\/469367627_9070850096307821_7766398478195850271_n.jpg 923w\" sizes=\"auto, (max-width: 462px) 100vw, 462px\" \/><\/a><\/p>\n<p><a href=\"http:\/\/www.aradiovi.hu\/wp-content\/uploads\/2024\/12\/469441370_9070850462974451_1730513755584139270_n.jpg\"><img loading=\"lazy\" decoding=\"async\" class=\"aligncenter size-large wp-image-2699\" src=\"http:\/\/www.aradiovi.hu\/wp-content\/uploads\/2024\/12\/469441370_9070850462974451_1730513755584139270_n-462x1024.jpg\" alt=\"\" width=\"462\" height=\"1024\" srcset=\"https:\/\/aradiovi.hu\/wp-content\/uploads\/2024\/12\/469441370_9070850462974451_1730513755584139270_n-462x1024.jpg 462w, https:\/\/aradiovi.hu\/wp-content\/uploads\/2024\/12\/469441370_9070850462974451_1730513755584139270_n-135x300.jpg 135w, https:\/\/aradiovi.hu\/wp-content\/uploads\/2024\/12\/469441370_9070850462974451_1730513755584139270_n-768x1704.jpg 768w, https:\/\/aradiovi.hu\/wp-content\/uploads\/2024\/12\/469441370_9070850462974451_1730513755584139270_n.jpg 923w\" sizes=\"auto, (max-width: 462px) 100vw, 462px\" \/><\/a><\/p>\n<p><a href=\"http:\/\/www.aradiovi.hu\/wp-content\/uploads\/2024\/12\/469508357_9070852086307622_4087945104147670078_n.jpg\"><img loading=\"lazy\" decoding=\"async\" class=\"aligncenter size-large wp-image-2700\" src=\"http:\/\/www.aradiovi.hu\/wp-content\/uploads\/2024\/12\/469508357_9070852086307622_4087945104147670078_n-462x1024.jpg\" alt=\"\" width=\"462\" height=\"1024\" srcset=\"https:\/\/aradiovi.hu\/wp-content\/uploads\/2024\/12\/469508357_9070852086307622_4087945104147670078_n-462x1024.jpg 462w, https:\/\/aradiovi.hu\/wp-content\/uploads\/2024\/12\/469508357_9070852086307622_4087945104147670078_n-135x300.jpg 135w, https:\/\/aradiovi.hu\/wp-content\/uploads\/2024\/12\/469508357_9070852086307622_4087945104147670078_n-768x1704.jpg 768w, https:\/\/aradiovi.hu\/wp-content\/uploads\/2024\/12\/469508357_9070852086307622_4087945104147670078_n.jpg 923w\" sizes=\"auto, (max-width: 462px) 100vw, 462px\" \/><\/a><\/p>\n<p><a href=\"http:\/\/www.aradiovi.hu\/wp-content\/uploads\/2024\/12\/469508522_9070849709641193_1832803927885229940_n.jpg\"><img loading=\"lazy\" decoding=\"async\" class=\"aligncenter size-large wp-image-2701\" src=\"http:\/\/www.aradiovi.hu\/wp-content\/uploads\/2024\/12\/469508522_9070849709641193_1832803927885229940_n-462x1024.jpg\" alt=\"\" width=\"462\" height=\"1024\" srcset=\"https:\/\/aradiovi.hu\/wp-content\/uploads\/2024\/12\/469508522_9070849709641193_1832803927885229940_n-462x1024.jpg 462w, https:\/\/aradiovi.hu\/wp-content\/uploads\/2024\/12\/469508522_9070849709641193_1832803927885229940_n-135x300.jpg 135w, https:\/\/aradiovi.hu\/wp-content\/uploads\/2024\/12\/469508522_9070849709641193_1832803927885229940_n-768x1704.jpg 768w, https:\/\/aradiovi.hu\/wp-content\/uploads\/2024\/12\/469508522_9070849709641193_1832803927885229940_n.jpg 923w\" sizes=\"auto, (max-width: 462px) 100vw, 462px\" \/><\/a><\/p>\n<p><a href=\"http:\/\/www.aradiovi.hu\/wp-content\/uploads\/2024\/12\/469577281_9070852752974222_7752010509667301317_n.jpg\"><img loading=\"lazy\" decoding=\"async\" class=\"aligncenter size-large wp-image-2702\" src=\"http:\/\/www.aradiovi.hu\/wp-content\/uploads\/2024\/12\/469577281_9070852752974222_7752010509667301317_n-1024x462.jpg\" alt=\"\" width=\"720\" height=\"325\" srcset=\"https:\/\/aradiovi.hu\/wp-content\/uploads\/2024\/12\/469577281_9070852752974222_7752010509667301317_n-1024x462.jpg 1024w, https:\/\/aradiovi.hu\/wp-content\/uploads\/2024\/12\/469577281_9070852752974222_7752010509667301317_n-300x135.jpg 300w, https:\/\/aradiovi.hu\/wp-content\/uploads\/2024\/12\/469577281_9070852752974222_7752010509667301317_n-768x346.jpg 768w, https:\/\/aradiovi.hu\/wp-content\/uploads\/2024\/12\/469577281_9070852752974222_7752010509667301317_n.jpg 2048w\" sizes=\"auto, (max-width: 720px) 100vw, 720px\" \/><\/a><\/p>\n","protected":false},"excerpt":{"rendered":"<p>Mikul\u00e1s napj\u00e1n tavaly is \u00e9s id\u00e9n is az \u00f3v\u00f3n\u00e9nik \u00e1lltak \u00f6ssze, hogy sz\u00f3rakoztass\u00e1k a gyerekeket egy zen\u00e9s mesej\u00e1t\u00e9kkal. Ebben az \u00e9vben A Mikul\u00e1s \u00e9s a rendetlen nyulak&#8221; mesej\u00e1t\u00e9kon nevethettek nagyokat a gyerekek, a v\u00e9g\u00e9n pedig&#8230;..ben\u00e9zett az ablakon a T\u00e9lap\u00f3!!!! &nbsp;<\/p>\n","protected":false},"author":1,"featured_media":0,"parent":0,"menu_order":0,"comment_status":"closed","ping_status":"closed","template":"","meta":{"footnotes":""},"class_list":["post-2693","page","type-page","status-publish","hentry"],"_links":{"self":[{"href":"https:\/\/aradiovi.hu\/index.php?rest_route=\/wp\/v2\/pages\/2693","targetHints":{"allow":["GET"]}}],"collection":[{"href":"https:\/\/aradiovi.hu\/index.php?rest_route=\/wp\/v2\/pages"}],"about":[{"href":"https:\/\/aradiovi.hu\/index.php?rest_route=\/wp\/v2\/types\/page"}],"author":[{"embeddable":true,"href":"https:\/\/aradiovi.hu\/index.php?rest_route=\/wp\/v2\/users\/1"}],"replies":[{"embeddable":true,"href":"https:\/\/aradiovi.hu\/index.php?rest_route=%2Fwp%2Fv2%2Fcomments&post=2693"}],"version-history":[{"count":1,"href":"https:\/\/aradiovi.hu\/index.php?rest_route=\/wp\/v2\/pages\/2693\/revisions"}],"predecessor-version":[{"id":2704,"href":"https:\/\/aradiovi.hu\/index.php?rest_route=\/wp\/v2\/pages\/2693\/revisions\/2704"}],"wp:attachment":[{"href":"https:\/\/aradiovi.hu\/index.php?rest_route=%2Fwp%2Fv2%2Fmedia&parent=2693"}],"curies":[{"name":"wp","href":"https:\/\/api.w.org\/{rel}","templated":true}]}}