{"id":2784,"date":"2025-02-15T17:15:45","date_gmt":"2025-02-15T17:15:45","guid":{"rendered":"http:\/\/www.aradiovi.hu\/?page_id=2784"},"modified":"2025-02-15T17:15:45","modified_gmt":"2025-02-15T17:15:45","slug":"almaszuret-es-farmlatogatas","status":"publish","type":"page","link":"https:\/\/aradiovi.hu\/?page_id=2784","title":{"rendered":"Almasz\u00fcret \u00e9s farml\u00e1togat\u00e1s"},"content":{"rendered":"<p>A Kisvakond csoport a Breier Farmon j\u00e1rt Pom\u00e1zon alm\u00e1t sz\u00fcretelni \u00e9s bepillant\u00e1st nyertek egy val\u00f3di farm \u00e9let\u00e9be. (Az els\u0151 fot\u00f3ra kattintva lehet l\u00e9trehozni gal\u00e9rian\u00e9zetet!)<\/p>\n<p><a href=\"http:\/\/www.aradiovi.hu\/wp-content\/uploads\/2025\/02\/462368397_1692377888002163_4969618380818246323_n.jpg\"><img loading=\"lazy\" decoding=\"async\" class=\"aligncenter size-large wp-image-2785\" src=\"http:\/\/www.aradiovi.hu\/wp-content\/uploads\/2025\/02\/462368397_1692377888002163_4969618380818246323_n-768x1024.jpg\" alt=\"\" width=\"720\" height=\"960\" srcset=\"https:\/\/aradiovi.hu\/wp-content\/uploads\/2025\/02\/462368397_1692377888002163_4969618380818246323_n-768x1024.jpg 768w, https:\/\/aradiovi.hu\/wp-content\/uploads\/2025\/02\/462368397_1692377888002163_4969618380818246323_n-225x300.jpg 225w, https:\/\/aradiovi.hu\/wp-content\/uploads\/2025\/02\/462368397_1692377888002163_4969618380818246323_n.jpg 1536w\" sizes=\"auto, (max-width: 720px) 100vw, 720px\" \/><\/a><\/p>\n<p><a href=\"http:\/\/www.aradiovi.hu\/wp-content\/uploads\/2025\/02\/462370969_8713882998671201_592680296593306587_n.jpg\"><img loading=\"lazy\" decoding=\"async\" class=\"aligncenter size-large wp-image-2786\" src=\"http:\/\/www.aradiovi.hu\/wp-content\/uploads\/2025\/02\/462370969_8713882998671201_592680296593306587_n-462x1024.jpg\" alt=\"\" width=\"462\" height=\"1024\" srcset=\"https:\/\/aradiovi.hu\/wp-content\/uploads\/2025\/02\/462370969_8713882998671201_592680296593306587_n-462x1024.jpg 462w, https:\/\/aradiovi.hu\/wp-content\/uploads\/2025\/02\/462370969_8713882998671201_592680296593306587_n-135x300.jpg 135w, https:\/\/aradiovi.hu\/wp-content\/uploads\/2025\/02\/462370969_8713882998671201_592680296593306587_n-768x1704.jpg 768w, https:\/\/aradiovi.hu\/wp-content\/uploads\/2025\/02\/462370969_8713882998671201_592680296593306587_n.jpg 923w\" sizes=\"auto, (max-width: 462px) 100vw, 462px\" \/><\/a><\/p>\n<p><a href=\"http:\/\/www.aradiovi.hu\/wp-content\/uploads\/2025\/02\/462480064_27440837445530578_5482418055922059502_n.jpg\"><img loading=\"lazy\" decoding=\"async\" class=\"aligncenter size-large wp-image-2787\" src=\"http:\/\/www.aradiovi.hu\/wp-content\/uploads\/2025\/02\/462480064_27440837445530578_5482418055922059502_n-768x1024.jpg\" alt=\"\" width=\"720\" height=\"960\" srcset=\"https:\/\/aradiovi.hu\/wp-content\/uploads\/2025\/02\/462480064_27440837445530578_5482418055922059502_n-768x1024.jpg 768w, https:\/\/aradiovi.hu\/wp-content\/uploads\/2025\/02\/462480064_27440837445530578_5482418055922059502_n-225x300.jpg 225w, https:\/\/aradiovi.hu\/wp-content\/uploads\/2025\/02\/462480064_27440837445530578_5482418055922059502_n.jpg 1536w\" sizes=\"auto, (max-width: 720px) 100vw, 720px\" \/><\/a><\/p>\n<p><a href=\"http:\/\/www.aradiovi.hu\/wp-content\/uploads\/2025\/02\/462485641_8713883395337828_7111605309262230412_n.jpg\"><img loading=\"lazy\" decoding=\"async\" class=\"aligncenter size-large wp-image-2788\" src=\"http:\/\/www.aradiovi.hu\/wp-content\/uploads\/2025\/02\/462485641_8713883395337828_7111605309262230412_n-462x1024.jpg\" alt=\"\" width=\"462\" height=\"1024\" srcset=\"https:\/\/aradiovi.hu\/wp-content\/uploads\/2025\/02\/462485641_8713883395337828_7111605309262230412_n-462x1024.jpg 462w, https:\/\/aradiovi.hu\/wp-content\/uploads\/2025\/02\/462485641_8713883395337828_7111605309262230412_n-135x300.jpg 135w, https:\/\/aradiovi.hu\/wp-content\/uploads\/2025\/02\/462485641_8713883395337828_7111605309262230412_n-768x1704.jpg 768w, https:\/\/aradiovi.hu\/wp-content\/uploads\/2025\/02\/462485641_8713883395337828_7111605309262230412_n.jpg 923w\" sizes=\"auto, (max-width: 462px) 100vw, 462px\" \/><\/a><\/p>\n<p><a href=\"http:\/\/www.aradiovi.hu\/wp-content\/uploads\/2025\/02\/462505838_27440806188867037_7008845460222713891_n.jpg\"><img loading=\"lazy\" decoding=\"async\" class=\"aligncenter size-large wp-image-2789\" src=\"http:\/\/www.aradiovi.hu\/wp-content\/uploads\/2025\/02\/462505838_27440806188867037_7008845460222713891_n-768x1024.jpg\" alt=\"\" width=\"720\" height=\"960\" srcset=\"https:\/\/aradiovi.hu\/wp-content\/uploads\/2025\/02\/462505838_27440806188867037_7008845460222713891_n-768x1024.jpg 768w, https:\/\/aradiovi.hu\/wp-content\/uploads\/2025\/02\/462505838_27440806188867037_7008845460222713891_n-225x300.jpg 225w, https:\/\/aradiovi.hu\/wp-content\/uploads\/2025\/02\/462505838_27440806188867037_7008845460222713891_n.jpg 1536w\" sizes=\"auto, (max-width: 720px) 100vw, 720px\" \/><\/a><\/p>\n<p><a href=\"http:\/\/www.aradiovi.hu\/wp-content\/uploads\/2025\/02\/462515869_27440827308864925_235081500601597205_n.jpg\"><img loading=\"lazy\" decoding=\"async\" class=\"aligncenter size-large wp-image-2790\" src=\"http:\/\/www.aradiovi.hu\/wp-content\/uploads\/2025\/02\/462515869_27440827308864925_235081500601597205_n-768x1024.jpg\" alt=\"\" width=\"720\" height=\"960\" srcset=\"https:\/\/aradiovi.hu\/wp-content\/uploads\/2025\/02\/462515869_27440827308864925_235081500601597205_n-768x1024.jpg 768w, https:\/\/aradiovi.hu\/wp-content\/uploads\/2025\/02\/462515869_27440827308864925_235081500601597205_n-225x300.jpg 225w, https:\/\/aradiovi.hu\/wp-content\/uploads\/2025\/02\/462515869_27440827308864925_235081500601597205_n.jpg 1536w\" sizes=\"auto, (max-width: 720px) 100vw, 720px\" \/><\/a><\/p>\n<p><a href=\"http:\/\/www.aradiovi.hu\/wp-content\/uploads\/2025\/02\/462620473_8714368841955950_2520599905710943763_n.jpg\"><img loading=\"lazy\" decoding=\"async\" class=\"aligncenter size-large wp-image-2791\" src=\"http:\/\/www.aradiovi.hu\/wp-content\/uploads\/2025\/02\/462620473_8714368841955950_2520599905710943763_n-462x1024.jpg\" alt=\"\" width=\"462\" height=\"1024\" srcset=\"https:\/\/aradiovi.hu\/wp-content\/uploads\/2025\/02\/462620473_8714368841955950_2520599905710943763_n-462x1024.jpg 462w, https:\/\/aradiovi.hu\/wp-content\/uploads\/2025\/02\/462620473_8714368841955950_2520599905710943763_n-135x300.jpg 135w, https:\/\/aradiovi.hu\/wp-content\/uploads\/2025\/02\/462620473_8714368841955950_2520599905710943763_n-768x1704.jpg 768w, https:\/\/aradiovi.hu\/wp-content\/uploads\/2025\/02\/462620473_8714368841955950_2520599905710943763_n.jpg 923w\" sizes=\"auto, (max-width: 462px) 100vw, 462px\" \/><\/a><\/p>\n<p><a href=\"http:\/\/www.aradiovi.hu\/wp-content\/uploads\/2025\/02\/462624799_1692377461335539_2838397419597598784_n.jpg\"><img loading=\"lazy\" decoding=\"async\" class=\"aligncenter size-large wp-image-2792\" src=\"http:\/\/www.aradiovi.hu\/wp-content\/uploads\/2025\/02\/462624799_1692377461335539_2838397419597598784_n-768x1024.jpg\" alt=\"\" width=\"720\" height=\"960\" srcset=\"https:\/\/aradiovi.hu\/wp-content\/uploads\/2025\/02\/462624799_1692377461335539_2838397419597598784_n-768x1024.jpg 768w, https:\/\/aradiovi.hu\/wp-content\/uploads\/2025\/02\/462624799_1692377461335539_2838397419597598784_n-225x300.jpg 225w, https:\/\/aradiovi.hu\/wp-content\/uploads\/2025\/02\/462624799_1692377461335539_2838397419597598784_n.jpg 1536w\" sizes=\"auto, (max-width: 720px) 100vw, 720px\" \/><\/a><\/p>\n<p><a href=\"http:\/\/www.aradiovi.hu\/wp-content\/uploads\/2025\/02\/462656992_27440795855534737_148601074407706740_n.jpg\"><img loading=\"lazy\" decoding=\"async\" class=\"aligncenter size-large wp-image-2793\" src=\"http:\/\/www.aradiovi.hu\/wp-content\/uploads\/2025\/02\/462656992_27440795855534737_148601074407706740_n-768x1024.jpg\" alt=\"\" width=\"720\" height=\"960\" srcset=\"https:\/\/aradiovi.hu\/wp-content\/uploads\/2025\/02\/462656992_27440795855534737_148601074407706740_n-768x1024.jpg 768w, https:\/\/aradiovi.hu\/wp-content\/uploads\/2025\/02\/462656992_27440795855534737_148601074407706740_n-225x300.jpg 225w, https:\/\/aradiovi.hu\/wp-content\/uploads\/2025\/02\/462656992_27440795855534737_148601074407706740_n.jpg 1536w\" sizes=\"auto, (max-width: 720px) 100vw, 720px\" \/><\/a><\/p>\n<p>&nbsp;<\/p>\n<p><a href=\"http:\/\/www.aradiovi.hu\/wp-content\/uploads\/2025\/02\/462678878_27440805605533762_6266337818042544343_n.jpg\"><img loading=\"lazy\" decoding=\"async\" class=\"aligncenter size-large wp-image-2794\" src=\"http:\/\/www.aradiovi.hu\/wp-content\/uploads\/2025\/02\/462678878_27440805605533762_6266337818042544343_n-768x1024.jpg\" alt=\"\" width=\"720\" height=\"960\" srcset=\"https:\/\/aradiovi.hu\/wp-content\/uploads\/2025\/02\/462678878_27440805605533762_6266337818042544343_n-768x1024.jpg 768w, https:\/\/aradiovi.hu\/wp-content\/uploads\/2025\/02\/462678878_27440805605533762_6266337818042544343_n-225x300.jpg 225w, https:\/\/aradiovi.hu\/wp-content\/uploads\/2025\/02\/462678878_27440805605533762_6266337818042544343_n.jpg 1536w\" sizes=\"auto, (max-width: 720px) 100vw, 720px\" \/><\/a><\/p>\n<p><a href=\"http:\/\/www.aradiovi.hu\/wp-content\/uploads\/2025\/02\/462692388_1692376694668949_6386158375217979684_n.jpg\"><img loading=\"lazy\" decoding=\"async\" class=\"aligncenter size-large wp-image-2795\" src=\"http:\/\/www.aradiovi.hu\/wp-content\/uploads\/2025\/02\/462692388_1692376694668949_6386158375217979684_n-768x1024.jpg\" alt=\"\" width=\"720\" height=\"960\" srcset=\"https:\/\/aradiovi.hu\/wp-content\/uploads\/2025\/02\/462692388_1692376694668949_6386158375217979684_n-768x1024.jpg 768w, https:\/\/aradiovi.hu\/wp-content\/uploads\/2025\/02\/462692388_1692376694668949_6386158375217979684_n-225x300.jpg 225w, https:\/\/aradiovi.hu\/wp-content\/uploads\/2025\/02\/462692388_1692376694668949_6386158375217979684_n.jpg 1536w\" sizes=\"auto, (max-width: 720px) 100vw, 720px\" \/><\/a><\/p>\n<p>&nbsp;<\/p>\n<p><a href=\"http:\/\/www.aradiovi.hu\/wp-content\/uploads\/2025\/02\/462695757_27440809832200006_8925851957297196213_n.jpg\"><img loading=\"lazy\" decoding=\"async\" class=\"aligncenter size-large wp-image-2796\" src=\"http:\/\/www.aradiovi.hu\/wp-content\/uploads\/2025\/02\/462695757_27440809832200006_8925851957297196213_n-768x1024.jpg\" alt=\"\" width=\"720\" height=\"960\" srcset=\"https:\/\/aradiovi.hu\/wp-content\/uploads\/2025\/02\/462695757_27440809832200006_8925851957297196213_n-768x1024.jpg 768w, https:\/\/aradiovi.hu\/wp-content\/uploads\/2025\/02\/462695757_27440809832200006_8925851957297196213_n-225x300.jpg 225w, https:\/\/aradiovi.hu\/wp-content\/uploads\/2025\/02\/462695757_27440809832200006_8925851957297196213_n.jpg 1536w\" sizes=\"auto, (max-width: 720px) 100vw, 720px\" \/><\/a><\/p>\n<p><a href=\"http:\/\/www.aradiovi.hu\/wp-content\/uploads\/2025\/02\/462700937_27440804835533839_2421805809843302532_n.jpg\"><img loading=\"lazy\" decoding=\"async\" class=\"aligncenter size-large wp-image-2797\" src=\"http:\/\/www.aradiovi.hu\/wp-content\/uploads\/2025\/02\/462700937_27440804835533839_2421805809843302532_n-768x1024.jpg\" alt=\"\" width=\"720\" height=\"960\" srcset=\"https:\/\/aradiovi.hu\/wp-content\/uploads\/2025\/02\/462700937_27440804835533839_2421805809843302532_n-768x1024.jpg 768w, https:\/\/aradiovi.hu\/wp-content\/uploads\/2025\/02\/462700937_27440804835533839_2421805809843302532_n-225x300.jpg 225w, https:\/\/aradiovi.hu\/wp-content\/uploads\/2025\/02\/462700937_27440804835533839_2421805809843302532_n.jpg 1536w\" sizes=\"auto, (max-width: 720px) 100vw, 720px\" \/><\/a><\/p>\n<p><a href=\"http:\/\/www.aradiovi.hu\/wp-content\/uploads\/2025\/02\/462713210_1692376168002335_7815189255005503598_n.jpg\"><img loading=\"lazy\" decoding=\"async\" class=\"aligncenter size-large wp-image-2798\" src=\"http:\/\/www.aradiovi.hu\/wp-content\/uploads\/2025\/02\/462713210_1692376168002335_7815189255005503598_n-1024x768.jpg\" alt=\"\" width=\"720\" height=\"540\" srcset=\"https:\/\/aradiovi.hu\/wp-content\/uploads\/2025\/02\/462713210_1692376168002335_7815189255005503598_n-1024x768.jpg 1024w, https:\/\/aradiovi.hu\/wp-content\/uploads\/2025\/02\/462713210_1692376168002335_7815189255005503598_n-300x225.jpg 300w, https:\/\/aradiovi.hu\/wp-content\/uploads\/2025\/02\/462713210_1692376168002335_7815189255005503598_n-768x576.jpg 768w, https:\/\/aradiovi.hu\/wp-content\/uploads\/2025\/02\/462713210_1692376168002335_7815189255005503598_n.jpg 2048w\" sizes=\"auto, (max-width: 720px) 100vw, 720px\" \/><\/a><\/p>\n<p><a href=\"http:\/\/www.aradiovi.hu\/wp-content\/uploads\/2025\/02\/462298220_8714367681956066_4722948372571301198_n.jpg\"><img loading=\"lazy\" decoding=\"async\" class=\"aligncenter size-large wp-image-2799\" src=\"http:\/\/www.aradiovi.hu\/wp-content\/uploads\/2025\/02\/462298220_8714367681956066_4722948372571301198_n-462x1024.jpg\" alt=\"\" width=\"462\" height=\"1024\" srcset=\"https:\/\/aradiovi.hu\/wp-content\/uploads\/2025\/02\/462298220_8714367681956066_4722948372571301198_n-462x1024.jpg 462w, https:\/\/aradiovi.hu\/wp-content\/uploads\/2025\/02\/462298220_8714367681956066_4722948372571301198_n-135x300.jpg 135w, https:\/\/aradiovi.hu\/wp-content\/uploads\/2025\/02\/462298220_8714367681956066_4722948372571301198_n-768x1704.jpg 768w, https:\/\/aradiovi.hu\/wp-content\/uploads\/2025\/02\/462298220_8714367681956066_4722948372571301198_n.jpg 923w\" sizes=\"auto, (max-width: 462px) 100vw, 462px\" \/><\/a><\/p>\n<p><a href=\"http:\/\/www.aradiovi.hu\/wp-content\/uploads\/2025\/02\/462307284_27440849752196014_2578395844190957484_n.jpg\"><img loading=\"lazy\" decoding=\"async\" class=\"aligncenter size-large wp-image-2800\" src=\"http:\/\/www.aradiovi.hu\/wp-content\/uploads\/2025\/02\/462307284_27440849752196014_2578395844190957484_n-768x1024.jpg\" alt=\"\" width=\"720\" height=\"960\" srcset=\"https:\/\/aradiovi.hu\/wp-content\/uploads\/2025\/02\/462307284_27440849752196014_2578395844190957484_n-768x1024.jpg 768w, https:\/\/aradiovi.hu\/wp-content\/uploads\/2025\/02\/462307284_27440849752196014_2578395844190957484_n-225x300.jpg 225w, https:\/\/aradiovi.hu\/wp-content\/uploads\/2025\/02\/462307284_27440849752196014_2578395844190957484_n.jpg 1536w\" sizes=\"auto, (max-width: 720px) 100vw, 720px\" \/><\/a><\/p>\n<p><a href=\"http:\/\/www.aradiovi.hu\/wp-content\/uploads\/2025\/02\/462470388_27440866038861052_2633781721456368487_n.jpg\"><img loading=\"lazy\" decoding=\"async\" class=\"aligncenter size-large wp-image-2801\" src=\"http:\/\/www.aradiovi.hu\/wp-content\/uploads\/2025\/02\/462470388_27440866038861052_2633781721456368487_n-1024x768.jpg\" alt=\"\" width=\"720\" height=\"540\" srcset=\"https:\/\/aradiovi.hu\/wp-content\/uploads\/2025\/02\/462470388_27440866038861052_2633781721456368487_n-1024x768.jpg 1024w, https:\/\/aradiovi.hu\/wp-content\/uploads\/2025\/02\/462470388_27440866038861052_2633781721456368487_n-300x225.jpg 300w, https:\/\/aradiovi.hu\/wp-content\/uploads\/2025\/02\/462470388_27440866038861052_2633781721456368487_n-768x576.jpg 768w, https:\/\/aradiovi.hu\/wp-content\/uploads\/2025\/02\/462470388_27440866038861052_2633781721456368487_n.jpg 2048w\" sizes=\"auto, (max-width: 720px) 100vw, 720px\" \/><\/a><\/p>\n<p><a href=\"http:\/\/www.aradiovi.hu\/wp-content\/uploads\/2025\/02\/462501333_1692389191334366_8720534039902174256_n.jpg\"><img loading=\"lazy\" decoding=\"async\" class=\"aligncenter size-large wp-image-2802\" src=\"http:\/\/www.aradiovi.hu\/wp-content\/uploads\/2025\/02\/462501333_1692389191334366_8720534039902174256_n-1024x768.jpg\" alt=\"\" width=\"720\" height=\"540\" srcset=\"https:\/\/aradiovi.hu\/wp-content\/uploads\/2025\/02\/462501333_1692389191334366_8720534039902174256_n-1024x768.jpg 1024w, https:\/\/aradiovi.hu\/wp-content\/uploads\/2025\/02\/462501333_1692389191334366_8720534039902174256_n-300x225.jpg 300w, https:\/\/aradiovi.hu\/wp-content\/uploads\/2025\/02\/462501333_1692389191334366_8720534039902174256_n-768x576.jpg 768w, https:\/\/aradiovi.hu\/wp-content\/uploads\/2025\/02\/462501333_1692389191334366_8720534039902174256_n.jpg 2048w\" sizes=\"auto, (max-width: 720px) 100vw, 720px\" \/><\/a><\/p>\n<p><a href=\"http:\/\/www.aradiovi.hu\/wp-content\/uploads\/2025\/02\/462510532_1692389454667673_743713666412619233_n.jpg\"><img loading=\"lazy\" decoding=\"async\" class=\"aligncenter size-large wp-image-2803\" src=\"http:\/\/www.aradiovi.hu\/wp-content\/uploads\/2025\/02\/462510532_1692389454667673_743713666412619233_n-768x1024.jpg\" alt=\"\" width=\"720\" height=\"960\" srcset=\"https:\/\/aradiovi.hu\/wp-content\/uploads\/2025\/02\/462510532_1692389454667673_743713666412619233_n-768x1024.jpg 768w, https:\/\/aradiovi.hu\/wp-content\/uploads\/2025\/02\/462510532_1692389454667673_743713666412619233_n-225x300.jpg 225w, https:\/\/aradiovi.hu\/wp-content\/uploads\/2025\/02\/462510532_1692389454667673_743713666412619233_n.jpg 1536w\" sizes=\"auto, (max-width: 720px) 100vw, 720px\" \/><\/a><\/p>\n<p><a href=\"http:\/\/www.aradiovi.hu\/wp-content\/uploads\/2025\/02\/462583837_8714371811955653_3583138638597101997_n.jpg\"><img loading=\"lazy\" decoding=\"async\" class=\"aligncenter size-large wp-image-2804\" src=\"http:\/\/www.aradiovi.hu\/wp-content\/uploads\/2025\/02\/462583837_8714371811955653_3583138638597101997_n-462x1024.jpg\" alt=\"\" width=\"462\" height=\"1024\" srcset=\"https:\/\/aradiovi.hu\/wp-content\/uploads\/2025\/02\/462583837_8714371811955653_3583138638597101997_n-462x1024.jpg 462w, https:\/\/aradiovi.hu\/wp-content\/uploads\/2025\/02\/462583837_8714371811955653_3583138638597101997_n-135x300.jpg 135w, https:\/\/aradiovi.hu\/wp-content\/uploads\/2025\/02\/462583837_8714371811955653_3583138638597101997_n-768x1704.jpg 768w, https:\/\/aradiovi.hu\/wp-content\/uploads\/2025\/02\/462583837_8714371811955653_3583138638597101997_n.jpg 923w\" sizes=\"auto, (max-width: 462px) 100vw, 462px\" \/><\/a><\/p>\n<p><a href=\"http:\/\/www.aradiovi.hu\/wp-content\/uploads\/2025\/02\/462599411_27440860612194928_5644962562666851621_n.jpg\"><img loading=\"lazy\" decoding=\"async\" class=\"aligncenter size-large wp-image-2805\" src=\"http:\/\/www.aradiovi.hu\/wp-content\/uploads\/2025\/02\/462599411_27440860612194928_5644962562666851621_n-1024x768.jpg\" alt=\"\" width=\"720\" height=\"540\" srcset=\"https:\/\/aradiovi.hu\/wp-content\/uploads\/2025\/02\/462599411_27440860612194928_5644962562666851621_n-1024x768.jpg 1024w, https:\/\/aradiovi.hu\/wp-content\/uploads\/2025\/02\/462599411_27440860612194928_5644962562666851621_n-300x225.jpg 300w, https:\/\/aradiovi.hu\/wp-content\/uploads\/2025\/02\/462599411_27440860612194928_5644962562666851621_n-768x576.jpg 768w, https:\/\/aradiovi.hu\/wp-content\/uploads\/2025\/02\/462599411_27440860612194928_5644962562666851621_n.jpg 2048w\" sizes=\"auto, (max-width: 720px) 100vw, 720px\" \/><\/a><\/p>\n<p><a href=\"http:\/\/www.aradiovi.hu\/wp-content\/uploads\/2025\/02\/462599462_1692408311332454_1206966617340394233_n.jpg\"><img loading=\"lazy\" decoding=\"async\" class=\"aligncenter size-large wp-image-2806\" src=\"http:\/\/www.aradiovi.hu\/wp-content\/uploads\/2025\/02\/462599462_1692408311332454_1206966617340394233_n-768x1024.jpg\" alt=\"\" width=\"720\" height=\"960\" srcset=\"https:\/\/aradiovi.hu\/wp-content\/uploads\/2025\/02\/462599462_1692408311332454_1206966617340394233_n-768x1024.jpg 768w, https:\/\/aradiovi.hu\/wp-content\/uploads\/2025\/02\/462599462_1692408311332454_1206966617340394233_n-225x300.jpg 225w, https:\/\/aradiovi.hu\/wp-content\/uploads\/2025\/02\/462599462_1692408311332454_1206966617340394233_n.jpg 1536w\" sizes=\"auto, (max-width: 720px) 100vw, 720px\" \/><\/a><\/p>\n<p><a href=\"http:\/\/www.aradiovi.hu\/wp-content\/uploads\/2025\/02\/462682618_1692408254665793_7752192357703719133_n.jpg\"><img loading=\"lazy\" decoding=\"async\" class=\"aligncenter size-large wp-image-2807\" src=\"http:\/\/www.aradiovi.hu\/wp-content\/uploads\/2025\/02\/462682618_1692408254665793_7752192357703719133_n-768x1024.jpg\" alt=\"\" width=\"720\" height=\"960\" srcset=\"https:\/\/aradiovi.hu\/wp-content\/uploads\/2025\/02\/462682618_1692408254665793_7752192357703719133_n-768x1024.jpg 768w, https:\/\/aradiovi.hu\/wp-content\/uploads\/2025\/02\/462682618_1692408254665793_7752192357703719133_n-225x300.jpg 225w, https:\/\/aradiovi.hu\/wp-content\/uploads\/2025\/02\/462682618_1692408254665793_7752192357703719133_n.jpg 1536w\" sizes=\"auto, (max-width: 720px) 100vw, 720px\" \/><\/a><\/p>\n<p><a href=\"http:\/\/www.aradiovi.hu\/wp-content\/uploads\/2025\/02\/462692229_1692379228002029_8231261557275371243_n.jpg\"><img loading=\"lazy\" decoding=\"async\" class=\"aligncenter size-large wp-image-2808\" src=\"http:\/\/www.aradiovi.hu\/wp-content\/uploads\/2025\/02\/462692229_1692379228002029_8231261557275371243_n-768x1024.jpg\" alt=\"\" width=\"720\" height=\"960\" srcset=\"https:\/\/aradiovi.hu\/wp-content\/uploads\/2025\/02\/462692229_1692379228002029_8231261557275371243_n-768x1024.jpg 768w, https:\/\/aradiovi.hu\/wp-content\/uploads\/2025\/02\/462692229_1692379228002029_8231261557275371243_n-225x300.jpg 225w, https:\/\/aradiovi.hu\/wp-content\/uploads\/2025\/02\/462692229_1692379228002029_8231261557275371243_n.jpg 1536w\" sizes=\"auto, (max-width: 720px) 100vw, 720px\" \/><\/a><\/p>\n<p><a href=\"http:\/\/www.aradiovi.hu\/wp-content\/uploads\/2025\/02\/462696207_8713800392012795_7068376080769147019_n.jpg\"><img loading=\"lazy\" decoding=\"async\" class=\"aligncenter size-large wp-image-2809\" src=\"http:\/\/www.aradiovi.hu\/wp-content\/uploads\/2025\/02\/462696207_8713800392012795_7068376080769147019_n-462x1024.jpg\" alt=\"\" width=\"462\" height=\"1024\" srcset=\"https:\/\/aradiovi.hu\/wp-content\/uploads\/2025\/02\/462696207_8713800392012795_7068376080769147019_n-462x1024.jpg 462w, https:\/\/aradiovi.hu\/wp-content\/uploads\/2025\/02\/462696207_8713800392012795_7068376080769147019_n-135x300.jpg 135w, https:\/\/aradiovi.hu\/wp-content\/uploads\/2025\/02\/462696207_8713800392012795_7068376080769147019_n.jpg 640w\" sizes=\"auto, (max-width: 462px) 100vw, 462px\" \/><\/a><\/p>\n","protected":false},"excerpt":{"rendered":"<p>A Kisvakond csoport a Breier Farmon j\u00e1rt Pom\u00e1zon alm\u00e1t sz\u00fcretelni \u00e9s bepillant\u00e1st nyertek egy val\u00f3di farm \u00e9let\u00e9be. (Az els\u0151 fot\u00f3ra kattintva lehet l\u00e9trehozni gal\u00e9rian\u00e9zetet!) &nbsp; &nbsp;<\/p>\n","protected":false},"author":1,"featured_media":0,"parent":0,"menu_order":0,"comment_status":"closed","ping_status":"closed","template":"","meta":{"footnotes":""},"class_list":["post-2784","page","type-page","status-publish","hentry"],"_links":{"self":[{"href":"https:\/\/aradiovi.hu\/index.php?rest_route=\/wp\/v2\/pages\/2784","targetHints":{"allow":["GET"]}}],"collection":[{"href":"https:\/\/aradiovi.hu\/index.php?rest_route=\/wp\/v2\/pages"}],"about":[{"href":"https:\/\/aradiovi.hu\/index.php?rest_route=\/wp\/v2\/types\/page"}],"author":[{"embeddable":true,"href":"https:\/\/aradiovi.hu\/index.php?rest_route=\/wp\/v2\/users\/1"}],"replies":[{"embeddable":true,"href":"https:\/\/aradiovi.hu\/index.php?rest_route=%2Fwp%2Fv2%2Fcomments&post=2784"}],"version-history":[{"count":1,"href":"https:\/\/aradiovi.hu\/index.php?rest_route=\/wp\/v2\/pages\/2784\/revisions"}],"predecessor-version":[{"id":2811,"href":"https:\/\/aradiovi.hu\/index.php?rest_route=\/wp\/v2\/pages\/2784\/revisions\/2811"}],"wp:attachment":[{"href":"https:\/\/aradiovi.hu\/index.php?rest_route=%2Fwp%2Fv2%2Fmedia&parent=2784"}],"curies":[{"name":"wp","href":"https:\/\/api.w.org\/{rel}","templated":true}]}}