{"id":2812,"date":"2025-02-15T17:23:06","date_gmt":"2025-02-15T17:23:06","guid":{"rendered":"http:\/\/www.aradiovi.hu\/?page_id=2812"},"modified":"2025-02-15T17:23:06","modified_gmt":"2025-02-15T17:23:06","slug":"tuzolto-skanzen-ujpest","status":"publish","type":"page","link":"https:\/\/aradiovi.hu\/?page_id=2812","title":{"rendered":"T\u0171zolt\u00f3 Skanzen (\u00dajpest)"},"content":{"rendered":"<p>A h\u0151s\u00e9g sem riasztott vissza, kir\u00e1ndultunk a Kisvakondokkal a T\u0171zolt\u00f3 Skanzenbe. (az els\u0151 k\u00e9pre kattintva megjelenik a gal\u00e9rian\u00e9zet)<\/p>\n<p><img loading=\"lazy\" decoding=\"async\" class=\"aligncenter size-large wp-image-2813\" src=\"http:\/\/www.aradiovi.hu\/wp-content\/uploads\/2025\/02\/448506642_26100901002857569_2794209621321924396_n-768x1024.jpg\" alt=\"\" width=\"720\" height=\"960\" srcset=\"https:\/\/aradiovi.hu\/wp-content\/uploads\/2025\/02\/448506642_26100901002857569_2794209621321924396_n-768x1024.jpg 768w, https:\/\/aradiovi.hu\/wp-content\/uploads\/2025\/02\/448506642_26100901002857569_2794209621321924396_n-225x300.jpg 225w, https:\/\/aradiovi.hu\/wp-content\/uploads\/2025\/02\/448506642_26100901002857569_2794209621321924396_n.jpg 1536w\" sizes=\"auto, (max-width: 720px) 100vw, 720px\" \/><\/p>\n<p><img loading=\"lazy\" decoding=\"async\" class=\"aligncenter size-large wp-image-2814\" src=\"http:\/\/www.aradiovi.hu\/wp-content\/uploads\/2025\/02\/448509412_26100914439522892_42326727287764998_n-1024x768.jpg\" alt=\"\" width=\"720\" height=\"540\" srcset=\"https:\/\/aradiovi.hu\/wp-content\/uploads\/2025\/02\/448509412_26100914439522892_42326727287764998_n-1024x768.jpg 1024w, https:\/\/aradiovi.hu\/wp-content\/uploads\/2025\/02\/448509412_26100914439522892_42326727287764998_n-300x225.jpg 300w, https:\/\/aradiovi.hu\/wp-content\/uploads\/2025\/02\/448509412_26100914439522892_42326727287764998_n-768x576.jpg 768w, https:\/\/aradiovi.hu\/wp-content\/uploads\/2025\/02\/448509412_26100914439522892_42326727287764998_n.jpg 2048w\" sizes=\"auto, (max-width: 720px) 100vw, 720px\" \/><\/p>\n<p><a href=\"http:\/\/www.aradiovi.hu\/wp-content\/uploads\/2025\/02\/448511957_1616709158902370_2406093102489913732_n.jpg\"><img loading=\"lazy\" decoding=\"async\" class=\"aligncenter size-large wp-image-2815\" src=\"http:\/\/www.aradiovi.hu\/wp-content\/uploads\/2025\/02\/448511957_1616709158902370_2406093102489913732_n-1024x768.jpg\" alt=\"\" width=\"720\" height=\"540\" srcset=\"https:\/\/aradiovi.hu\/wp-content\/uploads\/2025\/02\/448511957_1616709158902370_2406093102489913732_n-1024x768.jpg 1024w, https:\/\/aradiovi.hu\/wp-content\/uploads\/2025\/02\/448511957_1616709158902370_2406093102489913732_n-300x225.jpg 300w, https:\/\/aradiovi.hu\/wp-content\/uploads\/2025\/02\/448511957_1616709158902370_2406093102489913732_n-768x576.jpg 768w, https:\/\/aradiovi.hu\/wp-content\/uploads\/2025\/02\/448511957_1616709158902370_2406093102489913732_n.jpg 2048w\" sizes=\"auto, (max-width: 720px) 100vw, 720px\" \/><\/a><\/p>\n<p><a href=\"http:\/\/www.aradiovi.hu\/wp-content\/uploads\/2025\/02\/448533681_26100909386190064_1149566893746854134_n.jpg\"><img loading=\"lazy\" decoding=\"async\" class=\"aligncenter size-large wp-image-2816\" src=\"http:\/\/www.aradiovi.hu\/wp-content\/uploads\/2025\/02\/448533681_26100909386190064_1149566893746854134_n-768x1024.jpg\" alt=\"\" width=\"720\" height=\"960\" srcset=\"https:\/\/aradiovi.hu\/wp-content\/uploads\/2025\/02\/448533681_26100909386190064_1149566893746854134_n-768x1024.jpg 768w, https:\/\/aradiovi.hu\/wp-content\/uploads\/2025\/02\/448533681_26100909386190064_1149566893746854134_n-225x300.jpg 225w, https:\/\/aradiovi.hu\/wp-content\/uploads\/2025\/02\/448533681_26100909386190064_1149566893746854134_n.jpg 1536w\" sizes=\"auto, (max-width: 720px) 100vw, 720px\" \/><\/a><\/p>\n<p><a href=\"http:\/\/www.aradiovi.hu\/wp-content\/uploads\/2025\/02\/448575422_26100898852857784_6980707660955832797_n.jpg\"><img loading=\"lazy\" decoding=\"async\" class=\"aligncenter size-large wp-image-2817\" src=\"http:\/\/www.aradiovi.hu\/wp-content\/uploads\/2025\/02\/448575422_26100898852857784_6980707660955832797_n-768x1024.jpg\" alt=\"\" width=\"720\" height=\"960\" srcset=\"https:\/\/aradiovi.hu\/wp-content\/uploads\/2025\/02\/448575422_26100898852857784_6980707660955832797_n-768x1024.jpg 768w, https:\/\/aradiovi.hu\/wp-content\/uploads\/2025\/02\/448575422_26100898852857784_6980707660955832797_n-225x300.jpg 225w, https:\/\/aradiovi.hu\/wp-content\/uploads\/2025\/02\/448575422_26100898852857784_6980707660955832797_n.jpg 1536w\" sizes=\"auto, (max-width: 720px) 100vw, 720px\" \/><\/a><\/p>\n<p><a href=\"http:\/\/www.aradiovi.hu\/wp-content\/uploads\/2025\/02\/448630886_26100895556191447_4411010211234982627_n.jpg\"><img loading=\"lazy\" decoding=\"async\" class=\"aligncenter size-large wp-image-2818\" src=\"http:\/\/www.aradiovi.hu\/wp-content\/uploads\/2025\/02\/448630886_26100895556191447_4411010211234982627_n-768x1024.jpg\" alt=\"\" width=\"720\" height=\"960\" srcset=\"https:\/\/aradiovi.hu\/wp-content\/uploads\/2025\/02\/448630886_26100895556191447_4411010211234982627_n-768x1024.jpg 768w, https:\/\/aradiovi.hu\/wp-content\/uploads\/2025\/02\/448630886_26100895556191447_4411010211234982627_n-225x300.jpg 225w, https:\/\/aradiovi.hu\/wp-content\/uploads\/2025\/02\/448630886_26100895556191447_4411010211234982627_n.jpg 1536w\" sizes=\"auto, (max-width: 720px) 100vw, 720px\" \/><\/a><\/p>\n<p><a href=\"http:\/\/www.aradiovi.hu\/wp-content\/uploads\/2025\/02\/448698232_26100903596190643_4695425345145496703_n.jpg\"><img loading=\"lazy\" decoding=\"async\" class=\"aligncenter size-large wp-image-2819\" src=\"http:\/\/www.aradiovi.hu\/wp-content\/uploads\/2025\/02\/448698232_26100903596190643_4695425345145496703_n-768x1024.jpg\" alt=\"\" width=\"720\" height=\"960\" srcset=\"https:\/\/aradiovi.hu\/wp-content\/uploads\/2025\/02\/448698232_26100903596190643_4695425345145496703_n-768x1024.jpg 768w, https:\/\/aradiovi.hu\/wp-content\/uploads\/2025\/02\/448698232_26100903596190643_4695425345145496703_n-225x300.jpg 225w, https:\/\/aradiovi.hu\/wp-content\/uploads\/2025\/02\/448698232_26100903596190643_4695425345145496703_n.jpg 1536w\" sizes=\"auto, (max-width: 720px) 100vw, 720px\" \/><\/a><\/p>\n<p><a href=\"http:\/\/www.aradiovi.hu\/wp-content\/uploads\/2025\/02\/448724400_1616688745571078_4897389678890999366_n.jpg\"><img loading=\"lazy\" decoding=\"async\" class=\"aligncenter size-large wp-image-2820\" src=\"http:\/\/www.aradiovi.hu\/wp-content\/uploads\/2025\/02\/448724400_1616688745571078_4897389678890999366_n-768x1024.jpg\" alt=\"\" width=\"720\" height=\"960\" srcset=\"https:\/\/aradiovi.hu\/wp-content\/uploads\/2025\/02\/448724400_1616688745571078_4897389678890999366_n-768x1024.jpg 768w, https:\/\/aradiovi.hu\/wp-content\/uploads\/2025\/02\/448724400_1616688745571078_4897389678890999366_n-225x300.jpg 225w, https:\/\/aradiovi.hu\/wp-content\/uploads\/2025\/02\/448724400_1616688745571078_4897389678890999366_n.jpg 1536w\" sizes=\"auto, (max-width: 720px) 100vw, 720px\" \/><\/a><\/p>\n<p>&nbsp;<\/p>\n<p><a href=\"http:\/\/www.aradiovi.hu\/wp-content\/uploads\/2025\/02\/448724424_1616887992217820_5180045200408629156_n.jpg\"><img loading=\"lazy\" decoding=\"async\" class=\"aligncenter size-large wp-image-2821\" src=\"http:\/\/www.aradiovi.hu\/wp-content\/uploads\/2025\/02\/448724424_1616887992217820_5180045200408629156_n-1024x768.jpg\" alt=\"\" width=\"720\" height=\"540\" srcset=\"https:\/\/aradiovi.hu\/wp-content\/uploads\/2025\/02\/448724424_1616887992217820_5180045200408629156_n-1024x768.jpg 1024w, https:\/\/aradiovi.hu\/wp-content\/uploads\/2025\/02\/448724424_1616887992217820_5180045200408629156_n-300x225.jpg 300w, https:\/\/aradiovi.hu\/wp-content\/uploads\/2025\/02\/448724424_1616887992217820_5180045200408629156_n-768x576.jpg 768w, https:\/\/aradiovi.hu\/wp-content\/uploads\/2025\/02\/448724424_1616887992217820_5180045200408629156_n.jpg 2048w\" sizes=\"auto, (max-width: 720px) 100vw, 720px\" \/><\/a><\/p>\n<p><a href=\"http:\/\/www.aradiovi.hu\/wp-content\/uploads\/2025\/02\/448725688_26100896769524659_394123908884459992_n.jpg\"><img loading=\"lazy\" decoding=\"async\" class=\"aligncenter size-large wp-image-2822\" src=\"http:\/\/www.aradiovi.hu\/wp-content\/uploads\/2025\/02\/448725688_26100896769524659_394123908884459992_n-768x1024.jpg\" alt=\"\" width=\"720\" height=\"960\" srcset=\"https:\/\/aradiovi.hu\/wp-content\/uploads\/2025\/02\/448725688_26100896769524659_394123908884459992_n-768x1024.jpg 768w, https:\/\/aradiovi.hu\/wp-content\/uploads\/2025\/02\/448725688_26100896769524659_394123908884459992_n-225x300.jpg 225w, https:\/\/aradiovi.hu\/wp-content\/uploads\/2025\/02\/448725688_26100896769524659_394123908884459992_n.jpg 1536w\" sizes=\"auto, (max-width: 720px) 100vw, 720px\" \/><\/a><\/p>\n<p><a href=\"http:\/\/www.aradiovi.hu\/wp-content\/uploads\/2025\/02\/448726608_26100905082857161_7891498659543925447_n.jpg\"><img loading=\"lazy\" decoding=\"async\" class=\"aligncenter size-large wp-image-2823\" src=\"http:\/\/www.aradiovi.hu\/wp-content\/uploads\/2025\/02\/448726608_26100905082857161_7891498659543925447_n-1024x768.jpg\" alt=\"\" width=\"720\" height=\"540\" srcset=\"https:\/\/aradiovi.hu\/wp-content\/uploads\/2025\/02\/448726608_26100905082857161_7891498659543925447_n-1024x768.jpg 1024w, https:\/\/aradiovi.hu\/wp-content\/uploads\/2025\/02\/448726608_26100905082857161_7891498659543925447_n-300x225.jpg 300w, https:\/\/aradiovi.hu\/wp-content\/uploads\/2025\/02\/448726608_26100905082857161_7891498659543925447_n-768x576.jpg 768w, https:\/\/aradiovi.hu\/wp-content\/uploads\/2025\/02\/448726608_26100905082857161_7891498659543925447_n.jpg 2048w\" sizes=\"auto, (max-width: 720px) 100vw, 720px\" \/><\/a><\/p>\n<p><a href=\"http:\/\/www.aradiovi.hu\/wp-content\/uploads\/2025\/02\/448772720_26100915679522768_6558762881694820169_n.jpg\"><img loading=\"lazy\" decoding=\"async\" class=\"aligncenter size-large wp-image-2824\" src=\"http:\/\/www.aradiovi.hu\/wp-content\/uploads\/2025\/02\/448772720_26100915679522768_6558762881694820169_n-1024x768.jpg\" alt=\"\" width=\"720\" height=\"540\" srcset=\"https:\/\/aradiovi.hu\/wp-content\/uploads\/2025\/02\/448772720_26100915679522768_6558762881694820169_n-1024x768.jpg 1024w, https:\/\/aradiovi.hu\/wp-content\/uploads\/2025\/02\/448772720_26100915679522768_6558762881694820169_n-300x225.jpg 300w, https:\/\/aradiovi.hu\/wp-content\/uploads\/2025\/02\/448772720_26100915679522768_6558762881694820169_n-768x576.jpg 768w, https:\/\/aradiovi.hu\/wp-content\/uploads\/2025\/02\/448772720_26100915679522768_6558762881694820169_n.jpg 2048w\" sizes=\"auto, (max-width: 720px) 100vw, 720px\" \/><\/a><\/p>\n<p><a href=\"http:\/\/www.aradiovi.hu\/wp-content\/uploads\/2025\/02\/448776289_26100904412857228_7359614678022997290_n.jpg\"><img loading=\"lazy\" decoding=\"async\" class=\"aligncenter size-large wp-image-2825\" src=\"http:\/\/www.aradiovi.hu\/wp-content\/uploads\/2025\/02\/448776289_26100904412857228_7359614678022997290_n-1024x768.jpg\" alt=\"\" width=\"720\" height=\"540\" srcset=\"https:\/\/aradiovi.hu\/wp-content\/uploads\/2025\/02\/448776289_26100904412857228_7359614678022997290_n-1024x768.jpg 1024w, https:\/\/aradiovi.hu\/wp-content\/uploads\/2025\/02\/448776289_26100904412857228_7359614678022997290_n-300x225.jpg 300w, https:\/\/aradiovi.hu\/wp-content\/uploads\/2025\/02\/448776289_26100904412857228_7359614678022997290_n-768x576.jpg 768w, https:\/\/aradiovi.hu\/wp-content\/uploads\/2025\/02\/448776289_26100904412857228_7359614678022997290_n.jpg 2048w\" sizes=\"auto, (max-width: 720px) 100vw, 720px\" \/><\/a><\/p>\n<p><a href=\"http:\/\/www.aradiovi.hu\/wp-content\/uploads\/2025\/02\/448802664_1616698292236790_3271736483696326803_n.jpg\"><img loading=\"lazy\" decoding=\"async\" class=\"aligncenter size-large wp-image-2826\" src=\"http:\/\/www.aradiovi.hu\/wp-content\/uploads\/2025\/02\/448802664_1616698292236790_3271736483696326803_n-768x1024.jpg\" alt=\"\" width=\"720\" height=\"960\" srcset=\"https:\/\/aradiovi.hu\/wp-content\/uploads\/2025\/02\/448802664_1616698292236790_3271736483696326803_n-768x1024.jpg 768w, https:\/\/aradiovi.hu\/wp-content\/uploads\/2025\/02\/448802664_1616698292236790_3271736483696326803_n-225x300.jpg 225w, https:\/\/aradiovi.hu\/wp-content\/uploads\/2025\/02\/448802664_1616698292236790_3271736483696326803_n.jpg 1536w\" sizes=\"auto, (max-width: 720px) 100vw, 720px\" \/><\/a><\/p>\n","protected":false},"excerpt":{"rendered":"<p>A h\u0151s\u00e9g sem riasztott vissza, kir\u00e1ndultunk a Kisvakondokkal a T\u0171zolt\u00f3 Skanzenbe. (az els\u0151 k\u00e9pre kattintva megjelenik a gal\u00e9rian\u00e9zet) &nbsp;<\/p>\n","protected":false},"author":1,"featured_media":0,"parent":0,"menu_order":0,"comment_status":"closed","ping_status":"closed","template":"","meta":{"footnotes":""},"class_list":["post-2812","page","type-page","status-publish","hentry"],"_links":{"self":[{"href":"https:\/\/aradiovi.hu\/index.php?rest_route=\/wp\/v2\/pages\/2812","targetHints":{"allow":["GET"]}}],"collection":[{"href":"https:\/\/aradiovi.hu\/index.php?rest_route=\/wp\/v2\/pages"}],"about":[{"href":"https:\/\/aradiovi.hu\/index.php?rest_route=\/wp\/v2\/types\/page"}],"author":[{"embeddable":true,"href":"https:\/\/aradiovi.hu\/index.php?rest_route=\/wp\/v2\/users\/1"}],"replies":[{"embeddable":true,"href":"https:\/\/aradiovi.hu\/index.php?rest_route=%2Fwp%2Fv2%2Fcomments&post=2812"}],"version-history":[{"count":1,"href":"https:\/\/aradiovi.hu\/index.php?rest_route=\/wp\/v2\/pages\/2812\/revisions"}],"predecessor-version":[{"id":2828,"href":"https:\/\/aradiovi.hu\/index.php?rest_route=\/wp\/v2\/pages\/2812\/revisions\/2828"}],"wp:attachment":[{"href":"https:\/\/aradiovi.hu\/index.php?rest_route=%2Fwp%2Fv2%2Fmedia&parent=2812"}],"curies":[{"name":"wp","href":"https:\/\/api.w.org\/{rel}","templated":true}]}}