{"id":2829,"date":"2025-02-15T17:30:40","date_gmt":"2025-02-15T17:30:40","guid":{"rendered":"http:\/\/www.aradiovi.hu\/?page_id=2829"},"modified":"2025-02-15T17:30:40","modified_gmt":"2025-02-15T17:30:40","slug":"kozlekedj-okosan","status":"publish","type":"page","link":"https:\/\/aradiovi.hu\/?page_id=2829","title":{"rendered":"K\u00f6zlekedj okosan!"},"content":{"rendered":"<p>A IV. ker\u00fcleti Rned\u0151rkapit\u00e1nys\u00e1g munkat\u00e1rsainak vezet\u00e9s\u00e9vel j\u00f3 kis mozg\u00e1sos \u00e9s fejt\u00f6r\u0151 j\u00e1t\u00e9kokon vehettek r\u00e9szt a gyerekek! K\u00f6sz\u00f6nj\u00fck!<\/p>\n<p><a href=\"http:\/\/www.aradiovi.hu\/wp-content\/uploads\/2025\/02\/441935934_1608051709768115_8077381120918224189_n.jpg\"><img loading=\"lazy\" decoding=\"async\" class=\"aligncenter size-large wp-image-2830\" src=\"http:\/\/www.aradiovi.hu\/wp-content\/uploads\/2025\/02\/441935934_1608051709768115_8077381120918224189_n-768x1024.jpg\" alt=\"\" width=\"720\" height=\"960\" srcset=\"https:\/\/aradiovi.hu\/wp-content\/uploads\/2025\/02\/441935934_1608051709768115_8077381120918224189_n-768x1024.jpg 768w, https:\/\/aradiovi.hu\/wp-content\/uploads\/2025\/02\/441935934_1608051709768115_8077381120918224189_n-225x300.jpg 225w, https:\/\/aradiovi.hu\/wp-content\/uploads\/2025\/02\/441935934_1608051709768115_8077381120918224189_n.jpg 1536w\" sizes=\"auto, (max-width: 720px) 100vw, 720px\" \/><\/a><\/p>\n<p><a href=\"http:\/\/www.aradiovi.hu\/wp-content\/uploads\/2025\/02\/442483787_7880870568639119_4939272380681027620_n.jpg\"><img loading=\"lazy\" decoding=\"async\" class=\"aligncenter size-large wp-image-2831\" src=\"http:\/\/www.aradiovi.hu\/wp-content\/uploads\/2025\/02\/442483787_7880870568639119_4939272380681027620_n-768x1024.jpg\" alt=\"\" width=\"720\" height=\"960\" srcset=\"https:\/\/aradiovi.hu\/wp-content\/uploads\/2025\/02\/442483787_7880870568639119_4939272380681027620_n-768x1024.jpg 768w, https:\/\/aradiovi.hu\/wp-content\/uploads\/2025\/02\/442483787_7880870568639119_4939272380681027620_n-225x300.jpg 225w, https:\/\/aradiovi.hu\/wp-content\/uploads\/2025\/02\/442483787_7880870568639119_4939272380681027620_n.jpg 1536w\" sizes=\"auto, (max-width: 720px) 100vw, 720px\" \/><\/a><\/p>\n<p><a href=\"http:\/\/www.aradiovi.hu\/wp-content\/uploads\/2025\/02\/445046006_7880870035305839_2825601983466417585_n.jpg\"><img loading=\"lazy\" decoding=\"async\" class=\"aligncenter size-large wp-image-2832\" src=\"http:\/\/www.aradiovi.hu\/wp-content\/uploads\/2025\/02\/445046006_7880870035305839_2825601983466417585_n-768x1024.jpg\" alt=\"\" width=\"720\" height=\"960\" srcset=\"https:\/\/aradiovi.hu\/wp-content\/uploads\/2025\/02\/445046006_7880870035305839_2825601983466417585_n-768x1024.jpg 768w, https:\/\/aradiovi.hu\/wp-content\/uploads\/2025\/02\/445046006_7880870035305839_2825601983466417585_n-225x300.jpg 225w, https:\/\/aradiovi.hu\/wp-content\/uploads\/2025\/02\/445046006_7880870035305839_2825601983466417585_n.jpg 1536w\" sizes=\"auto, (max-width: 720px) 100vw, 720px\" \/><\/a><\/p>\n<p><a href=\"http:\/\/www.aradiovi.hu\/wp-content\/uploads\/2025\/02\/445546137_1608086479764638_2705876575177002573_n.jpg\"><img loading=\"lazy\" decoding=\"async\" class=\"aligncenter size-large wp-image-2833\" src=\"http:\/\/www.aradiovi.hu\/wp-content\/uploads\/2025\/02\/445546137_1608086479764638_2705876575177002573_n-768x1024.jpg\" alt=\"\" width=\"720\" height=\"960\" srcset=\"https:\/\/aradiovi.hu\/wp-content\/uploads\/2025\/02\/445546137_1608086479764638_2705876575177002573_n-768x1024.jpg 768w, https:\/\/aradiovi.hu\/wp-content\/uploads\/2025\/02\/445546137_1608086479764638_2705876575177002573_n-225x300.jpg 225w, https:\/\/aradiovi.hu\/wp-content\/uploads\/2025\/02\/445546137_1608086479764638_2705876575177002573_n.jpg 1536w\" sizes=\"auto, (max-width: 720px) 100vw, 720px\" \/><\/a><\/p>\n<p><a href=\"http:\/\/www.aradiovi.hu\/wp-content\/uploads\/2025\/02\/447635089_1608055829767703_4578980029563402872_n.jpg\"><img loading=\"lazy\" decoding=\"async\" class=\"aligncenter size-large wp-image-2834\" src=\"http:\/\/www.aradiovi.hu\/wp-content\/uploads\/2025\/02\/447635089_1608055829767703_4578980029563402872_n-768x1024.jpg\" alt=\"\" width=\"720\" height=\"960\" srcset=\"https:\/\/aradiovi.hu\/wp-content\/uploads\/2025\/02\/447635089_1608055829767703_4578980029563402872_n-768x1024.jpg 768w, https:\/\/aradiovi.hu\/wp-content\/uploads\/2025\/02\/447635089_1608055829767703_4578980029563402872_n-225x300.jpg 225w, https:\/\/aradiovi.hu\/wp-content\/uploads\/2025\/02\/447635089_1608055829767703_4578980029563402872_n.jpg 1536w\" sizes=\"auto, (max-width: 720px) 100vw, 720px\" \/><\/a><\/p>\n<p>&nbsp;<\/p>\n<p><a href=\"http:\/\/www.aradiovi.hu\/wp-content\/uploads\/2025\/02\/447674315_1608069353099684_1369742591061473575_n.jpg\"><img loading=\"lazy\" decoding=\"async\" class=\"aligncenter size-large wp-image-2835\" src=\"http:\/\/www.aradiovi.hu\/wp-content\/uploads\/2025\/02\/447674315_1608069353099684_1369742591061473575_n-768x1024.jpg\" alt=\"\" width=\"720\" height=\"960\" srcset=\"https:\/\/aradiovi.hu\/wp-content\/uploads\/2025\/02\/447674315_1608069353099684_1369742591061473575_n-768x1024.jpg 768w, https:\/\/aradiovi.hu\/wp-content\/uploads\/2025\/02\/447674315_1608069353099684_1369742591061473575_n-225x300.jpg 225w, https:\/\/aradiovi.hu\/wp-content\/uploads\/2025\/02\/447674315_1608069353099684_1369742591061473575_n.jpg 1536w\" sizes=\"auto, (max-width: 720px) 100vw, 720px\" \/><\/a><\/p>\n<p><a href=\"http:\/\/www.aradiovi.hu\/wp-content\/uploads\/2025\/02\/447721486_7880861295306713_7834264097625696151_n.jpg\"><img loading=\"lazy\" decoding=\"async\" class=\"aligncenter size-large wp-image-2836\" src=\"http:\/\/www.aradiovi.hu\/wp-content\/uploads\/2025\/02\/447721486_7880861295306713_7834264097625696151_n-1024x768.jpg\" alt=\"\" width=\"720\" height=\"540\" srcset=\"https:\/\/aradiovi.hu\/wp-content\/uploads\/2025\/02\/447721486_7880861295306713_7834264097625696151_n-1024x768.jpg 1024w, https:\/\/aradiovi.hu\/wp-content\/uploads\/2025\/02\/447721486_7880861295306713_7834264097625696151_n-300x225.jpg 300w, https:\/\/aradiovi.hu\/wp-content\/uploads\/2025\/02\/447721486_7880861295306713_7834264097625696151_n-768x576.jpg 768w, https:\/\/aradiovi.hu\/wp-content\/uploads\/2025\/02\/447721486_7880861295306713_7834264097625696151_n.jpg 2048w\" sizes=\"auto, (max-width: 720px) 100vw, 720px\" \/><\/a><\/p>\n<p><a href=\"http:\/\/www.aradiovi.hu\/wp-content\/uploads\/2025\/02\/447776708_1607961553110464_5506673776428608916_n.jpg\"><img loading=\"lazy\" decoding=\"async\" class=\"aligncenter size-large wp-image-2837\" src=\"http:\/\/www.aradiovi.hu\/wp-content\/uploads\/2025\/02\/447776708_1607961553110464_5506673776428608916_n.jpg\" alt=\"\" width=\"720\" height=\"540\" srcset=\"https:\/\/aradiovi.hu\/wp-content\/uploads\/2025\/02\/447776708_1607961553110464_5506673776428608916_n.jpg 960w, https:\/\/aradiovi.hu\/wp-content\/uploads\/2025\/02\/447776708_1607961553110464_5506673776428608916_n-300x225.jpg 300w, https:\/\/aradiovi.hu\/wp-content\/uploads\/2025\/02\/447776708_1607961553110464_5506673776428608916_n-768x576.jpg 768w\" sizes=\"auto, (max-width: 720px) 100vw, 720px\" \/><\/a><\/p>\n","protected":false},"excerpt":{"rendered":"<p>A IV. ker\u00fcleti Rned\u0151rkapit\u00e1nys\u00e1g munkat\u00e1rsainak vezet\u00e9s\u00e9vel j\u00f3 kis mozg\u00e1sos \u00e9s fejt\u00f6r\u0151 j\u00e1t\u00e9kokon vehettek r\u00e9szt a gyerekek! K\u00f6sz\u00f6nj\u00fck! &nbsp;<\/p>\n","protected":false},"author":1,"featured_media":0,"parent":0,"menu_order":0,"comment_status":"closed","ping_status":"closed","template":"","meta":{"footnotes":""},"class_list":["post-2829","page","type-page","status-publish","hentry"],"_links":{"self":[{"href":"https:\/\/aradiovi.hu\/index.php?rest_route=\/wp\/v2\/pages\/2829","targetHints":{"allow":["GET"]}}],"collection":[{"href":"https:\/\/aradiovi.hu\/index.php?rest_route=\/wp\/v2\/pages"}],"about":[{"href":"https:\/\/aradiovi.hu\/index.php?rest_route=\/wp\/v2\/types\/page"}],"author":[{"embeddable":true,"href":"https:\/\/aradiovi.hu\/index.php?rest_route=\/wp\/v2\/users\/1"}],"replies":[{"embeddable":true,"href":"https:\/\/aradiovi.hu\/index.php?rest_route=%2Fwp%2Fv2%2Fcomments&post=2829"}],"version-history":[{"count":1,"href":"https:\/\/aradiovi.hu\/index.php?rest_route=\/wp\/v2\/pages\/2829\/revisions"}],"predecessor-version":[{"id":2839,"href":"https:\/\/aradiovi.hu\/index.php?rest_route=\/wp\/v2\/pages\/2829\/revisions\/2839"}],"wp:attachment":[{"href":"https:\/\/aradiovi.hu\/index.php?rest_route=%2Fwp%2Fv2%2Fmedia&parent=2829"}],"curies":[{"name":"wp","href":"https:\/\/api.w.org\/{rel}","templated":true}]}}