{"id":2842,"date":"2025-02-15T17:35:00","date_gmt":"2025-02-15T17:35:00","guid":{"rendered":"http:\/\/www.aradiovi.hu\/?page_id=2842"},"modified":"2025-02-15T17:35:00","modified_gmt":"2025-02-15T17:35:00","slug":"barka-allatsimogato-2","status":"publish","type":"page","link":"https:\/\/aradiovi.hu\/?page_id=2842","title":{"rendered":"Barka \u00c1llatsimogat\u00f3"},"content":{"rendered":"<p>\u00dajpest \u00d6nkorm\u00e1nyzat\u00e1nak j\u00f3volt\u00e1b\u00f3l a gyerekek ism\u00e9t test\u00f6zelbe ker\u00fclhettek a kedves h\u00e1zi\u00e1llatokkal. K\u00f6sz\u00f6nj\u00fck a Barka \u00c1ll\u00edtsimogat\u00f3nak a kitelep\u00fcl\u00e9st!<\/p>\n<p>&nbsp;<\/p>\n<p><a href=\"http:\/\/www.aradiovi.hu\/wp-content\/uploads\/2025\/02\/438079012_1586484005258219_583127746853022564_n.jpg\"><img loading=\"lazy\" decoding=\"async\" class=\"aligncenter size-full wp-image-2843\" src=\"http:\/\/www.aradiovi.hu\/wp-content\/uploads\/2025\/02\/438079012_1586484005258219_583127746853022564_n.jpg\" alt=\"\" width=\"720\" height=\"960\" srcset=\"https:\/\/aradiovi.hu\/wp-content\/uploads\/2025\/02\/438079012_1586484005258219_583127746853022564_n.jpg 720w, https:\/\/aradiovi.hu\/wp-content\/uploads\/2025\/02\/438079012_1586484005258219_583127746853022564_n-225x300.jpg 225w\" sizes=\"auto, (max-width: 720px) 100vw, 720px\" \/><\/a><\/p>\n<p><a href=\"http:\/\/www.aradiovi.hu\/wp-content\/uploads\/2025\/02\/438081363_1586483805258239_29211301900884094_n.jpg\"><img loading=\"lazy\" decoding=\"async\" class=\"aligncenter size-large wp-image-2844\" src=\"http:\/\/www.aradiovi.hu\/wp-content\/uploads\/2025\/02\/438081363_1586483805258239_29211301900884094_n.jpg\" alt=\"\" width=\"720\" height=\"960\" srcset=\"https:\/\/aradiovi.hu\/wp-content\/uploads\/2025\/02\/438081363_1586483805258239_29211301900884094_n.jpg 720w, https:\/\/aradiovi.hu\/wp-content\/uploads\/2025\/02\/438081363_1586483805258239_29211301900884094_n-225x300.jpg 225w\" sizes=\"auto, (max-width: 720px) 100vw, 720px\" \/><\/a><\/p>\n<p><a href=\"http:\/\/www.aradiovi.hu\/wp-content\/uploads\/2025\/02\/438083150_1586476955258924_7755352018865115421_n.jpg\"><img loading=\"lazy\" decoding=\"async\" class=\"aligncenter size-large wp-image-2845\" src=\"http:\/\/www.aradiovi.hu\/wp-content\/uploads\/2025\/02\/438083150_1586476955258924_7755352018865115421_n.jpg\" alt=\"\" width=\"720\" height=\"960\" srcset=\"https:\/\/aradiovi.hu\/wp-content\/uploads\/2025\/02\/438083150_1586476955258924_7755352018865115421_n.jpg 720w, https:\/\/aradiovi.hu\/wp-content\/uploads\/2025\/02\/438083150_1586476955258924_7755352018865115421_n-225x300.jpg 225w\" sizes=\"auto, (max-width: 720px) 100vw, 720px\" \/><\/a><\/p>\n<p><a href=\"http:\/\/www.aradiovi.hu\/wp-content\/uploads\/2025\/02\/438094015_1586484855258134_4888270451019980251_n.jpg\"><img loading=\"lazy\" decoding=\"async\" class=\"aligncenter size-large wp-image-2846\" src=\"http:\/\/www.aradiovi.hu\/wp-content\/uploads\/2025\/02\/438094015_1586484855258134_4888270451019980251_n.jpg\" alt=\"\" width=\"720\" height=\"960\" srcset=\"https:\/\/aradiovi.hu\/wp-content\/uploads\/2025\/02\/438094015_1586484855258134_4888270451019980251_n.jpg 720w, https:\/\/aradiovi.hu\/wp-content\/uploads\/2025\/02\/438094015_1586484855258134_4888270451019980251_n-225x300.jpg 225w\" sizes=\"auto, (max-width: 720px) 100vw, 720px\" \/><\/a><\/p>\n<p><a href=\"http:\/\/www.aradiovi.hu\/wp-content\/uploads\/2025\/02\/438096499_1586483901924896_8820785216668547929_n.jpg\"><img loading=\"lazy\" decoding=\"async\" class=\"aligncenter size-large wp-image-2847\" src=\"http:\/\/www.aradiovi.hu\/wp-content\/uploads\/2025\/02\/438096499_1586483901924896_8820785216668547929_n.jpg\" alt=\"\" width=\"720\" height=\"960\" srcset=\"https:\/\/aradiovi.hu\/wp-content\/uploads\/2025\/02\/438096499_1586483901924896_8820785216668547929_n.jpg 720w, https:\/\/aradiovi.hu\/wp-content\/uploads\/2025\/02\/438096499_1586483901924896_8820785216668547929_n-225x300.jpg 225w\" sizes=\"auto, (max-width: 720px) 100vw, 720px\" \/><\/a><\/p>\n<p><a href=\"http:\/\/www.aradiovi.hu\/wp-content\/uploads\/2025\/02\/438096826_1586477035258916_3350158539743014744_n.jpg\"><img loading=\"lazy\" decoding=\"async\" class=\"aligncenter size-large wp-image-2848\" src=\"http:\/\/www.aradiovi.hu\/wp-content\/uploads\/2025\/02\/438096826_1586477035258916_3350158539743014744_n.jpg\" alt=\"\" width=\"720\" height=\"960\" srcset=\"https:\/\/aradiovi.hu\/wp-content\/uploads\/2025\/02\/438096826_1586477035258916_3350158539743014744_n.jpg 720w, https:\/\/aradiovi.hu\/wp-content\/uploads\/2025\/02\/438096826_1586477035258916_3350158539743014744_n-225x300.jpg 225w\" sizes=\"auto, (max-width: 720px) 100vw, 720px\" \/><\/a><\/p>\n<p><a href=\"http:\/\/www.aradiovi.hu\/wp-content\/uploads\/2025\/02\/438097534_1586484515258168_6605134506213195426_n.jpg\"><img loading=\"lazy\" decoding=\"async\" class=\"aligncenter size-large wp-image-2849\" src=\"http:\/\/www.aradiovi.hu\/wp-content\/uploads\/2025\/02\/438097534_1586484515258168_6605134506213195426_n.jpg\" alt=\"\" width=\"720\" height=\"960\" srcset=\"https:\/\/aradiovi.hu\/wp-content\/uploads\/2025\/02\/438097534_1586484515258168_6605134506213195426_n.jpg 720w, https:\/\/aradiovi.hu\/wp-content\/uploads\/2025\/02\/438097534_1586484515258168_6605134506213195426_n-225x300.jpg 225w\" sizes=\"auto, (max-width: 720px) 100vw, 720px\" \/><\/a><\/p>\n<p><a href=\"http:\/\/www.aradiovi.hu\/wp-content\/uploads\/2025\/02\/438109595_1586476808592272_2144186314071239859_n.jpg\"><img loading=\"lazy\" decoding=\"async\" class=\"aligncenter size-large wp-image-2850\" src=\"http:\/\/www.aradiovi.hu\/wp-content\/uploads\/2025\/02\/438109595_1586476808592272_2144186314071239859_n.jpg\" alt=\"\" width=\"720\" height=\"960\" srcset=\"https:\/\/aradiovi.hu\/wp-content\/uploads\/2025\/02\/438109595_1586476808592272_2144186314071239859_n.jpg 720w, https:\/\/aradiovi.hu\/wp-content\/uploads\/2025\/02\/438109595_1586476808592272_2144186314071239859_n-225x300.jpg 225w\" sizes=\"auto, (max-width: 720px) 100vw, 720px\" \/><\/a><\/p>\n<p><a href=\"http:\/\/www.aradiovi.hu\/wp-content\/uploads\/2025\/02\/440759166_7437092436345099_8192446563449287460_n.jpg\"><img loading=\"lazy\" decoding=\"async\" class=\"aligncenter size-large wp-image-2851\" src=\"http:\/\/www.aradiovi.hu\/wp-content\/uploads\/2025\/02\/440759166_7437092436345099_8192446563449287460_n-1024x766.jpg\" alt=\"\" width=\"720\" height=\"539\" srcset=\"https:\/\/aradiovi.hu\/wp-content\/uploads\/2025\/02\/440759166_7437092436345099_8192446563449287460_n-1024x766.jpg 1024w, https:\/\/aradiovi.hu\/wp-content\/uploads\/2025\/02\/440759166_7437092436345099_8192446563449287460_n-300x224.jpg 300w, https:\/\/aradiovi.hu\/wp-content\/uploads\/2025\/02\/440759166_7437092436345099_8192446563449287460_n-768x575.jpg 768w, https:\/\/aradiovi.hu\/wp-content\/uploads\/2025\/02\/440759166_7437092436345099_8192446563449287460_n.jpg 2048w\" sizes=\"auto, (max-width: 720px) 100vw, 720px\" \/><\/a><\/p>\n<p><a href=\"http:\/\/www.aradiovi.hu\/wp-content\/uploads\/2025\/02\/440782673_7436937046360638_4552237588169870145_n.jpg\"><img loading=\"lazy\" decoding=\"async\" class=\"aligncenter size-large wp-image-2852\" src=\"http:\/\/www.aradiovi.hu\/wp-content\/uploads\/2025\/02\/440782673_7436937046360638_4552237588169870145_n-1024x766.jpg\" alt=\"\" width=\"720\" height=\"539\" srcset=\"https:\/\/aradiovi.hu\/wp-content\/uploads\/2025\/02\/440782673_7436937046360638_4552237588169870145_n-1024x766.jpg 1024w, https:\/\/aradiovi.hu\/wp-content\/uploads\/2025\/02\/440782673_7436937046360638_4552237588169870145_n-300x224.jpg 300w, https:\/\/aradiovi.hu\/wp-content\/uploads\/2025\/02\/440782673_7436937046360638_4552237588169870145_n-768x575.jpg 768w, https:\/\/aradiovi.hu\/wp-content\/uploads\/2025\/02\/440782673_7436937046360638_4552237588169870145_n.jpg 2048w\" sizes=\"auto, (max-width: 720px) 100vw, 720px\" \/><\/a><\/p>\n<p><a href=\"http:\/\/www.aradiovi.hu\/wp-content\/uploads\/2025\/02\/440794632_7437092909678385_3392212681511762078_n.jpg\"><img loading=\"lazy\" decoding=\"async\" class=\"aligncenter size-large wp-image-2853\" src=\"http:\/\/www.aradiovi.hu\/wp-content\/uploads\/2025\/02\/440794632_7437092909678385_3392212681511762078_n-1024x766.jpg\" alt=\"\" width=\"720\" height=\"539\" srcset=\"https:\/\/aradiovi.hu\/wp-content\/uploads\/2025\/02\/440794632_7437092909678385_3392212681511762078_n-1024x766.jpg 1024w, https:\/\/aradiovi.hu\/wp-content\/uploads\/2025\/02\/440794632_7437092909678385_3392212681511762078_n-300x224.jpg 300w, https:\/\/aradiovi.hu\/wp-content\/uploads\/2025\/02\/440794632_7437092909678385_3392212681511762078_n-768x575.jpg 768w, https:\/\/aradiovi.hu\/wp-content\/uploads\/2025\/02\/440794632_7437092909678385_3392212681511762078_n.jpg 2048w\" sizes=\"auto, (max-width: 720px) 100vw, 720px\" \/><\/a><\/p>\n<p><a href=\"http:\/\/www.aradiovi.hu\/wp-content\/uploads\/2025\/02\/440796476_7436723829715293_399215655285465059_n.jpg\"><img loading=\"lazy\" decoding=\"async\" class=\"aligncenter size-large wp-image-2854\" src=\"http:\/\/www.aradiovi.hu\/wp-content\/uploads\/2025\/02\/440796476_7436723829715293_399215655285465059_n-1024x766.jpg\" alt=\"\" width=\"720\" height=\"539\" srcset=\"https:\/\/aradiovi.hu\/wp-content\/uploads\/2025\/02\/440796476_7436723829715293_399215655285465059_n-1024x766.jpg 1024w, https:\/\/aradiovi.hu\/wp-content\/uploads\/2025\/02\/440796476_7436723829715293_399215655285465059_n-300x224.jpg 300w, https:\/\/aradiovi.hu\/wp-content\/uploads\/2025\/02\/440796476_7436723829715293_399215655285465059_n-768x575.jpg 768w, https:\/\/aradiovi.hu\/wp-content\/uploads\/2025\/02\/440796476_7436723829715293_399215655285465059_n.jpg 2048w\" sizes=\"auto, (max-width: 720px) 100vw, 720px\" \/><\/a><\/p>\n","protected":false},"excerpt":{"rendered":"<p>\u00dajpest \u00d6nkorm\u00e1nyzat\u00e1nak j\u00f3volt\u00e1b\u00f3l a gyerekek ism\u00e9t test\u00f6zelbe ker\u00fclhettek a kedves h\u00e1zi\u00e1llatokkal. K\u00f6sz\u00f6nj\u00fck a Barka \u00c1ll\u00edtsimogat\u00f3nak a kitelep\u00fcl\u00e9st! &nbsp;<\/p>\n","protected":false},"author":1,"featured_media":0,"parent":0,"menu_order":0,"comment_status":"closed","ping_status":"closed","template":"","meta":{"footnotes":""},"class_list":["post-2842","page","type-page","status-publish","hentry"],"_links":{"self":[{"href":"https:\/\/aradiovi.hu\/index.php?rest_route=\/wp\/v2\/pages\/2842","targetHints":{"allow":["GET"]}}],"collection":[{"href":"https:\/\/aradiovi.hu\/index.php?rest_route=\/wp\/v2\/pages"}],"about":[{"href":"https:\/\/aradiovi.hu\/index.php?rest_route=\/wp\/v2\/types\/page"}],"author":[{"embeddable":true,"href":"https:\/\/aradiovi.hu\/index.php?rest_route=\/wp\/v2\/users\/1"}],"replies":[{"embeddable":true,"href":"https:\/\/aradiovi.hu\/index.php?rest_route=%2Fwp%2Fv2%2Fcomments&post=2842"}],"version-history":[{"count":1,"href":"https:\/\/aradiovi.hu\/index.php?rest_route=\/wp\/v2\/pages\/2842\/revisions"}],"predecessor-version":[{"id":2856,"href":"https:\/\/aradiovi.hu\/index.php?rest_route=\/wp\/v2\/pages\/2842\/revisions\/2856"}],"wp:attachment":[{"href":"https:\/\/aradiovi.hu\/index.php?rest_route=%2Fwp%2Fv2%2Fmedia&parent=2842"}],"curies":[{"name":"wp","href":"https:\/\/api.w.org\/{rel}","templated":true}]}}