{"id":2857,"date":"2025-02-15T17:39:09","date_gmt":"2025-02-15T17:39:09","guid":{"rendered":"http:\/\/www.aradiovi.hu\/?page_id=2857"},"modified":"2025-02-15T17:39:09","modified_gmt":"2025-02-15T17:39:09","slug":"fold-hete-2","status":"publish","type":"page","link":"https:\/\/aradiovi.hu\/?page_id=2857","title":{"rendered":"F\u00f6ld hete"},"content":{"rendered":"<p>F\u00f6ld napja alkalm\u00e1b\u00f3l \u00f3vod\u00e1nkban \u00f6ld hete programok zajlanak. Vir\u00e1gokat \u00fcltet\u00fcnk a gyerekekkel, sz\u00e9p\u00edtj\u00fck a k\u00f6rnyezet\u00fcnket!<\/p>\n<p>&nbsp;<\/p>\n<p><a href=\"http:\/\/www.aradiovi.hu\/wp-content\/uploads\/2025\/02\/437881067_1579295565977063_5011327841521237481_n.jpg\"><img loading=\"lazy\" decoding=\"async\" class=\"aligncenter size-large wp-image-2858\" src=\"http:\/\/www.aradiovi.hu\/wp-content\/uploads\/2025\/02\/437881067_1579295565977063_5011327841521237481_n-768x1024.jpg\" alt=\"\" width=\"720\" height=\"960\" srcset=\"https:\/\/aradiovi.hu\/wp-content\/uploads\/2025\/02\/437881067_1579295565977063_5011327841521237481_n-768x1024.jpg 768w, https:\/\/aradiovi.hu\/wp-content\/uploads\/2025\/02\/437881067_1579295565977063_5011327841521237481_n-225x300.jpg 225w, https:\/\/aradiovi.hu\/wp-content\/uploads\/2025\/02\/437881067_1579295565977063_5011327841521237481_n.jpg 1536w\" sizes=\"auto, (max-width: 720px) 100vw, 720px\" \/><\/a><\/p>\n<p><a href=\"http:\/\/www.aradiovi.hu\/wp-content\/uploads\/2025\/02\/437891911_1579287189311234_3102664837504624154_n.jpg\"><img loading=\"lazy\" decoding=\"async\" class=\"aligncenter size-large wp-image-2859\" src=\"http:\/\/www.aradiovi.hu\/wp-content\/uploads\/2025\/02\/437891911_1579287189311234_3102664837504624154_n-768x1024.jpg\" alt=\"\" width=\"720\" height=\"960\" srcset=\"https:\/\/aradiovi.hu\/wp-content\/uploads\/2025\/02\/437891911_1579287189311234_3102664837504624154_n-768x1024.jpg 768w, https:\/\/aradiovi.hu\/wp-content\/uploads\/2025\/02\/437891911_1579287189311234_3102664837504624154_n-225x300.jpg 225w, https:\/\/aradiovi.hu\/wp-content\/uploads\/2025\/02\/437891911_1579287189311234_3102664837504624154_n.jpg 1536w\" sizes=\"auto, (max-width: 720px) 100vw, 720px\" \/><\/a><\/p>\n<p><a href=\"http:\/\/www.aradiovi.hu\/wp-content\/uploads\/2025\/02\/437914076_1579297139310239_1463671812379129096_n.jpg\"><img loading=\"lazy\" decoding=\"async\" class=\"aligncenter size-large wp-image-2860\" src=\"http:\/\/www.aradiovi.hu\/wp-content\/uploads\/2025\/02\/437914076_1579297139310239_1463671812379129096_n-768x1024.jpg\" alt=\"\" width=\"720\" height=\"960\" srcset=\"https:\/\/aradiovi.hu\/wp-content\/uploads\/2025\/02\/437914076_1579297139310239_1463671812379129096_n-768x1024.jpg 768w, https:\/\/aradiovi.hu\/wp-content\/uploads\/2025\/02\/437914076_1579297139310239_1463671812379129096_n-225x300.jpg 225w, https:\/\/aradiovi.hu\/wp-content\/uploads\/2025\/02\/437914076_1579297139310239_1463671812379129096_n.jpg 1536w\" sizes=\"auto, (max-width: 720px) 100vw, 720px\" \/><\/a><\/p>\n<p><a href=\"http:\/\/www.aradiovi.hu\/wp-content\/uploads\/2025\/02\/437927320_1579300365976583_3698126034303012605_n.jpg\"><img loading=\"lazy\" decoding=\"async\" class=\"aligncenter size-large wp-image-2861\" src=\"http:\/\/www.aradiovi.hu\/wp-content\/uploads\/2025\/02\/437927320_1579300365976583_3698126034303012605_n-768x1024.jpg\" alt=\"\" width=\"720\" height=\"960\" srcset=\"https:\/\/aradiovi.hu\/wp-content\/uploads\/2025\/02\/437927320_1579300365976583_3698126034303012605_n-768x1024.jpg 768w, https:\/\/aradiovi.hu\/wp-content\/uploads\/2025\/02\/437927320_1579300365976583_3698126034303012605_n-225x300.jpg 225w, https:\/\/aradiovi.hu\/wp-content\/uploads\/2025\/02\/437927320_1579300365976583_3698126034303012605_n.jpg 1536w\" sizes=\"auto, (max-width: 720px) 100vw, 720px\" \/><\/a><\/p>\n<p><a href=\"http:\/\/www.aradiovi.hu\/wp-content\/uploads\/2025\/02\/437934172_1579281262645160_5532454003781735102_n.jpg\"><img loading=\"lazy\" decoding=\"async\" class=\"aligncenter size-large wp-image-2862\" src=\"http:\/\/www.aradiovi.hu\/wp-content\/uploads\/2025\/02\/437934172_1579281262645160_5532454003781735102_n-768x1024.jpg\" alt=\"\" width=\"720\" height=\"960\" srcset=\"https:\/\/aradiovi.hu\/wp-content\/uploads\/2025\/02\/437934172_1579281262645160_5532454003781735102_n-768x1024.jpg 768w, https:\/\/aradiovi.hu\/wp-content\/uploads\/2025\/02\/437934172_1579281262645160_5532454003781735102_n-225x300.jpg 225w, https:\/\/aradiovi.hu\/wp-content\/uploads\/2025\/02\/437934172_1579281262645160_5532454003781735102_n.jpg 1536w\" sizes=\"auto, (max-width: 720px) 100vw, 720px\" \/><\/a><\/p>\n<p><a href=\"http:\/\/www.aradiovi.hu\/wp-content\/uploads\/2025\/02\/437957249_1579293252643961_5755638096488766099_n.jpg\"><img loading=\"lazy\" decoding=\"async\" class=\"aligncenter size-large wp-image-2863\" src=\"http:\/\/www.aradiovi.hu\/wp-content\/uploads\/2025\/02\/437957249_1579293252643961_5755638096488766099_n-768x1024.jpg\" alt=\"\" width=\"720\" height=\"960\" srcset=\"https:\/\/aradiovi.hu\/wp-content\/uploads\/2025\/02\/437957249_1579293252643961_5755638096488766099_n-768x1024.jpg 768w, https:\/\/aradiovi.hu\/wp-content\/uploads\/2025\/02\/437957249_1579293252643961_5755638096488766099_n-225x300.jpg 225w, https:\/\/aradiovi.hu\/wp-content\/uploads\/2025\/02\/437957249_1579293252643961_5755638096488766099_n.jpg 1536w\" sizes=\"auto, (max-width: 720px) 100vw, 720px\" \/><\/a><\/p>\n<p><a href=\"http:\/\/www.aradiovi.hu\/wp-content\/uploads\/2025\/02\/438222906_1579290125977607_3420468468459987737_n.jpg\"><img loading=\"lazy\" decoding=\"async\" class=\"aligncenter size-large wp-image-2864\" src=\"http:\/\/www.aradiovi.hu\/wp-content\/uploads\/2025\/02\/438222906_1579290125977607_3420468468459987737_n-768x1024.jpg\" alt=\"\" width=\"720\" height=\"960\" srcset=\"https:\/\/aradiovi.hu\/wp-content\/uploads\/2025\/02\/438222906_1579290125977607_3420468468459987737_n-768x1024.jpg 768w, https:\/\/aradiovi.hu\/wp-content\/uploads\/2025\/02\/438222906_1579290125977607_3420468468459987737_n-225x300.jpg 225w, https:\/\/aradiovi.hu\/wp-content\/uploads\/2025\/02\/438222906_1579290125977607_3420468468459987737_n.jpg 1536w\" sizes=\"auto, (max-width: 720px) 100vw, 720px\" \/><\/a><\/p>\n<p><a href=\"http:\/\/www.aradiovi.hu\/wp-content\/uploads\/2025\/02\/438225023_1579291089310844_173557424207333133_n.jpg\"><img loading=\"lazy\" decoding=\"async\" class=\"aligncenter size-large wp-image-2865\" src=\"http:\/\/www.aradiovi.hu\/wp-content\/uploads\/2025\/02\/438225023_1579291089310844_173557424207333133_n-768x1024.jpg\" alt=\"\" width=\"720\" height=\"960\" srcset=\"https:\/\/aradiovi.hu\/wp-content\/uploads\/2025\/02\/438225023_1579291089310844_173557424207333133_n-768x1024.jpg 768w, https:\/\/aradiovi.hu\/wp-content\/uploads\/2025\/02\/438225023_1579291089310844_173557424207333133_n-225x300.jpg 225w, https:\/\/aradiovi.hu\/wp-content\/uploads\/2025\/02\/438225023_1579291089310844_173557424207333133_n.jpg 1536w\" sizes=\"auto, (max-width: 720px) 100vw, 720px\" \/><\/a><\/p>\n<p><a href=\"http:\/\/www.aradiovi.hu\/wp-content\/uploads\/2025\/02\/438241425_1579299719309981_5018061194899527536_n.jpg\"><img loading=\"lazy\" decoding=\"async\" class=\"aligncenter size-large wp-image-2866\" src=\"http:\/\/www.aradiovi.hu\/wp-content\/uploads\/2025\/02\/438241425_1579299719309981_5018061194899527536_n-768x1024.jpg\" alt=\"\" width=\"720\" height=\"960\" srcset=\"https:\/\/aradiovi.hu\/wp-content\/uploads\/2025\/02\/438241425_1579299719309981_5018061194899527536_n-768x1024.jpg 768w, https:\/\/aradiovi.hu\/wp-content\/uploads\/2025\/02\/438241425_1579299719309981_5018061194899527536_n-225x300.jpg 225w, https:\/\/aradiovi.hu\/wp-content\/uploads\/2025\/02\/438241425_1579299719309981_5018061194899527536_n.jpg 1536w\" sizes=\"auto, (max-width: 720px) 100vw, 720px\" \/><\/a><\/p>\n<p>&nbsp;<\/p>\n","protected":false},"excerpt":{"rendered":"<p>F\u00f6ld napja alkalm\u00e1b\u00f3l \u00f3vod\u00e1nkban \u00f6ld hete programok zajlanak. Vir\u00e1gokat \u00fcltet\u00fcnk a gyerekekkel, sz\u00e9p\u00edtj\u00fck a k\u00f6rnyezet\u00fcnket! &nbsp; &nbsp;<\/p>\n","protected":false},"author":1,"featured_media":0,"parent":0,"menu_order":0,"comment_status":"closed","ping_status":"closed","template":"","meta":{"footnotes":""},"class_list":["post-2857","page","type-page","status-publish","hentry"],"_links":{"self":[{"href":"https:\/\/aradiovi.hu\/index.php?rest_route=\/wp\/v2\/pages\/2857","targetHints":{"allow":["GET"]}}],"collection":[{"href":"https:\/\/aradiovi.hu\/index.php?rest_route=\/wp\/v2\/pages"}],"about":[{"href":"https:\/\/aradiovi.hu\/index.php?rest_route=\/wp\/v2\/types\/page"}],"author":[{"embeddable":true,"href":"https:\/\/aradiovi.hu\/index.php?rest_route=\/wp\/v2\/users\/1"}],"replies":[{"embeddable":true,"href":"https:\/\/aradiovi.hu\/index.php?rest_route=%2Fwp%2Fv2%2Fcomments&post=2857"}],"version-history":[{"count":2,"href":"https:\/\/aradiovi.hu\/index.php?rest_route=\/wp\/v2\/pages\/2857\/revisions"}],"predecessor-version":[{"id":2869,"href":"https:\/\/aradiovi.hu\/index.php?rest_route=\/wp\/v2\/pages\/2857\/revisions\/2869"}],"wp:attachment":[{"href":"https:\/\/aradiovi.hu\/index.php?rest_route=%2Fwp%2Fv2%2Fmedia&parent=2857"}],"curies":[{"name":"wp","href":"https:\/\/api.w.org\/{rel}","templated":true}]}}