{"id":2879,"date":"2025-03-08T18:32:12","date_gmt":"2025-03-08T18:32:12","guid":{"rendered":"http:\/\/www.aradiovi.hu\/?page_id=2879"},"modified":"2025-03-08T18:32:12","modified_gmt":"2025-03-08T18:32:12","slug":"teluzes-3","status":"publish","type":"page","link":"https:\/\/aradiovi.hu\/?page_id=2879","title":{"rendered":"T\u00e9l\u0171z\u00e9s"},"content":{"rendered":"<p><a href=\"http:\/\/www.aradiovi.hu\/wp-content\/uploads\/2025\/03\/20250304_110410kicsi.jpg\"><img loading=\"lazy\" decoding=\"async\" class=\"aligncenter size-full wp-image-2880\" src=\"http:\/\/www.aradiovi.hu\/wp-content\/uploads\/2025\/03\/20250304_110410kicsi.jpg\" alt=\"\" width=\"900\" height=\"1200\" srcset=\"https:\/\/aradiovi.hu\/wp-content\/uploads\/2025\/03\/20250304_110410kicsi.jpg 900w, https:\/\/aradiovi.hu\/wp-content\/uploads\/2025\/03\/20250304_110410kicsi-225x300.jpg 225w, https:\/\/aradiovi.hu\/wp-content\/uploads\/2025\/03\/20250304_110410kicsi-768x1024.jpg 768w\" sizes=\"auto, (max-width: 900px) 100vw, 900px\" \/><\/a><\/p>\n<p><a href=\"http:\/\/www.aradiovi.hu\/wp-content\/uploads\/2025\/03\/20250304_110658kicsi.jpg\"><img loading=\"lazy\" decoding=\"async\" class=\"aligncenter size-full wp-image-2881\" src=\"http:\/\/www.aradiovi.hu\/wp-content\/uploads\/2025\/03\/20250304_110658kicsi.jpg\" alt=\"\" width=\"900\" height=\"1200\" srcset=\"https:\/\/aradiovi.hu\/wp-content\/uploads\/2025\/03\/20250304_110658kicsi.jpg 900w, https:\/\/aradiovi.hu\/wp-content\/uploads\/2025\/03\/20250304_110658kicsi-225x300.jpg 225w, https:\/\/aradiovi.hu\/wp-content\/uploads\/2025\/03\/20250304_110658kicsi-768x1024.jpg 768w\" sizes=\"auto, (max-width: 900px) 100vw, 900px\" \/><\/a><\/p>\n<p><a href=\"http:\/\/www.aradiovi.hu\/wp-content\/uploads\/2025\/03\/20250304_110914kicsi.jpg\"><img loading=\"lazy\" decoding=\"async\" class=\"aligncenter size-full wp-image-2882\" src=\"http:\/\/www.aradiovi.hu\/wp-content\/uploads\/2025\/03\/20250304_110914kicsi.jpg\" alt=\"\" width=\"1200\" height=\"900\" srcset=\"https:\/\/aradiovi.hu\/wp-content\/uploads\/2025\/03\/20250304_110914kicsi.jpg 1200w, https:\/\/aradiovi.hu\/wp-content\/uploads\/2025\/03\/20250304_110914kicsi-300x225.jpg 300w, https:\/\/aradiovi.hu\/wp-content\/uploads\/2025\/03\/20250304_110914kicsi-768x576.jpg 768w, https:\/\/aradiovi.hu\/wp-content\/uploads\/2025\/03\/20250304_110914kicsi-1024x768.jpg 1024w\" sizes=\"auto, (max-width: 1200px) 100vw, 1200px\" \/><\/a><\/p>\n<p><a href=\"http:\/\/www.aradiovi.hu\/wp-content\/uploads\/2025\/03\/20250304_111025kicsi.jpg\"><img loading=\"lazy\" decoding=\"async\" class=\"aligncenter size-full wp-image-2883\" src=\"http:\/\/www.aradiovi.hu\/wp-content\/uploads\/2025\/03\/20250304_111025kicsi.jpg\" alt=\"\" width=\"1200\" height=\"900\" srcset=\"https:\/\/aradiovi.hu\/wp-content\/uploads\/2025\/03\/20250304_111025kicsi.jpg 1200w, https:\/\/aradiovi.hu\/wp-content\/uploads\/2025\/03\/20250304_111025kicsi-300x225.jpg 300w, https:\/\/aradiovi.hu\/wp-content\/uploads\/2025\/03\/20250304_111025kicsi-768x576.jpg 768w, https:\/\/aradiovi.hu\/wp-content\/uploads\/2025\/03\/20250304_111025kicsi-1024x768.jpg 1024w\" sizes=\"auto, (max-width: 1200px) 100vw, 1200px\" \/><\/a><\/p>\n","protected":false},"excerpt":{"rendered":"","protected":false},"author":1,"featured_media":0,"parent":0,"menu_order":0,"comment_status":"closed","ping_status":"closed","template":"","meta":{"footnotes":""},"class_list":["post-2879","page","type-page","status-publish","hentry"],"_links":{"self":[{"href":"https:\/\/aradiovi.hu\/index.php?rest_route=\/wp\/v2\/pages\/2879","targetHints":{"allow":["GET"]}}],"collection":[{"href":"https:\/\/aradiovi.hu\/index.php?rest_route=\/wp\/v2\/pages"}],"about":[{"href":"https:\/\/aradiovi.hu\/index.php?rest_route=\/wp\/v2\/types\/page"}],"author":[{"embeddable":true,"href":"https:\/\/aradiovi.hu\/index.php?rest_route=\/wp\/v2\/users\/1"}],"replies":[{"embeddable":true,"href":"https:\/\/aradiovi.hu\/index.php?rest_route=%2Fwp%2Fv2%2Fcomments&post=2879"}],"version-history":[{"count":1,"href":"https:\/\/aradiovi.hu\/index.php?rest_route=\/wp\/v2\/pages\/2879\/revisions"}],"predecessor-version":[{"id":2885,"href":"https:\/\/aradiovi.hu\/index.php?rest_route=\/wp\/v2\/pages\/2879\/revisions\/2885"}],"wp:attachment":[{"href":"https:\/\/aradiovi.hu\/index.php?rest_route=%2Fwp%2Fv2%2Fmedia&parent=2879"}],"curies":[{"name":"wp","href":"https:\/\/api.w.org\/{rel}","templated":true}]}}