{"id":2893,"date":"2025-05-12T17:52:19","date_gmt":"2025-05-12T17:52:19","guid":{"rendered":"http:\/\/www.aradiovi.hu\/?page_id=2893"},"modified":"2025-05-12T17:52:19","modified_gmt":"2025-05-12T17:52:19","slug":"fold-hete-3","status":"publish","type":"page","link":"https:\/\/aradiovi.hu\/?page_id=2893","title":{"rendered":"F\u00f6ld hete"},"content":{"rendered":"<p>Id\u00e9n a F\u00f6ld hete val\u00f3j\u00e1ban csak h\u00e1rom nap volt, de igyekezt\u00fcnk tartalmasan elt\u00f6lteni. A szok\u00e1sos kertvir\u00e1gos\u00edt\u00e1son k\u00edv\u00fcl m\u00e9g k\u00fcl\u00f6nleges \u00e1llatokkal is ismerkedhettek a gyerekek testk\u00f6zelb\u0151l.<\/p>\n<p>&nbsp;<\/p>\n<p><a href=\"http:\/\/www.aradiovi.hu\/wp-content\/uploads\/2025\/05\/493541833_1836911110215506_2560116248319092772_n.jpg\"><img loading=\"lazy\" decoding=\"async\" class=\"aligncenter size-full wp-image-2894\" src=\"http:\/\/www.aradiovi.hu\/wp-content\/uploads\/2025\/05\/493541833_1836911110215506_2560116248319092772_n.jpg\" alt=\"\" width=\"752\" height=\"1020\" srcset=\"https:\/\/aradiovi.hu\/wp-content\/uploads\/2025\/05\/493541833_1836911110215506_2560116248319092772_n.jpg 752w, https:\/\/aradiovi.hu\/wp-content\/uploads\/2025\/05\/493541833_1836911110215506_2560116248319092772_n-221x300.jpg 221w\" sizes=\"auto, (max-width: 752px) 100vw, 752px\" \/><\/a><\/p>\n<p><a href=\"http:\/\/www.aradiovi.hu\/wp-content\/uploads\/2025\/05\/493592158_1836911806882103_5542216615221200625_n.jpg\"><img loading=\"lazy\" decoding=\"async\" class=\"aligncenter size-full wp-image-2895\" src=\"http:\/\/www.aradiovi.hu\/wp-content\/uploads\/2025\/05\/493592158_1836911806882103_5542216615221200625_n.jpg\" alt=\"\" width=\"752\" height=\"1020\" srcset=\"https:\/\/aradiovi.hu\/wp-content\/uploads\/2025\/05\/493592158_1836911806882103_5542216615221200625_n.jpg 752w, https:\/\/aradiovi.hu\/wp-content\/uploads\/2025\/05\/493592158_1836911806882103_5542216615221200625_n-221x300.jpg 221w\" sizes=\"auto, (max-width: 752px) 100vw, 752px\" \/><\/a><\/p>\n<p><a href=\"http:\/\/www.aradiovi.hu\/wp-content\/uploads\/2025\/05\/493717098_1836913663548584_2172175805313203778_n.jpg\"><img loading=\"lazy\" decoding=\"async\" class=\"aligncenter size-full wp-image-2896\" src=\"http:\/\/www.aradiovi.hu\/wp-content\/uploads\/2025\/05\/493717098_1836913663548584_2172175805313203778_n.jpg\" alt=\"\" width=\"752\" height=\"1020\" srcset=\"https:\/\/aradiovi.hu\/wp-content\/uploads\/2025\/05\/493717098_1836913663548584_2172175805313203778_n.jpg 752w, https:\/\/aradiovi.hu\/wp-content\/uploads\/2025\/05\/493717098_1836913663548584_2172175805313203778_n-221x300.jpg 221w\" sizes=\"auto, (max-width: 752px) 100vw, 752px\" \/><\/a><\/p>\n<p><a href=\"http:\/\/www.aradiovi.hu\/wp-content\/uploads\/2025\/05\/493779259_1836913396881944_6356750289834354797_n.jpg\"><img loading=\"lazy\" decoding=\"async\" class=\"aligncenter size-full wp-image-2897\" src=\"http:\/\/www.aradiovi.hu\/wp-content\/uploads\/2025\/05\/493779259_1836913396881944_6356750289834354797_n.jpg\" alt=\"\" width=\"752\" height=\"1020\" srcset=\"https:\/\/aradiovi.hu\/wp-content\/uploads\/2025\/05\/493779259_1836913396881944_6356750289834354797_n.jpg 752w, https:\/\/aradiovi.hu\/wp-content\/uploads\/2025\/05\/493779259_1836913396881944_6356750289834354797_n-221x300.jpg 221w\" sizes=\"auto, (max-width: 752px) 100vw, 752px\" \/><\/a><\/p>\n<p><a href=\"http:\/\/www.aradiovi.hu\/wp-content\/uploads\/2025\/05\/494002155_1836912680215349_7624465534968806110_n.jpg\"><img loading=\"lazy\" decoding=\"async\" class=\"aligncenter size-full wp-image-2898\" src=\"http:\/\/www.aradiovi.hu\/wp-content\/uploads\/2025\/05\/494002155_1836912680215349_7624465534968806110_n.jpg\" alt=\"\" width=\"752\" height=\"1020\" srcset=\"https:\/\/aradiovi.hu\/wp-content\/uploads\/2025\/05\/494002155_1836912680215349_7624465534968806110_n.jpg 752w, https:\/\/aradiovi.hu\/wp-content\/uploads\/2025\/05\/494002155_1836912680215349_7624465534968806110_n-221x300.jpg 221w\" sizes=\"auto, (max-width: 752px) 100vw, 752px\" \/><\/a><\/p>\n<p><a href=\"http:\/\/www.aradiovi.hu\/wp-content\/uploads\/2025\/05\/494035436_1836913836881900_406793253306317325_n.jpg\"><img loading=\"lazy\" decoding=\"async\" class=\"aligncenter size-full wp-image-2899\" src=\"http:\/\/www.aradiovi.hu\/wp-content\/uploads\/2025\/05\/494035436_1836913836881900_406793253306317325_n.jpg\" alt=\"\" width=\"752\" height=\"1020\" srcset=\"https:\/\/aradiovi.hu\/wp-content\/uploads\/2025\/05\/494035436_1836913836881900_406793253306317325_n.jpg 752w, https:\/\/aradiovi.hu\/wp-content\/uploads\/2025\/05\/494035436_1836913836881900_406793253306317325_n-221x300.jpg 221w\" sizes=\"auto, (max-width: 752px) 100vw, 752px\" \/><\/a><\/p>\n<p><a href=\"http:\/\/www.aradiovi.hu\/wp-content\/uploads\/2025\/05\/494119690_1836911583548792_6645308302318586485_n.jpg\"><img loading=\"lazy\" decoding=\"async\" class=\"aligncenter size-full wp-image-2900\" src=\"http:\/\/www.aradiovi.hu\/wp-content\/uploads\/2025\/05\/494119690_1836911583548792_6645308302318586485_n.jpg\" alt=\"\" width=\"752\" height=\"1020\" srcset=\"https:\/\/aradiovi.hu\/wp-content\/uploads\/2025\/05\/494119690_1836911583548792_6645308302318586485_n.jpg 752w, https:\/\/aradiovi.hu\/wp-content\/uploads\/2025\/05\/494119690_1836911583548792_6645308302318586485_n-221x300.jpg 221w\" sizes=\"auto, (max-width: 752px) 100vw, 752px\" \/><\/a><\/p>\n<p><a href=\"http:\/\/www.aradiovi.hu\/wp-content\/uploads\/2025\/05\/494149444_1836911253548825_638024710529124173_n.jpg\"><img loading=\"lazy\" decoding=\"async\" class=\"aligncenter size-full wp-image-2901\" src=\"http:\/\/www.aradiovi.hu\/wp-content\/uploads\/2025\/05\/494149444_1836911253548825_638024710529124173_n.jpg\" alt=\"\" width=\"752\" height=\"1020\" srcset=\"https:\/\/aradiovi.hu\/wp-content\/uploads\/2025\/05\/494149444_1836911253548825_638024710529124173_n.jpg 752w, https:\/\/aradiovi.hu\/wp-content\/uploads\/2025\/05\/494149444_1836911253548825_638024710529124173_n-221x300.jpg 221w\" sizes=\"auto, (max-width: 752px) 100vw, 752px\" \/><\/a><\/p>\n<p><a href=\"http:\/\/www.aradiovi.hu\/wp-content\/uploads\/2025\/05\/494174648_1836910930215524_4610918549300702641_n.jpg\"><img loading=\"lazy\" decoding=\"async\" class=\"aligncenter size-full wp-image-2902\" src=\"http:\/\/www.aradiovi.hu\/wp-content\/uploads\/2025\/05\/494174648_1836910930215524_4610918549300702641_n.jpg\" alt=\"\" width=\"752\" height=\"1020\" srcset=\"https:\/\/aradiovi.hu\/wp-content\/uploads\/2025\/05\/494174648_1836910930215524_4610918549300702641_n.jpg 752w, https:\/\/aradiovi.hu\/wp-content\/uploads\/2025\/05\/494174648_1836910930215524_4610918549300702641_n-221x300.jpg 221w\" sizes=\"auto, (max-width: 752px) 100vw, 752px\" \/><\/a><\/p>\n<p><a href=\"http:\/\/www.aradiovi.hu\/wp-content\/uploads\/2025\/05\/494421041_1836911643548786_7644550465958704149_n.jpg\"><img loading=\"lazy\" decoding=\"async\" class=\"aligncenter size-full wp-image-2903\" src=\"http:\/\/www.aradiovi.hu\/wp-content\/uploads\/2025\/05\/494421041_1836911643548786_7644550465958704149_n.jpg\" alt=\"\" width=\"752\" height=\"1020\" srcset=\"https:\/\/aradiovi.hu\/wp-content\/uploads\/2025\/05\/494421041_1836911643548786_7644550465958704149_n.jpg 752w, https:\/\/aradiovi.hu\/wp-content\/uploads\/2025\/05\/494421041_1836911643548786_7644550465958704149_n-221x300.jpg 221w\" sizes=\"auto, (max-width: 752px) 100vw, 752px\" \/><\/a><\/p>\n<p><a href=\"http:\/\/www.aradiovi.hu\/wp-content\/uploads\/2025\/05\/494426308_1836912116882072_358809139583605282_n.jpg\"><img loading=\"lazy\" decoding=\"async\" class=\"aligncenter size-full wp-image-2904\" src=\"http:\/\/www.aradiovi.hu\/wp-content\/uploads\/2025\/05\/494426308_1836912116882072_358809139583605282_n.jpg\" alt=\"\" width=\"752\" height=\"1020\" srcset=\"https:\/\/aradiovi.hu\/wp-content\/uploads\/2025\/05\/494426308_1836912116882072_358809139583605282_n.jpg 752w, https:\/\/aradiovi.hu\/wp-content\/uploads\/2025\/05\/494426308_1836912116882072_358809139583605282_n-221x300.jpg 221w\" sizes=\"auto, (max-width: 752px) 100vw, 752px\" \/><\/a><\/p>\n<p><a href=\"http:\/\/www.aradiovi.hu\/wp-content\/uploads\/2025\/05\/494756163_1836912183548732_6057223868818442495_n.jpg\"><img loading=\"lazy\" decoding=\"async\" class=\"aligncenter size-full wp-image-2905\" src=\"http:\/\/www.aradiovi.hu\/wp-content\/uploads\/2025\/05\/494756163_1836912183548732_6057223868818442495_n.jpg\" alt=\"\" width=\"752\" height=\"1020\" srcset=\"https:\/\/aradiovi.hu\/wp-content\/uploads\/2025\/05\/494756163_1836912183548732_6057223868818442495_n.jpg 752w, https:\/\/aradiovi.hu\/wp-content\/uploads\/2025\/05\/494756163_1836912183548732_6057223868818442495_n-221x300.jpg 221w\" sizes=\"auto, (max-width: 752px) 100vw, 752px\" \/><\/a><\/p>\n<p><a href=\"http:\/\/www.aradiovi.hu\/wp-content\/uploads\/2025\/05\/493519165_1836859673553983_8116181602462683442_n.jpg\"><img loading=\"lazy\" decoding=\"async\" class=\"aligncenter size-full wp-image-2906\" src=\"http:\/\/www.aradiovi.hu\/wp-content\/uploads\/2025\/05\/493519165_1836859673553983_8116181602462683442_n.jpg\" alt=\"\" width=\"2048\" height=\"1536\" srcset=\"https:\/\/aradiovi.hu\/wp-content\/uploads\/2025\/05\/493519165_1836859673553983_8116181602462683442_n.jpg 2048w, https:\/\/aradiovi.hu\/wp-content\/uploads\/2025\/05\/493519165_1836859673553983_8116181602462683442_n-300x225.jpg 300w, https:\/\/aradiovi.hu\/wp-content\/uploads\/2025\/05\/493519165_1836859673553983_8116181602462683442_n-768x576.jpg 768w, https:\/\/aradiovi.hu\/wp-content\/uploads\/2025\/05\/493519165_1836859673553983_8116181602462683442_n-1024x768.jpg 1024w\" sizes=\"auto, (max-width: 2048px) 100vw, 2048px\" \/><\/a><\/p>\n<p><a href=\"http:\/\/www.aradiovi.hu\/wp-content\/uploads\/2025\/05\/493830432_1836857553554195_5443258565054060126_n.jpg\"><img loading=\"lazy\" decoding=\"async\" class=\"aligncenter size-full wp-image-2907\" src=\"http:\/\/www.aradiovi.hu\/wp-content\/uploads\/2025\/05\/493830432_1836857553554195_5443258565054060126_n.jpg\" alt=\"\" width=\"752\" height=\"1020\" srcset=\"https:\/\/aradiovi.hu\/wp-content\/uploads\/2025\/05\/493830432_1836857553554195_5443258565054060126_n.jpg 752w, https:\/\/aradiovi.hu\/wp-content\/uploads\/2025\/05\/493830432_1836857553554195_5443258565054060126_n-221x300.jpg 221w\" sizes=\"auto, (max-width: 752px) 100vw, 752px\" \/><\/a><\/p>\n<p><a href=\"http:\/\/www.aradiovi.hu\/wp-content\/uploads\/2025\/05\/493889504_1836911186882165_3346621365769663757_n.jpg\"><img loading=\"lazy\" decoding=\"async\" class=\"aligncenter size-full wp-image-2908\" src=\"http:\/\/www.aradiovi.hu\/wp-content\/uploads\/2025\/05\/493889504_1836911186882165_3346621365769663757_n.jpg\" alt=\"\" width=\"1536\" height=\"2048\" srcset=\"https:\/\/aradiovi.hu\/wp-content\/uploads\/2025\/05\/493889504_1836911186882165_3346621365769663757_n.jpg 1536w, https:\/\/aradiovi.hu\/wp-content\/uploads\/2025\/05\/493889504_1836911186882165_3346621365769663757_n-225x300.jpg 225w, https:\/\/aradiovi.hu\/wp-content\/uploads\/2025\/05\/493889504_1836911186882165_3346621365769663757_n-768x1024.jpg 768w\" sizes=\"auto, (max-width: 1536px) 100vw, 1536px\" \/><\/a><\/p>\n<p><a href=\"http:\/\/www.aradiovi.hu\/wp-content\/uploads\/2025\/05\/493902908_1836855696887714_3794516554981923301_n.jpg\"><img loading=\"lazy\" decoding=\"async\" class=\"aligncenter size-full wp-image-2909\" src=\"http:\/\/www.aradiovi.hu\/wp-content\/uploads\/2025\/05\/493902908_1836855696887714_3794516554981923301_n.jpg\" alt=\"\" width=\"752\" height=\"1020\" srcset=\"https:\/\/aradiovi.hu\/wp-content\/uploads\/2025\/05\/493902908_1836855696887714_3794516554981923301_n.jpg 752w, https:\/\/aradiovi.hu\/wp-content\/uploads\/2025\/05\/493902908_1836855696887714_3794516554981923301_n-221x300.jpg 221w\" sizes=\"auto, (max-width: 752px) 100vw, 752px\" \/><\/a><\/p>\n<p><a href=\"http:\/\/www.aradiovi.hu\/wp-content\/uploads\/2025\/05\/493904871_1836856123554338_2709736202941530213_n.jpg\"><img loading=\"lazy\" decoding=\"async\" class=\"aligncenter size-full wp-image-2910\" src=\"http:\/\/www.aradiovi.hu\/wp-content\/uploads\/2025\/05\/493904871_1836856123554338_2709736202941530213_n.jpg\" alt=\"\" width=\"752\" height=\"1020\" srcset=\"https:\/\/aradiovi.hu\/wp-content\/uploads\/2025\/05\/493904871_1836856123554338_2709736202941530213_n.jpg 752w, https:\/\/aradiovi.hu\/wp-content\/uploads\/2025\/05\/493904871_1836856123554338_2709736202941530213_n-221x300.jpg 221w\" sizes=\"auto, (max-width: 752px) 100vw, 752px\" \/><\/a><\/p>\n<p><a href=\"http:\/\/www.aradiovi.hu\/wp-content\/uploads\/2025\/05\/493913062_1836856326887651_1228820186493025259_n.jpg\"><img loading=\"lazy\" decoding=\"async\" class=\"aligncenter size-full wp-image-2911\" src=\"http:\/\/www.aradiovi.hu\/wp-content\/uploads\/2025\/05\/493913062_1836856326887651_1228820186493025259_n.jpg\" alt=\"\" width=\"752\" height=\"1020\" srcset=\"https:\/\/aradiovi.hu\/wp-content\/uploads\/2025\/05\/493913062_1836856326887651_1228820186493025259_n.jpg 752w, https:\/\/aradiovi.hu\/wp-content\/uploads\/2025\/05\/493913062_1836856326887651_1228820186493025259_n-221x300.jpg 221w\" sizes=\"auto, (max-width: 752px) 100vw, 752px\" \/><\/a><\/p>\n<p><a href=\"http:\/\/www.aradiovi.hu\/wp-content\/uploads\/2025\/05\/493970491_1836858030220814_3035457837347422141_n.jpg\"><img loading=\"lazy\" decoding=\"async\" class=\"aligncenter size-full wp-image-2912\" src=\"http:\/\/www.aradiovi.hu\/wp-content\/uploads\/2025\/05\/493970491_1836858030220814_3035457837347422141_n.jpg\" alt=\"\" width=\"752\" height=\"1020\" srcset=\"https:\/\/aradiovi.hu\/wp-content\/uploads\/2025\/05\/493970491_1836858030220814_3035457837347422141_n.jpg 752w, https:\/\/aradiovi.hu\/wp-content\/uploads\/2025\/05\/493970491_1836858030220814_3035457837347422141_n-221x300.jpg 221w\" sizes=\"auto, (max-width: 752px) 100vw, 752px\" \/><\/a><\/p>\n<p><a href=\"http:\/\/www.aradiovi.hu\/wp-content\/uploads\/2025\/05\/494056811_1836910496882234_6352175002819776095_n.jpg\"><img loading=\"lazy\" decoding=\"async\" class=\"aligncenter size-full wp-image-2913\" src=\"http:\/\/www.aradiovi.hu\/wp-content\/uploads\/2025\/05\/494056811_1836910496882234_6352175002819776095_n.jpg\" alt=\"\" width=\"1536\" height=\"2048\" srcset=\"https:\/\/aradiovi.hu\/wp-content\/uploads\/2025\/05\/494056811_1836910496882234_6352175002819776095_n.jpg 1536w, https:\/\/aradiovi.hu\/wp-content\/uploads\/2025\/05\/494056811_1836910496882234_6352175002819776095_n-225x300.jpg 225w, https:\/\/aradiovi.hu\/wp-content\/uploads\/2025\/05\/494056811_1836910496882234_6352175002819776095_n-768x1024.jpg 768w\" sizes=\"auto, (max-width: 1536px) 100vw, 1536px\" \/><\/a><\/p>\n<p><a href=\"http:\/\/www.aradiovi.hu\/wp-content\/uploads\/2025\/05\/494151106_1836857033554247_1210097733278740330_n.jpg\"><img loading=\"lazy\" decoding=\"async\" class=\"aligncenter size-full wp-image-2914\" src=\"http:\/\/www.aradiovi.hu\/wp-content\/uploads\/2025\/05\/494151106_1836857033554247_1210097733278740330_n.jpg\" alt=\"\" width=\"752\" height=\"1020\" srcset=\"https:\/\/aradiovi.hu\/wp-content\/uploads\/2025\/05\/494151106_1836857033554247_1210097733278740330_n.jpg 752w, https:\/\/aradiovi.hu\/wp-content\/uploads\/2025\/05\/494151106_1836857033554247_1210097733278740330_n-221x300.jpg 221w\" sizes=\"auto, (max-width: 752px) 100vw, 752px\" \/><\/a><\/p>\n<p><a href=\"http:\/\/www.aradiovi.hu\/wp-content\/uploads\/2025\/05\/494209601_1836855376887746_1865887659721204037_n.jpg\"><img loading=\"lazy\" decoding=\"async\" class=\"aligncenter size-full wp-image-2915\" src=\"http:\/\/www.aradiovi.hu\/wp-content\/uploads\/2025\/05\/494209601_1836855376887746_1865887659721204037_n.jpg\" alt=\"\" width=\"752\" height=\"1020\" srcset=\"https:\/\/aradiovi.hu\/wp-content\/uploads\/2025\/05\/494209601_1836855376887746_1865887659721204037_n.jpg 752w, https:\/\/aradiovi.hu\/wp-content\/uploads\/2025\/05\/494209601_1836855376887746_1865887659721204037_n-221x300.jpg 221w\" sizes=\"auto, (max-width: 752px) 100vw, 752px\" \/><\/a><\/p>\n<p><a href=\"http:\/\/www.aradiovi.hu\/wp-content\/uploads\/2025\/05\/494237035_1836857913554159_1805133823484905675_n.jpg\"><img loading=\"lazy\" decoding=\"async\" class=\"aligncenter size-full wp-image-2916\" src=\"http:\/\/www.aradiovi.hu\/wp-content\/uploads\/2025\/05\/494237035_1836857913554159_1805133823484905675_n.jpg\" alt=\"\" width=\"752\" height=\"1020\" srcset=\"https:\/\/aradiovi.hu\/wp-content\/uploads\/2025\/05\/494237035_1836857913554159_1805133823484905675_n.jpg 752w, https:\/\/aradiovi.hu\/wp-content\/uploads\/2025\/05\/494237035_1836857913554159_1805133823484905675_n-221x300.jpg 221w\" sizes=\"auto, (max-width: 752px) 100vw, 752px\" \/><\/a><\/p>\n<p><a href=\"http:\/\/www.aradiovi.hu\/wp-content\/uploads\/2025\/05\/494436357_1836857373554213_9034345392143267939_n.jpg\"><img loading=\"lazy\" decoding=\"async\" class=\"aligncenter size-full wp-image-2917\" src=\"http:\/\/www.aradiovi.hu\/wp-content\/uploads\/2025\/05\/494436357_1836857373554213_9034345392143267939_n.jpg\" alt=\"\" width=\"752\" height=\"1020\" srcset=\"https:\/\/aradiovi.hu\/wp-content\/uploads\/2025\/05\/494436357_1836857373554213_9034345392143267939_n.jpg 752w, https:\/\/aradiovi.hu\/wp-content\/uploads\/2025\/05\/494436357_1836857373554213_9034345392143267939_n-221x300.jpg 221w\" sizes=\"auto, (max-width: 752px) 100vw, 752px\" \/><\/a><\/p>\n<p><a href=\"http:\/\/www.aradiovi.hu\/wp-content\/uploads\/2025\/05\/494504888_1836857110220906_2222716620269358989_n.jpg\"><img loading=\"lazy\" decoding=\"async\" class=\"aligncenter size-full wp-image-2918\" src=\"http:\/\/www.aradiovi.hu\/wp-content\/uploads\/2025\/05\/494504888_1836857110220906_2222716620269358989_n.jpg\" alt=\"\" width=\"752\" height=\"1020\" srcset=\"https:\/\/aradiovi.hu\/wp-content\/uploads\/2025\/05\/494504888_1836857110220906_2222716620269358989_n.jpg 752w, https:\/\/aradiovi.hu\/wp-content\/uploads\/2025\/05\/494504888_1836857110220906_2222716620269358989_n-221x300.jpg 221w\" sizes=\"auto, (max-width: 752px) 100vw, 752px\" \/><\/a><\/p>\n","protected":false},"excerpt":{"rendered":"<p>Id\u00e9n a F\u00f6ld hete val\u00f3j\u00e1ban csak h\u00e1rom nap volt, de igyekezt\u00fcnk tartalmasan elt\u00f6lteni. A szok\u00e1sos kertvir\u00e1gos\u00edt\u00e1son k\u00edv\u00fcl m\u00e9g k\u00fcl\u00f6nleges \u00e1llatokkal is ismerkedhettek a gyerekek testk\u00f6zelb\u0151l. &nbsp;<\/p>\n","protected":false},"author":1,"featured_media":0,"parent":0,"menu_order":0,"comment_status":"closed","ping_status":"closed","template":"","meta":{"footnotes":""},"class_list":["post-2893","page","type-page","status-publish","hentry"],"_links":{"self":[{"href":"https:\/\/aradiovi.hu\/index.php?rest_route=\/wp\/v2\/pages\/2893","targetHints":{"allow":["GET"]}}],"collection":[{"href":"https:\/\/aradiovi.hu\/index.php?rest_route=\/wp\/v2\/pages"}],"about":[{"href":"https:\/\/aradiovi.hu\/index.php?rest_route=\/wp\/v2\/types\/page"}],"author":[{"embeddable":true,"href":"https:\/\/aradiovi.hu\/index.php?rest_route=\/wp\/v2\/users\/1"}],"replies":[{"embeddable":true,"href":"https:\/\/aradiovi.hu\/index.php?rest_route=%2Fwp%2Fv2%2Fcomments&post=2893"}],"version-history":[{"count":1,"href":"https:\/\/aradiovi.hu\/index.php?rest_route=\/wp\/v2\/pages\/2893\/revisions"}],"predecessor-version":[{"id":2920,"href":"https:\/\/aradiovi.hu\/index.php?rest_route=\/wp\/v2\/pages\/2893\/revisions\/2920"}],"wp:attachment":[{"href":"https:\/\/aradiovi.hu\/index.php?rest_route=%2Fwp%2Fv2%2Fmedia&parent=2893"}],"curies":[{"name":"wp","href":"https:\/\/api.w.org\/{rel}","templated":true}]}}