{"id":2925,"date":"2025-05-12T19:35:01","date_gmt":"2025-05-12T19:35:01","guid":{"rendered":"http:\/\/www.aradiovi.hu\/?page_id=2925"},"modified":"2025-05-12T19:36:42","modified_gmt":"2025-05-12T19:36:42","slug":"nap-gyermekei-palyazta-2025","status":"publish","type":"page","link":"https:\/\/aradiovi.hu\/?page_id=2925","title":{"rendered":"DM Nap gyermekei p\u00e1ly\u00e1zat 2025"},"content":{"rendered":"<p>Az idei p\u00e1ly\u00e1zatra egy napv\u00e9d\u0151 bunkert kellett k\u00e9sz\u00edteni \u00fajrahasznos\u00edtott alapanyagb\u00f3l.<\/p>\n<p>&nbsp;<\/p>\n<p><img loading=\"lazy\" decoding=\"async\" class=\"aligncenter size-full wp-image-2926\" src=\"http:\/\/www.aradiovi.hu\/wp-content\/uploads\/2025\/05\/496272256_29841337652147200_807980907718035401_n.jpg\" alt=\"\" width=\"2048\" height=\"1536\" srcset=\"https:\/\/aradiovi.hu\/wp-content\/uploads\/2025\/05\/496272256_29841337652147200_807980907718035401_n.jpg 2048w, https:\/\/aradiovi.hu\/wp-content\/uploads\/2025\/05\/496272256_29841337652147200_807980907718035401_n-300x225.jpg 300w, https:\/\/aradiovi.hu\/wp-content\/uploads\/2025\/05\/496272256_29841337652147200_807980907718035401_n-768x576.jpg 768w, https:\/\/aradiovi.hu\/wp-content\/uploads\/2025\/05\/496272256_29841337652147200_807980907718035401_n-1024x768.jpg 1024w\" sizes=\"auto, (max-width: 2048px) 100vw, 2048px\" \/><\/p>\n<p><img loading=\"lazy\" decoding=\"async\" class=\"aligncenter size-full wp-image-2927\" src=\"http:\/\/www.aradiovi.hu\/wp-content\/uploads\/2025\/05\/496533055_29841340335480265_5317651947251385011_n.jpg\" alt=\"\" width=\"2048\" height=\"1536\" srcset=\"https:\/\/aradiovi.hu\/wp-content\/uploads\/2025\/05\/496533055_29841340335480265_5317651947251385011_n.jpg 2048w, https:\/\/aradiovi.hu\/wp-content\/uploads\/2025\/05\/496533055_29841340335480265_5317651947251385011_n-300x225.jpg 300w, https:\/\/aradiovi.hu\/wp-content\/uploads\/2025\/05\/496533055_29841340335480265_5317651947251385011_n-768x576.jpg 768w, https:\/\/aradiovi.hu\/wp-content\/uploads\/2025\/05\/496533055_29841340335480265_5317651947251385011_n-1024x768.jpg 1024w\" sizes=\"auto, (max-width: 2048px) 100vw, 2048px\" \/><\/p>\n<p><a href=\"http:\/\/www.aradiovi.hu\/wp-content\/uploads\/2025\/05\/497453472_29841340125480286_7768466224067327440_n.jpg\"><img loading=\"lazy\" decoding=\"async\" class=\"aligncenter size-full wp-image-2928\" src=\"http:\/\/www.aradiovi.hu\/wp-content\/uploads\/2025\/05\/497453472_29841340125480286_7768466224067327440_n.jpg\" alt=\"\" width=\"2048\" height=\"1536\" srcset=\"https:\/\/aradiovi.hu\/wp-content\/uploads\/2025\/05\/497453472_29841340125480286_7768466224067327440_n.jpg 2048w, https:\/\/aradiovi.hu\/wp-content\/uploads\/2025\/05\/497453472_29841340125480286_7768466224067327440_n-300x225.jpg 300w, https:\/\/aradiovi.hu\/wp-content\/uploads\/2025\/05\/497453472_29841340125480286_7768466224067327440_n-768x576.jpg 768w, https:\/\/aradiovi.hu\/wp-content\/uploads\/2025\/05\/497453472_29841340125480286_7768466224067327440_n-1024x768.jpg 1024w\" sizes=\"auto, (max-width: 2048px) 100vw, 2048px\" \/><\/a><\/p>\n<p>&nbsp;<\/p>\n","protected":false},"excerpt":{"rendered":"<p>Az idei p\u00e1ly\u00e1zatra egy napv\u00e9d\u0151 bunkert kellett k\u00e9sz\u00edteni \u00fajrahasznos\u00edtott alapanyagb\u00f3l. &nbsp; &nbsp;<\/p>\n","protected":false},"author":1,"featured_media":0,"parent":0,"menu_order":0,"comment_status":"closed","ping_status":"closed","template":"","meta":{"footnotes":""},"class_list":["post-2925","page","type-page","status-publish","hentry"],"_links":{"self":[{"href":"https:\/\/aradiovi.hu\/index.php?rest_route=\/wp\/v2\/pages\/2925","targetHints":{"allow":["GET"]}}],"collection":[{"href":"https:\/\/aradiovi.hu\/index.php?rest_route=\/wp\/v2\/pages"}],"about":[{"href":"https:\/\/aradiovi.hu\/index.php?rest_route=\/wp\/v2\/types\/page"}],"author":[{"embeddable":true,"href":"https:\/\/aradiovi.hu\/index.php?rest_route=\/wp\/v2\/users\/1"}],"replies":[{"embeddable":true,"href":"https:\/\/aradiovi.hu\/index.php?rest_route=%2Fwp%2Fv2%2Fcomments&post=2925"}],"version-history":[{"count":3,"href":"https:\/\/aradiovi.hu\/index.php?rest_route=\/wp\/v2\/pages\/2925\/revisions"}],"predecessor-version":[{"id":2933,"href":"https:\/\/aradiovi.hu\/index.php?rest_route=\/wp\/v2\/pages\/2925\/revisions\/2933"}],"wp:attachment":[{"href":"https:\/\/aradiovi.hu\/index.php?rest_route=%2Fwp%2Fv2%2Fmedia&parent=2925"}],"curies":[{"name":"wp","href":"https:\/\/api.w.org\/{rel}","templated":true}]}}