{"id":2975,"date":"2025-09-18T21:19:29","date_gmt":"2025-09-18T21:19:29","guid":{"rendered":"http:\/\/www.aradiovi.hu\/?page_id=2975"},"modified":"2025-09-18T21:27:54","modified_gmt":"2025-09-18T21:27:54","slug":"segitseg-a-grafomotoros-irashoz-szukseges-keszsegek-alakitasahoz","status":"publish","type":"page","link":"https:\/\/aradiovi.hu\/?page_id=2975","title":{"rendered":"Seg\u00edts\u00e9g a grafomotoros (\u00edr\u00e1shoz sz\u00fcks\u00e9ges) k\u00e9szs\u00e9gek alak\u00edt\u00e1s\u00e1hoz"},"content":{"rendered":"<p><a href=\"http:\/\/www.aradiovi.hu\/wp-content\/uploads\/2025\/09\/Grafomotoros-gyakorlatok.jpg\"><img loading=\"lazy\" decoding=\"async\" class=\"aligncenter size-full wp-image-2976\" src=\"http:\/\/www.aradiovi.hu\/wp-content\/uploads\/2025\/09\/Grafomotoros-gyakorlatok.jpg\" alt=\"\" width=\"1654\" height=\"1654\" srcset=\"https:\/\/aradiovi.hu\/wp-content\/uploads\/2025\/09\/Grafomotoros-gyakorlatok.jpg 1654w, https:\/\/aradiovi.hu\/wp-content\/uploads\/2025\/09\/Grafomotoros-gyakorlatok-150x150.jpg 150w, https:\/\/aradiovi.hu\/wp-content\/uploads\/2025\/09\/Grafomotoros-gyakorlatok-300x300.jpg 300w, https:\/\/aradiovi.hu\/wp-content\/uploads\/2025\/09\/Grafomotoros-gyakorlatok-768x768.jpg 768w, https:\/\/aradiovi.hu\/wp-content\/uploads\/2025\/09\/Grafomotoros-gyakorlatok-1024x1024.jpg 1024w, https:\/\/aradiovi.hu\/wp-content\/uploads\/2025\/09\/Grafomotoros-gyakorlatok-230x230.jpg 230w, https:\/\/aradiovi.hu\/wp-content\/uploads\/2025\/09\/Grafomotoros-gyakorlatok-365x365.jpg 365w\" sizes=\"auto, (max-width: 1654px) 100vw, 1654px\" \/><\/a> <a href=\"http:\/\/www.aradiovi.hu\/wp-content\/uploads\/2025\/09\/Helyes-helytelen-ceruzafog\u00e1s.jpg\"><img loading=\"lazy\" decoding=\"async\" class=\"aligncenter size-full wp-image-2977\" src=\"http:\/\/www.aradiovi.hu\/wp-content\/uploads\/2025\/09\/Helyes-helytelen-ceruzafog\u00e1s.jpg\" alt=\"\" width=\"1654\" height=\"1654\" srcset=\"https:\/\/aradiovi.hu\/wp-content\/uploads\/2025\/09\/Helyes-helytelen-ceruzafog\u00e1s.jpg 1654w, https:\/\/aradiovi.hu\/wp-content\/uploads\/2025\/09\/Helyes-helytelen-ceruzafog\u00e1s-150x150.jpg 150w, https:\/\/aradiovi.hu\/wp-content\/uploads\/2025\/09\/Helyes-helytelen-ceruzafog\u00e1s-300x300.jpg 300w, https:\/\/aradiovi.hu\/wp-content\/uploads\/2025\/09\/Helyes-helytelen-ceruzafog\u00e1s-768x768.jpg 768w, https:\/\/aradiovi.hu\/wp-content\/uploads\/2025\/09\/Helyes-helytelen-ceruzafog\u00e1s-1024x1024.jpg 1024w, https:\/\/aradiovi.hu\/wp-content\/uploads\/2025\/09\/Helyes-helytelen-ceruzafog\u00e1s-230x230.jpg 230w, https:\/\/aradiovi.hu\/wp-content\/uploads\/2025\/09\/Helyes-helytelen-ceruzafog\u00e1s-365x365.jpg 365w\" sizes=\"auto, (max-width: 1654px) 100vw, 1654px\" \/><\/a><\/p>\n<p>(Vighn\u00e9 T\u00f6lgyesi Zs\u00f3fia &#8211;\u00a0 gy\u00f3gypedag\u00f3gus)<\/p>\n","protected":false},"excerpt":{"rendered":"<p>(Vighn\u00e9 T\u00f6lgyesi Zs\u00f3fia &#8211;\u00a0 gy\u00f3gypedag\u00f3gus)<\/p>\n","protected":false},"author":1,"featured_media":0,"parent":0,"menu_order":0,"comment_status":"closed","ping_status":"closed","template":"","meta":{"footnotes":""},"class_list":["post-2975","page","type-page","status-publish","hentry"],"_links":{"self":[{"href":"https:\/\/aradiovi.hu\/index.php?rest_route=\/wp\/v2\/pages\/2975","targetHints":{"allow":["GET"]}}],"collection":[{"href":"https:\/\/aradiovi.hu\/index.php?rest_route=\/wp\/v2\/pages"}],"about":[{"href":"https:\/\/aradiovi.hu\/index.php?rest_route=\/wp\/v2\/types\/page"}],"author":[{"embeddable":true,"href":"https:\/\/aradiovi.hu\/index.php?rest_route=\/wp\/v2\/users\/1"}],"replies":[{"embeddable":true,"href":"https:\/\/aradiovi.hu\/index.php?rest_route=%2Fwp%2Fv2%2Fcomments&post=2975"}],"version-history":[{"count":2,"href":"https:\/\/aradiovi.hu\/index.php?rest_route=\/wp\/v2\/pages\/2975\/revisions"}],"predecessor-version":[{"id":2981,"href":"https:\/\/aradiovi.hu\/index.php?rest_route=\/wp\/v2\/pages\/2975\/revisions\/2981"}],"wp:attachment":[{"href":"https:\/\/aradiovi.hu\/index.php?rest_route=%2Fwp%2Fv2%2Fmedia&parent=2975"}],"curies":[{"name":"wp","href":"https:\/\/api.w.org\/{rel}","templated":true}]}}