{"id":2995,"date":"2025-09-29T19:49:28","date_gmt":"2025-09-29T19:49:28","guid":{"rendered":"http:\/\/www.aradiovi.hu\/?page_id=2995"},"modified":"2025-09-29T19:49:28","modified_gmt":"2025-09-29T19:49:28","slug":"ovodank-pszichologusanak-bemutatkozasa","status":"publish","type":"page","link":"https:\/\/aradiovi.hu\/?page_id=2995","title":{"rendered":"\u00d3vod\u00e1nk pszichol\u00f3gus\u00e1nak bemutatkoz\u00e1sa"},"content":{"rendered":"<p>Egyetemi \u00e9veim alatt csal\u00e1dter\u00e1pi\u00e1ban k\u00e9pz\u0151dtem, majd egy alap\u00edtv\u00e1nyn\u00e1l dolgoztam autista<br \/>\nfiatalokkal \u00e9s csal\u00e1djaikkal. A diplom\u00e1t megszerezve iskolapszichol\u00f3gusk\u00e9nt \u00e1lltam munk\u00e1ba, utaz\u00f3i<br \/>\nst\u00e1tuszban, melynek sor\u00e1n Budapest n\u00e9h\u00e1ny szakgimn\u00e1zium\u00e1ban foglalkoztam a hozz\u00e1m fordul\u00f3<br \/>\nkamaszokkal. K\u00e9s\u0151bb egyre ink\u00e1bb \u00e9rdekelni kezdett a fiatalabb koroszt\u00e1ly is, ez\u00e9rt elkezdtem a<br \/>\nMAKOMP Egyes\u00fclet Komplex Integrat\u00edv Gyermekterapeuta k\u00e9pz\u00e9s\u00e9t.<br \/>\n2025-t\u0151l dolgozom az Aradi \u00d3voda \u00f3vodapszichol\u00f3gusak\u00e9nt. Gyakran konzult\u00e1lok a sz\u00fcl\u0151kkel \u00e9s a<br \/>\npedag\u00f3gusokkal, mert az ovis koroszt\u00e1ly eset\u00e9ben a feln\u0151ttekkel val\u00f3 szoros egy\u00fcttm\u0171k\u00f6d\u00e9s<br \/>\nkiemelten fontos. Emellett gyakran veszek r\u00e9szt a csoportok \u00e9let\u00e9ben, hogy a gyerekeket a sz\u00e1mukra<br \/>\nismer\u0151s k\u00f6zegben ismerhessem meg. Egy\u00e9ni \u00e9s csoportos foglalkoz\u00e1sokat is tartok sz\u00e1mukra, melyek<br \/>\nc\u00e9lja szem\u00e9lyis\u00e9g\u00fck fejl\u0151d\u00e9se, lelki eg\u00e9szs\u00e9g\u00fck v\u00e9delme.<br \/>\nK\u00e9rd\u00e9seikkel, neh\u00e9zs\u00e9geikkel keressenek b\u00e1tran!<\/p>\n<p>&nbsp;<\/p>\n<p>Andr\u00e1s-Simk\u00f3 Zs\u00f3fia<\/p>\n","protected":false},"excerpt":{"rendered":"<p>Egyetemi \u00e9veim alatt csal\u00e1dter\u00e1pi\u00e1ban k\u00e9pz\u0151dtem, majd egy alap\u00edtv\u00e1nyn\u00e1l dolgoztam autista fiatalokkal \u00e9s csal\u00e1djaikkal. A diplom\u00e1t megszerezve iskolapszichol\u00f3gusk\u00e9nt \u00e1lltam munk\u00e1ba, utaz\u00f3i st\u00e1tuszban, melynek sor\u00e1n Budapest n\u00e9h\u00e1ny szakgimn\u00e1zium\u00e1ban foglalkoztam a hozz\u00e1m fordul\u00f3 kamaszokkal. K\u00e9s\u0151bb egyre ink\u00e1bb \u00e9rdekelni kezdett a fiatalabb koroszt\u00e1ly is,<\/p>\n","protected":false},"author":1,"featured_media":0,"parent":0,"menu_order":0,"comment_status":"closed","ping_status":"closed","template":"","meta":{"footnotes":""},"class_list":["post-2995","page","type-page","status-publish","hentry"],"_links":{"self":[{"href":"https:\/\/aradiovi.hu\/index.php?rest_route=\/wp\/v2\/pages\/2995","targetHints":{"allow":["GET"]}}],"collection":[{"href":"https:\/\/aradiovi.hu\/index.php?rest_route=\/wp\/v2\/pages"}],"about":[{"href":"https:\/\/aradiovi.hu\/index.php?rest_route=\/wp\/v2\/types\/page"}],"author":[{"embeddable":true,"href":"https:\/\/aradiovi.hu\/index.php?rest_route=\/wp\/v2\/users\/1"}],"replies":[{"embeddable":true,"href":"https:\/\/aradiovi.hu\/index.php?rest_route=%2Fwp%2Fv2%2Fcomments&post=2995"}],"version-history":[{"count":1,"href":"https:\/\/aradiovi.hu\/index.php?rest_route=\/wp\/v2\/pages\/2995\/revisions"}],"predecessor-version":[{"id":2997,"href":"https:\/\/aradiovi.hu\/index.php?rest_route=\/wp\/v2\/pages\/2995\/revisions\/2997"}],"wp:attachment":[{"href":"https:\/\/aradiovi.hu\/index.php?rest_route=%2Fwp%2Fv2%2Fmedia&parent=2995"}],"curies":[{"name":"wp","href":"https:\/\/api.w.org\/{rel}","templated":true}]}}