{"id":2998,"date":"2025-09-29T19:51:55","date_gmt":"2025-09-29T19:51:55","guid":{"rendered":"http:\/\/www.aradiovi.hu\/?page_id=2998"},"modified":"2025-09-29T19:51:55","modified_gmt":"2025-09-29T19:51:55","slug":"ovodank-logopedusanak-bemutatkozasa","status":"publish","type":"page","link":"https:\/\/aradiovi.hu\/?page_id=2998","title":{"rendered":"\u00d3vod\u00e1nk logop\u00e9dus\u00e1nak bemutatkoz\u00e1sa"},"content":{"rendered":"<p>T\u00e9nyi Vir\u00e1g vagyok, \u00e9n biztos\u00edtom az \u00f3voda logop\u00e9diai alapell\u00e1t\u00e1s\u00e1t. Az \u00f3vod\u00e1ban az a feladatom, hogy seg\u00edtsem a gyermekek besz\u00e9d- \u00e9s nyelvi fejl\u0151d\u00e9s\u00e9t, t\u00e1mogassam a helyes hangk\u00e9pz\u00e9st, a tiszta besz\u00e9d kialakul\u00e1s\u00e1t, valamint fejlesszem a kommunik\u00e1ci\u00f3hoz sz\u00fcks\u00e9ges k\u00e9szs\u00e9geket. Munk\u00e1m sor\u00e1n nagy hangs\u00falyt fektetek arra, hogy a foglalkoz\u00e1sok j\u00e1t\u00e9kosak \u00e9s motiv\u00e1l\u00f3ak legyenek, hiszen a gyerekek \u00edgy tudnak a legk\u00f6nnyebben fejl\u0151dni. Fontos sz\u00e1momra, hogy a sz\u00fcl\u0151kkel szoros egy\u00fcttm\u0171k\u00f6d\u00e9sben dolgozzak, hiszen az otthoni gyakorl\u00e1s sokat seg\u00edt a sikeres el\u0151rehalad\u00e1sban. Hiszek abban, hogy minden gyermek egyedi, ez\u00e9rt mindig az \u0151 szem\u00e9lyis\u00e9g\u00fckh\u00f6z \u00e9s sz\u00fcks\u00e9gleteikhez igaz\u00edtom a fejleszt\u00e9st. Legf\u0151bb c\u00e9lom, hogy a gyerekek magabiztosan, \u00f6r\u00f6mmel \u00e9s tiszt\u00e1n fejezhess\u00e9k ki magukat a mindennapokban.<\/p>\n<p>T\u00e9nyi Vir\u00e1g<\/p>\n<p>Logop\u00e9dus<\/p>\n","protected":false},"excerpt":{"rendered":"<p>T\u00e9nyi Vir\u00e1g vagyok, \u00e9n biztos\u00edtom az \u00f3voda logop\u00e9diai alapell\u00e1t\u00e1s\u00e1t. Az \u00f3vod\u00e1ban az a feladatom, hogy seg\u00edtsem a gyermekek besz\u00e9d- \u00e9s nyelvi fejl\u0151d\u00e9s\u00e9t, t\u00e1mogassam a helyes hangk\u00e9pz\u00e9st, a tiszta besz\u00e9d kialakul\u00e1s\u00e1t, valamint fejlesszem a kommunik\u00e1ci\u00f3hoz sz\u00fcks\u00e9ges k\u00e9szs\u00e9geket. Munk\u00e1m sor\u00e1n nagy hangs\u00falyt<\/p>\n","protected":false},"author":1,"featured_media":0,"parent":0,"menu_order":0,"comment_status":"closed","ping_status":"closed","template":"","meta":{"footnotes":""},"class_list":["post-2998","page","type-page","status-publish","hentry"],"_links":{"self":[{"href":"https:\/\/aradiovi.hu\/index.php?rest_route=\/wp\/v2\/pages\/2998","targetHints":{"allow":["GET"]}}],"collection":[{"href":"https:\/\/aradiovi.hu\/index.php?rest_route=\/wp\/v2\/pages"}],"about":[{"href":"https:\/\/aradiovi.hu\/index.php?rest_route=\/wp\/v2\/types\/page"}],"author":[{"embeddable":true,"href":"https:\/\/aradiovi.hu\/index.php?rest_route=\/wp\/v2\/users\/1"}],"replies":[{"embeddable":true,"href":"https:\/\/aradiovi.hu\/index.php?rest_route=%2Fwp%2Fv2%2Fcomments&post=2998"}],"version-history":[{"count":1,"href":"https:\/\/aradiovi.hu\/index.php?rest_route=\/wp\/v2\/pages\/2998\/revisions"}],"predecessor-version":[{"id":3000,"href":"https:\/\/aradiovi.hu\/index.php?rest_route=\/wp\/v2\/pages\/2998\/revisions\/3000"}],"wp:attachment":[{"href":"https:\/\/aradiovi.hu\/index.php?rest_route=%2Fwp%2Fv2%2Fmedia&parent=2998"}],"curies":[{"name":"wp","href":"https:\/\/api.w.org\/{rel}","templated":true}]}}