{"id":3005,"date":"2025-10-19T18:05:14","date_gmt":"2025-10-19T18:05:14","guid":{"rendered":"http:\/\/www.aradiovi.hu\/?page_id=3005"},"modified":"2025-10-19T18:05:14","modified_gmt":"2025-10-19T18:05:14","slug":"kepernyoido","status":"publish","type":"page","link":"https:\/\/aradiovi.hu\/?page_id=3005","title":{"rendered":"K\u00e9perny\u0151id\u0151"},"content":{"rendered":"<p><a href=\"http:\/\/www.aradiovi.hu\/wp-content\/uploads\/2025\/10\/k\u00e9perny\u0151id\u0151_cs\u00f6kkent\u00e9se-2.jpg\"><img loading=\"lazy\" decoding=\"async\" class=\"size-full wp-image-3006\" src=\"http:\/\/www.aradiovi.hu\/wp-content\/uploads\/2025\/10\/k\u00e9perny\u0151id\u0151_cs\u00f6kkent\u00e9se-2.jpg\" alt=\"\" width=\"1500\" height=\"860\" srcset=\"https:\/\/aradiovi.hu\/wp-content\/uploads\/2025\/10\/k\u00e9perny\u0151id\u0151_cs\u00f6kkent\u00e9se-2.jpg 1500w, https:\/\/aradiovi.hu\/wp-content\/uploads\/2025\/10\/k\u00e9perny\u0151id\u0151_cs\u00f6kkent\u00e9se-2-300x172.jpg 300w, https:\/\/aradiovi.hu\/wp-content\/uploads\/2025\/10\/k\u00e9perny\u0151id\u0151_cs\u00f6kkent\u00e9se-2-768x440.jpg 768w, https:\/\/aradiovi.hu\/wp-content\/uploads\/2025\/10\/k\u00e9perny\u0151id\u0151_cs\u00f6kkent\u00e9se-2-1024x587.jpg 1024w\" sizes=\"auto, (max-width: 1500px) 100vw, 1500px\" \/><\/a><\/p>\n","protected":false},"excerpt":{"rendered":"","protected":false},"author":1,"featured_media":0,"parent":0,"menu_order":0,"comment_status":"closed","ping_status":"closed","template":"","meta":{"footnotes":""},"class_list":["post-3005","page","type-page","status-publish","hentry"],"_links":{"self":[{"href":"https:\/\/aradiovi.hu\/index.php?rest_route=\/wp\/v2\/pages\/3005","targetHints":{"allow":["GET"]}}],"collection":[{"href":"https:\/\/aradiovi.hu\/index.php?rest_route=\/wp\/v2\/pages"}],"about":[{"href":"https:\/\/aradiovi.hu\/index.php?rest_route=\/wp\/v2\/types\/page"}],"author":[{"embeddable":true,"href":"https:\/\/aradiovi.hu\/index.php?rest_route=\/wp\/v2\/users\/1"}],"replies":[{"embeddable":true,"href":"https:\/\/aradiovi.hu\/index.php?rest_route=%2Fwp%2Fv2%2Fcomments&post=3005"}],"version-history":[{"count":1,"href":"https:\/\/aradiovi.hu\/index.php?rest_route=\/wp\/v2\/pages\/3005\/revisions"}],"predecessor-version":[{"id":3008,"href":"https:\/\/aradiovi.hu\/index.php?rest_route=\/wp\/v2\/pages\/3005\/revisions\/3008"}],"wp:attachment":[{"href":"https:\/\/aradiovi.hu\/index.php?rest_route=%2Fwp%2Fv2%2Fmedia&parent=3005"}],"curies":[{"name":"wp","href":"https:\/\/api.w.org\/{rel}","templated":true}]}}