{"id":3046,"date":"2026-02-03T22:31:11","date_gmt":"2026-02-03T22:31:11","guid":{"rendered":"https:\/\/aradiovi.hu\/?page_id=3046"},"modified":"2026-02-03T22:31:11","modified_gmt":"2026-02-03T22:31:11","slug":"hogyan-kerdezzunk-jol","status":"publish","type":"page","link":"https:\/\/aradiovi.hu\/?page_id=3046","title":{"rendered":"Hogyan k\u00e9rdezz\u00fcnk j\u00f3l?"},"content":{"rendered":"\n<figure class=\"wp-block-image size-large\"><img loading=\"lazy\" decoding=\"async\" width=\"724\" height=\"1024\" src=\"https:\/\/aradiovi.hu\/wp-content\/uploads\/2026\/02\/Hogyan-kerdezzunk-jol-724x1024.jpg\" alt=\"\" class=\"wp-image-3047\" srcset=\"https:\/\/aradiovi.hu\/wp-content\/uploads\/2026\/02\/Hogyan-kerdezzunk-jol-724x1024.jpg 724w, https:\/\/aradiovi.hu\/wp-content\/uploads\/2026\/02\/Hogyan-kerdezzunk-jol-212x300.jpg 212w, https:\/\/aradiovi.hu\/wp-content\/uploads\/2026\/02\/Hogyan-kerdezzunk-jol-768x1086.jpg 768w, https:\/\/aradiovi.hu\/wp-content\/uploads\/2026\/02\/Hogyan-kerdezzunk-jol-1086x1536.jpg 1086w, https:\/\/aradiovi.hu\/wp-content\/uploads\/2026\/02\/Hogyan-kerdezzunk-jol.jpg 1414w\" sizes=\"auto, (max-width: 724px) 100vw, 724px\" \/><\/figure>\n","protected":false},"excerpt":{"rendered":"","protected":false},"author":1,"featured_media":0,"parent":0,"menu_order":0,"comment_status":"closed","ping_status":"closed","template":"","meta":{"footnotes":""},"class_list":["post-3046","page","type-page","status-publish","hentry"],"_links":{"self":[{"href":"https:\/\/aradiovi.hu\/index.php?rest_route=\/wp\/v2\/pages\/3046","targetHints":{"allow":["GET"]}}],"collection":[{"href":"https:\/\/aradiovi.hu\/index.php?rest_route=\/wp\/v2\/pages"}],"about":[{"href":"https:\/\/aradiovi.hu\/index.php?rest_route=\/wp\/v2\/types\/page"}],"author":[{"embeddable":true,"href":"https:\/\/aradiovi.hu\/index.php?rest_route=\/wp\/v2\/users\/1"}],"replies":[{"embeddable":true,"href":"https:\/\/aradiovi.hu\/index.php?rest_route=%2Fwp%2Fv2%2Fcomments&post=3046"}],"version-history":[{"count":1,"href":"https:\/\/aradiovi.hu\/index.php?rest_route=\/wp\/v2\/pages\/3046\/revisions"}],"predecessor-version":[{"id":3049,"href":"https:\/\/aradiovi.hu\/index.php?rest_route=\/wp\/v2\/pages\/3046\/revisions\/3049"}],"wp:attachment":[{"href":"https:\/\/aradiovi.hu\/index.php?rest_route=%2Fwp%2Fv2%2Fmedia&parent=3046"}],"curies":[{"name":"wp","href":"https:\/\/api.w.org\/{rel}","templated":true}]}}