{"id":3052,"date":"2026-02-20T17:08:58","date_gmt":"2026-02-20T17:08:58","guid":{"rendered":"https:\/\/aradiovi.hu\/?page_id=3052"},"modified":"2026-03-02T13:19:21","modified_gmt":"2026-03-02T13:19:21","slug":"kiszeegetes","status":"publish","type":"page","link":"https:\/\/aradiovi.hu\/?page_id=3052","title":{"rendered":"Kisze\u00e9get\u00e9s"},"content":{"rendered":"\n<p id=\"https:\/\/youtu.be\/uFWsgwKAb8g\">R\u00f6vid vide\u00f3 az idei hagyom\u00e1nyos t\u00e9l\u0171z\u00e9s\u00fcnkr\u0151l.<\/p>\n\n\n\n<p><\/p>\n\n\n\n<p><iframe loading=\"lazy\" title=\"Kisze\u00e9get\u00e9s (t\u00e9l\u0171z\u0151 hagyom\u00e1nyunk)\" width=\"720\" height=\"405\" src=\"https:\/\/www.youtube.com\/embed\/uFWsgwKAb8g?feature=oembed\" frameborder=\"0\" allow=\"accelerometer; autoplay; clipboard-write; encrypted-media; gyroscope; picture-in-picture; web-share\" referrerpolicy=\"strict-origin-when-cross-origin\" allowfullscreen><\/iframe><\/p>\n\n\n\n<figure class=\"wp-block-embed is-type-video is-provider-youtube wp-block-embed-youtube wp-embed-aspect-16-9 wp-has-aspect-ratio\"><div class=\"wp-block-embed__wrapper\">\n<iframe loading=\"lazy\" title=\"Kisze\u00e9get\u00e9s (t\u00e9l\u0171z\u0151 hagyom\u00e1nyunk)\" width=\"720\" height=\"405\" src=\"https:\/\/www.youtube.com\/embed\/uFWsgwKAb8g?feature=oembed\" frameborder=\"0\" allow=\"accelerometer; autoplay; clipboard-write; encrypted-media; gyroscope; picture-in-picture; web-share\" referrerpolicy=\"strict-origin-when-cross-origin\" allowfullscreen><\/iframe>\n<\/div><\/figure>\n\n\n\n<div class=\"wp-block-columns is-layout-flex wp-container-core-columns-is-layout-9d6595d7 wp-block-columns-is-layout-flex\">\n<div class=\"wp-block-column is-layout-flow wp-block-column-is-layout-flow\" style=\"flex-basis:100%\"><\/div>\n<\/div>\n\n\n\n<div class=\"wp-block-group alignwide\"><div class=\"wp-block-group__inner-container is-layout-constrained wp-block-group-is-layout-constrained\">\n<div class=\"wp-block-columns is-layout-flex wp-container-core-columns-is-layout-9d6595d7 wp-block-columns-is-layout-flex\">\n<div class=\"wp-block-column is-layout-flow wp-block-column-is-layout-flow\" style=\"flex-basis:100%\"><\/div>\n<\/div>\n<\/div><\/div>\n\n\n\n<div class=\"wp-block-media-text is-stacked-on-mobile\"><figure  class=\"wp-block-media-text__media\"><img loading=\"lazy\" decoding=\"async\" width=\"700\" height=\"1097\" alt=\"\" src=\"https:\/\/aradiovi.hu\/wp-content\/uploads\/2026\/02\/kicsi.jpg\" class=\"wp-image-3064 size-full\" srcset=\"https:\/\/aradiovi.hu\/wp-content\/uploads\/2026\/02\/kicsi.jpg 700w, https:\/\/aradiovi.hu\/wp-content\/uploads\/2026\/02\/kicsi-191x300.jpg 191w, https:\/\/aradiovi.hu\/wp-content\/uploads\/2026\/02\/kicsi-653x1024.jpg 653w\" sizes=\"auto, (max-width: 700px) 100vw, 700px\" \/><\/figure><div class=\"wp-block-media-text__content\">\n<p><\/p>\n<\/div><\/div>\n","protected":false},"excerpt":{"rendered":"<p>R\u00f6vid vide\u00f3 az idei hagyom\u00e1nyos t\u00e9l\u0171z\u00e9s\u00fcnkr\u0151l.<\/p>\n","protected":false},"author":1,"featured_media":3064,"parent":0,"menu_order":0,"comment_status":"closed","ping_status":"closed","template":"","meta":{"footnotes":""},"class_list":["post-3052","page","type-page","status-publish","has-post-thumbnail","hentry"],"_links":{"self":[{"href":"https:\/\/aradiovi.hu\/index.php?rest_route=\/wp\/v2\/pages\/3052","targetHints":{"allow":["GET"]}}],"collection":[{"href":"https:\/\/aradiovi.hu\/index.php?rest_route=\/wp\/v2\/pages"}],"about":[{"href":"https:\/\/aradiovi.hu\/index.php?rest_route=\/wp\/v2\/types\/page"}],"author":[{"embeddable":true,"href":"https:\/\/aradiovi.hu\/index.php?rest_route=\/wp\/v2\/users\/1"}],"replies":[{"embeddable":true,"href":"https:\/\/aradiovi.hu\/index.php?rest_route=%2Fwp%2Fv2%2Fcomments&post=3052"}],"version-history":[{"count":16,"href":"https:\/\/aradiovi.hu\/index.php?rest_route=\/wp\/v2\/pages\/3052\/revisions"}],"predecessor-version":[{"id":3091,"href":"https:\/\/aradiovi.hu\/index.php?rest_route=\/wp\/v2\/pages\/3052\/revisions\/3091"}],"wp:featuredmedia":[{"embeddable":true,"href":"https:\/\/aradiovi.hu\/index.php?rest_route=\/wp\/v2\/media\/3064"}],"wp:attachment":[{"href":"https:\/\/aradiovi.hu\/index.php?rest_route=%2Fwp%2Fv2%2Fmedia&parent=3052"}],"curies":[{"name":"wp","href":"https:\/\/api.w.org\/{rel}","templated":true}]}}