{"id":3061,"date":"2026-02-20T17:13:55","date_gmt":"2026-02-20T17:13:55","guid":{"rendered":"https:\/\/aradiovi.hu\/?page_id=3061"},"modified":"2026-02-20T17:13:55","modified_gmt":"2026-02-20T17:13:55","slug":"2026-2","status":"publish","type":"page","link":"https:\/\/aradiovi.hu\/?page_id=3061","title":{"rendered":"2026"},"content":{"rendered":"\n<p>A 2026-os \u00e9v fot\u00f3i ebben a gal\u00e9ri\u00e1ban jelennek meg.<\/p>\n","protected":false},"excerpt":{"rendered":"<p>A 2026-os \u00e9v fot\u00f3i ebben a gal\u00e9ri\u00e1ban jelennek meg.<\/p>\n","protected":false},"author":1,"featured_media":0,"parent":0,"menu_order":0,"comment_status":"closed","ping_status":"closed","template":"","meta":{"footnotes":""},"class_list":["post-3061","page","type-page","status-publish","hentry"],"_links":{"self":[{"href":"https:\/\/aradiovi.hu\/index.php?rest_route=\/wp\/v2\/pages\/3061","targetHints":{"allow":["GET"]}}],"collection":[{"href":"https:\/\/aradiovi.hu\/index.php?rest_route=\/wp\/v2\/pages"}],"about":[{"href":"https:\/\/aradiovi.hu\/index.php?rest_route=\/wp\/v2\/types\/page"}],"author":[{"embeddable":true,"href":"https:\/\/aradiovi.hu\/index.php?rest_route=\/wp\/v2\/users\/1"}],"replies":[{"embeddable":true,"href":"https:\/\/aradiovi.hu\/index.php?rest_route=%2Fwp%2Fv2%2Fcomments&post=3061"}],"version-history":[{"count":1,"href":"https:\/\/aradiovi.hu\/index.php?rest_route=\/wp\/v2\/pages\/3061\/revisions"}],"predecessor-version":[{"id":3063,"href":"https:\/\/aradiovi.hu\/index.php?rest_route=\/wp\/v2\/pages\/3061\/revisions\/3063"}],"wp:attachment":[{"href":"https:\/\/aradiovi.hu\/index.php?rest_route=%2Fwp%2Fv2%2Fmedia&parent=3061"}],"curies":[{"name":"wp","href":"https:\/\/api.w.org\/{rel}","templated":true}]}}