{"id":3139,"date":"2026-03-03T07:56:26","date_gmt":"2026-03-03T07:56:26","guid":{"rendered":"https:\/\/aradiovi.hu\/?page_id=3139"},"modified":"2026-03-03T23:57:27","modified_gmt":"2026-03-03T23:57:27","slug":"oviolimpia","status":"publish","type":"page","link":"https:\/\/aradiovi.hu\/?page_id=3139","title":{"rendered":"Oviolimpia"},"content":{"rendered":"<p>\u00d3vod\u00e1nk h\u00e1rom csapattal k\u00e9pviseltette mag\u00e1t a P\u00e9csi Suli \u00e1ltal szervezett Oviolimpi\u00e1n. A Mazsol\u00e1k, a S\u00fcnik \u00e9s a Kisvakondok mind nagyon \u00fcgyesen szerepeltek, \u00e9s Mazsola csoportunk v\u00e1logatottja hozhatta el az els\u0151 fordul\u00f3 arany\u00e9rm\u00e9t! M\u00e1rciusban j\u00f6v\u00fcnk a m\u00e1sodik fordul\u00f3ra is!<\/p>\n\n\n<figure class=\"wp-block-gallery has-nested-images columns-default is-cropped wp-block-gallery-1 is-layout-flex wp-block-gallery-is-layout-flex\">\n<figure class=\"wp-block-image size-large\"><img loading=\"lazy\" decoding=\"async\" width=\"768\" height=\"1024\" data-id=\"3141\" src=\"https:\/\/aradiovi.hu\/wp-content\/uploads\/2026\/03\/643397379_26327794323520130_2796753691996192283_n-768x1024.jpg\" alt=\"\" class=\"wp-image-3141\" srcset=\"https:\/\/aradiovi.hu\/wp-content\/uploads\/2026\/03\/643397379_26327794323520130_2796753691996192283_n-768x1024.jpg 768w, https:\/\/aradiovi.hu\/wp-content\/uploads\/2026\/03\/643397379_26327794323520130_2796753691996192283_n-225x300.jpg 225w, https:\/\/aradiovi.hu\/wp-content\/uploads\/2026\/03\/643397379_26327794323520130_2796753691996192283_n-1152x1536.jpg 1152w, https:\/\/aradiovi.hu\/wp-content\/uploads\/2026\/03\/643397379_26327794323520130_2796753691996192283_n.jpg 1536w\" sizes=\"auto, (max-width: 768px) 100vw, 768px\" \/><\/figure>\n\n\n\n<figure class=\"wp-block-image size-large\"><img loading=\"lazy\" decoding=\"async\" width=\"768\" height=\"1024\" data-id=\"3142\" src=\"https:\/\/aradiovi.hu\/wp-content\/uploads\/2026\/03\/644138687_26327794366853459_7352730694529236880_n-768x1024.jpg\" alt=\"\" class=\"wp-image-3142\" srcset=\"https:\/\/aradiovi.hu\/wp-content\/uploads\/2026\/03\/644138687_26327794366853459_7352730694529236880_n-768x1024.jpg 768w, https:\/\/aradiovi.hu\/wp-content\/uploads\/2026\/03\/644138687_26327794366853459_7352730694529236880_n-225x300.jpg 225w, https:\/\/aradiovi.hu\/wp-content\/uploads\/2026\/03\/644138687_26327794366853459_7352730694529236880_n-1152x1536.jpg 1152w, https:\/\/aradiovi.hu\/wp-content\/uploads\/2026\/03\/644138687_26327794366853459_7352730694529236880_n.jpg 1536w\" sizes=\"auto, (max-width: 768px) 100vw, 768px\" \/><\/figure>\n<\/figure>\n\n\n\n<figure class=\"wp-block-gallery has-nested-images columns-default is-cropped wp-block-gallery-2 is-layout-flex wp-block-gallery-is-layout-flex\">\n<figure class=\"wp-block-image size-large\"><img loading=\"lazy\" decoding=\"async\" width=\"1024\" height=\"768\" data-id=\"3176\" src=\"https:\/\/aradiovi.hu\/wp-content\/uploads\/2026\/03\/20251125_103729-1024x768.jpg\" alt=\"\" class=\"wp-image-3176\" srcset=\"https:\/\/aradiovi.hu\/wp-content\/uploads\/2026\/03\/20251125_103729-1024x768.jpg 1024w, https:\/\/aradiovi.hu\/wp-content\/uploads\/2026\/03\/20251125_103729-300x225.jpg 300w, https:\/\/aradiovi.hu\/wp-content\/uploads\/2026\/03\/20251125_103729-768x576.jpg 768w, https:\/\/aradiovi.hu\/wp-content\/uploads\/2026\/03\/20251125_103729.jpg 1200w\" sizes=\"auto, (max-width: 1024px) 100vw, 1024px\" \/><\/figure>\n\n\n\n<figure class=\"wp-block-image size-large\"><img loading=\"lazy\" decoding=\"async\" width=\"1000\" height=\"750\" data-id=\"3179\" src=\"https:\/\/aradiovi.hu\/wp-content\/uploads\/2026\/03\/20251125_103213-1.jpg\" alt=\"\" class=\"wp-image-3179\" srcset=\"https:\/\/aradiovi.hu\/wp-content\/uploads\/2026\/03\/20251125_103213-1.jpg 1000w, https:\/\/aradiovi.hu\/wp-content\/uploads\/2026\/03\/20251125_103213-1-300x225.jpg 300w, https:\/\/aradiovi.hu\/wp-content\/uploads\/2026\/03\/20251125_103213-1-768x576.jpg 768w\" sizes=\"auto, (max-width: 1000px) 100vw, 1000px\" \/><\/figure>\n\n\n\n<figure class=\"wp-block-image size-large\"><img loading=\"lazy\" decoding=\"async\" width=\"1000\" height=\"750\" data-id=\"3178\" src=\"https:\/\/aradiovi.hu\/wp-content\/uploads\/2026\/03\/20251125_103213.jpg\" alt=\"\" class=\"wp-image-3178\" srcset=\"https:\/\/aradiovi.hu\/wp-content\/uploads\/2026\/03\/20251125_103213.jpg 1000w, https:\/\/aradiovi.hu\/wp-content\/uploads\/2026\/03\/20251125_103213-300x225.jpg 300w, https:\/\/aradiovi.hu\/wp-content\/uploads\/2026\/03\/20251125_103213-768x576.jpg 768w\" sizes=\"auto, (max-width: 1000px) 100vw, 1000px\" \/><\/figure>\n<\/figure>\n","protected":false},"excerpt":{"rendered":"<p>\u00d3vod\u00e1nk h\u00e1rom csapattal k\u00e9pviseltette mag\u00e1t a P\u00e9csi Suli \u00e1ltal szervezett Oviolimpi\u00e1n. A Mazsol\u00e1k, a S\u00fcnik \u00e9s a Kisvakondok mind nagyon \u00fcgyesen szerepeltek, \u00e9s Mazsola csoportunk v\u00e1logatottja hozhatta el az els\u0151 fordul\u00f3 arany\u00e9rm\u00e9t! M\u00e1rciusban j\u00f6v\u00fcnk a m\u00e1sodik fordul\u00f3ra is!<\/p>\n","protected":false},"author":1,"featured_media":0,"parent":0,"menu_order":0,"comment_status":"closed","ping_status":"closed","template":"","meta":{"footnotes":""},"class_list":["post-3139","page","type-page","status-publish","hentry"],"_links":{"self":[{"href":"https:\/\/aradiovi.hu\/index.php?rest_route=\/wp\/v2\/pages\/3139","targetHints":{"allow":["GET"]}}],"collection":[{"href":"https:\/\/aradiovi.hu\/index.php?rest_route=\/wp\/v2\/pages"}],"about":[{"href":"https:\/\/aradiovi.hu\/index.php?rest_route=\/wp\/v2\/types\/page"}],"author":[{"embeddable":true,"href":"https:\/\/aradiovi.hu\/index.php?rest_route=\/wp\/v2\/users\/1"}],"replies":[{"embeddable":true,"href":"https:\/\/aradiovi.hu\/index.php?rest_route=%2Fwp%2Fv2%2Fcomments&post=3139"}],"version-history":[{"count":4,"href":"https:\/\/aradiovi.hu\/index.php?rest_route=\/wp\/v2\/pages\/3139\/revisions"}],"predecessor-version":[{"id":3180,"href":"https:\/\/aradiovi.hu\/index.php?rest_route=\/wp\/v2\/pages\/3139\/revisions\/3180"}],"wp:attachment":[{"href":"https:\/\/aradiovi.hu\/index.php?rest_route=%2Fwp%2Fv2%2Fmedia&parent=3139"}],"curies":[{"name":"wp","href":"https:\/\/api.w.org\/{rel}","templated":true}]}}