{"id":3147,"date":"2026-03-03T08:02:54","date_gmt":"2026-03-03T08:02:54","guid":{"rendered":"https:\/\/aradiovi.hu\/?page_id=3147"},"modified":"2026-03-03T08:03:05","modified_gmt":"2026-03-03T08:03:05","slug":"tuskeshatu-madartanoda-sundorgo","status":"publish","type":"page","link":"https:\/\/aradiovi.hu\/?page_id=3147","title":{"rendered":"T\u00fcsk\u00e9sh\u00e1t\u00fa Mad\u00e1rtanoda &#8211; S\u00fcnd\u00f6rg\u0151"},"content":{"rendered":"\n<figure class=\"wp-block-gallery has-nested-images columns-default is-cropped wp-block-gallery-1 is-layout-flex wp-block-gallery-is-layout-flex\">\n<figure class=\"wp-block-image size-large\"><img loading=\"lazy\" decoding=\"async\" width=\"752\" height=\"1020\" data-id=\"3149\" src=\"https:\/\/aradiovi.hu\/wp-content\/uploads\/2026\/03\/589658552_2007348993171716_7299939660307454394_n.jpg\" alt=\"\" class=\"wp-image-3149\" srcset=\"https:\/\/aradiovi.hu\/wp-content\/uploads\/2026\/03\/589658552_2007348993171716_7299939660307454394_n.jpg 752w, https:\/\/aradiovi.hu\/wp-content\/uploads\/2026\/03\/589658552_2007348993171716_7299939660307454394_n-221x300.jpg 221w\" sizes=\"auto, (max-width: 752px) 100vw, 752px\" \/><\/figure>\n\n\n\n<figure class=\"wp-block-image size-large\"><img loading=\"lazy\" decoding=\"async\" width=\"752\" height=\"1020\" data-id=\"3150\" src=\"https:\/\/aradiovi.hu\/wp-content\/uploads\/2026\/03\/589816677_2007348849838397_1536271675902677252_n.jpg\" alt=\"\" class=\"wp-image-3150\" srcset=\"https:\/\/aradiovi.hu\/wp-content\/uploads\/2026\/03\/589816677_2007348849838397_1536271675902677252_n.jpg 752w, https:\/\/aradiovi.hu\/wp-content\/uploads\/2026\/03\/589816677_2007348849838397_1536271675902677252_n-221x300.jpg 221w\" sizes=\"auto, (max-width: 752px) 100vw, 752px\" \/><\/figure>\n\n\n\n<figure class=\"wp-block-image size-large\"><img loading=\"lazy\" decoding=\"async\" width=\"752\" height=\"1020\" data-id=\"3151\" src=\"https:\/\/aradiovi.hu\/wp-content\/uploads\/2026\/03\/590353810_2007348329838449_1291545628013537974_n.jpg\" alt=\"\" class=\"wp-image-3151\" srcset=\"https:\/\/aradiovi.hu\/wp-content\/uploads\/2026\/03\/590353810_2007348329838449_1291545628013537974_n.jpg 752w, https:\/\/aradiovi.hu\/wp-content\/uploads\/2026\/03\/590353810_2007348329838449_1291545628013537974_n-221x300.jpg 221w\" sizes=\"auto, (max-width: 752px) 100vw, 752px\" \/><\/figure>\n\n\n\n<figure class=\"wp-block-image size-large\"><img loading=\"lazy\" decoding=\"async\" width=\"752\" height=\"1020\" data-id=\"3152\" src=\"https:\/\/aradiovi.hu\/wp-content\/uploads\/2026\/03\/590788274_2007348736505075_6830878004535895758_n.jpg\" alt=\"\" class=\"wp-image-3152\" srcset=\"https:\/\/aradiovi.hu\/wp-content\/uploads\/2026\/03\/590788274_2007348736505075_6830878004535895758_n.jpg 752w, https:\/\/aradiovi.hu\/wp-content\/uploads\/2026\/03\/590788274_2007348736505075_6830878004535895758_n-221x300.jpg 221w\" sizes=\"auto, (max-width: 752px) 100vw, 752px\" \/><\/figure>\n\n\n\n<figure class=\"wp-block-image size-large\"><img loading=\"lazy\" decoding=\"async\" width=\"752\" height=\"1020\" data-id=\"3153\" src=\"https:\/\/aradiovi.hu\/wp-content\/uploads\/2026\/03\/591241660_2007348226505126_7086032818948432857_n.jpg\" alt=\"\" class=\"wp-image-3153\" srcset=\"https:\/\/aradiovi.hu\/wp-content\/uploads\/2026\/03\/591241660_2007348226505126_7086032818948432857_n.jpg 752w, https:\/\/aradiovi.hu\/wp-content\/uploads\/2026\/03\/591241660_2007348226505126_7086032818948432857_n-221x300.jpg 221w\" sizes=\"auto, (max-width: 752px) 100vw, 752px\" \/><\/figure>\n<\/figure>\n\n\n\n<figure class=\"wp-block-image size-large\"><img loading=\"lazy\" decoding=\"async\" width=\"1024\" height=\"768\" src=\"https:\/\/aradiovi.hu\/wp-content\/uploads\/2026\/03\/589108006_2007349936504955_6934667001586438674_n-1024x768.jpg\" alt=\"\" class=\"wp-image-3148\" srcset=\"https:\/\/aradiovi.hu\/wp-content\/uploads\/2026\/03\/589108006_2007349936504955_6934667001586438674_n-1024x768.jpg 1024w, https:\/\/aradiovi.hu\/wp-content\/uploads\/2026\/03\/589108006_2007349936504955_6934667001586438674_n-300x225.jpg 300w, https:\/\/aradiovi.hu\/wp-content\/uploads\/2026\/03\/589108006_2007349936504955_6934667001586438674_n-768x576.jpg 768w, https:\/\/aradiovi.hu\/wp-content\/uploads\/2026\/03\/589108006_2007349936504955_6934667001586438674_n-1536x1152.jpg 1536w, https:\/\/aradiovi.hu\/wp-content\/uploads\/2026\/03\/589108006_2007349936504955_6934667001586438674_n.jpg 2048w\" sizes=\"auto, (max-width: 1024px) 100vw, 1024px\" \/><\/figure>\n","protected":false},"excerpt":{"rendered":"","protected":false},"author":1,"featured_media":0,"parent":0,"menu_order":0,"comment_status":"closed","ping_status":"closed","template":"","meta":{"footnotes":""},"class_list":["post-3147","page","type-page","status-publish","hentry"],"_links":{"self":[{"href":"https:\/\/aradiovi.hu\/index.php?rest_route=\/wp\/v2\/pages\/3147","targetHints":{"allow":["GET"]}}],"collection":[{"href":"https:\/\/aradiovi.hu\/index.php?rest_route=\/wp\/v2\/pages"}],"about":[{"href":"https:\/\/aradiovi.hu\/index.php?rest_route=\/wp\/v2\/types\/page"}],"author":[{"embeddable":true,"href":"https:\/\/aradiovi.hu\/index.php?rest_route=\/wp\/v2\/users\/1"}],"replies":[{"embeddable":true,"href":"https:\/\/aradiovi.hu\/index.php?rest_route=%2Fwp%2Fv2%2Fcomments&post=3147"}],"version-history":[{"count":1,"href":"https:\/\/aradiovi.hu\/index.php?rest_route=\/wp\/v2\/pages\/3147\/revisions"}],"predecessor-version":[{"id":3155,"href":"https:\/\/aradiovi.hu\/index.php?rest_route=\/wp\/v2\/pages\/3147\/revisions\/3155"}],"wp:attachment":[{"href":"https:\/\/aradiovi.hu\/index.php?rest_route=%2Fwp%2Fv2%2Fmedia&parent=3147"}],"curies":[{"name":"wp","href":"https:\/\/api.w.org\/{rel}","templated":true}]}}