{"id":3165,"date":"2026-03-03T23:01:43","date_gmt":"2026-03-03T23:01:43","guid":{"rendered":"https:\/\/aradiovi.hu\/?page_id=3165"},"modified":"2026-03-03T23:01:43","modified_gmt":"2026-03-03T23:01:43","slug":"mikulas","status":"publish","type":"page","link":"https:\/\/aradiovi.hu\/?page_id=3165","title":{"rendered":"Mikul\u00e1s"},"content":{"rendered":"<p>Gyermekeink a &#8222;Seg\u00edts\u00e9g, sok a h\u00f3!&#8221; c\u00edm\u0171 mes\u00e9t n\u00e9zhett\u00e9k meg az \u00f3voda dolgoz\u00f3inak el\u0151ad\u00e1s\u00e1ban, am\u00edg valaki&#8230;.tal\u00e1n maga a j\u00f3s\u00e1gos Mikul\u00e1s&#8230;&#8230;a kipucolt cip\u0151csk\u00e9kbe rejtette az aj\u00e1nd\u00e9kokat&#8230;.s a mese v\u00e9g\u00e9t \u0151 is megn\u00e9zte az ablakon \u00e1t&#8230;.\u00edgy a gyerekek egy pillanatra m\u00e9g l\u00e1thatt\u00e1k elsuhan\u00f3 alakj\u00e1t.<\/p>\n\n\n<figure class=\"wp-block-gallery has-nested-images columns-default is-cropped wp-block-gallery-1 is-layout-flex wp-block-gallery-is-layout-flex\">\n<figure class=\"wp-block-image size-large\"><img loading=\"lazy\" decoding=\"async\" width=\"1024\" height=\"576\" data-id=\"3166\" src=\"https:\/\/aradiovi.hu\/wp-content\/uploads\/2026\/03\/20251204_1007332-1024x576.jpg\" alt=\"\" class=\"wp-image-3166\" srcset=\"https:\/\/aradiovi.hu\/wp-content\/uploads\/2026\/03\/20251204_1007332-1024x576.jpg 1024w, https:\/\/aradiovi.hu\/wp-content\/uploads\/2026\/03\/20251204_1007332-300x169.jpg 300w, https:\/\/aradiovi.hu\/wp-content\/uploads\/2026\/03\/20251204_1007332-768x432.jpg 768w, https:\/\/aradiovi.hu\/wp-content\/uploads\/2026\/03\/20251204_1007332-1536x864.jpg 1536w, https:\/\/aradiovi.hu\/wp-content\/uploads\/2026\/03\/20251204_1007332.jpg 1920w\" sizes=\"auto, (max-width: 1024px) 100vw, 1024px\" \/><\/figure>\n\n\n\n<figure class=\"wp-block-image size-large\"><img loading=\"lazy\" decoding=\"async\" width=\"1024\" height=\"576\" data-id=\"3167\" src=\"https:\/\/aradiovi.hu\/wp-content\/uploads\/2026\/03\/20251204_10073315-1024x576.jpg\" alt=\"\" class=\"wp-image-3167\" srcset=\"https:\/\/aradiovi.hu\/wp-content\/uploads\/2026\/03\/20251204_10073315-1024x576.jpg 1024w, https:\/\/aradiovi.hu\/wp-content\/uploads\/2026\/03\/20251204_10073315-300x169.jpg 300w, https:\/\/aradiovi.hu\/wp-content\/uploads\/2026\/03\/20251204_10073315-768x432.jpg 768w, https:\/\/aradiovi.hu\/wp-content\/uploads\/2026\/03\/20251204_10073315-1536x864.jpg 1536w, https:\/\/aradiovi.hu\/wp-content\/uploads\/2026\/03\/20251204_10073315.jpg 1920w\" sizes=\"auto, (max-width: 1024px) 100vw, 1024px\" \/><\/figure>\n\n\n\n<figure class=\"wp-block-image size-large\"><img loading=\"lazy\" decoding=\"async\" width=\"1024\" height=\"576\" data-id=\"3168\" src=\"https:\/\/aradiovi.hu\/wp-content\/uploads\/2026\/03\/20251204_10073331-1024x576.jpg\" alt=\"\" class=\"wp-image-3168\" srcset=\"https:\/\/aradiovi.hu\/wp-content\/uploads\/2026\/03\/20251204_10073331-1024x576.jpg 1024w, https:\/\/aradiovi.hu\/wp-content\/uploads\/2026\/03\/20251204_10073331-300x169.jpg 300w, https:\/\/aradiovi.hu\/wp-content\/uploads\/2026\/03\/20251204_10073331-768x432.jpg 768w, https:\/\/aradiovi.hu\/wp-content\/uploads\/2026\/03\/20251204_10073331-1536x864.jpg 1536w, https:\/\/aradiovi.hu\/wp-content\/uploads\/2026\/03\/20251204_10073331.jpg 1920w\" sizes=\"auto, (max-width: 1024px) 100vw, 1024px\" \/><\/figure>\n\n\n\n<figure class=\"wp-block-image size-large\"><img loading=\"lazy\" decoding=\"async\" width=\"1024\" height=\"576\" data-id=\"3169\" src=\"https:\/\/aradiovi.hu\/wp-content\/uploads\/2026\/03\/20251204_10073358-1024x576.jpg\" alt=\"\" class=\"wp-image-3169\" srcset=\"https:\/\/aradiovi.hu\/wp-content\/uploads\/2026\/03\/20251204_10073358-1024x576.jpg 1024w, https:\/\/aradiovi.hu\/wp-content\/uploads\/2026\/03\/20251204_10073358-300x169.jpg 300w, https:\/\/aradiovi.hu\/wp-content\/uploads\/2026\/03\/20251204_10073358-768x432.jpg 768w, https:\/\/aradiovi.hu\/wp-content\/uploads\/2026\/03\/20251204_10073358-1536x864.jpg 1536w, https:\/\/aradiovi.hu\/wp-content\/uploads\/2026\/03\/20251204_10073358.jpg 1920w\" sizes=\"auto, (max-width: 1024px) 100vw, 1024px\" \/><\/figure>\n\n\n\n<figure class=\"wp-block-image size-large\"><img loading=\"lazy\" decoding=\"async\" width=\"1024\" height=\"576\" data-id=\"3170\" src=\"https:\/\/aradiovi.hu\/wp-content\/uploads\/2026\/03\/20251204_1043121-1024x576.jpg\" alt=\"\" class=\"wp-image-3170\" srcset=\"https:\/\/aradiovi.hu\/wp-content\/uploads\/2026\/03\/20251204_1043121-1024x576.jpg 1024w, https:\/\/aradiovi.hu\/wp-content\/uploads\/2026\/03\/20251204_1043121-300x169.jpg 300w, https:\/\/aradiovi.hu\/wp-content\/uploads\/2026\/03\/20251204_1043121-768x432.jpg 768w, https:\/\/aradiovi.hu\/wp-content\/uploads\/2026\/03\/20251204_1043121-1536x864.jpg 1536w, https:\/\/aradiovi.hu\/wp-content\/uploads\/2026\/03\/20251204_1043121.jpg 1920w\" sizes=\"auto, (max-width: 1024px) 100vw, 1024px\" \/><\/figure>\n\n\n\n<figure class=\"wp-block-image size-large\"><img loading=\"lazy\" decoding=\"async\" width=\"1024\" height=\"576\" data-id=\"3171\" src=\"https:\/\/aradiovi.hu\/wp-content\/uploads\/2026\/03\/20251204_1043123-1024x576.jpg\" alt=\"\" class=\"wp-image-3171\" srcset=\"https:\/\/aradiovi.hu\/wp-content\/uploads\/2026\/03\/20251204_1043123-1024x576.jpg 1024w, https:\/\/aradiovi.hu\/wp-content\/uploads\/2026\/03\/20251204_1043123-300x169.jpg 300w, https:\/\/aradiovi.hu\/wp-content\/uploads\/2026\/03\/20251204_1043123-768x432.jpg 768w, https:\/\/aradiovi.hu\/wp-content\/uploads\/2026\/03\/20251204_1043123-1536x864.jpg 1536w, https:\/\/aradiovi.hu\/wp-content\/uploads\/2026\/03\/20251204_1043123.jpg 1920w\" sizes=\"auto, (max-width: 1024px) 100vw, 1024px\" \/><\/figure>\n\n\n\n<figure class=\"wp-block-image size-large\"><img loading=\"lazy\" decoding=\"async\" width=\"850\" height=\"638\" data-id=\"3172\" src=\"https:\/\/aradiovi.hu\/wp-content\/uploads\/2026\/03\/kicsi.jpg\" alt=\"\" class=\"wp-image-3172\" srcset=\"https:\/\/aradiovi.hu\/wp-content\/uploads\/2026\/03\/kicsi.jpg 850w, https:\/\/aradiovi.hu\/wp-content\/uploads\/2026\/03\/kicsi-300x225.jpg 300w, https:\/\/aradiovi.hu\/wp-content\/uploads\/2026\/03\/kicsi-768x576.jpg 768w\" sizes=\"auto, (max-width: 850px) 100vw, 850px\" \/><\/figure>\n<\/figure>\n","protected":false},"excerpt":{"rendered":"<p>Gyermekeink a &#8222;Seg\u00edts\u00e9g, sok a h\u00f3!&#8221; c\u00edm\u0171 mes\u00e9t n\u00e9zhett\u00e9k meg az \u00f3voda dolgoz\u00f3inak el\u0151ad\u00e1s\u00e1ban, am\u00edg valaki&#8230;.tal\u00e1n maga a j\u00f3s\u00e1gos Mikul\u00e1s&#8230;&#8230;a kipucolt cip\u0151csk\u00e9kbe rejtette az aj\u00e1nd\u00e9kokat&#8230;.s a mese v\u00e9g\u00e9t \u0151 is megn\u00e9zte az ablakon \u00e1t&#8230;.\u00edgy a gyerekek egy pillanatra m\u00e9g l\u00e1thatt\u00e1k<\/p>\n","protected":false},"author":1,"featured_media":0,"parent":0,"menu_order":0,"comment_status":"closed","ping_status":"closed","template":"","meta":{"footnotes":""},"class_list":["post-3165","page","type-page","status-publish","hentry"],"_links":{"self":[{"href":"https:\/\/aradiovi.hu\/index.php?rest_route=\/wp\/v2\/pages\/3165","targetHints":{"allow":["GET"]}}],"collection":[{"href":"https:\/\/aradiovi.hu\/index.php?rest_route=\/wp\/v2\/pages"}],"about":[{"href":"https:\/\/aradiovi.hu\/index.php?rest_route=\/wp\/v2\/types\/page"}],"author":[{"embeddable":true,"href":"https:\/\/aradiovi.hu\/index.php?rest_route=\/wp\/v2\/users\/1"}],"replies":[{"embeddable":true,"href":"https:\/\/aradiovi.hu\/index.php?rest_route=%2Fwp%2Fv2%2Fcomments&post=3165"}],"version-history":[{"count":1,"href":"https:\/\/aradiovi.hu\/index.php?rest_route=\/wp\/v2\/pages\/3165\/revisions"}],"predecessor-version":[{"id":3174,"href":"https:\/\/aradiovi.hu\/index.php?rest_route=\/wp\/v2\/pages\/3165\/revisions\/3174"}],"wp:attachment":[{"href":"https:\/\/aradiovi.hu\/index.php?rest_route=%2Fwp%2Fv2%2Fmedia&parent=3165"}],"curies":[{"name":"wp","href":"https:\/\/api.w.org\/{rel}","templated":true}]}}